{"id":2473,"date":"2021-12-02T15:42:10","date_gmt":"2021-12-02T14:42:10","guid":{"rendered":"https:\/\/komplettneu.martinwieland.at\/?page_id=2473"},"modified":"2021-12-09T08:25:59","modified_gmt":"2021-12-09T07:25:59","slug":"picture-editor","status":"publish","type":"page","link":"https:\/\/www.martinwieland.at\/de\/picture-editor\/","title":{"rendered":"Picture Editor"},"content":{"rendered":"<p><section class=\"fw-main-row\" style=\"\">\n\t<div class=\"fw-container\">\n\t\t<div class=\"fw-row\">\n\t\t<div class=\"fw-col-xs-12\" style=\"\">\n\t\t\t\t\t\t\t\t\n\n<div class=\"heading-decor tac uppercase\"  style=''>\n\t\t<h2>Picture Editor \/ Bildredakteur<\/h2>\n<\/div>\t\t\t\t\t\t<\/div>\n<\/div>\n\n\t<\/div>\n<\/section>\n<section class=\"fw-main-row\" style=\"\">\n\t<div class=\"fw-container-fluid disable-padding\">\n\t\t<div class=\"fw-row\">\n\t\t<div class=\"fw-col-xs-12\" style=\"\">\n\t\t\t\t\t\t\t\t<img decoding=\"async\" src=\"\/\/www.martinwieland.at\/wp-content\/uploads\/2021\/12\/3474_0236.jpg\" alt=\"\/\/www.martinwieland.at\/wp-content\/uploads\/2021\/12\/3474_0236.jpg\" width=\"3000\" \/>\t\t\t\t\t\t<\/div>\n<\/div>\n\n\t<\/div>\n<\/section>\n<section class=\"fw-main-row\" style=\"\">\n\t<div class=\"fw-container\">\n\t\t<div class=\"fw-row\">\n\t\t<div class=\"fw-col-xs-12\" style=\"\">\n\t\t\t\t\t\t\t\t\n\t<div class=\"fw-divider-space\" style=\"padding-top: 50px;\"><\/div>\n\t\t\t\t\t\t<\/div>\n<\/div>\n\n\t<\/div>\n<\/section>\n<section class=\"fw-main-row\" style=\"\">\n\t<div class=\"fw-container\">\n\t\t<div class=\"fw-row\">\n\t\t<div class=\"fw-col-xs-12 fw-col-sm-6\" style=\"\">\n\t\t\t\t\t\t\t\t\t<p>Sie sind Fotoredakteur, arbeiten bei einer Zeitschrift, oder sind Bildeink\u00e4ufer eines Verlages?<br \/>Sie ben\u00f6tigen Bildmaterial f\u00fcr Kalender oder B\u00fccher?<br \/>Sie ben\u00f6tigen ein Foto f\u00fcr kommerzielle Zwecke?<\/p><p>Durch meine jahrelange Arbeit im Bereich der erotischen Fotografie habe ich mir ein enormes Archiv anlegen k\u00f6nnen und habe zu sehr vielen Themengebieten die passenden Aufnahmen.<\/p><p>Bitte kreuzen Sie auf dem Formular die gew\u00fcnschten Themenbereiche an und ich lasse Ihnen eine Auswahl an Bildern in geringer Aufl\u00f6sung zukommen.<\/p><p>&nbsp;<\/p>\t\t\t\t\t\t<\/div>\n\t<div class=\"fw-col-xs-12 fw-col-sm-6\" style=\"background-color:#dbdbdb;\">\n\t\t\t\t\t\t\t\t\t<p>You are picture editor, working for a magazine, or a photobuyer for a publishing company ?<br \/>You are looking for pictures for a calendar or a book?<br \/>You need a commercial license for a photo?<\/p><p>Thanks to many years of working\u00a0 as photographer in the field of erotic photography, i have built a huge archive of photos in many different themes.<\/p><p>Please select the themes you are interested in, in the box below and i can send you a selection of low res pictures.<\/p><p>&nbsp;<\/p>\t\t\t\t\t\t<\/div>\n<\/div>\n\n\t<\/div>\n<\/section>\n<section class=\"fw-main-row\" style=\"\">\n\t<div class=\"fw-container\">\n\t\t<div class=\"fw-row\">\n\t\t<div class=\"fw-col-xs-12\" style=\"\">\n\t\t\t\t\t\t\t\t\t<p>\n<div class=\"wpcf7 no-js\" id=\"wpcf7-f4-o1\" lang=\"en-US\" dir=\"ltr\">\n<div class=\"screen-reader-response\"><p role=\"status\" aria-live=\"polite\" aria-atomic=\"true\"><\/p> <ul><\/ul><\/div>\n<form action=\"\/de\/wp-json\/wp\/v2\/pages\/2473#wpcf7-f4-o1\" method=\"post\" class=\"wpcf7-form init\" aria-label=\"Contact form\" novalidate=\"novalidate\" data-status=\"init\" data-trp-original-action=\"\/de\/wp-json\/wp\/v2\/pages\/2473#wpcf7-f4-o1\">\n<div style=\"display: none;\">\n<input type=\"hidden\" name=\"_wpcf7\" value=\"4\" \/>\n<input type=\"hidden\" name=\"_wpcf7_version\" value=\"5.9.8\" \/>\n<input type=\"hidden\" name=\"_wpcf7_locale\" value=\"en_US\" \/>\n<input type=\"hidden\" name=\"_wpcf7_unit_tag\" value=\"wpcf7-f4-o1\" \/>\n<input type=\"hidden\" name=\"_wpcf7_container_post\" value=\"0\" \/>\n<input type=\"hidden\" name=\"_wpcf7_posted_data_hash\" value=\"\" \/>\n<input type=\"hidden\" name=\"_wpcf7_recaptcha_response\" value=\"\" \/>\n<\/div>\n<div class=\"fw-row\">\n\t<div class=\"fw-col-xs-12 fw-col-sm-4\">\n\t\t<p>Location:<br \/>\n<span class=\"wpcf7-form-control-wrap\" data-name=\"checkbox-260\"><span class=\"wpcf7-form-control wpcf7-checkbox\"><span class=\"wpcf7-list-item first\"><label><input type=\"checkbox\" name=\"checkbox-260[]\" value=\"Indoor\" \/><span class=\"wpcf7-list-item-label\">Indoor<\/span><\/label><\/span><span class=\"wpcf7-list-item last\"><label><input type=\"checkbox\" name=\"checkbox-260[]\" value=\"Outdoor\" \/><span class=\"wpcf7-list-item-label\">Outdoor<\/span><\/label><\/span><\/span><\/span>\n\t\t<\/p>\n\t<\/div>\n\t<div class=\"fw-col-xs-12 fw-col-sm-4\">\n\t\t<p>Setting:<br \/>\n<span class=\"wpcf7-form-control-wrap\" data-name=\"checkbox-261\"><span class=\"wpcf7-form-control wpcf7-checkbox\"><span class=\"wpcf7-list-item first\"><label><input type=\"checkbox\" name=\"checkbox-261[]\" value=\"Bathroom\" \/><span class=\"wpcf7-list-item-label\">Bathroom<\/span><\/label><\/span><span class=\"wpcf7-list-item\"><label><input type=\"checkbox\" name=\"checkbox-261[]\" value=\"Bedroom\" \/><span class=\"wpcf7-list-item-label\">Bedroom<\/span><\/label><\/span><span class=\"wpcf7-list-item\"><label><input type=\"checkbox\" name=\"checkbox-261[]\" value=\"Beach\" \/><span class=\"wpcf7-list-item-label\">Beach<\/span><\/label><\/span><span class=\"wpcf7-list-item\"><label><input type=\"checkbox\" name=\"checkbox-261[]\" value=\"Cars\" \/><span class=\"wpcf7-list-item-label\">Cars<\/span><\/label><\/span><span class=\"wpcf7-list-item\"><label><input type=\"checkbox\" name=\"checkbox-261[]\" value=\"Hotel\" \/><span class=\"wpcf7-list-item-label\">Hotel<\/span><\/label><\/span><span class=\"wpcf7-list-item\"><label><input type=\"checkbox\" name=\"checkbox-261[]\" value=\"Livingroom\" \/><span class=\"wpcf7-list-item-label\">Livingroom<\/span><\/label><\/span><span class=\"wpcf7-list-item\"><label><input type=\"checkbox\" name=\"checkbox-261[]\" value=\"Lost Place\" \/><span class=\"wpcf7-list-item-label\">Lost Place<\/span><\/label><\/span><span class=\"wpcf7-list-item\"><label><input type=\"checkbox\" name=\"checkbox-261[]\" value=\"Motorcycle\" \/><span class=\"wpcf7-list-item-label\">Motorcycle<\/span><\/label><\/span><span class=\"wpcf7-list-item\"><label><input type=\"checkbox\" name=\"checkbox-261[]\" value=\"Nature\" \/><span class=\"wpcf7-list-item-label\">Nature<\/span><\/label><\/span><span class=\"wpcf7-list-item\"><label><input type=\"checkbox\" name=\"checkbox-261[]\" value=\"Studio\" \/><span class=\"wpcf7-list-item-label\">Studio<\/span><\/label><\/span><span class=\"wpcf7-list-item last\"><label><input type=\"checkbox\" name=\"checkbox-261[]\" value=\"Water\" \/><span class=\"wpcf7-list-item-label\">Water<\/span><\/label><\/span><\/span><\/span>\n\t\t<\/p>\n\t<\/div>\n\t<div class=\"fw-col-xs-12 fw-col-sm-4\">\n\t\t<p>Style:<br \/>\n<span class=\"wpcf7-form-control-wrap\" data-name=\"checkbox-262\"><span class=\"wpcf7-form-control wpcf7-checkbox\"><span class=\"wpcf7-list-item first\"><label><input type=\"checkbox\" name=\"checkbox-262[]\" value=\"Lingerie\" \/><span class=\"wpcf7-list-item-label\">Lingerie<\/span><\/label><\/span><span class=\"wpcf7-list-item\"><label><input type=\"checkbox\" name=\"checkbox-262[]\" value=\"Topless\" \/><span class=\"wpcf7-list-item-label\">Topless<\/span><\/label><\/span><span class=\"wpcf7-list-item\"><label><input type=\"checkbox\" name=\"checkbox-262[]\" value=\"Implied Nude\" \/><span class=\"wpcf7-list-item-label\">Implied Nude<\/span><\/label><\/span><span class=\"wpcf7-list-item last\"><label><input type=\"checkbox\" name=\"checkbox-262[]\" value=\"Full Nude\" \/><span class=\"wpcf7-list-item-label\">Full Nude<\/span><\/label><\/span><\/span><\/span>\n\t\t<\/p>\n\t<\/div>\n<\/div>\n<div class=\"fw-row\">\n\t<div class=\"fw-col-xs-12 fw-col-sm-4\">\n\t\t<p><span class=\"wpcf7-form-control-wrap\" data-name=\"text-756\"><input size=\"40\" maxlength=\"400\" class=\"wpcf7-form-control wpcf7-text wpcf7-validates-as-required\" aria-required=\"true\" aria-invalid=\"false\" placeholder=\"Name\" value=\"\" type=\"text\" name=\"text-756\" \/><\/span>\n\t\t<\/p>\n\t<\/div>\n\t<div class=\"fw-col-xs-12 fw-col-sm-4\">\n\t\t<p><span class=\"wpcf7-form-control-wrap\" data-name=\"text-757\"><input size=\"40\" maxlength=\"400\" class=\"wpcf7-form-control wpcf7-text wpcf7-validates-as-required\" aria-required=\"true\" aria-invalid=\"false\" placeholder=\"Company \/ Firma\" value=\"\" type=\"text\" name=\"text-757\" \/><\/span>\n\t\t<\/p>\n\t<\/div>\n\t<div class=\"fw-col-xs-12 fw-col-sm-4\">\n\t\t<p><span class=\"wpcf7-form-control-wrap\" data-name=\"text-758\"><input size=\"40\" maxlength=\"400\" class=\"wpcf7-form-control wpcf7-text wpcf7-validates-as-required\" aria-required=\"true\" aria-invalid=\"false\" placeholder=\"Website\" value=\"\" type=\"text\" name=\"text-758\" \/><\/span>\n\t\t<\/p>\n\t<\/div>\n<\/div>\n<div class=\"fw-row\">\n\t<div class=\"fw-col-xs-12 fw-col-sm-4\">\n\t\t<p><span class=\"wpcf7-form-control-wrap\" data-name=\"email-494\"><input size=\"40\" maxlength=\"400\" class=\"wpcf7-form-control wpcf7-email wpcf7-validates-as-required wpcf7-text wpcf7-validates-as-email\" aria-required=\"true\" aria-invalid=\"false\" placeholder=\"E-Mail\" value=\"\" type=\"email\" name=\"email-494\" \/><\/span>\n\t\t<\/p>\n\t<\/div>\n<\/div>\n<div>\n\t<p><span class=\"wpcf7-form-control-wrap\" data-name=\"textarea-214\"><textarea cols=\"40\" rows=\"10\" maxlength=\"2000\" class=\"wpcf7-form-control wpcf7-textarea wpcf7-validates-as-required style1\" aria-required=\"true\" aria-invalid=\"false\" placeholder=\"Message\/Nachricht...\" name=\"textarea-214\"><\/textarea><\/span>\n\t<\/p>\n<\/div>\n<p><span class=\"wpcf7-form-control-wrap\" data-name=\"acceptance-379\"><span class=\"wpcf7-form-control wpcf7-acceptance\"><span class=\"wpcf7-list-item\"><label><input type=\"checkbox\" name=\"acceptance-379\" value=\"1\" aria-invalid=\"false\" \/><span class=\"wpcf7-list-item-label\">Hiermit akzeptiere ich die <a href=\"https:\/\/www.martinwieland.at\/de\/datenschutzerklaerung\/\">Datenschutzbestimmungen<\/a> \/ I have read and accept the <a href=\"https:\/\/www.martinwieland.at\/de\/datenschutzerklaerung\/\">privacy policy<\/a><\/span><\/label><\/span><\/span><\/span><br \/>\n<input class=\"wpcf7-form-control wpcf7-submit has-spinner\" type=\"submit\" value=\"Send\" \/>\n<\/p><div class=\"wpcf7-response-output\" aria-hidden=\"true\"><\/div>\n<input type=\"hidden\" name=\"trp-form-language\" value=\"de\"\/><\/form>\n<\/div>\n<\/p>\t\t\t\t\t\t<\/div>\n<\/div>\n\n\t<\/div>\n<\/section>\n<\/p>","protected":false},"excerpt":{"rendered":"<p>Picture Editor \/ Bildredakteur Sie sind Fotoredakteur, arbeiten bei einer Zeitschrift, oder sind Bildeink\u00e4ufer eines Verlages?Sie ben\u00f6tigen Bildmaterial f\u00fcr Kalender oder B\u00fccher?Sie ben\u00f6tigen ein Foto f\u00fcr kommerzielle Zwecke?Durch meine jahrelange Arbeit im Bereich der erotischen Fotografie habe ich mir ein enormes Archiv anlegen k\u00f6nnen und habe zu sehr vielen Themengebieten die passenden Aufnahmen.Bitte kreuzen Sie [&hellip;]<\/p>","protected":false},"author":1,"featured_media":0,"parent":0,"menu_order":0,"comment_status":"closed","ping_status":"closed","template":"template-landing.php","meta":{"_acf_changed":false,"footnotes":""},"acf":[],"yoast_head":"<!-- This site is optimized with the Yoast SEO plugin v23.2 - https:\/\/yoast.com\/wordpress\/plugins\/seo\/ -->\n<title>Picture Editor - Martin Wieland Photography<\/title>\n<meta name=\"robots\" content=\"index, follow, max-snippet:-1, max-image-preview:large, max-video-preview:-1\" \/>\n<link rel=\"canonical\" href=\"https:\/\/www.martinwieland.at\/de\/picture-editor\/\" \/>\n<meta property=\"og:locale\" content=\"de_DE\" \/>\n<meta property=\"og:type\" content=\"article\" \/>\n<meta property=\"og:title\" content=\"Picture Editor - Martin Wieland Photography\" \/>\n<meta property=\"og:description\" content=\"Picture Editor \/ Bildredakteur Sie sind Fotoredakteur, arbeiten bei einer Zeitschrift, oder sind Bildeink\u00e4ufer eines Verlages?Sie ben\u00f6tigen Bildmaterial f\u00fcr Kalender oder B\u00fccher?Sie ben\u00f6tigen ein Foto f\u00fcr kommerzielle Zwecke?Durch meine jahrelange Arbeit im Bereich der erotischen Fotografie habe ich mir ein enormes Archiv anlegen k\u00f6nnen und habe zu sehr vielen Themengebieten die passenden Aufnahmen.Bitte kreuzen Sie [&hellip;]\" \/>\n<meta property=\"og:url\" content=\"https:\/\/www.martinwieland.at\/de\/picture-editor\/\" \/>\n<meta property=\"og:site_name\" content=\"Martin Wieland Photography\" \/>\n<meta property=\"article:modified_time\" content=\"2021-12-09T07:25:59+00:00\" \/>\n<meta name=\"twitter:card\" content=\"summary_large_image\" \/>\n<meta name=\"twitter:label1\" content=\"Gesch\u00e4tzte Lesezeit\" \/>\n\t<meta name=\"twitter:data1\" content=\"2\u00a0Minuten\" \/>\n<script type=\"application\/ld+json\" class=\"yoast-schema-graph\">{\"@context\":\"https:\/\/schema.org\",\"@graph\":[{\"@type\":\"WebPage\",\"@id\":\"https:\/\/www.martinwieland.at\/picture-editor\/\",\"url\":\"https:\/\/www.martinwieland.at\/picture-editor\/\",\"name\":\"Picture Editor - Martin Wieland Photography\",\"isPartOf\":{\"@id\":\"https:\/\/www.martinwieland.at\/#website\"},\"datePublished\":\"2021-12-02T14:42:10+00:00\",\"dateModified\":\"2021-12-09T07:25:59+00:00\",\"breadcrumb\":{\"@id\":\"https:\/\/www.martinwieland.at\/picture-editor\/#breadcrumb\"},\"inLanguage\":\"de\",\"potentialAction\":[{\"@type\":\"ReadAction\",\"target\":[\"https:\/\/www.martinwieland.at\/picture-editor\/\"]}]},{\"@type\":\"BreadcrumbList\",\"@id\":\"https:\/\/www.martinwieland.at\/picture-editor\/#breadcrumb\",\"itemListElement\":[{\"@type\":\"ListItem\",\"position\":1,\"name\":\"Startseite\",\"item\":\"https:\/\/www.martinwieland.at\/\"},{\"@type\":\"ListItem\",\"position\":2,\"name\":\"Picture Editor\"}]},{\"@type\":\"WebSite\",\"@id\":\"https:\/\/www.martinwieland.at\/#website\",\"url\":\"https:\/\/www.martinwieland.at\/\",\"name\":\"Martin Wieland Photography\",\"description\":\"Martin Wieland Photography\",\"potentialAction\":[{\"@type\":\"SearchAction\",\"target\":{\"@type\":\"EntryPoint\",\"urlTemplate\":\"https:\/\/www.martinwieland.at\/?s={search_term_string}\"},\"query-input\":\"required name=search_term_string\"}],\"inLanguage\":\"de\"}]}<\/script>\n<!-- \/ Yoast SEO plugin. -->","yoast_head_json":{"title":"Picture Editor - Martin Wieland Photography","robots":{"index":"index","follow":"follow","max-snippet":"max-snippet:-1","max-image-preview":"max-image-preview:large","max-video-preview":"max-video-preview:-1"},"canonical":"https:\/\/www.martinwieland.at\/de\/picture-editor\/","og_locale":"de_DE","og_type":"article","og_title":"Picture Editor - Martin Wieland Photography","og_description":"Picture Editor \/ Bildredakteur Sie sind Fotoredakteur, arbeiten bei einer Zeitschrift, oder sind Bildeink\u00e4ufer eines Verlages?Sie ben\u00f6tigen Bildmaterial f\u00fcr Kalender oder B\u00fccher?Sie ben\u00f6tigen ein Foto f\u00fcr kommerzielle Zwecke?Durch meine jahrelange Arbeit im Bereich der erotischen Fotografie habe ich mir ein enormes Archiv anlegen k\u00f6nnen und habe zu sehr vielen Themengebieten die passenden Aufnahmen.Bitte kreuzen Sie [&hellip;]","og_url":"https:\/\/www.martinwieland.at\/de\/picture-editor\/","og_site_name":"Martin Wieland Photography","article_modified_time":"2021-12-09T07:25:59+00:00","twitter_card":"summary_large_image","twitter_misc":{"Gesch\u00e4tzte Lesezeit":"2\u00a0Minuten"},"schema":{"@context":"https:\/\/schema.org","@graph":[{"@type":"WebPage","@id":"https:\/\/www.martinwieland.at\/picture-editor\/","url":"https:\/\/www.martinwieland.at\/picture-editor\/","name":"Picture Editor - Martin Wieland Photography","isPartOf":{"@id":"https:\/\/www.martinwieland.at\/#website"},"datePublished":"2021-12-02T14:42:10+00:00","dateModified":"2021-12-09T07:25:59+00:00","breadcrumb":{"@id":"https:\/\/www.martinwieland.at\/picture-editor\/#breadcrumb"},"inLanguage":"de","potentialAction":[{"@type":"ReadAction","target":["https:\/\/www.martinwieland.at\/picture-editor\/"]}]},{"@type":"BreadcrumbList","@id":"https:\/\/www.martinwieland.at\/picture-editor\/#breadcrumb","itemListElement":[{"@type":"ListItem","position":1,"name":"Startseite","item":"https:\/\/www.martinwieland.at\/"},{"@type":"ListItem","position":2,"name":"Picture Editor"}]},{"@type":"WebSite","@id":"https:\/\/www.martinwieland.at\/#website","url":"https:\/\/www.martinwieland.at\/","name":"Martin Wieland Photography","description":"Martin Wieland Photography","potentialAction":[{"@type":"SearchAction","target":{"@type":"EntryPoint","urlTemplate":"https:\/\/www.martinwieland.at\/?s={search_term_string}"},"query-input":"required name=search_term_string"}],"inLanguage":"de"}]}},"_links":{"self":[{"href":"https:\/\/www.martinwieland.at\/de\/wp-json\/wp\/v2\/pages\/2473"}],"collection":[{"href":"https:\/\/www.martinwieland.at\/de\/wp-json\/wp\/v2\/pages"}],"about":[{"href":"https:\/\/www.martinwieland.at\/de\/wp-json\/wp\/v2\/types\/page"}],"author":[{"embeddable":true,"href":"https:\/\/www.martinwieland.at\/de\/wp-json\/wp\/v2\/users\/1"}],"replies":[{"embeddable":true,"href":"https:\/\/www.martinwieland.at\/de\/wp-json\/wp\/v2\/comments?post=2473"}],"version-history":[{"count":0,"href":"https:\/\/www.martinwieland.at\/de\/wp-json\/wp\/v2\/pages\/2473\/revisions"}],"wp:attachment":[{"href":"https:\/\/www.martinwieland.at\/de\/wp-json\/wp\/v2\/media?parent=2473"}],"curies":[{"name":"wp","href":"https:\/\/api.w.org\/{rel}","templated":true}]}}