{"id":2484,"date":"2021-12-02T15:52:40","date_gmt":"2021-12-02T14:52:40","guid":{"rendered":"https:\/\/komplettneu.martinwieland.at\/?page_id=2484"},"modified":"2021-12-09T08:35:01","modified_gmt":"2021-12-09T07:35:01","slug":"business-inquiries","status":"publish","type":"page","link":"https:\/\/www.martinwieland.at\/de\/business-inquiries\/","title":{"rendered":"Business Inquiries"},"content":{"rendered":"<p><section class=\"fw-main-row  parallax\" style=\"\">\n\t<div class=\"fw-container disable-padding\">\n\t\t<div class=\"fw-row\">\n\t\t<div class=\"fw-col-xs-12\" style=\"\">\n\t\t\t\t\t\t\t\t\n\n<div class=\"heading-decor tac uppercase\"  style=''>\n\t\t<h2>Business Inquiries \/ Anfrage Zusammenarbeit<\/h2>\n<\/div>\t\t\t\t\t\t<\/div>\n<\/div>\n\n\t<\/div>\n<\/section>\n<section class=\"fw-main-row\" style=\"\">\n\t<div class=\"fw-container-fluid disable-padding\">\n\t\t<div class=\"fw-row\">\n\t\t<div class=\"fw-col-xs-12\" style=\"\">\n\t\t\t\t\t\t\t\t<img decoding=\"async\" src=\"\/\/www.martinwieland.at\/wp-content\/uploads\/2021\/12\/DSC_1408.jpg\" alt=\"\/\/www.martinwieland.at\/wp-content\/uploads\/2021\/12\/DSC_1408.jpg\" width=\"3000\" \/>\t\t\t\t\t\t<\/div>\n<\/div>\n\n\t<\/div>\n<\/section>\n<section class=\"fw-main-row\" style=\"\">\n\t<div class=\"fw-container\">\n\t\t<div class=\"fw-row\">\n\t\t<div class=\"fw-col-xs-12\" style=\"\">\n\t\t\t\t\t\t\t\t\n\t<div class=\"fw-divider-space\" style=\"padding-top: 50px;\"><\/div>\n\t\t\t\t\t\t<\/div>\n<\/div>\n\n\t<\/div>\n<\/section>\n<section class=\"fw-main-row\" style=\"\">\n\t<div class=\"fw-container\">\n\t\t<div class=\"fw-row\">\n\t\t<div class=\"fw-col-xs-12 fw-col-sm-6\" style=\"\">\n\t\t\t\t\t\t\t\t\t<p>Sie brauchen Fotos f\u00fcr Ihre Firma, die exklusiv f\u00fcr Sie produziert wurden?<br \/>Sie m\u00f6chten gerne einen Jahreskalender herausgeben, den nicht Hunderte Firmen auch verwenden?<br \/>Sie m\u00f6chten zwar erotische Bilder haben, aber diese Bilder sollen auch Stil haben?<\/p><p>Schreiben Sie mir doch was Sie sich vorstellen und wir finden gemeinsam ganz sicher eine ausgezeichnete Linie f\u00fcr Ihre Firma.<\/p><p>&nbsp;<\/p>\t\t\t\t\t\t<\/div>\n\t<div class=\"fw-col-xs-12 fw-col-sm-6\" style=\"background-color:#dbdbdb;\">\n\t\t\t\t\t\t\t\t\t<p>You need photos for your company that are exclusively produced for you?<br \/>You would like to produce a calendar that no other company is able to use?<br \/>You would like to have erotic pictures, but they should have style?<\/p><p>Feel free to write me a message what you like to have. I am sure we will find a perfect product for you.<\/p><p>&nbsp;<\/p>\t\t\t\t\t\t<\/div>\n<\/div>\n\n\t<\/div>\n<\/section>\n<section class=\"fw-main-row\" style=\"\">\n\t<div class=\"fw-container\">\n\t\t<div class=\"fw-row\">\n\t\t<div class=\"fw-col-xs-12\" style=\"\">\n\t\t\t\t\t\t\t\t\t<p>\n<div class=\"wpcf7 no-js\" id=\"wpcf7-f956-o1\" lang=\"en-US\" dir=\"ltr\">\n<div class=\"screen-reader-response\"><p role=\"status\" aria-live=\"polite\" aria-atomic=\"true\"><\/p> <ul><\/ul><\/div>\n<form action=\"\/de\/wp-json\/wp\/v2\/pages\/2484#wpcf7-f956-o1\" method=\"post\" class=\"wpcf7-form init\" aria-label=\"Contact form\" novalidate=\"novalidate\" data-status=\"init\" data-trp-original-action=\"\/de\/wp-json\/wp\/v2\/pages\/2484#wpcf7-f956-o1\">\n<div style=\"display: none;\">\n<input type=\"hidden\" name=\"_wpcf7\" value=\"956\" \/>\n<input type=\"hidden\" name=\"_wpcf7_version\" value=\"5.9.8\" \/>\n<input type=\"hidden\" name=\"_wpcf7_locale\" value=\"en_US\" \/>\n<input type=\"hidden\" name=\"_wpcf7_unit_tag\" value=\"wpcf7-f956-o1\" \/>\n<input type=\"hidden\" name=\"_wpcf7_container_post\" value=\"0\" \/>\n<input type=\"hidden\" name=\"_wpcf7_posted_data_hash\" value=\"\" \/>\n<input type=\"hidden\" name=\"_wpcf7_recaptcha_response\" value=\"\" \/>\n<\/div>\n<div class=\"fw-row\">\n\t<div class=\"fw-col-xs-12 fw-col-sm-4\">\n\t\t<p><span class=\"wpcf7-form-control-wrap\" data-name=\"deinname\"><input size=\"40\" maxlength=\"400\" class=\"wpcf7-form-control wpcf7-text wpcf7-validates-as-required style1\" aria-required=\"true\" aria-invalid=\"false\" placeholder=\"Name...\" value=\"\" type=\"text\" name=\"deinname\" \/><\/span>\n\t\t<\/p>\n\t<\/div>\n\t<div class=\"fw-col-xs-12 fw-col-sm-4\">\n\t\t<p><span class=\"wpcf7-form-control-wrap\" data-name=\"email\"><input size=\"40\" maxlength=\"400\" class=\"wpcf7-form-control wpcf7-email wpcf7-validates-as-required wpcf7-text wpcf7-validates-as-email style1\" aria-required=\"true\" aria-invalid=\"false\" placeholder=\"E-mail...\" value=\"\" type=\"email\" name=\"email\" \/><\/span>\n\t\t<\/p>\n\t<\/div>\n\t<div class=\"fw-col-xs-12 fw-col-sm-4\">\n\t\t<p><span class=\"wpcf7-form-control-wrap\" data-name=\"phone\"><input size=\"40\" maxlength=\"400\" class=\"wpcf7-form-control wpcf7-text wpcf7-validates-as-required style1\" aria-required=\"true\" aria-invalid=\"false\" placeholder=\"Subject\/Betreff...\" value=\"\" type=\"text\" name=\"phone\" \/><\/span>\n\t\t<\/p>\n\t<\/div>\n<\/div>\n<div>\n\t<p><span class=\"wpcf7-form-control-wrap\" data-name=\"text\"><textarea cols=\"40\" rows=\"10\" maxlength=\"2000\" class=\"wpcf7-form-control wpcf7-textarea wpcf7-validates-as-required style1\" aria-required=\"true\" aria-invalid=\"false\" placeholder=\"Deine Nachricht \/ Your Message...\" name=\"text\"><\/textarea><\/span>\n\t<\/p>\n<\/div>\n<p><span class=\"wpcf7-form-control-wrap\" data-name=\"acceptance-379\"><span class=\"wpcf7-form-control wpcf7-acceptance\"><span class=\"wpcf7-list-item\"><label><input type=\"checkbox\" name=\"acceptance-379\" value=\"1\" aria-invalid=\"false\" \/><span class=\"wpcf7-list-item-label\">Hiermit akzeptiere ich die <a href=\"https:\/\/www.martinwieland.at\/de\/datenschutzerklaerung\/\">Datenschutzbestimmungen<\/a> \/ I have read and accept the <a href=\"https:\/\/www.martinwieland.at\/de\/datenschutzerklaerung\/\">privacy policy<\/a><\/span><\/label><\/span><\/span><\/span><br \/>\n<input class=\"wpcf7-form-control wpcf7-submit has-spinner button-style3 big\" type=\"submit\" value=\"Send\" \/>\n<\/p><div class=\"wpcf7-response-output\" aria-hidden=\"true\"><\/div>\n<input type=\"hidden\" name=\"trp-form-language\" value=\"de\"\/><\/form>\n<\/div>\n<\/p>\t\t\t\t\t\t<\/div>\n<\/div>\n\n\t<\/div>\n<\/section>\n<\/p>","protected":false},"excerpt":{"rendered":"<p>Business Inquiries \/ Anfrage Zusammenarbeit Sie brauchen Fotos f\u00fcr Ihre Firma, die exklusiv f\u00fcr Sie produziert wurden?Sie m\u00f6chten gerne einen Jahreskalender herausgeben, den nicht Hunderte Firmen auch verwenden?Sie m\u00f6chten zwar erotische Bilder haben, aber diese Bilder sollen auch Stil haben?Schreiben Sie mir doch was Sie sich vorstellen und wir finden gemeinsam ganz sicher eine ausgezeichnete [&hellip;]<\/p>","protected":false},"author":1,"featured_media":0,"parent":0,"menu_order":0,"comment_status":"closed","ping_status":"closed","template":"template-landing.php","meta":{"_acf_changed":false,"footnotes":""},"acf":[],"yoast_head":"<!-- This site is optimized with the Yoast SEO plugin v23.2 - https:\/\/yoast.com\/wordpress\/plugins\/seo\/ -->\n<title>Business Inquiries - Martin Wieland Photography<\/title>\n<meta name=\"robots\" content=\"index, follow, max-snippet:-1, max-image-preview:large, max-video-preview:-1\" \/>\n<link rel=\"canonical\" href=\"https:\/\/www.martinwieland.at\/de\/business-inquiries\/\" \/>\n<meta property=\"og:locale\" content=\"de_DE\" \/>\n<meta property=\"og:type\" content=\"article\" \/>\n<meta property=\"og:title\" content=\"Business Inquiries - Martin Wieland Photography\" \/>\n<meta property=\"og:description\" content=\"Business Inquiries \/ Anfrage Zusammenarbeit Sie brauchen Fotos f\u00fcr Ihre Firma, die exklusiv f\u00fcr Sie produziert wurden?Sie m\u00f6chten gerne einen Jahreskalender herausgeben, den nicht Hunderte Firmen auch verwenden?Sie m\u00f6chten zwar erotische Bilder haben, aber diese Bilder sollen auch Stil haben?Schreiben Sie mir doch was Sie sich vorstellen und wir finden gemeinsam ganz sicher eine ausgezeichnete [&hellip;]\" \/>\n<meta property=\"og:url\" content=\"https:\/\/www.martinwieland.at\/de\/business-inquiries\/\" \/>\n<meta property=\"og:site_name\" content=\"Martin Wieland Photography\" \/>\n<meta property=\"article:modified_time\" content=\"2021-12-09T07:35:01+00:00\" \/>\n<meta name=\"twitter:card\" content=\"summary_large_image\" \/>\n<meta name=\"twitter:label1\" content=\"Gesch\u00e4tzte Lesezeit\" \/>\n\t<meta name=\"twitter:data1\" content=\"1\u00a0Minute\" \/>\n<script type=\"application\/ld+json\" class=\"yoast-schema-graph\">{\"@context\":\"https:\/\/schema.org\",\"@graph\":[{\"@type\":\"WebPage\",\"@id\":\"https:\/\/www.martinwieland.at\/business-inquiries\/\",\"url\":\"https:\/\/www.martinwieland.at\/business-inquiries\/\",\"name\":\"Business Inquiries - Martin Wieland Photography\",\"isPartOf\":{\"@id\":\"https:\/\/www.martinwieland.at\/#website\"},\"datePublished\":\"2021-12-02T14:52:40+00:00\",\"dateModified\":\"2021-12-09T07:35:01+00:00\",\"breadcrumb\":{\"@id\":\"https:\/\/www.martinwieland.at\/business-inquiries\/#breadcrumb\"},\"inLanguage\":\"de\",\"potentialAction\":[{\"@type\":\"ReadAction\",\"target\":[\"https:\/\/www.martinwieland.at\/business-inquiries\/\"]}]},{\"@type\":\"BreadcrumbList\",\"@id\":\"https:\/\/www.martinwieland.at\/business-inquiries\/#breadcrumb\",\"itemListElement\":[{\"@type\":\"ListItem\",\"position\":1,\"name\":\"Startseite\",\"item\":\"https:\/\/www.martinwieland.at\/\"},{\"@type\":\"ListItem\",\"position\":2,\"name\":\"Business Inquiries\"}]},{\"@type\":\"WebSite\",\"@id\":\"https:\/\/www.martinwieland.at\/#website\",\"url\":\"https:\/\/www.martinwieland.at\/\",\"name\":\"Martin Wieland Photography\",\"description\":\"Martin Wieland Photography\",\"potentialAction\":[{\"@type\":\"SearchAction\",\"target\":{\"@type\":\"EntryPoint\",\"urlTemplate\":\"https:\/\/www.martinwieland.at\/?s={search_term_string}\"},\"query-input\":\"required name=search_term_string\"}],\"inLanguage\":\"de\"}]}<\/script>\n<!-- \/ Yoast SEO plugin. -->","yoast_head_json":{"title":"Business Inquiries - Martin Wieland Photography","robots":{"index":"index","follow":"follow","max-snippet":"max-snippet:-1","max-image-preview":"max-image-preview:large","max-video-preview":"max-video-preview:-1"},"canonical":"https:\/\/www.martinwieland.at\/de\/business-inquiries\/","og_locale":"de_DE","og_type":"article","og_title":"Business Inquiries - Martin Wieland Photography","og_description":"Business Inquiries \/ Anfrage Zusammenarbeit Sie brauchen Fotos f\u00fcr Ihre Firma, die exklusiv f\u00fcr Sie produziert wurden?Sie m\u00f6chten gerne einen Jahreskalender herausgeben, den nicht Hunderte Firmen auch verwenden?Sie m\u00f6chten zwar erotische Bilder haben, aber diese Bilder sollen auch Stil haben?Schreiben Sie mir doch was Sie sich vorstellen und wir finden gemeinsam ganz sicher eine ausgezeichnete [&hellip;]","og_url":"https:\/\/www.martinwieland.at\/de\/business-inquiries\/","og_site_name":"Martin Wieland Photography","article_modified_time":"2021-12-09T07:35:01+00:00","twitter_card":"summary_large_image","twitter_misc":{"Gesch\u00e4tzte Lesezeit":"1\u00a0Minute"},"schema":{"@context":"https:\/\/schema.org","@graph":[{"@type":"WebPage","@id":"https:\/\/www.martinwieland.at\/business-inquiries\/","url":"https:\/\/www.martinwieland.at\/business-inquiries\/","name":"Business Inquiries - Martin Wieland Photography","isPartOf":{"@id":"https:\/\/www.martinwieland.at\/#website"},"datePublished":"2021-12-02T14:52:40+00:00","dateModified":"2021-12-09T07:35:01+00:00","breadcrumb":{"@id":"https:\/\/www.martinwieland.at\/business-inquiries\/#breadcrumb"},"inLanguage":"de","potentialAction":[{"@type":"ReadAction","target":["https:\/\/www.martinwieland.at\/business-inquiries\/"]}]},{"@type":"BreadcrumbList","@id":"https:\/\/www.martinwieland.at\/business-inquiries\/#breadcrumb","itemListElement":[{"@type":"ListItem","position":1,"name":"Startseite","item":"https:\/\/www.martinwieland.at\/"},{"@type":"ListItem","position":2,"name":"Business Inquiries"}]},{"@type":"WebSite","@id":"https:\/\/www.martinwieland.at\/#website","url":"https:\/\/www.martinwieland.at\/","name":"Martin Wieland Photography","description":"Martin Wieland Photography","potentialAction":[{"@type":"SearchAction","target":{"@type":"EntryPoint","urlTemplate":"https:\/\/www.martinwieland.at\/?s={search_term_string}"},"query-input":"required name=search_term_string"}],"inLanguage":"de"}]}},"_links":{"self":[{"href":"https:\/\/www.martinwieland.at\/de\/wp-json\/wp\/v2\/pages\/2484"}],"collection":[{"href":"https:\/\/www.martinwieland.at\/de\/wp-json\/wp\/v2\/pages"}],"about":[{"href":"https:\/\/www.martinwieland.at\/de\/wp-json\/wp\/v2\/types\/page"}],"author":[{"embeddable":true,"href":"https:\/\/www.martinwieland.at\/de\/wp-json\/wp\/v2\/users\/1"}],"replies":[{"embeddable":true,"href":"https:\/\/www.martinwieland.at\/de\/wp-json\/wp\/v2\/comments?post=2484"}],"version-history":[{"count":0,"href":"https:\/\/www.martinwieland.at\/de\/wp-json\/wp\/v2\/pages\/2484\/revisions"}],"wp:attachment":[{"href":"https:\/\/www.martinwieland.at\/de\/wp-json\/wp\/v2\/media?parent=2484"}],"curies":[{"name":"wp","href":"https:\/\/api.w.org\/{rel}","templated":true}]}}