{"id":2516,"date":"2021-12-04T09:14:43","date_gmt":"2021-12-04T08:14:43","guid":{"rendered":"https:\/\/komplettneu.martinwieland.at\/?page_id=2516"},"modified":"2023-06-19T14:07:12","modified_gmt":"2023-06-19T12:07:12","slug":"datenschutzerklaerung","status":"publish","type":"page","link":"https:\/\/www.martinwieland.at\/de\/datenschutzerklaerung\/","title":{"rendered":"Datenschutzerkl\u00e4rung"},"content":{"rendered":"<h2>Datenschutz<\/h2>\n<p>Wir haben diese Datenschutzerkl\u00e4rung verfasst, um Ihnen gem\u00e4\u00df der Vorgaben der EU-Datenschutz-Grundverordnung zu erkl\u00e4ren, welche Informationen wir sammeln, wie wir Daten verwenden und welche Entscheidungsm\u00f6glichkeiten Sie als Besucher dieser Webseite haben. Leider liegt es in der Natur der Sache, dass diese Erkl\u00e4rungen sehr technisch klingen, wir haben uns bei der Erstellung jedoch bem\u00fcht die wichtigsten Dinge so einfach und klar zu beschreiben.<\/p>\n<h2>Automatische Datenspeicherung<\/h2>\n<p>Wenn Sie heutzutage Webseiten besuchen, werden gewisse Informationen automatisch erstellt und gespeichert, so auch auf dieser Webseite. Wenn Sie unsere Webseite so wie jetzt gerade besuchen, speichert unser Webserver (Computer auf dem diese Webseite gespeichert ist) automatisch Daten wie die IP-Adresse Ihres Ger\u00e4tes, die Adressen der besuchten Unterseiten, Details zu Ihrem Browser (z.B. Chrome, Firefox, Edge,\u2026) und Datum sowie Uhrzeit. Wir nutzen diese Daten nicht und geben Sie in der Regel nicht weiter, k\u00f6nnen jedoch nicht ausschlie\u00dfen, dass diese Daten beim Vorliegen von rechtswidrigem Verhalten eingesehen werden.<\/p>\n<h2>Speicherung pers\u00f6nlicher Daten<\/h2>\n<p>Pers\u00f6nliche Daten, die Sie uns auf dieser Website elektronisch \u00fcbermitteln, wie zum Beispiel Name, E-Mail-Adresse, Adresse oder andere pers\u00f6nlichen Angaben im Rahmen der \u00dcbermittlung eines Formulars oder Kommentaren im Blog, werden von uns gemeinsam mit dem Zeitpunkt und der IP-Adresse nur zum jeweils angegebenen Zweck verwendet, sicher verwahrt und nicht an Dritte weitergegeben. Wir nutzen Ihre pers\u00f6nlichen Daten somit nur f\u00fcr die Kommunikation mit jenen Besuchern, die Kontakt ausdr\u00fccklich w\u00fcnschen und f\u00fcr die Abwicklung der auf dieser Webseite angebotenen Dienstleistungen und Produkte. Wir geben Ihre pers\u00f6nlichen Daten ohne Zustimmung nicht weiter, k\u00f6nnen jedoch nicht ausschlie\u00dfen, dass diese Daten beim Vorliegen von rechtswidrigem Verhalten eingesehen werden. Wenn Sie uns pers\u00f6nliche Daten per E-Mail schicken \u2013 somit abseits dieser Webseite \u2013 k\u00f6nnen wir keine sichere \u00dcbertragung und den Schutz Ihrer Daten garantieren. Wir empfehlen Ihnen, vertrauliche Daten niemals unverschl\u00fcsselt per E-Mail zu \u00fcbermitteln.<\/p>\n<h2>Ihre Rechte<\/h2>\n<p>Ihnen stehen grunds\u00e4tzlich die Rechte auf Auskunft, Berichtigung, L\u00f6schung, Einschr\u00e4nkung, Daten\u00fcbertragbarkeit, Widerruf und Widerspruch zu. Wenn Sie glauben, dass die Verarbeitung Ihrer Daten gegen das Datenschutzrecht verst\u00f6\u00dft oder Ihre datenschutzrechtlichen Anspr\u00fcche sonst in einer Weise verletzt worden sind, k\u00f6nnen Sie sich bei der Aufsichtsbeh\u00f6rde beschweren. In \u00d6sterreich ist dies die Datenschutzbeh\u00f6rde, deren Webseiten Sie unter\u00a0<a href=\"https:\/\/www.dsb.gv.at\/\">https:\/\/www.dsb.gv.at\/<\/a>\u00a0finden.<\/p>\n<h2>TLS-Verschl\u00fcsselung mit https<\/h2>\n<p>Wir verwenden https um Daten abh\u00f6rsicher im Internet zu \u00fcbertragen. Durch den Einsatz von TLS (Transport Layer Security), einem Verschl\u00fcsselungsprotokoll zur sicheren Daten\u00fcbertragung im Internet k\u00f6nnen wir den Schutz vertraulicher Daten sicherstellen. Sie erkennen die Benutzung dieser Absicherung der Daten\u00fcbertragung am kleinen Schlo\u00dfsymbol links oben im Browser und der Verwendung des Schemas https als Teil unserer Internetadresse.<\/p>\n<h2>Cookies<\/h2>\n<p>Unsere Website verwendet HTTP-Cookies um nutzerspezifische Daten zu speichern. Ein Cookie ist ein kurzes Datenpaket, welches zwischen Webbrowser und Webserver ausgetauscht wird, f\u00fcr diese aber v\u00f6llig bedeutungslos ist und erst f\u00fcr die Webanwendung, z. B. einen Online-Shop, eine Bedeutung erh\u00e4lt, etwa den Inhalt eines virtuellen Warenkorbes. Es gibt zwei Arten von Cookies: Erstanbieter-Cookies werden von unserer Website erstellt, Drittanbieter-Cookies werden von anderen Websites (z. B. Google Analytics) erstellt. Man unterscheidet drei Kategorien von Cookies: unbedingt notwendige Cookies um grundlegende Funktionen der Website sicherzustellen, funktionelle Cookies um die Leistung der Webseite sicherzustellen und zielorientierte Cookies um das Benutzererlebnis zu verbessern. Wir nutzen Cookies, um unsere Webseite nutzerfreundlicher zu gestalten. Einige Cookies bleiben auf Ihrem Endger\u00e4t gespeichert, bis Sie diese l\u00f6schen. Sie erm\u00f6glichen es uns, Ihren Browser beim n\u00e4chsten Besuch wiederzuerkennen. Wenn Sie dies nicht w\u00fcnschen, so k\u00f6nnen Sie Ihren Browser so einrichten, dass er Sie \u00fcber das Setzen von Cookies informiert und Sie dies nur im Einzelfall erlauben. Sie k\u00f6nnen jederzeit Cookies, die sich bereits auf Ihrem Computer befinden, l\u00f6schen oder Cookies deaktivieren. Die Vorgangsweise dazu ist nach Browser unterschiedlich, am besten Sie suchen die Anleitung in Google mit dem Suchbegriff \u201ecookies l\u00f6schen chrome\u201c oder \u201ecookies deaktivieren chrome\u201c im Falle eines Chrome Browsers oder tauschen das Wort \u201echrome\u201c gegen den Namen Ihres Browsers, z. B. edge, firefox, safari aus. Wenn Sie uns generell nicht gestatten, Cookies zu nutzen, d.h. diese per Browsereinstellung deaktivieren, k\u00f6nnen manche Funktionen und Seiten nicht wie erwartet funktionieren.<\/p>\n<h2>Google Maps Datenschutzerkl\u00e4rung<\/h2>\n<p>Wir verwenden Google Maps der Firma Google Inc. (1600 Amphitheatre Parkway Mountain View, CA 94043, USA) auf unserer Webseite. Durch die Nutzung der Funktionen dieser Karte werden Daten an Google \u00fcbertragen. Welche Daten von Google erfasst werden und wof\u00fcr diese Daten verwendet werden, k\u00f6nnen Sie auf\u00a0<a href=\"https:\/\/www.google.com\/intl\/de\/policies\/privacy\/\">https:\/\/www.google.com\/intl\/de\/policies\/privacy\/<\/a>\u00a0nachlesen.<\/p>\n<h2>Google Fonts Datenschutzerkl\u00e4rung<\/h2>\n<p>Wir verwenden Google Fonts der Firma Google Inc. (1600 Amphitheatre Parkway Mountain View, CA 94043, USA) auf unserer Webseite. Die Verwendung von Google Fonts erfolgt ohne Authentisierung und es werden keine Cookies and die Google Fonts API gesendet. Sollten Sie ein Konto bei Google haben, werden keine Ihrer Google-Kontodaten an Google w\u00e4hrend der Nutzung von Google Fonts \u00fcbermittelt. Google erfasst lediglich die Nutzung von CSS und der verwendeten Fonts und speichert diese Daten sicher. Mehr zu diesen und weiteren Fragen finden Sie auf\u00a0<a href=\"https:\/\/developers.google.com\/fonts\/faq\">https:\/\/developers.google.com\/fonts\/faq<\/a>. Welche Daten von Google erfasst werden und wof\u00fcr diese Daten verwendet werden, k\u00f6nnen Sie auf\u00a0<a href=\"https:\/\/www.google.com\/intl\/de\/policies\/privacy\/\">https:\/\/www.google.com\/intl\/de\/policies\/privacy\/<\/a>\u00a0nachlesen.<\/p>\n<h2>Facebook Datenschutzerkl\u00e4rung<\/h2>\n<p>Wir verwenden auf dieser Webseite Funktionen von Facebook, einem Social Media Network der FIrma Facebook Ireland Ltd., 4 Grand Canal Square, Grand Canal Harbour, Dublin 2 Ireland. Welche Funktionen (Soziale Plug-ins) Facebook bereitstellt, k\u00f6nnen Sie auf\u00a0<a href=\"https:\/\/developers.facebook.com\/docs\/plugins\/\" class=\"broken_link\">https:\/\/developers.facebook.com\/docs\/plugins\/<\/a>\u00a0nachlesen. Durch den Besuch unserer Webseite k\u00f6nnen Informationen an Facebook \u00fcbermittelt werden. Wenn Sie \u00fcber ein Facebook-Konto verf\u00fcgen, kann Facebook diese Daten Ihrem pers\u00f6nlichen Konto zuordnen. Sollten Sie das nicht w\u00fcnschen, melden Sie sich bitte von Facebook ab. Die Datenschutzrichtlinien, welche Informationen Facebook sammelt und wie sie diese verwenden finden Sie auf\u00a0<a href=\"https:\/\/www.facebook.com\/policy.php\" class=\"broken_link\">https:\/\/www.facebook.com\/policy.php<\/a>.<\/p>\n<h2>YouTube Datenschutzerkl\u00e4rung<\/h2>\n<p>Wir verwenden auf dieser Seite des Videodienstes YouTube, der Firma YouTube, LLC, 901 Cherry Ave., San Bruno, CA 94066, USA. Durch das Aufrufen von Seiten unserer Webseite, die YouTube Videos integriert haben, werden Daten an YouTube \u00fcbertragen, gespeichert und ausgewertet. Sollten Sie ein YouTube-Konto haben und angemeldet sein, werden diese Daten Ihrem pers\u00f6nlichen Konto und den darin gespeicherten Daten zugeordnet. Welche Daten von Google erfasst werden und wof\u00fcr diese Daten verwendet werden, k\u00f6nnen Sie auf\u00a0<a href=\"https:\/\/www.google.com\/intl\/de\/policies\/privacy\/\">https:\/\/www.google.com\/intl\/de\/policies\/privacy\/<\/a>\u00a0nachlesen.<\/p>\n<h2>Twitter Datenschutzerkl\u00e4rung<\/h2>\n<p>Wir verwenden auf dieser Webseite Funktionen von Twitter, einem Social Network der Firma Twitter International Company, One Cumberland Place, Fenian Street, Dublin 2 D02 AX07, Irland. Dadurch k\u00f6nnen auch personenbezogene Daten an Twitter \u00fcbertragen werden. Wir \u00fcberwachen diesen Datenaustausch nicht und speichern nichts dar\u00fcber. Wenn Sie mehr \u00fcber die Nutzung Ihrer Daten durch Twitter wissen m\u00f6chten, finden Sie alle Informationen in der\u00a0<a href=\"https:\/\/twitter.com\/de\/privacy\">Twitter Datenschutzrichtline auf https:\/\/twitter.com\/de\/privacy<\/a>. Sollten Sie ein Konto bei Twitter haben, k\u00f6nnen Sie Ihre Datenschutzeinstellungen in den Konto- Einstellungen unter\u00a0<a class=\"\" href=\"https:\/\/twitter.com\/settings\/account\">https:\/\/twitter.com\/settings\/account<\/a>\u00a0\u00e4ndern.<\/p>\n<h2>Google+ Datenschutzerkl\u00e4rung<\/h2>\n<p>Wir nutzen auf unserer Webseite Funktionen von Google+, dem Social Network der Firma Google Inc. (1600 Amphitheatre Parkway Mountain View, CA 94043, USA). Wenn Sie die angebotenen Funktionen voll nutzen m\u00f6chten, ben\u00f6tigen Sie ein Google Konto. Auch bei der Nutzung der Funktionen (Google +1 Buttons, Google+ Badge, Follow button, Google+ Share button und Link, Sign-In Button, Hangout Button) ohne Google Konto werden bereits Informationen an Google \u00fcbermittelt. Wenn Sie mit Ihrem Google Konto w\u00e4hrend der Nutzung der oben angef\u00fchrten Funktionen angemeldet sind, werden Ihre Daten je nach Einstellung auf\u00a0<a class=\"\" href=\"https:\/\/plus.google.com\/settings\/\">https:\/\/plus.google.com\/settings\/<\/a>\u00a0weltweit ver\u00f6ffentlicht und von Google gesammelt und ausgewertet. Welche Daten von Google erfasst werden und wof\u00fcr diese Daten verwendet werden, k\u00f6nnen Sie auf\u00a0<a href=\"https:\/\/www.google.com\/intl\/de\/policies\/privacy\/\">https:\/\/www.google.com\/intl\/de\/policies\/privacy\/<\/a>\u00a0nachlesen.<\/p>\n<h2>Instagram Datenschutzerkl\u00e4rung<\/h2>\n<p>Wir verwenden auf unserer Webseite Funktionen des Social Media Netzwerks Instagram der Firma Instagram LLC, 1601 Willow Rd, Menlo Park CA 94025, USA. Mit den Funktionen zum Einbetten von Instagram-Inhalten (Embed-Funktion) k\u00f6nnen wir Bilder und Videos anzeigen. Durch den Aufruf von Seiten die solche Funktionen nutzen werden Daten (IP-Adresse, Browserdaten, Datum und Zeitpunkt, Cookies) an Instagram \u00fcbermittelt, gespeichert und ausgewertet. Sollten Sie ein Instagram-Konto haben und angemeldet sein, werden diese Daten Ihrem pers\u00f6nlichen Konto und den darin gespeicherten Daten zugeordnet. Die Datenschutzrichtlinien, welche Informationen Instagram sammelt und wie sie diese verwenden finden Sie auf \u00a0<a href=\"https:\/\/help.instagram.com\/155833707900388\" class=\"broken_link\">https:\/\/help.instagram.com\/155833707900388<\/a>.<\/p>\n<h2>Pinterest Datenschutzerkl\u00e4rung<\/h2>\n<p>Wir verwenden auf unserer Seite Buttons und Widgets des Social Media Netzwerks Pinterest, der Firma Pinterest Inc.,808 Brannan Street, San Francisco, CA 94103, USA. Durch den Aufruf von Seiten die solche Funktionen nutzen werden Daten (IP-Adresse, Browserdaten, Datum und Zeitpunkt, Cookies) an Pinterest \u00fcbermittelt, gespeichert und ausgewertet. Die Datenschutzrichtlinien, welche Informationen Pinterest sammelt und wie sie diese verwenden finden Sie auf\u00a0<a class=\"\" href=\"https:\/\/policy.pinterest.com\/de\/privacy-policy\">https:\/\/policy.pinterest.com\/de\/privacy-policy<\/a>.<\/p>\n<p>Quelle: Erstellt mit dem\u00a0<a href=\"https:\/\/www.adsimple.at\/impressum-generator\/\" target=\"_blank\" rel=\"noreferrer noopener\">Impressum Generator von adsimple.at<\/a><\/p>\n<h2>Uptain Datenschutzerkl\u00e4rung<\/h2>\n<p data-no-translation=\"\">Zu Verbesserung der Interaktion mit unseren Besuchern benutzen wir ein Java-Script Plugin der uptain GmbH (\u201euptain-Plugin\u201c\u00a0<a href=\"https:\/\/www.uptain.de\/?handl_landing_page=https%3A%2F%2Fuptain.de%2F&amp;handl_url=https%3A%2F%2Fuptain.de%2Fbeispielhafter-datenschutztext%2F&amp;handl_original_ref=https%3A%2F%2Fwww.google.com%2F&amp;handl_url_ref=https%3A%2F%2Fuptain.atlassian.net%2F&amp;wuid=9867604.719567241\" class=\"broken_link\">https:\/\/www.uptain.de<\/a>). Dies erlaubt uns eine Analyse Ihrer Benutzung der Webseite und eine Verbesserung der Kundenansprache (z.B. durch ein Dialogfenster). Hierzu erheben wir Informationen \u00fcber Ihr Nutzungsverhalten, d.h. Bewegung des Cursors, Verweildauer, angeklickte Links und ggf. gemachte Angaben. Rechtsgrundlage der Verarbeitung ist unser berechtigtes Interesse an Direktmarketing und der Bereitstellung unserer Webseite (Art. 6 Abs. 1 lit f DSGVO). Die uptain GmbH ist dabei als Auftragsverarbeiter strikt an unsere Weisungen gebunden. Die erhobenen Informationen werden nicht an Dritte weitergegeben, au\u00dfer wir sind dazu gesetzlich verpflichtet. Soweit die vom uptain-Plugin erhobenen Informationen personenbezogene Daten enthalten, werden diese unmittelbar nach Ihrem Besuch unserer Webseite gel\u00f6scht.<\/p>\n<p data-no-translation=\"\">Sie k\u00f6nnen den Einsatz des uptain-Plugins jederzeit \u00fcber folgenden Link deaktivieren:\u00a0<a href=\"https:\/\/www.martinwieland.at\/datenschutz?__up_tracking_unsubscribe\"><strong>https:\/\/www.martinwieland.at\/datenschutz?__up_tracking_unsubscribe<\/strong><\/a><\/p>","protected":false},"excerpt":{"rendered":"<p>Datenschutz Wir haben diese Datenschutzerkl\u00e4rung verfasst, um Ihnen gem\u00e4\u00df der Vorgaben der EU-Datenschutz-Grundverordnung zu erkl\u00e4ren, welche Informationen wir sammeln, wie wir Daten verwenden und welche Entscheidungsm\u00f6glichkeiten Sie als Besucher dieser Webseite haben. Leider liegt es in der Natur der Sache, dass diese Erkl\u00e4rungen sehr technisch klingen, wir haben uns bei der Erstellung jedoch bem\u00fcht die [&hellip;]<\/p>","protected":false},"author":1,"featured_media":0,"parent":0,"menu_order":0,"comment_status":"closed","ping_status":"closed","template":"","meta":{"_acf_changed":false,"footnotes":""},"acf":[],"yoast_head":"<!-- This site is optimized with the Yoast SEO plugin v23.2 - https:\/\/yoast.com\/wordpress\/plugins\/seo\/ -->\n<title>Datenschutzerkl\u00e4rung - Martin Wieland Photography<\/title>\n<meta name=\"robots\" content=\"index, follow, max-snippet:-1, max-image-preview:large, max-video-preview:-1\" \/>\n<link rel=\"canonical\" href=\"https:\/\/www.martinwieland.at\/de\/datenschutzerklaerung\/\" \/>\n<meta property=\"og:locale\" content=\"de_DE\" \/>\n<meta property=\"og:type\" content=\"article\" \/>\n<meta property=\"og:title\" content=\"Datenschutzerkl\u00e4rung - Martin Wieland Photography\" \/>\n<meta property=\"og:description\" content=\"Datenschutz Wir haben diese Datenschutzerkl\u00e4rung verfasst, um Ihnen gem\u00e4\u00df der Vorgaben der EU-Datenschutz-Grundverordnung zu erkl\u00e4ren, welche Informationen wir sammeln, wie wir Daten verwenden und welche Entscheidungsm\u00f6glichkeiten Sie als Besucher dieser Webseite haben. Leider liegt es in der Natur der Sache, dass diese Erkl\u00e4rungen sehr technisch klingen, wir haben uns bei der Erstellung jedoch bem\u00fcht die [&hellip;]\" \/>\n<meta property=\"og:url\" content=\"https:\/\/www.martinwieland.at\/de\/datenschutzerklaerung\/\" \/>\n<meta property=\"og:site_name\" content=\"Martin Wieland Photography\" \/>\n<meta property=\"article:modified_time\" content=\"2023-06-19T12:07:12+00:00\" \/>\n<meta name=\"twitter:card\" content=\"summary_large_image\" \/>\n<meta name=\"twitter:label1\" content=\"Gesch\u00e4tzte Lesezeit\" \/>\n\t<meta name=\"twitter:data1\" content=\"9\u00a0Minuten\" \/>\n<script type=\"application\/ld+json\" class=\"yoast-schema-graph\">{\"@context\":\"https:\/\/schema.org\",\"@graph\":[{\"@type\":\"WebPage\",\"@id\":\"https:\/\/www.martinwieland.at\/datenschutzerklaerung\/\",\"url\":\"https:\/\/www.martinwieland.at\/datenschutzerklaerung\/\",\"name\":\"Datenschutzerkl\u00e4rung - Martin Wieland Photography\",\"isPartOf\":{\"@id\":\"https:\/\/www.martinwieland.at\/#website\"},\"datePublished\":\"2021-12-04T08:14:43+00:00\",\"dateModified\":\"2023-06-19T12:07:12+00:00\",\"breadcrumb\":{\"@id\":\"https:\/\/www.martinwieland.at\/datenschutzerklaerung\/#breadcrumb\"},\"inLanguage\":\"de\",\"potentialAction\":[{\"@type\":\"ReadAction\",\"target\":[\"https:\/\/www.martinwieland.at\/datenschutzerklaerung\/\"]}]},{\"@type\":\"BreadcrumbList\",\"@id\":\"https:\/\/www.martinwieland.at\/datenschutzerklaerung\/#breadcrumb\",\"itemListElement\":[{\"@type\":\"ListItem\",\"position\":1,\"name\":\"Startseite\",\"item\":\"https:\/\/www.martinwieland.at\/\"},{\"@type\":\"ListItem\",\"position\":2,\"name\":\"Datenschutzerkl\u00e4rung\"}]},{\"@type\":\"WebSite\",\"@id\":\"https:\/\/www.martinwieland.at\/#website\",\"url\":\"https:\/\/www.martinwieland.at\/\",\"name\":\"Martin Wieland Photography\",\"description\":\"Martin Wieland Photography\",\"potentialAction\":[{\"@type\":\"SearchAction\",\"target\":{\"@type\":\"EntryPoint\",\"urlTemplate\":\"https:\/\/www.martinwieland.at\/?s={search_term_string}\"},\"query-input\":\"required name=search_term_string\"}],\"inLanguage\":\"de\"}]}<\/script>\n<!-- \/ Yoast SEO plugin. -->","yoast_head_json":{"title":"Datenschutzerkl\u00e4rung - Martin Wieland Photography","robots":{"index":"index","follow":"follow","max-snippet":"max-snippet:-1","max-image-preview":"max-image-preview:large","max-video-preview":"max-video-preview:-1"},"canonical":"https:\/\/www.martinwieland.at\/de\/datenschutzerklaerung\/","og_locale":"de_DE","og_type":"article","og_title":"Datenschutzerkl\u00e4rung - Martin Wieland Photography","og_description":"Datenschutz Wir haben diese Datenschutzerkl\u00e4rung verfasst, um Ihnen gem\u00e4\u00df der Vorgaben der EU-Datenschutz-Grundverordnung zu erkl\u00e4ren, welche Informationen wir sammeln, wie wir Daten verwenden und welche Entscheidungsm\u00f6glichkeiten Sie als Besucher dieser Webseite haben. Leider liegt es in der Natur der Sache, dass diese Erkl\u00e4rungen sehr technisch klingen, wir haben uns bei der Erstellung jedoch bem\u00fcht die [&hellip;]","og_url":"https:\/\/www.martinwieland.at\/de\/datenschutzerklaerung\/","og_site_name":"Martin Wieland Photography","article_modified_time":"2023-06-19T12:07:12+00:00","twitter_card":"summary_large_image","twitter_misc":{"Gesch\u00e4tzte Lesezeit":"9\u00a0Minuten"},"schema":{"@context":"https:\/\/schema.org","@graph":[{"@type":"WebPage","@id":"https:\/\/www.martinwieland.at\/datenschutzerklaerung\/","url":"https:\/\/www.martinwieland.at\/datenschutzerklaerung\/","name":"Datenschutzerkl\u00e4rung - Martin Wieland Photography","isPartOf":{"@id":"https:\/\/www.martinwieland.at\/#website"},"datePublished":"2021-12-04T08:14:43+00:00","dateModified":"2023-06-19T12:07:12+00:00","breadcrumb":{"@id":"https:\/\/www.martinwieland.at\/datenschutzerklaerung\/#breadcrumb"},"inLanguage":"de","potentialAction":[{"@type":"ReadAction","target":["https:\/\/www.martinwieland.at\/datenschutzerklaerung\/"]}]},{"@type":"BreadcrumbList","@id":"https:\/\/www.martinwieland.at\/datenschutzerklaerung\/#breadcrumb","itemListElement":[{"@type":"ListItem","position":1,"name":"Startseite","item":"https:\/\/www.martinwieland.at\/"},{"@type":"ListItem","position":2,"name":"Datenschutzerkl\u00e4rung"}]},{"@type":"WebSite","@id":"https:\/\/www.martinwieland.at\/#website","url":"https:\/\/www.martinwieland.at\/","name":"Martin Wieland Photography","description":"Martin Wieland Photography","potentialAction":[{"@type":"SearchAction","target":{"@type":"EntryPoint","urlTemplate":"https:\/\/www.martinwieland.at\/?s={search_term_string}"},"query-input":"required name=search_term_string"}],"inLanguage":"de"}]}},"_links":{"self":[{"href":"https:\/\/www.martinwieland.at\/de\/wp-json\/wp\/v2\/pages\/2516"}],"collection":[{"href":"https:\/\/www.martinwieland.at\/de\/wp-json\/wp\/v2\/pages"}],"about":[{"href":"https:\/\/www.martinwieland.at\/de\/wp-json\/wp\/v2\/types\/page"}],"author":[{"embeddable":true,"href":"https:\/\/www.martinwieland.at\/de\/wp-json\/wp\/v2\/users\/1"}],"replies":[{"embeddable":true,"href":"https:\/\/www.martinwieland.at\/de\/wp-json\/wp\/v2\/comments?post=2516"}],"version-history":[{"count":2,"href":"https:\/\/www.martinwieland.at\/de\/wp-json\/wp\/v2\/pages\/2516\/revisions"}],"predecessor-version":[{"id":9217,"href":"https:\/\/www.martinwieland.at\/de\/wp-json\/wp\/v2\/pages\/2516\/revisions\/9217"}],"wp:attachment":[{"href":"https:\/\/www.martinwieland.at\/de\/wp-json\/wp\/v2\/media?parent=2516"}],"curies":[{"name":"wp","href":"https:\/\/api.w.org\/{rel}","templated":true}]}}