{"id":2525,"date":"2021-12-04T10:09:32","date_gmt":"2021-12-04T09:09:32","guid":{"rendered":"https:\/\/komplettneu.martinwieland.at\/versandarten\/"},"modified":"2021-12-10T09:20:29","modified_gmt":"2021-12-10T08:20:29","slug":"versandarten","status":"publish","type":"page","link":"https:\/\/www.martinwieland.at\/de\/versandarten\/","title":{"rendered":"Versandarten"},"content":{"rendered":"<p>Standardm\u00e4\u00dfig wird mit der \u00f6sterreichischen Post AG versendet.<\/p>\n<p>Sollten Sie eine andere Art von Versand w\u00fcnschen, schreiben Sie uns bitte ein <span style=\"color: #ff0000;\"><a style=\"color: #ff0000;\" href=\"mailto: mw@martinwieland.at\">mail<\/a><\/span> und wir machen Ihnen ein Angebot.<\/p>\n<p>Bei Originalprints ab 70x100cm und Sperrgut erstellen wir Ihnen ein separates Angebot f\u00fcr den Versand.<\/p>\n<p>Gerahmte Originale werden immer in einer geeigneten Transportkiste versendet. Auch hier bekommen Sie von uns zuvor ein Angebot.<\/p>\n<p><span style=\"font-size: 14pt;\"><strong>\u00d6sterreich:<\/strong><\/span><\/p>\n<table class=\"alignleft\" style=\"height: 120px; width: 200px; border-collapse: collapse; border-style: none;\">\n<tbody>\n<tr style=\"height: 24px;\">\n<td style=\"height: 24px; border-style: solid; width: 250px;\">-2kg<\/td>\n<td style=\"width: 65.3594px; height: 24px; border-style: solid;\">\u20ac<\/td>\n<td style=\"width: 47.8906px; height: 24px; border-style: solid;\">7.-<\/td>\n<\/tr>\n<tr style=\"height: 24px;\">\n<td style=\"height: 24px; border-style: solid; width: 250px;\">-4 kg<\/td>\n<td style=\"width: 65.3594px; height: 24px; border-style: solid;\">\u20ac<\/td>\n<td style=\"width: 47.8906px; height: 24px; border-style: solid;\">9.-<\/td>\n<\/tr>\n<tr style=\"height: 24px;\">\n<td style=\"height: 24px; border-style: solid; width: 250px;\">-10 kg<\/td>\n<td style=\"width: 65.3594px; height: 24px; border-style: solid;\">\u20ac<\/td>\n<td style=\"width: 47.8906px; height: 24px; border-style: solid;\">13.-<\/td>\n<\/tr>\n<tr style=\"height: 24px;\">\n<td style=\"height: 24px; border-style: solid; width: 250px;\">-20 kg<\/td>\n<td style=\"width: 65.3594px; height: 24px; border-style: solid;\">\u20ac<\/td>\n<td style=\"width: 47.8906px; height: 24px; border-style: solid;\">13.-<\/td>\n<\/tr>\n<tr style=\"height: 24px;\">\n<td style=\"height: 24px; border-style: solid; width: 250px;\">-30kg<\/td>\n<td style=\"width: 65.3594px; height: 24px; border-style: solid;\">\u20ac<\/td>\n<td style=\"width: 47.8906px; height: 24px; border-style: solid;\">13.-<\/td>\n<\/tr>\n<\/tbody>\n<\/table>\n<p>&nbsp;<\/p>\n<p>&nbsp;<\/p>\n<p>&nbsp;<\/p>\n<p>&nbsp;<\/p>\n<p>&nbsp;<\/p>\n<p>&nbsp;<\/p>\n<p><span style=\"font-size: 14pt;\"><strong>Deutschland:<\/strong><\/span><\/p>\n<table class=\"alignleft\" style=\"height: 120px; width: 200px; border-collapse: collapse; border-style: none;\">\n<tbody>\n<tr style=\"height: 24px;\">\n<td style=\"height: 24px; border-style: solid; width: 250px;\">-2kg<\/td>\n<td style=\"width: 36.9062px; height: 24px; border-style: solid;\">\u20ac<\/td>\n<td style=\"width: 39.9375px; height: 24px; border-style: solid;\">15.-<\/td>\n<\/tr>\n<tr style=\"height: 24px;\">\n<td style=\"height: 24px; border-style: solid; width: 250px;\">-4 kg<\/td>\n<td style=\"width: 36.9062px; height: 24px; border-style: solid;\">\u20ac<\/td>\n<td style=\"width: 39.9375px; height: 24px; border-style: solid;\">17.-<\/td>\n<\/tr>\n<tr style=\"height: 24px;\">\n<td style=\"height: 24px; border-style: solid; width: 250px;\">-10 kg<\/td>\n<td style=\"width: 36.9062px; height: 24px; border-style: solid;\">\u20ac<\/td>\n<td style=\"width: 39.9375px; height: 24px; border-style: solid;\">20.-<\/td>\n<\/tr>\n<tr style=\"height: 24px;\">\n<td style=\"height: 24px; border-style: solid; width: 250px;\">-20 kg<\/td>\n<td style=\"width: 36.9062px; height: 24px; border-style: solid;\">\u20ac<\/td>\n<td style=\"width: 39.9375px; height: 24px; border-style: solid;\">20.-<\/td>\n<\/tr>\n<tr style=\"height: 24px;\">\n<td style=\"height: 24px; border-style: solid; width: 250px;\">-30kg<\/td>\n<td style=\"width: 36.9062px; height: 24px; border-style: solid;\">\u20ac<\/td>\n<td style=\"width: 39.9375px; height: 24px; border-style: solid;\">20.-<\/td>\n<\/tr>\n<\/tbody>\n<\/table>\n<p>&nbsp;<\/p>\n<p>&nbsp;<\/p>\n<p>&nbsp;<\/p>\n<p>&nbsp;<\/p>\n<p>&nbsp;<\/p>\n<p>&nbsp;<\/p>\n<p><span style=\"font-size: 14pt;\"><strong>EU<\/strong><\/span><\/p>\n<table class=\"alignleft\" style=\"height: 120px; width: 200px; border-collapse: collapse; border-style: none;\">\n<tbody>\n<tr style=\"height: 24px;\">\n<td style=\"height: 24px; border-style: solid; width: 250px;\">-2kg<\/td>\n<td style=\"width: 36.9688px; height: 24px; border-style: solid;\">\u20ac<\/td>\n<td style=\"width: 40.6719px; height: 24px; border-style: solid;\">16.-<\/td>\n<\/tr>\n<tr style=\"height: 24px;\">\n<td style=\"height: 24px; border-style: solid; width: 250px;\">-4 kg<\/td>\n<td style=\"width: 36.9688px; height: 24px; border-style: solid;\">\u20ac<\/td>\n<td style=\"width: 40.6719px; height: 24px; border-style: solid;\">18.-<\/td>\n<\/tr>\n<tr style=\"height: 24px;\">\n<td style=\"height: 24px; border-style: solid; width: 250px;\">-10 kg<\/td>\n<td style=\"width: 36.9688px; height: 24px; border-style: solid;\">\u20ac<\/td>\n<td style=\"width: 40.6719px; height: 24px; border-style: solid;\">24.-<\/td>\n<\/tr>\n<tr style=\"height: 24px;\">\n<td style=\"height: 24px; border-style: solid; width: 250px;\">-20 kg<\/td>\n<td style=\"width: 36.9688px; height: 24px; border-style: solid;\">\u20ac<\/td>\n<td style=\"width: 40.6719px; height: 24px; border-style: solid;\">24.-<\/td>\n<\/tr>\n<tr style=\"height: 24px;\">\n<td style=\"height: 24px; border-style: solid; width: 250px;\">-30kg<\/td>\n<td style=\"width: 36.9688px; height: 24px; border-style: solid;\">\u20ac<\/td>\n<td style=\"width: 40.6719px; height: 24px; border-style: solid;\">24.-<\/td>\n<\/tr>\n<\/tbody>\n<\/table>\n<p>&nbsp;<\/p>\n<p>&nbsp;<\/p>\n<p>&nbsp;<\/p>\n<p>&nbsp;<\/p>\n<p>&nbsp;<\/p>\n<p>&nbsp;<\/p>\n<p><span style=\"font-size: 14pt;\"><strong>Schweiz &amp; United Kingdom<\/strong><\/span><\/p>\n<table class=\"alignleft\" style=\"height: 120px; width: 200px; border-collapse: collapse; border-style: none;\">\n<tbody>\n<tr style=\"height: 24px;\">\n<td style=\"height: 24px; border-style: solid; width: 250px;\">-2kg<\/td>\n<td style=\"width: 48.1875px; height: 24px; border-style: solid;\">\u20ac<\/td>\n<td style=\"width: 35.0938px; height: 24px; border-style: solid;\">17.-<\/td>\n<\/tr>\n<tr style=\"height: 24px;\">\n<td style=\"height: 24px; border-style: solid; width: 250px;\">-4 kg<\/td>\n<td style=\"width: 48.1875px; height: 24px; border-style: solid;\">\u20ac<\/td>\n<td style=\"width: 35.0938px; height: 24px; border-style: solid;\">22.-<\/td>\n<\/tr>\n<tr style=\"height: 24px;\">\n<td style=\"height: 24px; border-style: solid; width: 250px;\">-10 kg<\/td>\n<td style=\"width: 48.1875px; height: 24px; border-style: solid;\">\u20ac<\/td>\n<td style=\"width: 35.0938px; height: 24px; border-style: solid;\">30.-<\/td>\n<\/tr>\n<tr style=\"height: 24px;\">\n<td style=\"height: 24px; border-style: solid; width: 250px;\">-20 kg<\/td>\n<td style=\"width: 48.1875px; height: 24px; border-style: solid;\">\u20ac<\/td>\n<td style=\"width: 35.0938px; height: 24px; border-style: solid;\">50.-<\/td>\n<\/tr>\n<tr style=\"height: 24px;\">\n<td style=\"height: 24px; border-style: solid; width: 250px;\">-30kg<\/td>\n<td style=\"width: 48.1875px; height: 24px; border-style: solid;\">\u20ac<\/td>\n<td style=\"width: 35.0938px; height: 24px; border-style: solid;\">70.-<\/td>\n<\/tr>\n<\/tbody>\n<\/table>\n<p>&nbsp;<\/p>\n<p>&nbsp;<\/p>\n<p>&nbsp;<\/p>\n<p>&nbsp;<\/p>\n<p>&nbsp;<\/p>\n<p>&nbsp;<\/p>\n<p><span style=\"font-size: 14pt;\"><strong>North America<\/strong><\/span><\/p>\n<table class=\"alignleft\" style=\"height: 120px; width: 200px; border-collapse: collapse; border-style: none;\">\n<tbody>\n<tr style=\"height: 24px;\">\n<td style=\"height: 24px; border-style: solid; width: 250px;\">-2kg<\/td>\n<td style=\"width: 36.9688px; height: 24px; border-style: solid;\">\u20ac<\/td>\n<td style=\"width: 40.6719px; height: 24px; border-style: solid;\">26.-<\/td>\n<\/tr>\n<tr style=\"height: 24px;\">\n<td style=\"height: 24px; border-style: solid; width: 250px;\">-4 kg<\/td>\n<td style=\"width: 36.9688px; height: 24px; border-style: solid;\">\u20ac<\/td>\n<td style=\"width: 40.6719px; height: 24px; border-style: solid;\">38.-<\/td>\n<\/tr>\n<tr style=\"height: 24px;\">\n<td style=\"height: 24px; border-style: solid; width: 250px;\">-10 kg<\/td>\n<td style=\"width: 36.9688px; height: 24px; border-style: solid;\">\u20ac<\/td>\n<td style=\"width: 40.6719px; height: 24px; border-style: solid;\">71.-<\/td>\n<\/tr>\n<tr style=\"height: 24px;\">\n<td style=\"height: 24px; border-style: solid; width: 250px;\">-20 kg<\/td>\n<td style=\"width: 36.9688px; height: 24px; border-style: solid;\">\u20ac<\/td>\n<td style=\"width: 40.6719px; height: 24px; border-style: solid;\">135.-<\/td>\n<\/tr>\n<tr style=\"height: 24px;\">\n<td style=\"height: 24px; border-style: solid; width: 250px;\">-30kg<\/td>\n<td style=\"width: 36.9688px; height: 24px; border-style: solid;\">\u20ac<\/td>\n<td style=\"width: 40.6719px; height: 24px; border-style: solid;\">195.-<\/td>\n<\/tr>\n<\/tbody>\n<\/table>\n<p>&nbsp;<\/p>\n<p>&nbsp;<\/p>\n<p>&nbsp;<\/p>\n<p>&nbsp;<\/p>\n<p>&nbsp;<\/p>\n<p>&nbsp;<\/p>\n<p><span style=\"font-size: 14pt;\"><strong>Worldwide<\/strong><\/span><\/p>\n<table class=\"alignleft\" style=\"height: 120px; width: 200px; border-collapse: collapse; border-style: none;\">\n<tbody>\n<tr style=\"height: 24px;\">\n<td style=\"height: 24px; border-style: solid; width: 250px;\">-2kg<\/td>\n<td style=\"width: 36.9688px; height: 24px; border-style: solid;\">\u20ac<\/td>\n<td style=\"width: 40.6719px; height: 24px; border-style: solid;\">32.-<\/td>\n<\/tr>\n<tr style=\"height: 24px;\">\n<td style=\"height: 24px; border-style: solid; width: 250px;\">-4 kg<\/td>\n<td style=\"width: 36.9688px; height: 24px; border-style: solid;\">\u20ac<\/td>\n<td style=\"width: 40.6719px; height: 24px; border-style: solid;\">50.-<\/td>\n<\/tr>\n<tr style=\"height: 24px;\">\n<td style=\"height: 24px; border-style: solid; width: 250px;\">-10 kg<\/td>\n<td style=\"width: 36.9688px; height: 24px; border-style: solid;\">\u20ac<\/td>\n<td style=\"width: 40.6719px; height: 24px; border-style: solid;\">105.-<\/td>\n<\/tr>\n<tr style=\"height: 24px;\">\n<td style=\"height: 24px; border-style: solid; width: 250px;\">-20 kg<\/td>\n<td style=\"width: 36.9688px; height: 24px; border-style: solid;\">\u20ac<\/td>\n<td style=\"width: 40.6719px; height: 24px; border-style: solid;\">195.-<\/td>\n<\/tr>\n<tr style=\"height: 24px;\">\n<td style=\"height: 24px; border-style: solid; width: 250px;\">-30kg<\/td>\n<td style=\"width: 36.9688px; height: 24px; border-style: solid;\">\u20ac<\/td>\n<td style=\"width: 40.6719px; height: 24px; border-style: solid;\">300.-<\/td>\n<\/tr>\n<\/tbody>\n<\/table>\n<p>&nbsp;<\/p>\n<p>&nbsp;<\/p>\n<p>&nbsp;<\/p>\n<p>&nbsp;<\/p>\n<p>&nbsp;<\/p>\n<p>&nbsp;<\/p>\n<p><span style=\"font-size: 14pt;\"><strong>Australia, New Zealand<\/strong><\/span><\/p>\n<table class=\"alignleft\" style=\"height: 120px; width: 200px; border-collapse: collapse; border-style: none;\">\n<tbody>\n<tr style=\"height: 24px;\">\n<td style=\"height: 24px; border-style: solid; width: 250px;\">-2kg<\/td>\n<td style=\"width: 54.9062px; height: 24px; border-style: solid;\">\u20ac<\/td>\n<td style=\"width: 60.875px; height: 24px; border-style: solid;\">40.-<\/td>\n<\/tr>\n<tr style=\"height: 24px;\">\n<td style=\"height: 24px; border-style: solid; width: 250px;\">-4 kg<\/td>\n<td style=\"width: 54.9062px; height: 24px; border-style: solid;\">\u20ac<\/td>\n<td style=\"width: 60.875px; height: 24px; border-style: solid;\">67.-<\/td>\n<\/tr>\n<tr style=\"height: 24px;\">\n<td style=\"height: 24px; border-style: solid; width: 250px;\">-10 kg<\/td>\n<td style=\"width: 54.9062px; height: 24px; border-style: solid;\">\u20ac<\/td>\n<td style=\"width: 60.875px; height: 24px; border-style: solid;\">144.-<\/td>\n<\/tr>\n<tr style=\"height: 24px;\">\n<td style=\"height: 24px; border-style: solid; width: 250px;\">-20 kg<\/td>\n<td style=\"width: 54.9062px; height: 24px; border-style: solid;\">\u20ac<\/td>\n<td style=\"width: 60.875px; height: 24px; border-style: solid;\">267.-<\/td>\n<\/tr>\n<tr style=\"height: 24px;\">\n<td style=\"height: 24px; border-style: solid; width: 250px;\">-30kg<\/td>\n<td style=\"width: 54.9062px; height: 24px; border-style: solid;\">\u20ac<\/td>\n<td style=\"width: 60.875px; height: 24px; border-style: solid;\">828.-<\/td>\n<\/tr>\n<\/tbody>\n<\/table>\n<p>&nbsp;<\/p>\n<p>&nbsp;<\/p>\n<p>&nbsp;<\/p>","protected":false},"excerpt":{"rendered":"<p>Standardm\u00e4\u00dfig wird mit der \u00f6sterreichischen Post AG versendet. Sollten Sie eine andere Art von Versand w\u00fcnschen, schreiben Sie uns bitte ein mail und wir machen Ihnen ein Angebot. Bei Originalprints ab 70x100cm und Sperrgut erstellen wir Ihnen ein separates Angebot f\u00fcr den Versand. Gerahmte Originale werden immer in einer geeigneten Transportkiste versendet. Auch hier bekommen [&hellip;]<\/p>","protected":false},"author":1,"featured_media":0,"parent":0,"menu_order":0,"comment_status":"closed","ping_status":"closed","template":"","meta":{"_acf_changed":false,"footnotes":""},"acf":[],"yoast_head":"<!-- This site is optimized with the Yoast SEO plugin v23.2 - https:\/\/yoast.com\/wordpress\/plugins\/seo\/ -->\n<title>Versandarten - Martin Wieland Photography<\/title>\n<meta name=\"robots\" content=\"index, follow, max-snippet:-1, max-image-preview:large, max-video-preview:-1\" \/>\n<link rel=\"canonical\" href=\"https:\/\/www.martinwieland.at\/de\/versandarten\/\" \/>\n<meta property=\"og:locale\" content=\"de_DE\" \/>\n<meta property=\"og:type\" content=\"article\" \/>\n<meta property=\"og:title\" content=\"Versandarten - Martin Wieland Photography\" \/>\n<meta property=\"og:description\" content=\"Standardm\u00e4\u00dfig wird mit der \u00f6sterreichischen Post AG versendet. Sollten Sie eine andere Art von Versand w\u00fcnschen, schreiben Sie uns bitte ein mail und wir machen Ihnen ein Angebot. Bei Originalprints ab 70x100cm und Sperrgut erstellen wir Ihnen ein separates Angebot f\u00fcr den Versand. Gerahmte Originale werden immer in einer geeigneten Transportkiste versendet. Auch hier bekommen [&hellip;]\" \/>\n<meta property=\"og:url\" content=\"https:\/\/www.martinwieland.at\/de\/versandarten\/\" \/>\n<meta property=\"og:site_name\" content=\"Martin Wieland Photography\" \/>\n<meta property=\"article:modified_time\" content=\"2021-12-10T08:20:29+00:00\" \/>\n<meta name=\"twitter:card\" content=\"summary_large_image\" \/>\n<meta name=\"twitter:label1\" content=\"Gesch\u00e4tzte Lesezeit\" \/>\n\t<meta name=\"twitter:data1\" content=\"1\u00a0Minute\" \/>\n<script type=\"application\/ld+json\" class=\"yoast-schema-graph\">{\"@context\":\"https:\/\/schema.org\",\"@graph\":[{\"@type\":\"WebPage\",\"@id\":\"https:\/\/www.martinwieland.at\/versandarten\/\",\"url\":\"https:\/\/www.martinwieland.at\/versandarten\/\",\"name\":\"Versandarten - Martin Wieland Photography\",\"isPartOf\":{\"@id\":\"https:\/\/www.martinwieland.at\/#website\"},\"datePublished\":\"2021-12-04T09:09:32+00:00\",\"dateModified\":\"2021-12-10T08:20:29+00:00\",\"breadcrumb\":{\"@id\":\"https:\/\/www.martinwieland.at\/versandarten\/#breadcrumb\"},\"inLanguage\":\"de\",\"potentialAction\":[{\"@type\":\"ReadAction\",\"target\":[\"https:\/\/www.martinwieland.at\/versandarten\/\"]}]},{\"@type\":\"BreadcrumbList\",\"@id\":\"https:\/\/www.martinwieland.at\/versandarten\/#breadcrumb\",\"itemListElement\":[{\"@type\":\"ListItem\",\"position\":1,\"name\":\"Startseite\",\"item\":\"https:\/\/www.martinwieland.at\/\"},{\"@type\":\"ListItem\",\"position\":2,\"name\":\"Versandarten\"}]},{\"@type\":\"WebSite\",\"@id\":\"https:\/\/www.martinwieland.at\/#website\",\"url\":\"https:\/\/www.martinwieland.at\/\",\"name\":\"Martin Wieland Photography\",\"description\":\"Martin Wieland Photography\",\"potentialAction\":[{\"@type\":\"SearchAction\",\"target\":{\"@type\":\"EntryPoint\",\"urlTemplate\":\"https:\/\/www.martinwieland.at\/?s={search_term_string}\"},\"query-input\":\"required name=search_term_string\"}],\"inLanguage\":\"de\"}]}<\/script>\n<!-- \/ Yoast SEO plugin. -->","yoast_head_json":{"title":"Versandarten - Martin Wieland Photography","robots":{"index":"index","follow":"follow","max-snippet":"max-snippet:-1","max-image-preview":"max-image-preview:large","max-video-preview":"max-video-preview:-1"},"canonical":"https:\/\/www.martinwieland.at\/de\/versandarten\/","og_locale":"de_DE","og_type":"article","og_title":"Versandarten - Martin Wieland Photography","og_description":"Standardm\u00e4\u00dfig wird mit der \u00f6sterreichischen Post AG versendet. Sollten Sie eine andere Art von Versand w\u00fcnschen, schreiben Sie uns bitte ein mail und wir machen Ihnen ein Angebot. Bei Originalprints ab 70x100cm und Sperrgut erstellen wir Ihnen ein separates Angebot f\u00fcr den Versand. Gerahmte Originale werden immer in einer geeigneten Transportkiste versendet. Auch hier bekommen [&hellip;]","og_url":"https:\/\/www.martinwieland.at\/de\/versandarten\/","og_site_name":"Martin Wieland Photography","article_modified_time":"2021-12-10T08:20:29+00:00","twitter_card":"summary_large_image","twitter_misc":{"Gesch\u00e4tzte Lesezeit":"1\u00a0Minute"},"schema":{"@context":"https:\/\/schema.org","@graph":[{"@type":"WebPage","@id":"https:\/\/www.martinwieland.at\/versandarten\/","url":"https:\/\/www.martinwieland.at\/versandarten\/","name":"Versandarten - Martin Wieland Photography","isPartOf":{"@id":"https:\/\/www.martinwieland.at\/#website"},"datePublished":"2021-12-04T09:09:32+00:00","dateModified":"2021-12-10T08:20:29+00:00","breadcrumb":{"@id":"https:\/\/www.martinwieland.at\/versandarten\/#breadcrumb"},"inLanguage":"de","potentialAction":[{"@type":"ReadAction","target":["https:\/\/www.martinwieland.at\/versandarten\/"]}]},{"@type":"BreadcrumbList","@id":"https:\/\/www.martinwieland.at\/versandarten\/#breadcrumb","itemListElement":[{"@type":"ListItem","position":1,"name":"Startseite","item":"https:\/\/www.martinwieland.at\/"},{"@type":"ListItem","position":2,"name":"Versandarten"}]},{"@type":"WebSite","@id":"https:\/\/www.martinwieland.at\/#website","url":"https:\/\/www.martinwieland.at\/","name":"Martin Wieland Photography","description":"Martin Wieland Photography","potentialAction":[{"@type":"SearchAction","target":{"@type":"EntryPoint","urlTemplate":"https:\/\/www.martinwieland.at\/?s={search_term_string}"},"query-input":"required name=search_term_string"}],"inLanguage":"de"}]}},"_links":{"self":[{"href":"https:\/\/www.martinwieland.at\/de\/wp-json\/wp\/v2\/pages\/2525"}],"collection":[{"href":"https:\/\/www.martinwieland.at\/de\/wp-json\/wp\/v2\/pages"}],"about":[{"href":"https:\/\/www.martinwieland.at\/de\/wp-json\/wp\/v2\/types\/page"}],"author":[{"embeddable":true,"href":"https:\/\/www.martinwieland.at\/de\/wp-json\/wp\/v2\/users\/1"}],"replies":[{"embeddable":true,"href":"https:\/\/www.martinwieland.at\/de\/wp-json\/wp\/v2\/comments?post=2525"}],"version-history":[{"count":0,"href":"https:\/\/www.martinwieland.at\/de\/wp-json\/wp\/v2\/pages\/2525\/revisions"}],"wp:attachment":[{"href":"https:\/\/www.martinwieland.at\/de\/wp-json\/wp\/v2\/media?parent=2525"}],"curies":[{"name":"wp","href":"https:\/\/api.w.org\/{rel}","templated":true}]}}