{"id":3648,"date":"2022-02-03T14:53:24","date_gmt":"2022-02-03T13:53:24","guid":{"rendered":"https:\/\/www.martinwieland.at\/?page_id=3648"},"modified":"2022-06-29T07:57:19","modified_gmt":"2022-06-29T05:57:19","slug":"buycontent","status":"publish","type":"page","link":"https:\/\/www.martinwieland.at\/de\/buycontent\/","title":{"rendered":"Buy Content"},"content":{"rendered":"<p><section class=\"fw-main-row\" style=\"\">\n\t<div class=\"fw-container\">\n\t\t<div class=\"fw-row\">\n\t\t<div class=\"fw-col-xs-12\" style=\"\">\n\t\t\t\t\t\t\t\t\n\n<div class=\"heading-decor tac uppercase\"  style=''>\n\t\t<h2>Art Collector<\/h2>\n<\/div>\t\t\t\t\t\t<\/div>\n<\/div>\n\n\t<\/div>\n<\/section>\n<section class=\"fw-main-row\" style=\"\">\n\t<div class=\"fw-container-fluid disable-padding\">\n\t\t<div class=\"fw-row\">\n\t\t<div class=\"fw-col-xs-12\" style=\"\">\n\t\t\t\t\t\t\t\t<img decoding=\"async\" src=\"\/\/www.martinwieland.at\/wp-content\/uploads\/2021\/12\/3525_0186-1.jpg\" alt=\"\/\/www.martinwieland.at\/wp-content\/uploads\/2021\/12\/3525_0186-1.jpg\" width=\"3000\" \/>\t\t\t\t\t\t<\/div>\n<\/div>\n\n\t<\/div>\n<\/section>\n<section class=\"fw-main-row\" style=\"\">\n\t<div class=\"fw-container\">\n\t\t<div class=\"fw-row\">\n\t\t<div class=\"fw-col-xs-12\" style=\"\">\n\t\t\t\t\t\t\t\t\n\t<div class=\"fw-divider-space\" style=\"padding-top: 50px;\"><\/div>\n\t\t\t\t\t\t<\/div>\n<\/div>\n\n\t<\/div>\n<\/section>\n<section class=\"fw-main-row\" style=\"\">\n\t<div class=\"fw-container\">\n\t\t<div class=\"fw-row\">\n\t\t<div class=\"fw-col-xs-12 fw-col-sm-6\" style=\"\">\n\t\t\t\t\t\t\t\t\t<p>Du bist Sammler erotischer Kunst?<br \/>Eines der Bilder auf meiner Webseite hat dir besonders gut gefallen, aber du kannst es im Shop nicht finden?<br \/>Sende mir ganz einfach dieses Foto \u00fcber das untenstehende Kontaktformular und ich mache dir einen Kostenvoranschlag.<\/p><p>Bitte die Gr\u00f6\u00dfe nicht vergessen !<\/p><p>&nbsp;<\/p>\t\t\t\t\t\t<\/div>\n\t<div class=\"fw-col-xs-12 fw-col-sm-6\" style=\"background-color:#dbdbdb;\">\n\t\t\t\t\t\t\t\t\t<p>You are a collector of Original FineArt Nudes?<br \/>You liked one of my pics on my website, but couldn't find it in my shop?<br \/>Simply send me this photo via the contactform below and i will send you an estimate of cost.<\/p><p>Please don't forget to tell me in which size you would like to have the photo.<\/p><p>&nbsp;<\/p>\t\t\t\t\t\t<\/div>\n<\/div>\n\n\t<\/div>\n<\/section>\n<section class=\"fw-main-row\" style=\"\">\n\t<div class=\"fw-container\">\n\t\t<div class=\"fw-row\">\n\t\t<div class=\"fw-col-xs-12\" style=\"\">\n\t\t\t\t\t\t\t\t\t<p>\n<div class=\"wpcf7 no-js\" id=\"wpcf7-f2492-o1\" lang=\"de-DE\" dir=\"ltr\">\n<div class=\"screen-reader-response\"><p role=\"status\" aria-live=\"polite\" aria-atomic=\"true\"><\/p> <ul><\/ul><\/div>\n<form action=\"\/de\/wp-json\/wp\/v2\/pages\/3648#wpcf7-f2492-o1\" method=\"post\" class=\"wpcf7-form init\" aria-label=\"Kontaktformular\" enctype=\"multipart\/form-data\" novalidate=\"novalidate\" data-status=\"init\" data-trp-original-action=\"\/de\/wp-json\/wp\/v2\/pages\/3648#wpcf7-f2492-o1\">\n<div style=\"display: none;\">\n<input type=\"hidden\" name=\"_wpcf7\" value=\"2492\" \/>\n<input type=\"hidden\" name=\"_wpcf7_version\" value=\"5.9.8\" \/>\n<input type=\"hidden\" name=\"_wpcf7_locale\" value=\"de_DE\" \/>\n<input type=\"hidden\" name=\"_wpcf7_unit_tag\" value=\"wpcf7-f2492-o1\" \/>\n<input type=\"hidden\" name=\"_wpcf7_container_post\" value=\"0\" \/>\n<input type=\"hidden\" name=\"_wpcf7_posted_data_hash\" value=\"\" \/>\n<input type=\"hidden\" name=\"_wpcf7_recaptcha_response\" value=\"\" \/>\n<\/div>\n<div class=\"fw-row\">\n\t<div class=\"fw-col-xs-12 fw-col-sm-4\">\n\t\t<p><span class=\"wpcf7-form-control-wrap\" data-name=\"text-140\"><input size=\"40\" maxlength=\"400\" class=\"wpcf7-form-control wpcf7-text wpcf7-validates-as-required\" aria-required=\"true\" aria-invalid=\"false\" placeholder=\"Name\" value=\"\" type=\"text\" name=\"text-140\" \/><\/span>\n\t\t<\/p>\n\t<\/div>\n\t<div class=\"fw-col-xs-12 fw-col-sm-4\">\n\t\t<p><span class=\"wpcf7-form-control-wrap\" data-name=\"text-141\"><input size=\"40\" maxlength=\"400\" class=\"wpcf7-form-control wpcf7-text wpcf7-validates-as-required\" aria-required=\"true\" aria-invalid=\"false\" placeholder=\"Adress\/Adresse\" value=\"\" type=\"text\" name=\"text-141\" \/><\/span>\n\t\t<\/p>\n\t<\/div>\n\t<div class=\"fw-col-xs-12 fw-col-sm-4\">\n\t\t<p><span class=\"wpcf7-form-control-wrap\" data-name=\"text-142\"><input size=\"40\" maxlength=\"400\" class=\"wpcf7-form-control wpcf7-text wpcf7-validates-as-required\" aria-required=\"true\" aria-invalid=\"false\" placeholder=\"Zip Code\/PLZ\" value=\"\" type=\"text\" name=\"text-142\" \/><\/span>\n\t\t<\/p>\n\t<\/div>\n<\/div>\n<div class=\"fw-row\">\n\t<div class=\"fw-col-xs-12 fw-col-sm-4\">\n\t\t<p><span class=\"wpcf7-form-control-wrap\" data-name=\"text-143\"><input size=\"40\" maxlength=\"400\" class=\"wpcf7-form-control wpcf7-text wpcf7-validates-as-required\" aria-required=\"true\" aria-invalid=\"false\" placeholder=\"Country\/Land\" value=\"\" type=\"text\" name=\"text-143\" \/><\/span>\n\t\t<\/p>\n\t<\/div>\n\t<div class=\"fw-col-xs-12 fw-col-sm-4\">\n\t\t<p><span class=\"wpcf7-form-control-wrap\" data-name=\"email-816\"><input size=\"40\" maxlength=\"400\" class=\"wpcf7-form-control wpcf7-email wpcf7-validates-as-required wpcf7-text wpcf7-validates-as-email\" aria-required=\"true\" aria-invalid=\"false\" placeholder=\"E-Mail\" value=\"\" type=\"email\" name=\"email-816\" \/><\/span>\n\t\t<\/p>\n\t<\/div>\n\t<div class=\"fw-col-xs-12 fw-col-sm-4\">\n\t\t<p><span class=\"wpcf7-form-control-wrap\" data-name=\"text-144\"><input size=\"40\" maxlength=\"400\" class=\"wpcf7-form-control wpcf7-text wpcf7-validates-as-required\" aria-required=\"true\" aria-invalid=\"false\" placeholder=\"Subject\/Betreff\" value=\"\" type=\"text\" name=\"text-144\" \/><\/span>\n\t\t<\/p>\n\t<\/div>\n<\/div>\n<div>\n\t<div>\n\t\t<p><span class=\"wpcf7-form-control-wrap\" data-name=\"textarea-527\"><textarea cols=\"40\" rows=\"10\" maxlength=\"2000\" class=\"wpcf7-form-control wpcf7-textarea wpcf7-validates-as-required style1\" aria-required=\"true\" aria-invalid=\"false\" placeholder=\"Message\/Nachricht...\" name=\"textarea-527\"><\/textarea><\/span>\n\t\t<\/p>\n\t<\/div>\n<\/div>\n<p><span class=\"wpcf7-form-control-wrap\" data-name=\"file-706\"><input size=\"40\" class=\"wpcf7-form-control wpcf7-file\" accept=\".pdf,.gif,.jpg,.png\" aria-invalid=\"false\" type=\"file\" name=\"file-706\" \/><\/span>\n<\/p>\n<p><span class=\"wpcf7-form-control-wrap\" data-name=\"acceptance-379\"><span class=\"wpcf7-form-control wpcf7-acceptance\"><span class=\"wpcf7-list-item\"><label><input type=\"checkbox\" name=\"acceptance-379\" value=\"1\" aria-invalid=\"false\" \/><span class=\"wpcf7-list-item-label\">Hiermit akzeptiere ich die <a href=\"https:\/\/www.martinwieland.at\/de\/datenschutzerklaerung\/\">Datenschutzbestimmungen<\/a> \/ I have read and accept the <a href=\"https:\/\/www.martinwieland.at\/de\/datenschutzerklaerung\/\">privacy policy<\/a><\/span><\/label><\/span><\/span><\/span>\n<\/p>\n<p><input class=\"wpcf7-form-control wpcf7-submit has-spinner\" type=\"submit\" value=\"Send\" \/>\n<\/p><div class=\"wpcf7-response-output\" aria-hidden=\"true\"><\/div>\n<input type=\"hidden\" name=\"trp-form-language\" value=\"de\"\/><\/form>\n<\/div>\n<\/p>\t\t\t\t\t\t<\/div>\n<\/div>\n\n<div class=\"fw-row\">\n\t\t<div class=\"fw-col-xs-12\" style=\"\">\n\t\t\t\t\t\t\t\t\t\t\t\t\t\t<\/div>\n<\/div>\n\n\t<\/div>\n<\/section>\n<\/p>","protected":false},"excerpt":{"rendered":"<p>Art Collector Du bist Sammler erotischer Kunst?Eines der Bilder auf meiner Webseite hat dir besonders gut gefallen, aber du kannst es im Shop nicht finden?Sende mir ganz einfach dieses Foto \u00fcber das untenstehende Kontaktformular und ich mache dir einen Kostenvoranschlag.Bitte die Gr\u00f6\u00dfe nicht vergessen !&nbsp; You are a collector of Original FineArt Nudes?You liked one [&hellip;]<\/p>","protected":false},"author":1,"featured_media":0,"parent":0,"menu_order":0,"comment_status":"closed","ping_status":"closed","template":"template-landing.php","meta":{"_acf_changed":false,"footnotes":""},"acf":[],"yoast_head":"<!-- This site is optimized with the Yoast SEO plugin v23.2 - https:\/\/yoast.com\/wordpress\/plugins\/seo\/ -->\n<title>Buy Content - Martin Wieland Photography<\/title>\n<meta name=\"robots\" content=\"index, follow, max-snippet:-1, max-image-preview:large, max-video-preview:-1\" \/>\n<link rel=\"canonical\" href=\"https:\/\/www.martinwieland.at\/de\/buycontent\/\" \/>\n<meta property=\"og:locale\" content=\"de_DE\" \/>\n<meta property=\"og:type\" content=\"article\" \/>\n<meta property=\"og:title\" content=\"Buy Content - Martin Wieland Photography\" \/>\n<meta property=\"og:description\" content=\"Art Collector Du bist Sammler erotischer Kunst?Eines der Bilder auf meiner Webseite hat dir besonders gut gefallen, aber du kannst es im Shop nicht finden?Sende mir ganz einfach dieses Foto \u00fcber das untenstehende Kontaktformular und ich mache dir einen Kostenvoranschlag.Bitte die Gr\u00f6\u00dfe nicht vergessen !&nbsp; You are a collector of Original FineArt Nudes?You liked one [&hellip;]\" \/>\n<meta property=\"og:url\" content=\"https:\/\/www.martinwieland.at\/de\/buycontent\/\" \/>\n<meta property=\"og:site_name\" content=\"Martin Wieland Photography\" \/>\n<meta property=\"article:modified_time\" content=\"2022-06-29T05:57:19+00:00\" \/>\n<meta name=\"twitter:card\" content=\"summary_large_image\" \/>\n<meta name=\"twitter:label1\" content=\"Gesch\u00e4tzte Lesezeit\" \/>\n\t<meta name=\"twitter:data1\" content=\"1\u00a0Minute\" \/>\n<script type=\"application\/ld+json\" class=\"yoast-schema-graph\">{\"@context\":\"https:\/\/schema.org\",\"@graph\":[{\"@type\":\"WebPage\",\"@id\":\"https:\/\/www.martinwieland.at\/buycontent\/\",\"url\":\"https:\/\/www.martinwieland.at\/buycontent\/\",\"name\":\"Buy Content - Martin Wieland Photography\",\"isPartOf\":{\"@id\":\"https:\/\/www.martinwieland.at\/#website\"},\"datePublished\":\"2022-02-03T13:53:24+00:00\",\"dateModified\":\"2022-06-29T05:57:19+00:00\",\"breadcrumb\":{\"@id\":\"https:\/\/www.martinwieland.at\/buycontent\/#breadcrumb\"},\"inLanguage\":\"de\",\"potentialAction\":[{\"@type\":\"ReadAction\",\"target\":[\"https:\/\/www.martinwieland.at\/buycontent\/\"]}]},{\"@type\":\"BreadcrumbList\",\"@id\":\"https:\/\/www.martinwieland.at\/buycontent\/#breadcrumb\",\"itemListElement\":[{\"@type\":\"ListItem\",\"position\":1,\"name\":\"Startseite\",\"item\":\"https:\/\/www.martinwieland.at\/\"},{\"@type\":\"ListItem\",\"position\":2,\"name\":\"Buy Content\"}]},{\"@type\":\"WebSite\",\"@id\":\"https:\/\/www.martinwieland.at\/#website\",\"url\":\"https:\/\/www.martinwieland.at\/\",\"name\":\"Martin Wieland Photography\",\"description\":\"Martin Wieland Photography\",\"potentialAction\":[{\"@type\":\"SearchAction\",\"target\":{\"@type\":\"EntryPoint\",\"urlTemplate\":\"https:\/\/www.martinwieland.at\/?s={search_term_string}\"},\"query-input\":\"required name=search_term_string\"}],\"inLanguage\":\"de\"}]}<\/script>\n<!-- \/ Yoast SEO plugin. -->","yoast_head_json":{"title":"Buy Content - Martin Wieland Photography","robots":{"index":"index","follow":"follow","max-snippet":"max-snippet:-1","max-image-preview":"max-image-preview:large","max-video-preview":"max-video-preview:-1"},"canonical":"https:\/\/www.martinwieland.at\/de\/buycontent\/","og_locale":"de_DE","og_type":"article","og_title":"Buy Content - Martin Wieland Photography","og_description":"Art Collector Du bist Sammler erotischer Kunst?Eines der Bilder auf meiner Webseite hat dir besonders gut gefallen, aber du kannst es im Shop nicht finden?Sende mir ganz einfach dieses Foto \u00fcber das untenstehende Kontaktformular und ich mache dir einen Kostenvoranschlag.Bitte die Gr\u00f6\u00dfe nicht vergessen !&nbsp; You are a collector of Original FineArt Nudes?You liked one [&hellip;]","og_url":"https:\/\/www.martinwieland.at\/de\/buycontent\/","og_site_name":"Martin Wieland Photography","article_modified_time":"2022-06-29T05:57:19+00:00","twitter_card":"summary_large_image","twitter_misc":{"Gesch\u00e4tzte Lesezeit":"1\u00a0Minute"},"schema":{"@context":"https:\/\/schema.org","@graph":[{"@type":"WebPage","@id":"https:\/\/www.martinwieland.at\/buycontent\/","url":"https:\/\/www.martinwieland.at\/buycontent\/","name":"Buy Content - Martin Wieland Photography","isPartOf":{"@id":"https:\/\/www.martinwieland.at\/#website"},"datePublished":"2022-02-03T13:53:24+00:00","dateModified":"2022-06-29T05:57:19+00:00","breadcrumb":{"@id":"https:\/\/www.martinwieland.at\/buycontent\/#breadcrumb"},"inLanguage":"de","potentialAction":[{"@type":"ReadAction","target":["https:\/\/www.martinwieland.at\/buycontent\/"]}]},{"@type":"BreadcrumbList","@id":"https:\/\/www.martinwieland.at\/buycontent\/#breadcrumb","itemListElement":[{"@type":"ListItem","position":1,"name":"Startseite","item":"https:\/\/www.martinwieland.at\/"},{"@type":"ListItem","position":2,"name":"Buy Content"}]},{"@type":"WebSite","@id":"https:\/\/www.martinwieland.at\/#website","url":"https:\/\/www.martinwieland.at\/","name":"Martin Wieland Photography","description":"Martin Wieland Photography","potentialAction":[{"@type":"SearchAction","target":{"@type":"EntryPoint","urlTemplate":"https:\/\/www.martinwieland.at\/?s={search_term_string}"},"query-input":"required name=search_term_string"}],"inLanguage":"de"}]}},"_links":{"self":[{"href":"https:\/\/www.martinwieland.at\/de\/wp-json\/wp\/v2\/pages\/3648"}],"collection":[{"href":"https:\/\/www.martinwieland.at\/de\/wp-json\/wp\/v2\/pages"}],"about":[{"href":"https:\/\/www.martinwieland.at\/de\/wp-json\/wp\/v2\/types\/page"}],"author":[{"embeddable":true,"href":"https:\/\/www.martinwieland.at\/de\/wp-json\/wp\/v2\/users\/1"}],"replies":[{"embeddable":true,"href":"https:\/\/www.martinwieland.at\/de\/wp-json\/wp\/v2\/comments?post=3648"}],"version-history":[{"count":0,"href":"https:\/\/www.martinwieland.at\/de\/wp-json\/wp\/v2\/pages\/3648\/revisions"}],"wp:attachment":[{"href":"https:\/\/www.martinwieland.at\/de\/wp-json\/wp\/v2\/media?parent=3648"}],"curies":[{"name":"wp","href":"https:\/\/api.w.org\/{rel}","templated":true}]}}