{"id":627,"date":"2017-01-12T08:05:44","date_gmt":"2017-01-12T08:05:44","guid":{"rendered":"https:\/\/komplettneu.martinwieland.at\/?page_id=627"},"modified":"2021-12-13T10:45:50","modified_gmt":"2021-12-13T09:45:50","slug":"about","status":"publish","type":"page","link":"https:\/\/www.martinwieland.at\/de\/about\/","title":{"rendered":"About me"},"content":{"rendered":"<p><section class=\"fw-main-row\" style=\"\">\n\t<div class=\"fw-container-fluid disable-padding\">\n\t\t<div class=\"fw-row\">\n\t\t<div class=\"fw-col-xs-12\" style=\"\">\n\t\t\t\t\t\t\t\t\n\n<!-- Banner block -->\n<div class=\"banner-block banner-block-69d77759de608 fw-main-row\">\n\t\t<div class=\"item tac\" style=\"background-image: url(\/\/www.martinwieland.at\/wp-content\/uploads\/2021\/12\/3517_1079-3.jpg);height:500px;\">\n\t\t\t\t<div class=\"centered-container fw-container\">\n\t\t\t<div class=\"h2\">WORK WITH ME<\/div>\n\t\t\t\t\t<\/div>\n\t<\/div>\n\t<\/div>\n<!-- END Banner block -->\t\t\t\t\t\t<\/div>\n<\/div>\n\n\t<\/div>\n<\/section>\n<section class=\"fw-main-row\" style=\"padding-top:25px;padding-bottom:25px;&quot;\">\n\t<div class=\"fw-container-fluid\">\n\t\t<div class=\"fw-row\">\n\t\t\n\t<!-- Side image -->\n\t<div class=\"col-img fw-col-xs-12 fw-col-sm-6\" style=\"background-image: url(https:\/\/www.martinwieland.at\/wp-content\/uploads\/2021\/05\/mw.jpg);\">\n\t\t<div style=\"background-image: url(\/\/www.martinwieland.at\/wp-content\/uploads\/2021\/05\/mw.jpg);\" ><img loading=\"lazy\" decoding=\"async\" width=\"1842\" height=\"1048\" src=\"https:\/\/www.martinwieland.at\/wp-content\/uploads\/2021\/05\/mw.jpg\" class=\"attachment- size-\" alt=\"Martin Wieland\" srcset=\"https:\/\/www.martinwieland.at\/wp-content\/uploads\/2021\/05\/mw.jpg 1842w, https:\/\/www.martinwieland.at\/wp-content\/uploads\/2021\/05\/mw-300x171@2x.jpg 600w, https:\/\/www.martinwieland.at\/wp-content\/uploads\/2021\/05\/mw-300x171.jpg 300w, https:\/\/www.martinwieland.at\/wp-content\/uploads\/2021\/05\/mw-1024x583.jpg 1024w, https:\/\/www.martinwieland.at\/wp-content\/uploads\/2021\/05\/mw-1536x874.jpg 1536w, https:\/\/www.martinwieland.at\/wp-content\/uploads\/2021\/05\/mw-24x14.jpg 24w, https:\/\/www.martinwieland.at\/wp-content\/uploads\/2021\/05\/mw-36x20.jpg 36w, https:\/\/www.martinwieland.at\/wp-content\/uploads\/2021\/05\/mw-48x27.jpg 48w\" sizes=\"(max-width: 1842px) 100vw, 1842px\" \/><\/div>\n\t<\/div>\n\t<!-- END Side image -->\n\t<div class=\"fw-col-xs-12 fw-col-sm-6\" style=\"\">\n\t\t\t\t\t\t\t\t\n\n<div class=\"heading-decor tac uppercase\"  style=''>\n\t\t<h5>a few words<\/h5>\n\t\t<h2>about me<\/h2>\n<\/div><div class=\"p-text\">\n\t<div class=\"row\"><div class=\"col-lg-12\"><p>Born in 1970, studied at the Graphic Arts in Vienna. At the age of 14 he decided to follow in his fathers footsteps to become a professional photographer as well.<\/p><p>Since 1997 specialized in nude and erotic photography. His strength lies in the communication with the model, thus he encourages them to achieve maximum performance with maximum efficiency and getting the optimum results.<br \/>The atmosphere during the shoot is reflected in his pictures.<br \/>Photographs of him have already been published in several magazines worldwide.<\/p><p>He is also known as the editor and photographer of the \u201eBlack &amp; White\u201c calendar, a sellout every year and a popular collectors item since 2000.<\/p><p>Feel free to contact me at any time &gt;\u00a0<a href=\"mailto:mw@martinwieland.at\">mw@martinwieland.at<\/a><\/p><p>\u23bb\u23bb\u23bb\u23bb\u23bb\u23bb\u23bb\u23bb\u23bb<\/p><p>Geboren 1970. Abschlu\u00df an der H\u00f6heren Graphischen Lehr- und Versuchsanstalt in Wien. Mit 14 beschlossen in die Fussstapfen des Vaters zu treten und auch ein professioneller Fotograf zu werden.<\/p><p>Seit 1997 ist er spezialisiert auf Akt- und Erotikfotografie. Seine St\u00e4rke liegt in der Kommunikation mit dem Model, dadurch kann er die Models zu H\u00f6chstleistungen anspornen und erzielt damit die optimalen Ergebnisse. Die Atmosph\u00e4re w\u00e4hrend dem Shoot reflektiert sich in seinen Arbeiten.<\/p><p>Seine Aufnahmen wurden bereits in vielen Magazinen weltweit ver\u00f6ffentlicht.<\/p><p>Er ist auch bekannt als Herausgeber des \"Black &amp; White\" Kalenders und des \"All in Color\" Kalenders. Beide sind mittlerweile zu begehrten Sammlerst\u00fccken avanciert.<\/p><p>Bisher zwei erschienene Bildb\u00e4nde runden sein Portfolio ab.<\/p><p>Kontakt unter:\u00a0<a href=\"mailto:mw@martinwieland.at\">mw@martinwieland.at<\/a><\/p><\/div><\/div><\/div>\n\t\t\t\t\t\t<\/div>\n<\/div>\n\n\t<\/div>\n<\/section>\n<section class=\"fw-main-row\" style=\"background-color:#2c2c2c;padding-top:25px;padding-bottom:25px;&quot;\">\n\t<div class=\"fw-container-fluid dark-bg\">\n\t\t<div class=\"fw-row\">\n\t\t<div class=\"fw-col-xs-12\" style=\"\">\n\t\t\t\t\t\t\t\t\t\t\t<!-- Icon box item -->\n\t<div class=\"icon-box2 fw-col-xs-12 fw-col-sm-6 fw-col-md-3\">\n\t\t<div class=\"icon\"><i class=\"icon2-heart\"><\/i><\/div>\n\t\t<div class=\"num animateNumber\" data-num=\"25\">25<\/div>\n\t\t<div class=\"text\"><div class=\"cell\">Produced Calendars<\/div><\/div>\n\t<\/div>\n\t<!-- END Icon box item -->\n\t\t<!-- Icon box item -->\n\t<div class=\"icon-box2 fw-col-xs-12 fw-col-sm-6 fw-col-md-3\">\n\t\t<div class=\"icon\"><i class=\"icon2-idea\"><\/i><\/div>\n\t\t<div class=\"num animateNumber\" data-num=\"2\">2<\/div>\n\t\t<div class=\"text\"><div class=\"cell\">PUBLISHED BOOKS<\/div><\/div>\n\t<\/div>\n\t<!-- END Icon box item -->\n\t\t<!-- Icon box item -->\n\t<div class=\"icon-box2 fw-col-xs-12 fw-col-sm-6 fw-col-md-3\">\n\t\t<div class=\"icon\"><i class=\"\"><\/i><\/div>\n\t\t<div class=\"num animateNumber\" data-num=\"247\">247<\/div>\n\t\t<div class=\"text\"><div class=\"cell\">Models photographed<\/div><\/div>\n\t<\/div>\n\t<!-- END Icon box item -->\n\t\t\t\t\t\t\t<\/div>\n<\/div>\n\n\t<\/div>\n<\/section>\n<section class=\"fw-main-row\" style=\"\">\n\t<div class=\"fw-container-fluid\">\n\t\t<div class=\"fw-row\">\n\t\t<div class=\"fw-col-xs-12\" style=\"\">\n\t\t\t\t\t\t\t\t\n\n<div class=\"heading-decor tac uppercase\"  style=''>\n\t\t<h5>see my<\/h5>\n\t\t<h2>latest news<\/h2>\n<\/div>\t<div class=\"load-items-047b14530c24600645292ee0780d5ed5 post-items fw-row\">\n\t<div class=\"grid-sizer\"><\/div>\n\t\t\t\t\t\t\t<div class=\"fw-col-xs-12 fw-col-sm-6 fw-col-md-3 blog post\">\n\t\t\t\t\t<!-- Blog item -->\n\t\t\t\t\t<article class=\"blog-item\">\n\t\t\t\t\t\t\t\t\t\t\t\t<div class=\"image\">\n\t\t\t\t\t\t\t\t\t\t\t\t\t\t<div class=\"category\">category: blog<\/div>\n\t\t\t\t\t\t\t\t\t\t\t\t\t\t<a href=\"https:\/\/www.martinwieland.at\/de\/the-fusion-of-photography-and-art\/\" class=\"imagefill\"><img loading=\"lazy\" decoding=\"async\" width=\"1535\" height=\"2149\" src=\"https:\/\/www.martinwieland.at\/wp-content\/uploads\/2024\/07\/Coming-Home-in-Chrome.jpg\" class=\"attachment- size-\" alt=\"The Fusion of Photography and Art\" srcset=\"https:\/\/www.martinwieland.at\/wp-content\/uploads\/2024\/07\/Coming-Home-in-Chrome.jpg 1535w, https:\/\/www.martinwieland.at\/wp-content\/uploads\/2024\/07\/Coming-Home-in-Chrome-214x300.jpg 214w, https:\/\/www.martinwieland.at\/wp-content\/uploads\/2024\/07\/Coming-Home-in-Chrome-731x1024.jpg 731w, https:\/\/www.martinwieland.at\/wp-content\/uploads\/2024\/07\/Coming-Home-in-Chrome-1097x1536.jpg 1097w, https:\/\/www.martinwieland.at\/wp-content\/uploads\/2024\/07\/Coming-Home-in-Chrome-1463x2048.jpg 1463w, https:\/\/www.martinwieland.at\/wp-content\/uploads\/2024\/07\/Coming-Home-in-Chrome-9x12.jpg 9w, https:\/\/www.martinwieland.at\/wp-content\/uploads\/2024\/07\/Coming-Home-in-Chrome-600x840.jpg 600w, https:\/\/www.martinwieland.at\/wp-content\/uploads\/2024\/07\/Coming-Home-in-Chrome-17x24.jpg 17w, https:\/\/www.martinwieland.at\/wp-content\/uploads\/2024\/07\/Coming-Home-in-Chrome-26x36.jpg 26w, https:\/\/www.martinwieland.at\/wp-content\/uploads\/2024\/07\/Coming-Home-in-Chrome-34x48.jpg 34w, https:\/\/www.martinwieland.at\/wp-content\/uploads\/2024\/07\/Coming-Home-in-Chrome-214x300@2x.jpg 428w, https:\/\/www.martinwieland.at\/wp-content\/uploads\/2024\/07\/Coming-Home-in-Chrome-731x1024@2x.jpg 1462w\" sizes=\"(max-width: 1535px) 100vw, 1535px\" \/><\/a>\n\t\t\t\t\t\t<\/div>\n\t\t\t\t\t\t\t\t\t\t\t\t<div class=\"wrap\">\n\t\t\t\t\t\t\t<div class=\"post-details\">\n\t\t\t\t\t\t\t\t<span class=\"item\"><i class=\"icon-calendar-2\"><\/i><span>Sep. 14 2024<\/span><\/span>\n\t\t\t\t\t\t\t\t\t\t\t\t\t\t\t<\/div>\n\t\t\t\t\t\t\t<h4><a href=\"https:\/\/www.martinwieland.at\/de\/the-fusion-of-photography-and-art\/\">The Fusion of Photography and Art<\/a><\/h4>\n\t\t\t\t\t\t\t<div class=\"author-link\">Posted by <a href=\"https:\/\/www.martinwieland.at\/de\/author\/martin-wieland\/\" title=\"Beitr\u00e4ge von Martin Wieland\" rel=\"author\">Martin Wieland<\/a><\/div>\n\t\t\t\t\t\t\t<p>\n\t\n\t\t\n\t\t\n\t\t\t\t\t\t\t\t\t\t\t\t\t\t\n\n\n\n\t\t\n\t\t\t\t\t\t\t\t\tThe Fusion of Photography and ArtThe &quot;Modern Madonnas&quot; art project is the result of a creative collaboration between myself and my Art Director, Dietmar Halbauer. In this project, we have...<\/p>\n\t\t\t\t\t\t<\/div>\n\t\t\t\t\t\t<div class=\"bottom\">\n\t\t\t\t\t\t\t<div class=\"fl\">\n\t\t\t\t\t\t\t\t<a href=\"https:\/\/www.martinwieland.at\/de\/the-fusion-of-photography-and-art\/#comments\"><i class=\"icon-speech-bubble\"><\/i><span>0 Comments<\/span><\/a>\n\t\t\t\t\t\t\t<\/div>\n\t\t\t\t\t\t\t<div class=\"fr\">\n\t\t\t\t\t\t\t\t<a href=\"#\" class=\"zilla-likes\" id=\"zilla-likes-13286\" title=\"Like this\"><i class=\"icon-heart-outline\"><\/i><span>0<\/span><\/a>\t\t\t\t\t\t\t<\/div>\n\t\t\t\t\t\t<\/div>\n\t\t\t\t\t<\/article>\n\t\t\t\t\t<!-- END Blog item -->\n\t\t\t\t<\/div>\n\t\t\t\t\t\t\t\t\t<div class=\"fw-col-xs-12 fw-col-sm-6 fw-col-md-3 blog post\">\n\t\t\t\t\t<!-- Blog item -->\n\t\t\t\t\t<article class=\"blog-item\">\n\t\t\t\t\t\t\t\t\t\t\t\t<div class=\"image\">\n\t\t\t\t\t\t\t\t\t\t\t\t\t\t<div class=\"category\">category: blog<\/div>\n\t\t\t\t\t\t\t\t\t\t\t\t\t\t<a href=\"https:\/\/www.martinwieland.at\/de\/the-magic-of-printed-photos-more-than-just-pictures\/\" class=\"imagefill\"><img loading=\"lazy\" decoding=\"async\" width=\"2126\" height=\"1535\" src=\"https:\/\/www.martinwieland.at\/wp-content\/uploads\/2023\/03\/3706_0830.jpg\" class=\"attachment- size-\" alt=\"The Magic of Printed Photos \u2013 More Than Just Pictures\" srcset=\"https:\/\/www.martinwieland.at\/wp-content\/uploads\/2023\/03\/3706_0830.jpg 2126w, https:\/\/www.martinwieland.at\/wp-content\/uploads\/2023\/03\/3706_0830-300x217.jpg 300w, https:\/\/www.martinwieland.at\/wp-content\/uploads\/2023\/03\/3706_0830-1024x739.jpg 1024w, https:\/\/www.martinwieland.at\/wp-content\/uploads\/2023\/03\/3706_0830-1536x1109.jpg 1536w, https:\/\/www.martinwieland.at\/wp-content\/uploads\/2023\/03\/3706_0830-2048x1479.jpg 2048w, https:\/\/www.martinwieland.at\/wp-content\/uploads\/2023\/03\/3706_0830-18x12.jpg 18w, https:\/\/www.martinwieland.at\/wp-content\/uploads\/2023\/03\/3706_0830-600x433.jpg 600w, https:\/\/www.martinwieland.at\/wp-content\/uploads\/2023\/03\/3706_0830-24x17.jpg 24w, https:\/\/www.martinwieland.at\/wp-content\/uploads\/2023\/03\/3706_0830-36x26.jpg 36w, https:\/\/www.martinwieland.at\/wp-content\/uploads\/2023\/03\/3706_0830-48x35.jpg 48w\" sizes=\"(max-width: 2126px) 100vw, 2126px\" \/><\/a>\n\t\t\t\t\t\t<\/div>\n\t\t\t\t\t\t\t\t\t\t\t\t<div class=\"wrap\">\n\t\t\t\t\t\t\t<div class=\"post-details\">\n\t\t\t\t\t\t\t\t<span class=\"item\"><i class=\"icon-calendar-2\"><\/i><span>Aug. 14 2024<\/span><\/span>\n\t\t\t\t\t\t\t\t\t\t\t\t\t\t\t<\/div>\n\t\t\t\t\t\t\t<h4><a href=\"https:\/\/www.martinwieland.at\/de\/the-magic-of-printed-photos-more-than-just-pictures\/\">The Magic of Printed Photos \u2013 More Than Just Pictures<\/a><\/h4>\n\t\t\t\t\t\t\t<div class=\"author-link\">Posted by <a href=\"https:\/\/www.martinwieland.at\/de\/author\/martin-wieland\/\" title=\"Beitr\u00e4ge von Martin Wieland\" rel=\"author\">Martin Wieland<\/a><\/div>\n\t\t\t\t\t\t\t<p>\n\t\n\t\t\n\t\t\n\t\t\t\t\t\t\t\t\t\t\t\t\t\t\n\n\n\n\t\t\n\t\t\t\t\t\t\t\t\tFrom Digital to Display \u2013 The Enduring Appeal of Printed Photography.In a time when almost everyone has a camera in their pocket, you might think printed photos are becoming obsolete....<\/p>\n\t\t\t\t\t\t<\/div>\n\t\t\t\t\t\t<div class=\"bottom\">\n\t\t\t\t\t\t\t<div class=\"fl\">\n\t\t\t\t\t\t\t\t<a href=\"https:\/\/www.martinwieland.at\/de\/the-magic-of-printed-photos-more-than-just-pictures\/#comments\"><i class=\"icon-speech-bubble\"><\/i><span>0 Comments<\/span><\/a>\n\t\t\t\t\t\t\t<\/div>\n\t\t\t\t\t\t\t<div class=\"fr\">\n\t\t\t\t\t\t\t\t<a href=\"#\" class=\"zilla-likes\" id=\"zilla-likes-13281\" title=\"Like this\"><i class=\"icon-heart-outline\"><\/i><span>0<\/span><\/a>\t\t\t\t\t\t\t<\/div>\n\t\t\t\t\t\t<\/div>\n\t\t\t\t\t<\/article>\n\t\t\t\t\t<!-- END Blog item -->\n\t\t\t\t<\/div>\n\t\t\t\t\t\t\t\t\t<div class=\"fw-col-xs-12 fw-col-sm-6 fw-col-md-3 blog post\">\n\t\t\t\t\t<!-- Blog item -->\n\t\t\t\t\t<article class=\"blog-item\">\n\t\t\t\t\t\t\t\t\t\t\t\t<div class=\"image\">\n\t\t\t\t\t\t\t\t\t\t\t\t\t\t<div class=\"category\">category: blog<\/div>\n\t\t\t\t\t\t\t\t\t\t\t\t\t\t<a href=\"https:\/\/www.martinwieland.at\/de\/vibrant-colors-vs-timeless-elegance\/\" class=\"imagefill\"><img loading=\"lazy\" decoding=\"async\" width=\"2560\" height=\"1883\" src=\"https:\/\/www.martinwieland.at\/wp-content\/uploads\/2023\/06\/3565_0967-scaled.jpg\" class=\"attachment- size-\" alt=\"Vibrant Colors vs. Timeless Elegance\" srcset=\"https:\/\/www.martinwieland.at\/wp-content\/uploads\/2023\/06\/3565_0967-scaled.jpg 2560w, https:\/\/www.martinwieland.at\/wp-content\/uploads\/2023\/06\/3565_0967-300x221.jpg 300w, https:\/\/www.martinwieland.at\/wp-content\/uploads\/2023\/06\/3565_0967-1024x753.jpg 1024w, https:\/\/www.martinwieland.at\/wp-content\/uploads\/2023\/06\/3565_0967-1536x1130.jpg 1536w, https:\/\/www.martinwieland.at\/wp-content\/uploads\/2023\/06\/3565_0967-2048x1506.jpg 2048w, https:\/\/www.martinwieland.at\/wp-content\/uploads\/2023\/06\/3565_0967-16x12.jpg 16w, https:\/\/www.martinwieland.at\/wp-content\/uploads\/2023\/06\/3565_0967-600x441.jpg 600w, https:\/\/www.martinwieland.at\/wp-content\/uploads\/2023\/06\/3565_0967-24x18.jpg 24w, https:\/\/www.martinwieland.at\/wp-content\/uploads\/2023\/06\/3565_0967-36x26.jpg 36w, https:\/\/www.martinwieland.at\/wp-content\/uploads\/2023\/06\/3565_0967-48x35.jpg 48w\" sizes=\"(max-width: 2560px) 100vw, 2560px\" \/><\/a>\n\t\t\t\t\t\t<\/div>\n\t\t\t\t\t\t\t\t\t\t\t\t<div class=\"wrap\">\n\t\t\t\t\t\t\t<div class=\"post-details\">\n\t\t\t\t\t\t\t\t<span class=\"item\"><i class=\"icon-calendar-2\"><\/i><span>Juli 03 2023<\/span><\/span>\n\t\t\t\t\t\t\t\t\t\t\t\t\t\t\t<\/div>\n\t\t\t\t\t\t\t<h4><a href=\"https:\/\/www.martinwieland.at\/de\/vibrant-colors-vs-timeless-elegance\/\">Vibrant Colors vs. Timeless Elegance<\/a><\/h4>\n\t\t\t\t\t\t\t<div class=\"author-link\">Posted by <a href=\"https:\/\/www.martinwieland.at\/de\/author\/martin-wieland\/\" title=\"Beitr\u00e4ge von Martin Wieland\" rel=\"author\">Martin Wieland<\/a><\/div>\n\t\t\t\t\t\t\t<p>\n\t\n\t\t\n\t\t\n\t\t\t\t\t\t\t\t\t\t\t\t\t\t\n\n\n\n\t\t\n\t\t\t\t\t\t\t\t\tA Matter of Faith: Color or Black and White in Nude PhotographyThe question of whether nude photos should be captured in color or black and white has long intrigued photographers. Both...<\/p>\n\t\t\t\t\t\t<\/div>\n\t\t\t\t\t\t<div class=\"bottom\">\n\t\t\t\t\t\t\t<div class=\"fl\">\n\t\t\t\t\t\t\t\t<a href=\"https:\/\/www.martinwieland.at\/de\/vibrant-colors-vs-timeless-elegance\/#comments\"><i class=\"icon-speech-bubble\"><\/i><span>0 Comments<\/span><\/a>\n\t\t\t\t\t\t\t<\/div>\n\t\t\t\t\t\t\t<div class=\"fr\">\n\t\t\t\t\t\t\t\t<a href=\"#\" class=\"zilla-likes\" id=\"zilla-likes-9635\" title=\"Like this\"><i class=\"icon-heart-outline\"><\/i><span>0<\/span><\/a>\t\t\t\t\t\t\t<\/div>\n\t\t\t\t\t\t<\/div>\n\t\t\t\t\t<\/article>\n\t\t\t\t\t<!-- END Blog item -->\n\t\t\t\t<\/div>\n\t\t\t\t\t\t\t\t\t<div class=\"fw-col-xs-12 fw-col-sm-6 fw-col-md-3 blog post\">\n\t\t\t\t\t<!-- Blog item -->\n\t\t\t\t\t<article class=\"blog-item\">\n\t\t\t\t\t\t\t\t\t\t\t\t<div class=\"image\">\n\t\t\t\t\t\t\t\t\t\t\t\t\t\t<div class=\"category\">category: blog<\/div>\n\t\t\t\t\t\t\t\t\t\t\t\t\t\t<a href=\"https:\/\/www.martinwieland.at\/de\/shop-updates\/\" class=\"imagefill\"><img loading=\"lazy\" decoding=\"async\" width=\"1535\" height=\"1535\" src=\"https:\/\/www.martinwieland.at\/wp-content\/uploads\/2023\/05\/Timeless-ConnectionTitel.jpg\" class=\"attachment- size-\" alt=\"Online Shop - Updates and Improvements\" srcset=\"https:\/\/www.martinwieland.at\/wp-content\/uploads\/2023\/05\/Timeless-ConnectionTitel.jpg 1535w, https:\/\/www.martinwieland.at\/wp-content\/uploads\/2023\/05\/Timeless-ConnectionTitel-150x150@2x.jpg 300w, https:\/\/www.martinwieland.at\/wp-content\/uploads\/2023\/05\/Timeless-ConnectionTitel-1024x1024.jpg 1024w, https:\/\/www.martinwieland.at\/wp-content\/uploads\/2023\/05\/Timeless-ConnectionTitel-150x150.jpg 150w, https:\/\/www.martinwieland.at\/wp-content\/uploads\/2023\/05\/Timeless-ConnectionTitel-12x12.jpg 12w, https:\/\/www.martinwieland.at\/wp-content\/uploads\/2023\/05\/Timeless-ConnectionTitel-600x600.jpg 600w, https:\/\/www.martinwieland.at\/wp-content\/uploads\/2023\/05\/Timeless-ConnectionTitel-100x100.jpg 100w, https:\/\/www.martinwieland.at\/wp-content\/uploads\/2023\/05\/Timeless-ConnectionTitel-24x24.jpg 24w, https:\/\/www.martinwieland.at\/wp-content\/uploads\/2023\/05\/Timeless-ConnectionTitel-36x36.jpg 36w, https:\/\/www.martinwieland.at\/wp-content\/uploads\/2023\/05\/Timeless-ConnectionTitel-48x48.jpg 48w\" sizes=\"(max-width: 1535px) 100vw, 1535px\" \/><\/a>\n\t\t\t\t\t\t<\/div>\n\t\t\t\t\t\t\t\t\t\t\t\t<div class=\"wrap\">\n\t\t\t\t\t\t\t<div class=\"post-details\">\n\t\t\t\t\t\t\t\t<span class=\"item\"><i class=\"icon-calendar-2\"><\/i><span>Juni 15 2023<\/span><\/span>\n\t\t\t\t\t\t\t\t\t\t\t\t\t\t\t<\/div>\n\t\t\t\t\t\t\t<h4><a href=\"https:\/\/www.martinwieland.at\/de\/shop-updates\/\">Online Shop - Updates and Improvements<\/a><\/h4>\n\t\t\t\t\t\t\t<div class=\"author-link\">Posted by <a href=\"https:\/\/www.martinwieland.at\/de\/author\/martin-wieland\/\" title=\"Beitr\u00e4ge von Martin Wieland\" rel=\"author\">Martin Wieland<\/a><\/div>\n\t\t\t\t\t\t\t<p>\n\t\n\t\t\n\t\t\n\t\t\t\t\t\t\t\t\t\t\t\t\t\t\n\n\n\n\t\t\n\t\t\t\t\t\t\t\t\tI work almost daily on the further development of my online shop to improve the shopping experience. My goal is to provide you with the best possible overview of my artworks and support you...<\/p>\n\t\t\t\t\t\t<\/div>\n\t\t\t\t\t\t<div class=\"bottom\">\n\t\t\t\t\t\t\t<div class=\"fl\">\n\t\t\t\t\t\t\t\t<a href=\"https:\/\/www.martinwieland.at\/de\/shop-updates\/#comments\"><i class=\"icon-speech-bubble\"><\/i><span>0 Comments<\/span><\/a>\n\t\t\t\t\t\t\t<\/div>\n\t\t\t\t\t\t\t<div class=\"fr\">\n\t\t\t\t\t\t\t\t<a href=\"#\" class=\"zilla-likes\" id=\"zilla-likes-9084\" title=\"Like this\"><i class=\"icon-heart-outline\"><\/i><span>0<\/span><\/a>\t\t\t\t\t\t\t<\/div>\n\t\t\t\t\t\t<\/div>\n\t\t\t\t\t<\/article>\n\t\t\t\t\t<!-- END Blog item -->\n\t\t\t\t<\/div>\n\t\t\t\t\t\t\t\t<\/div>\n<div class=\"fw-row\">\n\t<\/div>\t\t\t\t\t\t<\/div>\n<\/div>\n\n\t<\/div>\n<\/section>\n<\/p>","protected":false},"excerpt":{"rendered":"<p>I work almost daily on the further development of my online shop to improve the shopping experience. My goal is to provide you with the best possible overview of my artworks and support you in your decision to find the perfect piece.Here are the latest updates:More images, more details: Based on numerous requests, I have [&hellip;]<\/p>","protected":false},"author":1,"featured_media":0,"parent":0,"menu_order":0,"comment_status":"closed","ping_status":"closed","template":"template-landing.php","meta":{"_acf_changed":false,"footnotes":""},"acf":[],"yoast_head":"<!-- This site is optimized with the Yoast SEO plugin v23.2 - https:\/\/yoast.com\/wordpress\/plugins\/seo\/ -->\n<title>About me - Martin Wieland Photography<\/title>\n<meta name=\"robots\" content=\"index, follow, max-snippet:-1, max-image-preview:large, max-video-preview:-1\" \/>\n<link rel=\"canonical\" href=\"https:\/\/www.martinwieland.at\/de\/about\/\" \/>\n<meta property=\"og:locale\" content=\"de_DE\" \/>\n<meta property=\"og:type\" content=\"article\" \/>\n<meta property=\"og:title\" content=\"About me - Martin Wieland Photography\" \/>\n<meta property=\"og:description\" content=\"I work almost daily on the further development of my online shop to improve the shopping experience. My goal is to provide you with the best possible overview of my artworks and support you in your decision to find the perfect piece.Here are the latest updates:More images, more details: Based on numerous requests, I have [&hellip;]\" \/>\n<meta property=\"og:url\" content=\"https:\/\/www.martinwieland.at\/de\/about\/\" \/>\n<meta property=\"og:site_name\" content=\"Martin Wieland Photography\" \/>\n<meta property=\"article:modified_time\" content=\"2021-12-13T09:45:50+00:00\" \/>\n<meta property=\"og:image\" content=\"https:\/\/www.martinwieland.at\/wp-content\/uploads\/2021\/05\/mw.jpg\" \/>\n<meta name=\"twitter:card\" content=\"summary_large_image\" \/>\n<meta name=\"twitter:label1\" content=\"Gesch\u00e4tzte Lesezeit\" \/>\n\t<meta name=\"twitter:data1\" content=\"3\u00a0Minuten\" \/>\n<script type=\"application\/ld+json\" class=\"yoast-schema-graph\">{\"@context\":\"https:\/\/schema.org\",\"@graph\":[{\"@type\":\"WebPage\",\"@id\":\"https:\/\/www.martinwieland.at\/about\/\",\"url\":\"https:\/\/www.martinwieland.at\/about\/\",\"name\":\"About me - Martin Wieland Photography\",\"isPartOf\":{\"@id\":\"https:\/\/www.martinwieland.at\/#website\"},\"primaryImageOfPage\":{\"@id\":\"https:\/\/www.martinwieland.at\/about\/#primaryimage\"},\"image\":{\"@id\":\"https:\/\/www.martinwieland.at\/about\/#primaryimage\"},\"thumbnailUrl\":\"https:\/\/www.martinwieland.at\/wp-content\/uploads\/2021\/05\/mw.jpg\",\"datePublished\":\"2017-01-12T08:05:44+00:00\",\"dateModified\":\"2021-12-13T09:45:50+00:00\",\"breadcrumb\":{\"@id\":\"https:\/\/www.martinwieland.at\/about\/#breadcrumb\"},\"inLanguage\":\"de\",\"potentialAction\":[{\"@type\":\"ReadAction\",\"target\":[\"https:\/\/www.martinwieland.at\/about\/\"]}]},{\"@type\":\"ImageObject\",\"inLanguage\":\"de\",\"@id\":\"https:\/\/www.martinwieland.at\/about\/#primaryimage\",\"url\":\"https:\/\/www.martinwieland.at\/wp-content\/uploads\/2021\/05\/mw.jpg\",\"contentUrl\":\"https:\/\/www.martinwieland.at\/wp-content\/uploads\/2021\/05\/mw.jpg\"},{\"@type\":\"BreadcrumbList\",\"@id\":\"https:\/\/www.martinwieland.at\/about\/#breadcrumb\",\"itemListElement\":[{\"@type\":\"ListItem\",\"position\":1,\"name\":\"Startseite\",\"item\":\"https:\/\/www.martinwieland.at\/\"},{\"@type\":\"ListItem\",\"position\":2,\"name\":\"About me\"}]},{\"@type\":\"WebSite\",\"@id\":\"https:\/\/www.martinwieland.at\/#website\",\"url\":\"https:\/\/www.martinwieland.at\/\",\"name\":\"Martin Wieland Photography\",\"description\":\"Martin Wieland Photography\",\"potentialAction\":[{\"@type\":\"SearchAction\",\"target\":{\"@type\":\"EntryPoint\",\"urlTemplate\":\"https:\/\/www.martinwieland.at\/?s={search_term_string}\"},\"query-input\":\"required name=search_term_string\"}],\"inLanguage\":\"de\"}]}<\/script>\n<!-- \/ Yoast SEO plugin. -->","yoast_head_json":{"title":"About me - Martin Wieland Photography","robots":{"index":"index","follow":"follow","max-snippet":"max-snippet:-1","max-image-preview":"max-image-preview:large","max-video-preview":"max-video-preview:-1"},"canonical":"https:\/\/www.martinwieland.at\/de\/about\/","og_locale":"de_DE","og_type":"article","og_title":"About me - Martin Wieland Photography","og_description":"I work almost daily on the further development of my online shop to improve the shopping experience. My goal is to provide you with the best possible overview of my artworks and support you in your decision to find the perfect piece.Here are the latest updates:More images, more details: Based on numerous requests, I have [&hellip;]","og_url":"https:\/\/www.martinwieland.at\/de\/about\/","og_site_name":"Martin Wieland Photography","article_modified_time":"2021-12-13T09:45:50+00:00","og_image":[{"url":"https:\/\/www.martinwieland.at\/wp-content\/uploads\/2021\/05\/mw.jpg"}],"twitter_card":"summary_large_image","twitter_misc":{"Gesch\u00e4tzte Lesezeit":"3\u00a0Minuten"},"schema":{"@context":"https:\/\/schema.org","@graph":[{"@type":"WebPage","@id":"https:\/\/www.martinwieland.at\/about\/","url":"https:\/\/www.martinwieland.at\/about\/","name":"About me - Martin Wieland Photography","isPartOf":{"@id":"https:\/\/www.martinwieland.at\/#website"},"primaryImageOfPage":{"@id":"https:\/\/www.martinwieland.at\/about\/#primaryimage"},"image":{"@id":"https:\/\/www.martinwieland.at\/about\/#primaryimage"},"thumbnailUrl":"https:\/\/www.martinwieland.at\/wp-content\/uploads\/2021\/05\/mw.jpg","datePublished":"2017-01-12T08:05:44+00:00","dateModified":"2021-12-13T09:45:50+00:00","breadcrumb":{"@id":"https:\/\/www.martinwieland.at\/about\/#breadcrumb"},"inLanguage":"de","potentialAction":[{"@type":"ReadAction","target":["https:\/\/www.martinwieland.at\/about\/"]}]},{"@type":"ImageObject","inLanguage":"de","@id":"https:\/\/www.martinwieland.at\/about\/#primaryimage","url":"https:\/\/www.martinwieland.at\/wp-content\/uploads\/2021\/05\/mw.jpg","contentUrl":"https:\/\/www.martinwieland.at\/wp-content\/uploads\/2021\/05\/mw.jpg"},{"@type":"BreadcrumbList","@id":"https:\/\/www.martinwieland.at\/about\/#breadcrumb","itemListElement":[{"@type":"ListItem","position":1,"name":"Startseite","item":"https:\/\/www.martinwieland.at\/"},{"@type":"ListItem","position":2,"name":"About me"}]},{"@type":"WebSite","@id":"https:\/\/www.martinwieland.at\/#website","url":"https:\/\/www.martinwieland.at\/","name":"Martin Wieland Photography","description":"Martin Wieland Photography","potentialAction":[{"@type":"SearchAction","target":{"@type":"EntryPoint","urlTemplate":"https:\/\/www.martinwieland.at\/?s={search_term_string}"},"query-input":"required name=search_term_string"}],"inLanguage":"de"}]}},"_links":{"self":[{"href":"https:\/\/www.martinwieland.at\/de\/wp-json\/wp\/v2\/pages\/627"}],"collection":[{"href":"https:\/\/www.martinwieland.at\/de\/wp-json\/wp\/v2\/pages"}],"about":[{"href":"https:\/\/www.martinwieland.at\/de\/wp-json\/wp\/v2\/types\/page"}],"author":[{"embeddable":true,"href":"https:\/\/www.martinwieland.at\/de\/wp-json\/wp\/v2\/users\/1"}],"replies":[{"embeddable":true,"href":"https:\/\/www.martinwieland.at\/de\/wp-json\/wp\/v2\/comments?post=627"}],"version-history":[{"count":0,"href":"https:\/\/www.martinwieland.at\/de\/wp-json\/wp\/v2\/pages\/627\/revisions"}],"wp:attachment":[{"href":"https:\/\/www.martinwieland.at\/de\/wp-json\/wp\/v2\/media?parent=627"}],"curies":[{"name":"wp","href":"https:\/\/api.w.org\/{rel}","templated":true}]}}