{"id":7073,"date":"2023-04-07T15:58:30","date_gmt":"2023-04-07T13:58:30","guid":{"rendered":"https:\/\/www.martinwieland.at\/?page_id=7073"},"modified":"2023-04-19T14:23:27","modified_gmt":"2023-04-19T12:23:27","slug":"newsletter","status":"publish","type":"page","link":"https:\/\/www.martinwieland.at\/de\/newsletter\/","title":{"rendered":"Newsletter"},"content":{"rendered":"<section class=\"fw-main-row\" style=\"\">\n\t<div class=\"fw-container\">\n\t\t<div class=\"fw-row\">\n\t\t<div class=\"fw-col-xs-12 fw-col-sm-6\" style=\"background-color:#ffffff;\">\n\t\t\t\t\t\t\t\t\t<p style=\"text-align: center;\"><span style=\"font-family: verdana, geneva, sans-serif;\"><strong><span style=\"font-size: 44pt;\">GET 10% OFF<br \/><\/span> <\/strong><span style=\"font-size: 22pt;\">your first order<br \/><span style=\"font-size: 14pt;\">and join my newsletter now<\/span><\/span><\/span><\/p>\t<p>\n\t\t\t<form id=\"sib_signup_form_1\" method=\"post\" class=\"sib_signup_form\" action=\"\">\n\t\t\t\t<div class=\"sib_loader\" style=\"display:none;\"><img\n\t\t\t\t\t\t\tsrc=\"https:\/\/www.martinwieland.at\/wp-includes\/images\/spinner.gif\" alt=\"loader\"><\/div>\n\t\t\t\t<input type=\"hidden\" name=\"sib_form_action\" value=\"subscribe_form_submit\">\n\t\t\t\t<input type=\"hidden\" name=\"sib_form_id\" value=\"1\">\n                <input type=\"hidden\" name=\"sib_form_alert_notice\" value=\"Please fill out this field\">\n                <input type=\"hidden\" name=\"sib_form_invalid_email_notice\" value=\"Your email address is invalid\">\n                <input type=\"hidden\" name=\"sib_security\" value=\"73adcbc283\">\n\t\t\t\t<div class=\"sib_signup_box_inside_1\">\n\t\t\t\t\t<div style=\"\/*display:none*\/\" class=\"sib_msg_disp\">\n\t\t\t\t\t<\/div>\n                    \t\t\t\t\t<p class=\"sib-NAME-area\">\r\n    <input type=\"text\" class=\"sib-NAME-area\" name=\"NAME\" placeholder=\"Name\">\r\n<\/p>\r\n<p class=\"sib-email-area\">\r\n<input type=\"email\" class=\"sib-email-area\" name=\"email\" required=\"required\" placeholder=\"E-Mail\">\r\n<\/p>\r\n<input type=\"checkbox\" name=\"terms\" required=\"required\">I accept the <a href=\"https:\/\/www.martinwieland.at\/de\/datenschutzerklaerung\/\">terms and conditions<\/a> \r\n<p>\r\n    <input type=\"submit\" class=\"sib-default-btn\" value=\"Subscribe\">\r\n<\/p>\r\n\t\t\t\t<\/div>\n\t\t\t<input type=\"hidden\" name=\"trp-form-language\" value=\"de\"\/><\/form>\n\t\t\t<style>\n\t\t\t\tform#sib_signup_form_1 p.sib-alert-message {\n    padding: 6px 12px;\n    margin-bottom: 20px;\n    border: 1px solid transparent;\n    border-radius: 4px;\n    -webkit-box-sizing: border-box;\n    -moz-box-sizing: border-box;\n    box-sizing: border-box;\n}\nform#sib_signup_form_1 p.sib-alert-message-error {\n    background-color: #f2dede;\n    border-color: #ebccd1;\n    color: #a94442;\n}\nform#sib_signup_form_1 p.sib-alert-message-success {\n    background-color: #dff0d8;\n    border-color: #d6e9c6;\n    color: #3c763d;\n}\nform#sib_signup_form_1 p.sib-alert-message-warning {\n    background-color: #fcf8e3;\n    border-color: #faebcc;\n    color: #8a6d3b;\n}\n\t\t\t<\/style>\n\t\t\t<\/p>\n\t<div class=\"fw-divider-space\" style=\"padding-top: 30px;\"><\/div>\n\t<p><span style=\"color: #999999;\">The email address you provide when signing up for the newsletter will only be used for sending the newsletter. You can unsubscribe from the newsletter at any time using the unsubscribe link in the newsletter.<\/span><\/p><p><span style=\"color: #999999;\">By creating my account, I agree to the Terms and Conditions and Privacy Policy of martinwieland.at, and consent to receiving information electronically.<\/span><\/p><p>&nbsp;<\/p>\n\t<div class=\"fw-divider-space\" style=\"padding-top: 5px;\"><\/div>\n\t<p><span style=\"color: #999999;\">Ihre E-Mail-Adresse, die Sie bei der Anmeldung zum Newsletter angeben, wird ausschlie\u00dflich f\u00fcr den Versand des Newsletters verwendet. Sie k\u00f6nnen sich jederzeit \u00fcber den Abmeldelink im Newsletter abmelden.<\/span><\/p><p><span style=\"color: #999999;\">Durch Erstellen meines Kontos stimme ich den <a style=\"color: #999999;\" href=\"https:\/\/www.martinwieland.at\/de\/agb-allgemeine-geschaeftsbedingungen\/\">Allgemeinen Gesch\u00e4ftsbedingungen<\/a> und der <a style=\"color: #999999;\" href=\"https:\/\/www.martinwieland.at\/de\/datenschutzerklaerung\/\">Datenschutzerkl\u00e4rung<\/a> von martinwieland.at zu und erkl\u00e4re mich einverstanden, Informationen auf elektronischem Weg zu erhalten.<\/span><\/p><p>&nbsp;<\/p>\t\t\t\t\t\t<\/div>\n\t<div class=\"fw-col-xs-12 fw-col-sm-6\" style=\"\">\n\t\t\t\t\t\t\t\t<img loading=\"lazy\" decoding=\"async\" src=\"https:\/\/www.martinwieland.at\/wp-content\/uploads\/2022\/06\/Life-is-Good-700x1000.jpg\" alt=\"https:\/\/www.martinwieland.at\/wp-content\/uploads\/2022\/06\/Life-is-Good-700x1000.jpg\" width=\"700\" height=\"1000\" \/>\t\t\t\t\t\t<\/div>\n<\/div>\n\n<div class=\"fw-row\">\n\t\t<div class=\"fw-col-xs-12\" style=\"\">\n\t\t\t\t\t\t\t\t\t\t\t\t\t\t<\/div>\n<\/div>\n\n<div class=\"fw-row\">\n\t\t<div class=\"fw-col-xs-12 fw-col-sm-6\" style=\"\">\n\t\t\t\t\t\t\t\t\t\t\t\t\t\t<\/div>\n<\/div>\n\n\t<\/div>\n<\/section>","protected":false},"excerpt":{"rendered":"<p>GET 10% OFF your first orderand join my newsletter now I accept the terms and conditions The email address you provide when signing up for the newsletter will only be used for sending the newsletter. You can unsubscribe from the newsletter at any time using the unsubscribe link in the newsletter.By creating my account, I [&hellip;]<\/p>","protected":false},"author":1,"featured_media":0,"parent":0,"menu_order":0,"comment_status":"closed","ping_status":"closed","template":"","meta":{"_acf_changed":false,"footnotes":""},"acf":[],"yoast_head":"<!-- This site is optimized with the Yoast SEO plugin v23.2 - https:\/\/yoast.com\/wordpress\/plugins\/seo\/ -->\n<title>Newsletter - Martin Wieland Photography<\/title>\n<meta name=\"robots\" content=\"index, follow, max-snippet:-1, max-image-preview:large, max-video-preview:-1\" \/>\n<link rel=\"canonical\" href=\"https:\/\/www.martinwieland.at\/de\/newsletter\/\" \/>\n<meta property=\"og:locale\" content=\"de_DE\" \/>\n<meta property=\"og:type\" content=\"article\" \/>\n<meta property=\"og:title\" content=\"Newsletter - Martin Wieland Photography\" \/>\n<meta property=\"og:description\" content=\"GET 10% OFF your first orderand join my newsletter now I accept the terms and conditions The email address you provide when signing up for the newsletter will only be used for sending the newsletter. You can unsubscribe from the newsletter at any time using the unsubscribe link in the newsletter.By creating my account, I [&hellip;]\" \/>\n<meta property=\"og:url\" content=\"https:\/\/www.martinwieland.at\/de\/newsletter\/\" \/>\n<meta property=\"og:site_name\" content=\"Martin Wieland Photography\" \/>\n<meta property=\"article:modified_time\" content=\"2023-04-19T12:23:27+00:00\" \/>\n<meta property=\"og:image\" content=\"https:\/\/www.martinwieland.at\/wp-includes\/images\/spinner.gif\" \/>\n<meta name=\"twitter:card\" content=\"summary_large_image\" \/>\n<meta name=\"twitter:label1\" content=\"Gesch\u00e4tzte Lesezeit\" \/>\n\t<meta name=\"twitter:data1\" content=\"2\u00a0Minuten\" \/>\n<script type=\"application\/ld+json\" class=\"yoast-schema-graph\">{\"@context\":\"https:\/\/schema.org\",\"@graph\":[{\"@type\":\"WebPage\",\"@id\":\"https:\/\/www.martinwieland.at\/newsletter\/\",\"url\":\"https:\/\/www.martinwieland.at\/newsletter\/\",\"name\":\"Newsletter - Martin Wieland Photography\",\"isPartOf\":{\"@id\":\"https:\/\/www.martinwieland.at\/#website\"},\"primaryImageOfPage\":{\"@id\":\"https:\/\/www.martinwieland.at\/newsletter\/#primaryimage\"},\"image\":{\"@id\":\"https:\/\/www.martinwieland.at\/newsletter\/#primaryimage\"},\"thumbnailUrl\":\"https:\/\/www.martinwieland.at\/wp-includes\/images\/spinner.gif\",\"datePublished\":\"2023-04-07T13:58:30+00:00\",\"dateModified\":\"2023-04-19T12:23:27+00:00\",\"breadcrumb\":{\"@id\":\"https:\/\/www.martinwieland.at\/newsletter\/#breadcrumb\"},\"inLanguage\":\"de\",\"potentialAction\":[{\"@type\":\"ReadAction\",\"target\":[\"https:\/\/www.martinwieland.at\/newsletter\/\"]}]},{\"@type\":\"ImageObject\",\"inLanguage\":\"de\",\"@id\":\"https:\/\/www.martinwieland.at\/newsletter\/#primaryimage\",\"url\":\"https:\/\/www.martinwieland.at\/wp-includes\/images\/spinner.gif\",\"contentUrl\":\"https:\/\/www.martinwieland.at\/wp-includes\/images\/spinner.gif\"},{\"@type\":\"BreadcrumbList\",\"@id\":\"https:\/\/www.martinwieland.at\/newsletter\/#breadcrumb\",\"itemListElement\":[{\"@type\":\"ListItem\",\"position\":1,\"name\":\"Startseite\",\"item\":\"https:\/\/www.martinwieland.at\/\"},{\"@type\":\"ListItem\",\"position\":2,\"name\":\"Newsletter\"}]},{\"@type\":\"WebSite\",\"@id\":\"https:\/\/www.martinwieland.at\/#website\",\"url\":\"https:\/\/www.martinwieland.at\/\",\"name\":\"Martin Wieland Photography\",\"description\":\"Martin Wieland Photography\",\"potentialAction\":[{\"@type\":\"SearchAction\",\"target\":{\"@type\":\"EntryPoint\",\"urlTemplate\":\"https:\/\/www.martinwieland.at\/?s={search_term_string}\"},\"query-input\":\"required name=search_term_string\"}],\"inLanguage\":\"de\"}]}<\/script>\n<!-- \/ Yoast SEO plugin. -->","yoast_head_json":{"title":"Newsletter - Martin Wieland Photography","robots":{"index":"index","follow":"follow","max-snippet":"max-snippet:-1","max-image-preview":"max-image-preview:large","max-video-preview":"max-video-preview:-1"},"canonical":"https:\/\/www.martinwieland.at\/de\/newsletter\/","og_locale":"de_DE","og_type":"article","og_title":"Newsletter - Martin Wieland Photography","og_description":"GET 10% OFF your first orderand join my newsletter now I accept the terms and conditions The email address you provide when signing up for the newsletter will only be used for sending the newsletter. You can unsubscribe from the newsletter at any time using the unsubscribe link in the newsletter.By creating my account, I [&hellip;]","og_url":"https:\/\/www.martinwieland.at\/de\/newsletter\/","og_site_name":"Martin Wieland Photography","article_modified_time":"2023-04-19T12:23:27+00:00","og_image":[{"url":"https:\/\/www.martinwieland.at\/wp-includes\/images\/spinner.gif"}],"twitter_card":"summary_large_image","twitter_misc":{"Gesch\u00e4tzte Lesezeit":"2\u00a0Minuten"},"schema":{"@context":"https:\/\/schema.org","@graph":[{"@type":"WebPage","@id":"https:\/\/www.martinwieland.at\/newsletter\/","url":"https:\/\/www.martinwieland.at\/newsletter\/","name":"Newsletter - Martin Wieland Photography","isPartOf":{"@id":"https:\/\/www.martinwieland.at\/#website"},"primaryImageOfPage":{"@id":"https:\/\/www.martinwieland.at\/newsletter\/#primaryimage"},"image":{"@id":"https:\/\/www.martinwieland.at\/newsletter\/#primaryimage"},"thumbnailUrl":"https:\/\/www.martinwieland.at\/wp-includes\/images\/spinner.gif","datePublished":"2023-04-07T13:58:30+00:00","dateModified":"2023-04-19T12:23:27+00:00","breadcrumb":{"@id":"https:\/\/www.martinwieland.at\/newsletter\/#breadcrumb"},"inLanguage":"de","potentialAction":[{"@type":"ReadAction","target":["https:\/\/www.martinwieland.at\/newsletter\/"]}]},{"@type":"ImageObject","inLanguage":"de","@id":"https:\/\/www.martinwieland.at\/newsletter\/#primaryimage","url":"https:\/\/www.martinwieland.at\/wp-includes\/images\/spinner.gif","contentUrl":"https:\/\/www.martinwieland.at\/wp-includes\/images\/spinner.gif"},{"@type":"BreadcrumbList","@id":"https:\/\/www.martinwieland.at\/newsletter\/#breadcrumb","itemListElement":[{"@type":"ListItem","position":1,"name":"Startseite","item":"https:\/\/www.martinwieland.at\/"},{"@type":"ListItem","position":2,"name":"Newsletter"}]},{"@type":"WebSite","@id":"https:\/\/www.martinwieland.at\/#website","url":"https:\/\/www.martinwieland.at\/","name":"Martin Wieland Photography","description":"Martin Wieland Photography","potentialAction":[{"@type":"SearchAction","target":{"@type":"EntryPoint","urlTemplate":"https:\/\/www.martinwieland.at\/?s={search_term_string}"},"query-input":"required name=search_term_string"}],"inLanguage":"de"}]}},"_links":{"self":[{"href":"https:\/\/www.martinwieland.at\/de\/wp-json\/wp\/v2\/pages\/7073"}],"collection":[{"href":"https:\/\/www.martinwieland.at\/de\/wp-json\/wp\/v2\/pages"}],"about":[{"href":"https:\/\/www.martinwieland.at\/de\/wp-json\/wp\/v2\/types\/page"}],"author":[{"embeddable":true,"href":"https:\/\/www.martinwieland.at\/de\/wp-json\/wp\/v2\/users\/1"}],"replies":[{"embeddable":true,"href":"https:\/\/www.martinwieland.at\/de\/wp-json\/wp\/v2\/comments?post=7073"}],"version-history":[{"count":2,"href":"https:\/\/www.martinwieland.at\/de\/wp-json\/wp\/v2\/pages\/7073\/revisions"}],"predecessor-version":[{"id":9213,"href":"https:\/\/www.martinwieland.at\/de\/wp-json\/wp\/v2\/pages\/7073\/revisions\/9213"}],"wp:attachment":[{"href":"https:\/\/www.martinwieland.at\/de\/wp-json\/wp\/v2\/media?parent=7073"}],"curies":[{"name":"wp","href":"https:\/\/api.w.org\/{rel}","templated":true}]}}