{"id":10859,"date":"2023-07-21T07:49:52","date_gmt":"2023-07-21T05:49:52","guid":{"rendered":"https:\/\/www.martinwieland.at\/?post_type=product&#038;p=10859"},"modified":"2024-03-16T07:31:50","modified_gmt":"2024-03-16T06:31:50","slug":"eye-on-you","status":"publish","type":"product","link":"https:\/\/www.martinwieland.at\/de\/produkt\/eye-on-you\/","title":{"rendered":"Eye on You"},"content":{"rendered":"<div class=\"rte\">\n<p>Supple yet strong, she defies gravity, supported only by a leathercube. The sharpness of her high heels contrasts with the soft leather, a visual metaphor for the strength and delicacy she embodies. The patterns of light and shadow on her skin and the fabric are painterly, inviting the viewer to rediscover the scene over and over.<\/p>\n<p><strong>The Photographs of the \u201eCollector\u2019s Edition\u201c<\/strong><\/p>\n<\/div>\n<div class=\"rte\">\n<div class=\"woocommerce-product-details__short-description\">\n<div class=\"product__page__photos__text\">\n<p>\u2022 are carefully handpicked photographs<br \/>\n\u2022 strictly limited<br \/>\n\u2022 available in different sizes<br \/>\n\u2022 Topquality pigment print on Hahnemuehle FineArt Baryta 325g<br \/>\n\u2022 Prints from the size of 120x120cm are printed on a Lambdaprinter using KODAK Endura paper and mounted on Aluminium<br \/>\n\u2022 Certificate of Authenticity<br \/>\n\u2022 handsigned and numbered<\/p>\n<p>IMPORTANT: The prices of this edition are progressive.<\/p>\n<p>Formats and editions available:<\/p>\n<p>40 x 40 cm \u2013 edition of 11 \/ 3 Artist Proofs<br \/>\n60 x 60 cm \u2013 edition of&nbsp; 9 \/ 3 Artist Proofs<br \/>\n80 x 80 cm \u2013 edition of&nbsp; 7 \/ 3 Artist Proofs<br \/>\n100 x 100 cm \u2013 edition of&nbsp; 5 \/ 2 Artist Proofs<br \/>\n120 x 120 cm \u2013 edition of&nbsp; 3 \/ 1 Artist Proof<br \/>\n150 x 150 cm \u2013 edition of&nbsp; 3 \/ 1 Artist Proof<\/p>\n<p><a href=\"https:\/\/www.martinwieland.at\/de\/info-precom\/\"><span style=\"color: #ff0000;\"><strong>*PRODUCTINFO ACRYLIC GLASS AND ALUDIBOND<\/strong><\/span><\/a><\/p>\n<p>Do you have any questions about the product?<\/p>\n<div class=\"fw-row tal\">\n\t\t\t\t\t\t<a href=\"mailto:mw@martinwieland.at\" target=\"_self\" class=\"button-style3\" style=\"\">\n\t\t\t\t\t\t\t\t<span>send mail<\/span>\n\t\t\t<\/a>\n\t\t\t<\/div><\/div>\n<div>&nbsp;<\/div>\n<div class=\"product__page__photos__text\"><span style=\"color: #d6d6d6;\">\u23bb\u23bb\u23bb\u23bb\u23bb\u23bb\u23bb\u23bb\u23bb\u23bb\u23bb\u23bb<\/span><\/div>\n<\/div>\n<\/div>\n<p>Geschmeidig und doch stark, spielt sie mit der Schwerkraft, gest\u00fctzt nur durch einen W\u00fcrfel aus Leder. Die Sch\u00e4rfe ihrer High Heels kontrastiert mit dem weichen Leder, eine visuelle Metapher f\u00fcr die Kraft und Zartheit, die sie verk\u00f6rpert. Die Licht- und Schattenmuster auf ihrer Haut und dem Stoff sind wie gemalt und laden den Betrachter ein, die Szene immer wieder zu entdecken.<\/p>\n<p><strong>Die Fotos der \u201eCollector\u2019s Edition\u201c<\/strong><\/p>\n<div class=\"rte\">\n<div class=\"woocommerce-product-details__short-description\">\n<div class=\"product__page__photos__text\">\n<p>\u2022 sind handselektierte Aufnahmen<br \/>\n\u2022 strengstens limitiert<br \/>\n\u2022 in verschiedenen Gr\u00f6\u00dfen erh\u00e4ltlich<br \/>\n\u2022 Hochwertiger Druck auf Hahnem\u00fchle FineArt Baryta Papier 325g<br \/>\n\u2022 Prints ab einer Gr\u00f6\u00dfe von 120x120cm ausbelichtet auf KODAK Endura Papier und kaschiert auf Aludibond<br \/>\n\u2022 Echtheitszertifikat<br \/>\n\u2022 handsigniert und nummeriert<\/p>\n<p>WICHTIGE INFORMATION: Die Preise dieser Edition steigen. Das erste Bild ist am g\u00fcnstigsten, je weniger Exemplare zur Verf\u00fcgung stehen, desto h\u00f6her wird der Preis.<\/p>\n<p>Folgende Formate und Auflagen sind verf\u00fcgbar:<\/p>\n<p>40 x 40 cm \u2013 Auflage: 11 St\u00fcck \/ 3 K\u00fcnstlerexemplare<br \/>\n60 x 60 cm \u2013 Auflage:&nbsp; 9 St\u00fcck \/ 3 K\u00fcnstlerexemplare<br \/>\n80 x 80 cm \u2013 Auflage:&nbsp; 7 St\u00fcck \/ 3 K\u00fcnstlerexemplare<br \/>\n100 x 100 cm \u2013 Auflage:&nbsp; 5 St\u00fcck \/ 2 K\u00fcnstlerexemplare<br \/>\n120 x 120 cm \u2013 Auflage:&nbsp; 3 St\u00fcck \/ 1 K\u00fcnstlerexemplar<br \/>\n150 x 150 cm \u2013 Auflage:&nbsp; 3 St\u00fcck \/ 1 K\u00fcnstlerexemplar<\/p>\n<p><strong><a href=\"https:\/\/www.martinwieland.at\/de\/info-precom\/\"><span style=\"color: #ff0000;\">*PRODUKTINFOS ACRYLGLAS UND ALUDIBOND<\/span><\/a><\/strong><\/p>\n<\/div>\n<\/div>\n<p>Haben Sie Fragen zum Produkt?<\/p>\n<\/div>\n<p><div class=\"fw-row tal\">\n\t\t\t\t\t\t<a href=\"mailto:mw@martinwieland.at\" target=\"_self\" class=\"button-style3\" style=\"\">\n\t\t\t\t\t\t\t\t<span>Mail senden<\/span>\n\t\t\t<\/a>\n\t\t\t<\/div><span style=\"color: #d6d6d6;\">\u23bb\u23bb\u23bb\u23bb\u23bb\u23bb\u23bb\u23bb\u23bb\u23bb\u23bb\u23bb<\/span><\/p>","protected":false},"excerpt":{"rendered":"<p>Supple yet strong, she defies gravity, supported only by a leathercube. The sharpness of her high heels contrasts with the soft leather, a visual metaphor for the strength and delicacy she embodies. The patterns of light and shadow on her skin and the fabric are painterly, inviting the viewer to rediscover the scene over and [&hellip;]<\/p>","protected":false},"featured_media":10485,"comment_status":"open","ping_status":"closed","template":"","meta":{"_acf_changed":false},"product_cat":[213,46,211,191,203,199],"product_tag":[48,131,50,51,133,140,110,52,53,54,74,142,55,143],"acf":[],"yoast_head":"<!-- This site is optimized with the Yoast SEO plugin v23.2 - https:\/\/yoast.com\/wordpress\/plugins\/seo\/ -->\n<title>Eye on You - Martin Wieland Photography<\/title>\n<meta name=\"robots\" content=\"index, follow, max-snippet:-1, max-image-preview:large, max-video-preview:-1\" \/>\n<link rel=\"canonical\" href=\"https:\/\/www.martinwieland.at\/de\/produkt\/eye-on-you\/\" \/>\n<meta property=\"og:locale\" content=\"de_DE\" \/>\n<meta property=\"og:type\" content=\"article\" \/>\n<meta property=\"og:title\" content=\"Eye on You - Martin Wieland Photography\" \/>\n<meta property=\"og:description\" content=\"Supple yet strong, she defies gravity, supported only by a leathercube. The sharpness of her high heels contrasts with the soft leather, a visual metaphor for the strength and delicacy she embodies. The patterns of light and shadow on her skin and the fabric are painterly, inviting the viewer to rediscover the scene over and [&hellip;]\" \/>\n<meta property=\"og:url\" content=\"https:\/\/www.martinwieland.at\/de\/produkt\/eye-on-you\/\" \/>\n<meta property=\"og:site_name\" content=\"Martin Wieland Photography\" \/>\n<meta property=\"article:modified_time\" content=\"2024-03-16T06:31:50+00:00\" \/>\n<meta property=\"og:image\" content=\"https:\/\/www.martinwieland.at\/wp-content\/uploads\/2023\/07\/Eye-on-You_Titel.jpg\" \/>\n\t<meta property=\"og:image:width\" content=\"1535\" \/>\n\t<meta property=\"og:image:height\" content=\"1535\" \/>\n\t<meta property=\"og:image:type\" content=\"image\/jpeg\" \/>\n<meta name=\"twitter:card\" content=\"summary_large_image\" \/>\n<meta name=\"twitter:label1\" content=\"Gesch\u00e4tzte Lesezeit\" \/>\n\t<meta name=\"twitter:data1\" content=\"3\u00a0Minuten\" \/>\n<script type=\"application\/ld+json\" class=\"yoast-schema-graph\">{\"@context\":\"https:\/\/schema.org\",\"@graph\":[{\"@type\":\"WebPage\",\"@id\":\"https:\/\/www.martinwieland.at\/produkt\/eye-on-you\/\",\"url\":\"https:\/\/www.martinwieland.at\/produkt\/eye-on-you\/\",\"name\":\"Eye on You - Martin Wieland Photography\",\"isPartOf\":{\"@id\":\"https:\/\/www.martinwieland.at\/#website\"},\"primaryImageOfPage\":{\"@id\":\"https:\/\/www.martinwieland.at\/produkt\/eye-on-you\/#primaryimage\"},\"image\":{\"@id\":\"https:\/\/www.martinwieland.at\/produkt\/eye-on-you\/#primaryimage\"},\"thumbnailUrl\":\"https:\/\/www.martinwieland.at\/wp-content\/uploads\/2023\/07\/Eye-on-You_Titel.jpg\",\"datePublished\":\"2023-07-21T05:49:52+00:00\",\"dateModified\":\"2024-03-16T06:31:50+00:00\",\"breadcrumb\":{\"@id\":\"https:\/\/www.martinwieland.at\/produkt\/eye-on-you\/#breadcrumb\"},\"inLanguage\":\"de\",\"potentialAction\":[{\"@type\":\"ReadAction\",\"target\":[\"https:\/\/www.martinwieland.at\/produkt\/eye-on-you\/\"]}]},{\"@type\":\"ImageObject\",\"inLanguage\":\"de\",\"@id\":\"https:\/\/www.martinwieland.at\/produkt\/eye-on-you\/#primaryimage\",\"url\":\"https:\/\/www.martinwieland.at\/wp-content\/uploads\/2023\/07\/Eye-on-You_Titel.jpg\",\"contentUrl\":\"https:\/\/www.martinwieland.at\/wp-content\/uploads\/2023\/07\/Eye-on-You_Titel.jpg\",\"width\":1535,\"height\":1535},{\"@type\":\"BreadcrumbList\",\"@id\":\"https:\/\/www.martinwieland.at\/produkt\/eye-on-you\/#breadcrumb\",\"itemListElement\":[{\"@type\":\"ListItem\",\"position\":1,\"name\":\"Startseite\",\"item\":\"https:\/\/www.martinwieland.at\/\"},{\"@type\":\"ListItem\",\"position\":2,\"name\":\"Shop\",\"item\":\"https:\/\/www.martinwieland.at\/shop\/\"},{\"@type\":\"ListItem\",\"position\":3,\"name\":\"Eye on You\"}]},{\"@type\":\"WebSite\",\"@id\":\"https:\/\/www.martinwieland.at\/#website\",\"url\":\"https:\/\/www.martinwieland.at\/\",\"name\":\"Martin Wieland Photography\",\"description\":\"Martin Wieland Photography\",\"potentialAction\":[{\"@type\":\"SearchAction\",\"target\":{\"@type\":\"EntryPoint\",\"urlTemplate\":\"https:\/\/www.martinwieland.at\/?s={search_term_string}\"},\"query-input\":\"required name=search_term_string\"}],\"inLanguage\":\"de\"}]}<\/script>\n<!-- \/ Yoast SEO plugin. -->","yoast_head_json":{"title":"Eye on You - Martin Wieland Photography","robots":{"index":"index","follow":"follow","max-snippet":"max-snippet:-1","max-image-preview":"max-image-preview:large","max-video-preview":"max-video-preview:-1"},"canonical":"https:\/\/www.martinwieland.at\/de\/produkt\/eye-on-you\/","og_locale":"de_DE","og_type":"article","og_title":"Eye on You - Martin Wieland Photography","og_description":"Supple yet strong, she defies gravity, supported only by a leathercube. The sharpness of her high heels contrasts with the soft leather, a visual metaphor for the strength and delicacy she embodies. The patterns of light and shadow on her skin and the fabric are painterly, inviting the viewer to rediscover the scene over and [&hellip;]","og_url":"https:\/\/www.martinwieland.at\/de\/produkt\/eye-on-you\/","og_site_name":"Martin Wieland Photography","article_modified_time":"2024-03-16T06:31:50+00:00","og_image":[{"width":1535,"height":1535,"url":"https:\/\/www.martinwieland.at\/wp-content\/uploads\/2023\/07\/Eye-on-You_Titel.jpg","type":"image\/jpeg"}],"twitter_card":"summary_large_image","twitter_misc":{"Gesch\u00e4tzte Lesezeit":"3\u00a0Minuten"},"schema":{"@context":"https:\/\/schema.org","@graph":[{"@type":"WebPage","@id":"https:\/\/www.martinwieland.at\/produkt\/eye-on-you\/","url":"https:\/\/www.martinwieland.at\/produkt\/eye-on-you\/","name":"Eye on You - Martin Wieland Photography","isPartOf":{"@id":"https:\/\/www.martinwieland.at\/#website"},"primaryImageOfPage":{"@id":"https:\/\/www.martinwieland.at\/produkt\/eye-on-you\/#primaryimage"},"image":{"@id":"https:\/\/www.martinwieland.at\/produkt\/eye-on-you\/#primaryimage"},"thumbnailUrl":"https:\/\/www.martinwieland.at\/wp-content\/uploads\/2023\/07\/Eye-on-You_Titel.jpg","datePublished":"2023-07-21T05:49:52+00:00","dateModified":"2024-03-16T06:31:50+00:00","breadcrumb":{"@id":"https:\/\/www.martinwieland.at\/produkt\/eye-on-you\/#breadcrumb"},"inLanguage":"de","potentialAction":[{"@type":"ReadAction","target":["https:\/\/www.martinwieland.at\/produkt\/eye-on-you\/"]}]},{"@type":"ImageObject","inLanguage":"de","@id":"https:\/\/www.martinwieland.at\/produkt\/eye-on-you\/#primaryimage","url":"https:\/\/www.martinwieland.at\/wp-content\/uploads\/2023\/07\/Eye-on-You_Titel.jpg","contentUrl":"https:\/\/www.martinwieland.at\/wp-content\/uploads\/2023\/07\/Eye-on-You_Titel.jpg","width":1535,"height":1535},{"@type":"BreadcrumbList","@id":"https:\/\/www.martinwieland.at\/produkt\/eye-on-you\/#breadcrumb","itemListElement":[{"@type":"ListItem","position":1,"name":"Startseite","item":"https:\/\/www.martinwieland.at\/"},{"@type":"ListItem","position":2,"name":"Shop","item":"https:\/\/www.martinwieland.at\/shop\/"},{"@type":"ListItem","position":3,"name":"Eye on You"}]},{"@type":"WebSite","@id":"https:\/\/www.martinwieland.at\/#website","url":"https:\/\/www.martinwieland.at\/","name":"Martin Wieland Photography","description":"Martin Wieland Photography","potentialAction":[{"@type":"SearchAction","target":{"@type":"EntryPoint","urlTemplate":"https:\/\/www.martinwieland.at\/?s={search_term_string}"},"query-input":"required name=search_term_string"}],"inLanguage":"de"}]}},"_links":{"self":[{"href":"https:\/\/www.martinwieland.at\/de\/wp-json\/wp\/v2\/product\/10859"}],"collection":[{"href":"https:\/\/www.martinwieland.at\/de\/wp-json\/wp\/v2\/product"}],"about":[{"href":"https:\/\/www.martinwieland.at\/de\/wp-json\/wp\/v2\/types\/product"}],"replies":[{"embeddable":true,"href":"https:\/\/www.martinwieland.at\/de\/wp-json\/wp\/v2\/comments?post=10859"}],"wp:featuredmedia":[{"embeddable":true,"href":"https:\/\/www.martinwieland.at\/de\/wp-json\/wp\/v2\/media\/10485"}],"wp:attachment":[{"href":"https:\/\/www.martinwieland.at\/de\/wp-json\/wp\/v2\/media?parent=10859"}],"wp:term":[{"taxonomy":"product_cat","embeddable":true,"href":"https:\/\/www.martinwieland.at\/de\/wp-json\/wp\/v2\/product_cat?post=10859"},{"taxonomy":"product_tag","embeddable":true,"href":"https:\/\/www.martinwieland.at\/de\/wp-json\/wp\/v2\/product_tag?post=10859"}],"curies":[{"name":"wp","href":"https:\/\/api.w.org\/{rel}","templated":true}]}}