{"id":11263,"date":"2023-07-25T07:25:41","date_gmt":"2023-07-25T05:25:41","guid":{"rendered":"https:\/\/www.martinwieland.at\/?post_type=product&#038;p=11263"},"modified":"2023-07-25T07:26:56","modified_gmt":"2023-07-25T05:26:56","slug":"il-padrino","status":"publish","type":"product","link":"https:\/\/www.martinwieland.at\/de\/produkt\/il-padrino\/","title":{"rendered":"Il Padrino"},"content":{"rendered":"<div class=\"flex-1 overflow-hidden\">\n<div class=\"react-scroll-to-bottom--css-unjgf-79elbk h-full dark:bg-gray-800\">\n<div class=\"react-scroll-to-bottom--css-unjgf-1n7m0yu\">\n<div class=\"flex flex-col h-full text-sm dark:bg-gray-800\">\n<div class=\"group w-full text-gray-800 dark:text-gray-100 border-b border-black\/10 dark:border-gray-900\/50 bg-gray-50 dark:bg-[#444654]\">\n<div class=\"flex p-4 gap-4 text-base md:gap-6 md:max-w-2xl lg:max-w-[38rem] xl:max-w-3xl md:py-6 lg:px-0 m-auto\">\n<div class=\"relative flex w-[calc(100%-50px)] flex-col gap-1 md:gap-3 lg:w-[calc(100%-115px)]\">\n<div class=\"flex flex-grow flex-col gap-3\">\n<div class=\"min-h-[20px] flex items-start overflow-x-auto whitespace-pre-wrap break-words flex-col gap-4\">\n<div class=\"markdown prose w-full break-words dark:prose-invert light\">\n<p>Experience the captivating world of Streetphotography, which I discovered during the pandemic. In my images, I capture the beauty of the everyday without interfering or staging scenes. The most intriguing and authentic shots without models can be found in this hand-curated series &#8211; &#8220;Urban Chronicles&#8221;. Immerse yourself in the magic of spontaneous moments and explore artworks that will enrich your spaces with vibrant stories.<\/p>\n<p>\u2022 Hand-signed<br \/>\n\u2022 Certificate of Authenticity<br \/>\n\u2022 Limited edition<br \/>\n\u2022 Printed on Hahnem\u00fchle FineArt Paper 325g ( prints in a size of 100x150cm optional on a Lambdaprinter using KODAK&nbsp; &nbsp; &nbsp; &nbsp; &nbsp; &nbsp;Endura paper and mounted on Aluminium )<br \/>\n\u2022 The print is unframed, but we&#8217;d be delighted to recommend the perfect frame for your artwork.<\/p>\n<\/div>\n<\/div>\n<\/div>\n<\/div>\n<\/div>\n<\/div>\n<p>20 x 30 cm &#8211; edition of 222 \/ 7 Artist Proofs<br \/>\n30 x 45 cm &#8211; edition of 111 \/ 7 Artist Proofs<br \/>\n40 x 60 cm &#8211; edition of 88 \/ 5 Artist Proofs<br \/>\n50 x 70 cm &#8211; edition of 55 \/ 5 Artist Proofs<br \/>\n70 x 100 cm &#8211; edition of 44 \/ 3 Artist Proofs<br \/>\n100 x 150 cm &#8211; edition of 23 \/ 3 Artist Proofs<\/p>\n<p><a href=\"https:\/\/www.martinwieland.at\/de\/info-precom\/\"><span style=\"color: #ff0000;\"><strong>*PRODUCTINFO ACRYLIC GLASS AND ALUDIBOND<\/strong><\/span><\/a><\/p>\n<p>Do you have any questions about the product?<\/p>\n<div class=\"fw-row tal\">\n\t\t\t\t\t\t<a href=\"mailto:mw@martinwieland.at\" target=\"_self\" class=\"button-style3\" style=\"\">\n\t\t\t\t\t\t\t\t<span>send mail<\/span>\n\t\t\t<\/a>\n\t\t\t<\/div><\/div>\n<div>&nbsp;<\/div>\n<div class=\"product__page__photos__text\"><span style=\"color: #d6d6d6;\">\u23bb\u23bb\u23bb\u23bb\u23bb\u23bb\u23bb\u23bb\u23bb\u23bb\u23bb\u23bb<\/span><\/div>\n<\/div>\n<\/div>\n<\/div>\n<p>Erleben Sie die faszinierende Welt der Streetphotography, die ich w\u00e4hrend der Pandemie f\u00fcr mich entdeckt habe. In meinen Bildern fange ich die Sch\u00f6nheit des Allt\u00e4glichen ein, ohne inszenierend einzugreifen. Die interessantesten und authentischsten Aufnahmen ohne Models finden Sie in dieser handselektierten Serie &#8211; &#8220;Urban Chronicles&#8221;. Tauchen Sie ein in die Magie spontaner Momente und entdecken Sie Kunstwerke, die Ihre R\u00e4umlichkeiten mit lebendigen Geschichten bereichern werden.<\/p>\n<p>\u2022 handsigniert<br \/>\n\u2022 Echtheitszertifikat<br \/>\n\u2022 limitierte Auflage<br \/>\n\u2022 gedruckt auf Hahnem\u00fchle&nbsp; FineArt Papier 325g<br \/>\n\u2022 Das Bild wird ohne Rahmen geliefert, jedoch k\u00f6nnen wir Ihnen sehr gerne den idealen Rahmen f\u00fcr Ihr Bild empfehlen.<\/p>\n<p>20 x 30 cm &#8211;&nbsp; 222 St\u00fcck \/ 7 K\u00fcnstlerexemplare<br \/>\n30 x 45 cm &#8211;&nbsp; 111 St\u00fcck \/ 7 K\u00fcnstlerexemplare<br \/>\n40 x 60 cm &#8211; 88 St\u00fcck \/ 5 K\u00fcnstlerexemplare<br \/>\n50 x 70 cm &#8211;&nbsp; 55 St\u00fcck \/ 5 K\u00fcnstlerexemplare<br \/>\n70 x 100 cm &#8211; 44 St\u00fcck \/ 3 K\u00fcnstlerexemplare<br \/>\n100 x 150 cm &#8211; 23 St\u00fcck \/ 3 K\u00fcnstlerexemplare<\/p>\n<p><strong><a href=\"https:\/\/www.martinwieland.at\/de\/info-precom\/\"><span style=\"color: #ff0000;\">*PRODUKTINFOS ACRYLGLAS UND ALUDIBOND<\/span><\/a><\/strong><\/p>\n<p>Haben Sie Fragen zum Produkt?<\/p>\n<p><div class=\"fw-row tal\">\n\t\t\t\t\t\t<a href=\"mailto:mw@martinwieland.at\" target=\"_self\" class=\"button-style3\" style=\"\">\n\t\t\t\t\t\t\t\t<span>Mail senden<\/span>\n\t\t\t<\/a>\n\t\t\t<\/div><span style=\"color: #d6d6d6;\">\u23bb\u23bb\u23bb\u23bb\u23bb\u23bb\u23bb\u23bb\u23bb\u23bb\u23bb\u23bb<\/span><\/p>","protected":false},"excerpt":{"rendered":"<p>Experience the captivating world of Streetphotography, which I discovered during the pandemic. In my images, I capture the beauty of the everyday without interfering or staging scenes. The most intriguing and authentic shots without models can be found in this hand-curated series &#8211; &#8220;Urban Chronicles&#8221;. Immerse yourself in the magic of spontaneous moments and explore [&hellip;]<\/p>","protected":false},"featured_media":11098,"comment_status":"open","ping_status":"closed","template":"","meta":{"_acf_changed":false},"product_cat":[245],"product_tag":[50,51,52,53,54,55],"acf":[],"yoast_head":"<!-- This site is optimized with the Yoast SEO plugin v23.2 - https:\/\/yoast.com\/wordpress\/plugins\/seo\/ -->\n<title>Il Padrino - Martin Wieland Photography<\/title>\n<meta name=\"robots\" content=\"index, follow, max-snippet:-1, max-image-preview:large, max-video-preview:-1\" \/>\n<link rel=\"canonical\" href=\"https:\/\/www.martinwieland.at\/de\/produkt\/il-padrino\/\" \/>\n<meta property=\"og:locale\" content=\"de_DE\" \/>\n<meta property=\"og:type\" content=\"article\" \/>\n<meta property=\"og:title\" content=\"Il Padrino - Martin Wieland Photography\" \/>\n<meta property=\"og:description\" content=\"Experience the captivating world of Streetphotography, which I discovered during the pandemic. In my images, I capture the beauty of the everyday without interfering or staging scenes. The most intriguing and authentic shots without models can be found in this hand-curated series &#8211; &#8220;Urban Chronicles&#8221;. Immerse yourself in the magic of spontaneous moments and explore [&hellip;]\" \/>\n<meta property=\"og:url\" content=\"https:\/\/www.martinwieland.at\/de\/produkt\/il-padrino\/\" \/>\n<meta property=\"og:site_name\" content=\"Martin Wieland Photography\" \/>\n<meta property=\"article:modified_time\" content=\"2023-07-25T05:26:56+00:00\" \/>\n<meta property=\"og:image\" content=\"https:\/\/www.martinwieland.at\/wp-content\/uploads\/2023\/07\/Il-Padrino-2.jpg\" \/>\n\t<meta property=\"og:image:width\" content=\"1535\" \/>\n\t<meta property=\"og:image:height\" content=\"1535\" \/>\n\t<meta property=\"og:image:type\" content=\"image\/jpeg\" \/>\n<meta name=\"twitter:card\" content=\"summary_large_image\" \/>\n<meta name=\"twitter:label1\" content=\"Gesch\u00e4tzte Lesezeit\" \/>\n\t<meta name=\"twitter:data1\" content=\"3\u00a0Minuten\" \/>\n<script type=\"application\/ld+json\" class=\"yoast-schema-graph\">{\"@context\":\"https:\/\/schema.org\",\"@graph\":[{\"@type\":\"WebPage\",\"@id\":\"https:\/\/www.martinwieland.at\/de\/produkt\/il-padrino\/\",\"url\":\"https:\/\/www.martinwieland.at\/de\/produkt\/il-padrino\/\",\"name\":\"Il Padrino - Martin Wieland Photography\",\"isPartOf\":{\"@id\":\"https:\/\/www.martinwieland.at\/#website\"},\"primaryImageOfPage\":{\"@id\":\"https:\/\/www.martinwieland.at\/de\/produkt\/il-padrino\/#primaryimage\"},\"image\":{\"@id\":\"https:\/\/www.martinwieland.at\/de\/produkt\/il-padrino\/#primaryimage\"},\"thumbnailUrl\":\"https:\/\/www.martinwieland.at\/wp-content\/uploads\/2023\/07\/Il-Padrino-2.jpg\",\"datePublished\":\"2023-07-25T05:25:41+00:00\",\"dateModified\":\"2023-07-25T05:26:56+00:00\",\"breadcrumb\":{\"@id\":\"https:\/\/www.martinwieland.at\/de\/produkt\/il-padrino\/#breadcrumb\"},\"inLanguage\":\"de\",\"potentialAction\":[{\"@type\":\"ReadAction\",\"target\":[\"https:\/\/www.martinwieland.at\/de\/produkt\/il-padrino\/\"]}]},{\"@type\":\"ImageObject\",\"inLanguage\":\"de\",\"@id\":\"https:\/\/www.martinwieland.at\/de\/produkt\/il-padrino\/#primaryimage\",\"url\":\"https:\/\/www.martinwieland.at\/wp-content\/uploads\/2023\/07\/Il-Padrino-2.jpg\",\"contentUrl\":\"https:\/\/www.martinwieland.at\/wp-content\/uploads\/2023\/07\/Il-Padrino-2.jpg\",\"width\":1535,\"height\":1535},{\"@type\":\"BreadcrumbList\",\"@id\":\"https:\/\/www.martinwieland.at\/de\/produkt\/il-padrino\/#breadcrumb\",\"itemListElement\":[{\"@type\":\"ListItem\",\"position\":1,\"name\":\"Startseite\",\"item\":\"https:\/\/www.martinwieland.at\/\"},{\"@type\":\"ListItem\",\"position\":2,\"name\":\"Shop\",\"item\":\"https:\/\/www.martinwieland.at\/shop\/\"},{\"@type\":\"ListItem\",\"position\":3,\"name\":\"Il Padrino\"}]},{\"@type\":\"WebSite\",\"@id\":\"https:\/\/www.martinwieland.at\/#website\",\"url\":\"https:\/\/www.martinwieland.at\/\",\"name\":\"Martin Wieland Photography\",\"description\":\"Martin Wieland Photography\",\"potentialAction\":[{\"@type\":\"SearchAction\",\"target\":{\"@type\":\"EntryPoint\",\"urlTemplate\":\"https:\/\/www.martinwieland.at\/?s={search_term_string}\"},\"query-input\":\"required name=search_term_string\"}],\"inLanguage\":\"de\"}]}<\/script>\n<!-- \/ Yoast SEO plugin. -->","yoast_head_json":{"title":"Il Padrino - Martin Wieland Photography","robots":{"index":"index","follow":"follow","max-snippet":"max-snippet:-1","max-image-preview":"max-image-preview:large","max-video-preview":"max-video-preview:-1"},"canonical":"https:\/\/www.martinwieland.at\/de\/produkt\/il-padrino\/","og_locale":"de_DE","og_type":"article","og_title":"Il Padrino - Martin Wieland Photography","og_description":"Experience the captivating world of Streetphotography, which I discovered during the pandemic. In my images, I capture the beauty of the everyday without interfering or staging scenes. The most intriguing and authentic shots without models can be found in this hand-curated series &#8211; &#8220;Urban Chronicles&#8221;. Immerse yourself in the magic of spontaneous moments and explore [&hellip;]","og_url":"https:\/\/www.martinwieland.at\/de\/produkt\/il-padrino\/","og_site_name":"Martin Wieland Photography","article_modified_time":"2023-07-25T05:26:56+00:00","og_image":[{"width":1535,"height":1535,"url":"https:\/\/www.martinwieland.at\/wp-content\/uploads\/2023\/07\/Il-Padrino-2.jpg","type":"image\/jpeg"}],"twitter_card":"summary_large_image","twitter_misc":{"Gesch\u00e4tzte Lesezeit":"3\u00a0Minuten"},"schema":{"@context":"https:\/\/schema.org","@graph":[{"@type":"WebPage","@id":"https:\/\/www.martinwieland.at\/de\/produkt\/il-padrino\/","url":"https:\/\/www.martinwieland.at\/de\/produkt\/il-padrino\/","name":"Il Padrino - Martin Wieland Photography","isPartOf":{"@id":"https:\/\/www.martinwieland.at\/#website"},"primaryImageOfPage":{"@id":"https:\/\/www.martinwieland.at\/de\/produkt\/il-padrino\/#primaryimage"},"image":{"@id":"https:\/\/www.martinwieland.at\/de\/produkt\/il-padrino\/#primaryimage"},"thumbnailUrl":"https:\/\/www.martinwieland.at\/wp-content\/uploads\/2023\/07\/Il-Padrino-2.jpg","datePublished":"2023-07-25T05:25:41+00:00","dateModified":"2023-07-25T05:26:56+00:00","breadcrumb":{"@id":"https:\/\/www.martinwieland.at\/de\/produkt\/il-padrino\/#breadcrumb"},"inLanguage":"de","potentialAction":[{"@type":"ReadAction","target":["https:\/\/www.martinwieland.at\/de\/produkt\/il-padrino\/"]}]},{"@type":"ImageObject","inLanguage":"de","@id":"https:\/\/www.martinwieland.at\/de\/produkt\/il-padrino\/#primaryimage","url":"https:\/\/www.martinwieland.at\/wp-content\/uploads\/2023\/07\/Il-Padrino-2.jpg","contentUrl":"https:\/\/www.martinwieland.at\/wp-content\/uploads\/2023\/07\/Il-Padrino-2.jpg","width":1535,"height":1535},{"@type":"BreadcrumbList","@id":"https:\/\/www.martinwieland.at\/de\/produkt\/il-padrino\/#breadcrumb","itemListElement":[{"@type":"ListItem","position":1,"name":"Startseite","item":"https:\/\/www.martinwieland.at\/"},{"@type":"ListItem","position":2,"name":"Shop","item":"https:\/\/www.martinwieland.at\/shop\/"},{"@type":"ListItem","position":3,"name":"Il Padrino"}]},{"@type":"WebSite","@id":"https:\/\/www.martinwieland.at\/#website","url":"https:\/\/www.martinwieland.at\/","name":"Martin Wieland Photography","description":"Martin Wieland Photography","potentialAction":[{"@type":"SearchAction","target":{"@type":"EntryPoint","urlTemplate":"https:\/\/www.martinwieland.at\/?s={search_term_string}"},"query-input":"required name=search_term_string"}],"inLanguage":"de"}]}},"_links":{"self":[{"href":"https:\/\/www.martinwieland.at\/de\/wp-json\/wp\/v2\/product\/11263"}],"collection":[{"href":"https:\/\/www.martinwieland.at\/de\/wp-json\/wp\/v2\/product"}],"about":[{"href":"https:\/\/www.martinwieland.at\/de\/wp-json\/wp\/v2\/types\/product"}],"replies":[{"embeddable":true,"href":"https:\/\/www.martinwieland.at\/de\/wp-json\/wp\/v2\/comments?post=11263"}],"wp:featuredmedia":[{"embeddable":true,"href":"https:\/\/www.martinwieland.at\/de\/wp-json\/wp\/v2\/media\/11098"}],"wp:attachment":[{"href":"https:\/\/www.martinwieland.at\/de\/wp-json\/wp\/v2\/media?parent=11263"}],"wp:term":[{"taxonomy":"product_cat","embeddable":true,"href":"https:\/\/www.martinwieland.at\/de\/wp-json\/wp\/v2\/product_cat?post=11263"},{"taxonomy":"product_tag","embeddable":true,"href":"https:\/\/www.martinwieland.at\/de\/wp-json\/wp\/v2\/product_tag?post=11263"}],"curies":[{"name":"wp","href":"https:\/\/api.w.org\/{rel}","templated":true}]}}