{"id":11334,"date":"2023-07-31T08:25:43","date_gmt":"2023-07-31T06:25:43","guid":{"rendered":"https:\/\/www.martinwieland.at\/?post_type=product&#038;p=11334"},"modified":"2023-12-07T22:31:22","modified_gmt":"2023-12-07T21:31:22","slug":"mermaid-pt-2","status":"publish","type":"product","link":"https:\/\/www.martinwieland.at\/de\/produkt\/mermaid-pt-2\/","title":{"rendered":"Mermaid Pt. 2"},"content":{"rendered":"<div class=\"rte\">\n<p>Bring your walls to life! In this captivating composition, nude photography and abstract collage blend into a unique art form. Each element of this original masterpiece is carefully arranged to showcase the powerful beauty of the human body in all its glory. Acrylic paint and ink add an extra dimension to the artwork, drawing you in and captivating your senses. Secure this one-of-a-kind piece that not only adorns spaces but also tells a captivating story and uplifts your spirit.<\/p>\n<\/div>\n<div class=\"rte\">\n<div class=\"woocommerce-product-details__short-description\">\n<div class=\"product__page__photos__text\">\n<p>\u2022 Ink, adhesive Tape, Acrylic, printed photography, collage on cardboard.<br \/>\n\u2022 32x38cm<\/p>\n<p><span style=\"color: #d6d4d4;\">\u23bc\u23bc\u23bc\u23bc<\/span><\/p>\n<\/div>\n<\/div>\n<\/div>\n<p>\u2022 One of a Kind<br \/>\n\u2022 Certificate of Authenticity<br \/>\n\u2022 handsigned<br \/>\n\u2022 Drawings and photographic elements were created singular by us and put together analog after a long process of \u201enearly fitting\u201c.<br \/>\n\u2022 Should you wish to have your artwork framed, please contact us by mail<\/p>\n<div class=\"rte\">\n<div class=\"woocommerce-product-details__short-description\">\n<div class=\"product__page__photos__text\">\n<p>Do you have any questions about the product?<\/p>\n<div class=\"fw-row tal\">\n\t\t\t\t\t\t<a href=\"mailto:mw@martinwieland.at\" target=\"_self\" class=\"button-style3\" style=\"\">\n\t\t\t\t\t\t\t\t<span>send mail<\/span>\n\t\t\t<\/a>\n\t\t\t<\/div><\/div>\n<div>&nbsp;<\/div>\n<div class=\"product__page__photos__text\"><span style=\"color: #d6d6d6;\">\u23bb\u23bb\u23bb\u23bb\u23bb\u23bb\u23bb\u23bb\u23bb\u23bb\u23bb\u23bb<\/span><\/div>\n<\/div>\n<\/div>\n<p>Erwecke deine W\u00e4nde zum Leben! In dieser fesselnden Komposition verschmelzen Aktfotografie und abstrakte Collage zu einer einzigartigen Kunstform. Jedes Element dieses Originalwerks ist sorgf\u00e4ltig arrangiert, um die kraftvolle Sch\u00f6nheit des menschlichen K\u00f6rpers in seiner ganzen Pracht zu pr\u00e4sentieren. Acrylfarbe und Tusche verleihen dem Kunstwerk eine zus\u00e4tzliche Dimension, die dich in seinen Bann ziehen wird. Sichere dir dieses Unikat, das nicht nur R\u00e4ume schm\u00fcckt, sondern auch eine fesselnde Geschichte erz\u00e4hlt und deinen Geist befl\u00fcgelt.<\/p>\n<p>\u2022 Tusche, Klebeband, Acryl, gedr. Fotografie, Collage auf Karton<br \/>\n\u2022 32x38cm<br \/>\n<span style=\"color: #d6d4d4;\">\u23bc\u23bc\u23bc\u23bc<\/span><br \/>\n\u2022 Unikat<br \/>\n\u2022 Echtheitszertifikat<br \/>\n\u2022 handsigniert<br \/>\n\u2022 Die Zeichnungen und Fotografien wurden von uns getrennt erstellt und analog mittels Collagetechnik zusammengef\u00fcgt.<br \/>\n\u2022 Wir geben Ihrem Kunstwerk auch gerne den passenden Rahmen<\/p>\n<p>Haben Sie Fragen zum Produkt?<\/p>\n<p><div class=\"fw-row tal\">\n\t\t\t\t\t\t<a href=\"mailto:mw@martinwieland.at\" target=\"_self\" class=\"button-style3\" style=\"\">\n\t\t\t\t\t\t\t\t<span>Mail senden<\/span>\n\t\t\t<\/a>\n\t\t\t<\/div><span style=\"color: #d6d6d6;\">\u23bb\u23bb\u23bb\u23bb\u23bb\u23bb\u23bb\u23bb\u23bb\u23bb\u23bb\u23bb<\/span><\/p>","protected":false},"excerpt":{"rendered":"<p>Bring your walls to life! In this captivating composition, nude photography and abstract collage blend into a unique art form. Each element of this original masterpiece is carefully arranged to showcase the powerful beauty of the human body in all its glory. Acrylic paint and ink add an extra dimension to the artwork, drawing you [&hellip;]<\/p>","protected":false},"featured_media":8320,"comment_status":"open","ping_status":"closed","template":"","meta":{"_acf_changed":false},"product_cat":[168,252,254],"product_tag":[131,50,242,51,133,53,244,54,241,74,142,55,143,240,243],"acf":[],"yoast_head":"<!-- This site is optimized with the Yoast SEO plugin v23.2 - https:\/\/yoast.com\/wordpress\/plugins\/seo\/ -->\n<title>Mermaid Pt. 2 - Martin Wieland Photography<\/title>\n<meta name=\"robots\" content=\"index, follow, max-snippet:-1, max-image-preview:large, max-video-preview:-1\" \/>\n<link rel=\"canonical\" href=\"https:\/\/www.martinwieland.at\/de\/produkt\/mermaid-pt-2\/\" \/>\n<meta property=\"og:locale\" content=\"de_DE\" \/>\n<meta property=\"og:type\" content=\"article\" \/>\n<meta property=\"og:title\" content=\"Mermaid Pt. 2 - Martin Wieland Photography\" \/>\n<meta property=\"og:description\" content=\"Bring your walls to life! In this captivating composition, nude photography and abstract collage blend into a unique art form. Each element of this original masterpiece is carefully arranged to showcase the powerful beauty of the human body in all its glory. Acrylic paint and ink add an extra dimension to the artwork, drawing you [&hellip;]\" \/>\n<meta property=\"og:url\" content=\"https:\/\/www.martinwieland.at\/de\/produkt\/mermaid-pt-2\/\" \/>\n<meta property=\"og:site_name\" content=\"Martin Wieland Photography\" \/>\n<meta property=\"article:modified_time\" content=\"2023-12-07T21:31:22+00:00\" \/>\n<meta property=\"og:image\" content=\"https:\/\/www.martinwieland.at\/wp-content\/uploads\/2023\/05\/Mermaid-Pt.-2-1.jpg\" \/>\n\t<meta property=\"og:image:width\" content=\"1535\" \/>\n\t<meta property=\"og:image:height\" content=\"1535\" \/>\n\t<meta property=\"og:image:type\" content=\"image\/jpeg\" \/>\n<meta name=\"twitter:card\" content=\"summary_large_image\" \/>\n<meta name=\"twitter:label1\" content=\"Gesch\u00e4tzte Lesezeit\" \/>\n\t<meta name=\"twitter:data1\" content=\"2\u00a0Minuten\" \/>\n<script type=\"application\/ld+json\" class=\"yoast-schema-graph\">{\"@context\":\"https:\/\/schema.org\",\"@graph\":[{\"@type\":\"WebPage\",\"@id\":\"https:\/\/www.martinwieland.at\/produkt\/mermaid-pt-2\/\",\"url\":\"https:\/\/www.martinwieland.at\/produkt\/mermaid-pt-2\/\",\"name\":\"Mermaid Pt. 2 - Martin Wieland Photography\",\"isPartOf\":{\"@id\":\"https:\/\/www.martinwieland.at\/#website\"},\"primaryImageOfPage\":{\"@id\":\"https:\/\/www.martinwieland.at\/produkt\/mermaid-pt-2\/#primaryimage\"},\"image\":{\"@id\":\"https:\/\/www.martinwieland.at\/produkt\/mermaid-pt-2\/#primaryimage\"},\"thumbnailUrl\":\"https:\/\/www.martinwieland.at\/wp-content\/uploads\/2023\/05\/Mermaid-Pt.-2-1.jpg\",\"datePublished\":\"2023-07-31T06:25:43+00:00\",\"dateModified\":\"2023-12-07T21:31:22+00:00\",\"breadcrumb\":{\"@id\":\"https:\/\/www.martinwieland.at\/produkt\/mermaid-pt-2\/#breadcrumb\"},\"inLanguage\":\"de\",\"potentialAction\":[{\"@type\":\"ReadAction\",\"target\":[\"https:\/\/www.martinwieland.at\/produkt\/mermaid-pt-2\/\"]}]},{\"@type\":\"ImageObject\",\"inLanguage\":\"de\",\"@id\":\"https:\/\/www.martinwieland.at\/produkt\/mermaid-pt-2\/#primaryimage\",\"url\":\"https:\/\/www.martinwieland.at\/wp-content\/uploads\/2023\/05\/Mermaid-Pt.-2-1.jpg\",\"contentUrl\":\"https:\/\/www.martinwieland.at\/wp-content\/uploads\/2023\/05\/Mermaid-Pt.-2-1.jpg\",\"width\":1535,\"height\":1535},{\"@type\":\"BreadcrumbList\",\"@id\":\"https:\/\/www.martinwieland.at\/produkt\/mermaid-pt-2\/#breadcrumb\",\"itemListElement\":[{\"@type\":\"ListItem\",\"position\":1,\"name\":\"Startseite\",\"item\":\"https:\/\/www.martinwieland.at\/\"},{\"@type\":\"ListItem\",\"position\":2,\"name\":\"Shop\",\"item\":\"https:\/\/www.martinwieland.at\/shop\/\"},{\"@type\":\"ListItem\",\"position\":3,\"name\":\"Mermaid Pt. 2\"}]},{\"@type\":\"WebSite\",\"@id\":\"https:\/\/www.martinwieland.at\/#website\",\"url\":\"https:\/\/www.martinwieland.at\/\",\"name\":\"Martin Wieland Photography\",\"description\":\"Martin Wieland Photography\",\"potentialAction\":[{\"@type\":\"SearchAction\",\"target\":{\"@type\":\"EntryPoint\",\"urlTemplate\":\"https:\/\/www.martinwieland.at\/?s={search_term_string}\"},\"query-input\":\"required name=search_term_string\"}],\"inLanguage\":\"de\"}]}<\/script>\n<!-- \/ Yoast SEO plugin. -->","yoast_head_json":{"title":"Mermaid Pt. 2 - Martin Wieland Photography","robots":{"index":"index","follow":"follow","max-snippet":"max-snippet:-1","max-image-preview":"max-image-preview:large","max-video-preview":"max-video-preview:-1"},"canonical":"https:\/\/www.martinwieland.at\/de\/produkt\/mermaid-pt-2\/","og_locale":"de_DE","og_type":"article","og_title":"Mermaid Pt. 2 - Martin Wieland Photography","og_description":"Bring your walls to life! In this captivating composition, nude photography and abstract collage blend into a unique art form. Each element of this original masterpiece is carefully arranged to showcase the powerful beauty of the human body in all its glory. Acrylic paint and ink add an extra dimension to the artwork, drawing you [&hellip;]","og_url":"https:\/\/www.martinwieland.at\/de\/produkt\/mermaid-pt-2\/","og_site_name":"Martin Wieland Photography","article_modified_time":"2023-12-07T21:31:22+00:00","og_image":[{"width":1535,"height":1535,"url":"https:\/\/www.martinwieland.at\/wp-content\/uploads\/2023\/05\/Mermaid-Pt.-2-1.jpg","type":"image\/jpeg"}],"twitter_card":"summary_large_image","twitter_misc":{"Gesch\u00e4tzte Lesezeit":"2\u00a0Minuten"},"schema":{"@context":"https:\/\/schema.org","@graph":[{"@type":"WebPage","@id":"https:\/\/www.martinwieland.at\/produkt\/mermaid-pt-2\/","url":"https:\/\/www.martinwieland.at\/produkt\/mermaid-pt-2\/","name":"Mermaid Pt. 2 - Martin Wieland Photography","isPartOf":{"@id":"https:\/\/www.martinwieland.at\/#website"},"primaryImageOfPage":{"@id":"https:\/\/www.martinwieland.at\/produkt\/mermaid-pt-2\/#primaryimage"},"image":{"@id":"https:\/\/www.martinwieland.at\/produkt\/mermaid-pt-2\/#primaryimage"},"thumbnailUrl":"https:\/\/www.martinwieland.at\/wp-content\/uploads\/2023\/05\/Mermaid-Pt.-2-1.jpg","datePublished":"2023-07-31T06:25:43+00:00","dateModified":"2023-12-07T21:31:22+00:00","breadcrumb":{"@id":"https:\/\/www.martinwieland.at\/produkt\/mermaid-pt-2\/#breadcrumb"},"inLanguage":"de","potentialAction":[{"@type":"ReadAction","target":["https:\/\/www.martinwieland.at\/produkt\/mermaid-pt-2\/"]}]},{"@type":"ImageObject","inLanguage":"de","@id":"https:\/\/www.martinwieland.at\/produkt\/mermaid-pt-2\/#primaryimage","url":"https:\/\/www.martinwieland.at\/wp-content\/uploads\/2023\/05\/Mermaid-Pt.-2-1.jpg","contentUrl":"https:\/\/www.martinwieland.at\/wp-content\/uploads\/2023\/05\/Mermaid-Pt.-2-1.jpg","width":1535,"height":1535},{"@type":"BreadcrumbList","@id":"https:\/\/www.martinwieland.at\/produkt\/mermaid-pt-2\/#breadcrumb","itemListElement":[{"@type":"ListItem","position":1,"name":"Startseite","item":"https:\/\/www.martinwieland.at\/"},{"@type":"ListItem","position":2,"name":"Shop","item":"https:\/\/www.martinwieland.at\/shop\/"},{"@type":"ListItem","position":3,"name":"Mermaid Pt. 2"}]},{"@type":"WebSite","@id":"https:\/\/www.martinwieland.at\/#website","url":"https:\/\/www.martinwieland.at\/","name":"Martin Wieland Photography","description":"Martin Wieland Photography","potentialAction":[{"@type":"SearchAction","target":{"@type":"EntryPoint","urlTemplate":"https:\/\/www.martinwieland.at\/?s={search_term_string}"},"query-input":"required name=search_term_string"}],"inLanguage":"de"}]}},"_links":{"self":[{"href":"https:\/\/www.martinwieland.at\/de\/wp-json\/wp\/v2\/product\/11334"}],"collection":[{"href":"https:\/\/www.martinwieland.at\/de\/wp-json\/wp\/v2\/product"}],"about":[{"href":"https:\/\/www.martinwieland.at\/de\/wp-json\/wp\/v2\/types\/product"}],"replies":[{"embeddable":true,"href":"https:\/\/www.martinwieland.at\/de\/wp-json\/wp\/v2\/comments?post=11334"}],"wp:featuredmedia":[{"embeddable":true,"href":"https:\/\/www.martinwieland.at\/de\/wp-json\/wp\/v2\/media\/8320"}],"wp:attachment":[{"href":"https:\/\/www.martinwieland.at\/de\/wp-json\/wp\/v2\/media?parent=11334"}],"wp:term":[{"taxonomy":"product_cat","embeddable":true,"href":"https:\/\/www.martinwieland.at\/de\/wp-json\/wp\/v2\/product_cat?post=11334"},{"taxonomy":"product_tag","embeddable":true,"href":"https:\/\/www.martinwieland.at\/de\/wp-json\/wp\/v2\/product_tag?post=11334"}],"curies":[{"name":"wp","href":"https:\/\/api.w.org\/{rel}","templated":true}]}}