{"id":11495,"date":"2023-08-14T13:42:50","date_gmt":"2023-08-14T11:42:50","guid":{"rendered":"https:\/\/www.martinwieland.at\/?post_type=product&#038;p=11495"},"modified":"2023-08-14T13:51:15","modified_gmt":"2023-08-14T11:51:15","slug":"nightshift","status":"publish","type":"product","link":"https:\/\/www.martinwieland.at\/de\/produkt\/nightshift\/","title":{"rendered":"Nightshift &#8211; 11 photos"},"content":{"rendered":"<p>Experience the fascination of an old container port at night. Our sensual photo series captures the unique atmosphere of this location. Intertwined with industrial aesthetics and the allure of the night, a young woman is presented in a sensual symbiosis with the surroundings. Discover this enchanting series in our webshop and let yourself be captivated by the seductive fusion of industry and elegance.<\/p>\n<p>\u2022 Available in 2 different sizes<br \/>\n\u2022 You can choose from 3 different surfaces &#8211; glossy, lustre or silk<br \/>\n\u2022 If you wish to have the photos framed, we can suggest the perfect frame for you., so all you need to do is hang the pictures on the wall.<br \/>\n\u2022 printed on real photographic paper<br \/>\n\u2022 without watermarks or logos<br \/>\n\u2022 pure pleasure for your eyes.<\/p>\n<p><span style=\"color: #d6d6d6; font-size: 10pt;\">\u23bb<\/span><span style=\"color: #d6d6d6; font-size: 10pt;\">\u23bb<\/span><span style=\"color: #d6d6d6; font-size: 10pt;\">\u23bb<\/span><span style=\"color: #d6d6d6; font-size: 10pt;\">\u23bb<\/span><span style=\"color: #d6d6d6; font-size: 10pt;\">\u23bb<\/span><span style=\"color: #d6d6d6; font-size: 10pt;\">\u23bb<\/span><span style=\"color: #d6d6d6; font-size: 10pt;\">\u23bb<\/span><span style=\"color: #d6d6d6; font-size: 10pt;\">\u23bb<\/span><span style=\"color: #d6d6d6; font-size: 10pt;\">\u23bb<\/span><span style=\"color: #d6d6d6; font-size: 10pt;\">\u23bb<\/span><\/p>\n<p>Do you want to see more pics of this set?<\/p>\n<p><div class=\"fw-row tal\">\n\t\t\t\t\t\t<a href=\"mailto:mw@martinwieland.at\" target=\"_self\" class=\"button-style3\" style=\"\">\n\t\t\t\t\t\t\t\t<span>send mail<\/span>\n\t\t\t<\/a>\n\t\t\t<\/div><span style=\"color: #d6d6d6;\">\u23bb\u23bb\u23bb\u23bb\u23bb\u23bb\u23bb\u23bb\u23bb\u23bb\u23bb\u23bb<\/span><\/p>\n<p>Erleben Sie die Faszination eines alten Containerhafens bei Nacht. Unsere sinnliche Fotostrecke f\u00e4ngt die einzigartige Atmosph\u00e4re dieses Ortes ein. Verwoben mit der Industrie\u00e4sthetik und dem n\u00e4chtlichen Flair, pr\u00e4sentiert sich eine junge Frau in einer sinnlichen Symbiose mit der Umgebung. Entdecken Sie diese bezaubernde Serie in unserem Webshop und lassen Sie sich von der verf\u00fchrerischen Verbindung von Industrie und Anmut begeistern.<\/p>\n<p>\u2022 Erh\u00e4ltlich in 2 verschiedenen Gr\u00f6\u00dfen.<br \/>\n\u2022 Sie k\u00f6nnen aus 3 verschiedenen Oberfl\u00e4chen ausw\u00e4hlen &#8211; Hochglanz, Seidenraster oder Matt.<br \/>\n\u2022 Auf Wunsch verpassen wir den Bildern gleich den idealen Rahmen, damit sie daheim nur mehr aufgeh\u00e4ngt werden m\u00fcssen.<br \/>\n\u2022 ausbelichtet auf echtem Fotopapier<br \/>\n\u2022 kein Wasserzeichen auf den Bilder<br \/>\n\u2022 ein Hochgenuss f\u00fcr die Augen<\/p>\n<p><span style=\"color: #d6d6d6; font-size: 10pt;\">\u23bb<\/span><span style=\"color: #d6d6d6; font-size: 10pt;\">\u23bb<\/span><span style=\"color: #d6d6d6; font-size: 10pt;\">\u23bb<\/span><span style=\"color: #d6d6d6; font-size: 10pt;\">\u23bb<\/span><span style=\"color: #d6d6d6; font-size: 10pt;\">\u23bb<\/span><span style=\"color: #d6d6d6; font-size: 10pt;\">\u23bb<\/span><span style=\"color: #d6d6d6; font-size: 10pt;\">\u23bb<\/span><span style=\"color: #d6d6d6; font-size: 10pt;\">\u23bb<\/span><span style=\"color: #d6d6d6; font-size: 10pt;\">\u23bb<\/span><span style=\"color: #d6d6d6; font-size: 10pt;\">\u23bb<\/span><\/p>\n<p>M\u00f6chtest Du noch mehr Fotos aus diesem Set sehen?<\/p>\n<p><div class=\"fw-row tal\">\n\t\t\t\t\t\t<a href=\"mailto:mw@martinwieland.at\" target=\"_self\" class=\"button-style3\" style=\"\">\n\t\t\t\t\t\t\t\t<span>send mail<\/span>\n\t\t\t<\/a>\n\t\t\t<\/div><span style=\"color: #d6d6d6;\">\u23bb\u23bb\u23bb\u23bb\u23bb\u23bb\u23bb\u23bb\u23bb\u23bb\u23bb\u23bb<\/span><\/p>","protected":false},"excerpt":{"rendered":"<p>Experience the fascination of an old container port at night. Our sensual photo series captures the unique atmosphere of this location. Intertwined with industrial aesthetics and the allure of the night, a young woman is presented in a sensual symbiosis with the surroundings. Discover this enchanting series in our webshop and let yourself be captivated [&hellip;]<\/p>","protected":false},"featured_media":11502,"comment_status":"open","ping_status":"closed","template":"","meta":{"_acf_changed":false},"product_cat":[71],"product_tag":[72,73,51,53,54,74,75,76],"acf":[],"yoast_head":"<!-- This site is optimized with the Yoast SEO plugin v23.2 - https:\/\/yoast.com\/wordpress\/plugins\/seo\/ -->\n<title>Nightshift - 11 photos - Martin Wieland Photography<\/title>\n<meta name=\"robots\" content=\"index, follow, max-snippet:-1, max-image-preview:large, max-video-preview:-1\" \/>\n<link rel=\"canonical\" href=\"http:\/\/www.martinwieland.at\/de\/produkt\/nightshift\/\" \/>\n<meta property=\"og:locale\" content=\"de_DE\" \/>\n<meta property=\"og:type\" content=\"article\" \/>\n<meta property=\"og:title\" content=\"Nightshift - 11 photos - Martin Wieland Photography\" \/>\n<meta property=\"og:description\" content=\"Experience the fascination of an old container port at night. Our sensual photo series captures the unique atmosphere of this location. Intertwined with industrial aesthetics and the allure of the night, a young woman is presented in a sensual symbiosis with the surroundings. Discover this enchanting series in our webshop and let yourself be captivated [&hellip;]\" \/>\n<meta property=\"og:url\" content=\"http:\/\/www.martinwieland.at\/de\/produkt\/nightshift\/\" \/>\n<meta property=\"og:site_name\" content=\"Martin Wieland Photography\" \/>\n<meta property=\"article:modified_time\" content=\"2023-08-14T11:51:15+00:00\" \/>\n<meta property=\"og:image\" content=\"https:\/\/www.martinwieland.at\/wp-content\/uploads\/2023\/08\/nightshift.jpg\" \/>\n\t<meta property=\"og:image:width\" content=\"1535\" \/>\n\t<meta property=\"og:image:height\" content=\"1535\" \/>\n\t<meta property=\"og:image:type\" content=\"image\/jpeg\" \/>\n<meta name=\"twitter:card\" content=\"summary_large_image\" \/>\n<meta name=\"twitter:label1\" content=\"Gesch\u00e4tzte Lesezeit\" \/>\n\t<meta name=\"twitter:data1\" content=\"2\u00a0Minuten\" \/>\n<script type=\"application\/ld+json\" class=\"yoast-schema-graph\">{\"@context\":\"https:\/\/schema.org\",\"@graph\":[{\"@type\":\"WebPage\",\"@id\":\"http:\/\/www.martinwieland.at\/de\/produkt\/nightshift\/\",\"url\":\"http:\/\/www.martinwieland.at\/de\/produkt\/nightshift\/\",\"name\":\"Nightshift - 11 photos - Martin Wieland Photography\",\"isPartOf\":{\"@id\":\"https:\/\/www.martinwieland.at\/#website\"},\"primaryImageOfPage\":{\"@id\":\"http:\/\/www.martinwieland.at\/de\/produkt\/nightshift\/#primaryimage\"},\"image\":{\"@id\":\"http:\/\/www.martinwieland.at\/de\/produkt\/nightshift\/#primaryimage\"},\"thumbnailUrl\":\"https:\/\/www.martinwieland.at\/wp-content\/uploads\/2023\/08\/nightshift.jpg\",\"datePublished\":\"2023-08-14T11:42:50+00:00\",\"dateModified\":\"2023-08-14T11:51:15+00:00\",\"breadcrumb\":{\"@id\":\"http:\/\/www.martinwieland.at\/de\/produkt\/nightshift\/#breadcrumb\"},\"inLanguage\":\"de\",\"potentialAction\":[{\"@type\":\"ReadAction\",\"target\":[\"http:\/\/www.martinwieland.at\/de\/produkt\/nightshift\/\"]}]},{\"@type\":\"ImageObject\",\"inLanguage\":\"de\",\"@id\":\"http:\/\/www.martinwieland.at\/de\/produkt\/nightshift\/#primaryimage\",\"url\":\"https:\/\/www.martinwieland.at\/wp-content\/uploads\/2023\/08\/nightshift.jpg\",\"contentUrl\":\"https:\/\/www.martinwieland.at\/wp-content\/uploads\/2023\/08\/nightshift.jpg\",\"width\":1535,\"height\":1535},{\"@type\":\"BreadcrumbList\",\"@id\":\"http:\/\/www.martinwieland.at\/de\/produkt\/nightshift\/#breadcrumb\",\"itemListElement\":[{\"@type\":\"ListItem\",\"position\":1,\"name\":\"Startseite\",\"item\":\"https:\/\/www.martinwieland.at\/\"},{\"@type\":\"ListItem\",\"position\":2,\"name\":\"Shop\",\"item\":\"https:\/\/www.martinwieland.at\/shop\/\"},{\"@type\":\"ListItem\",\"position\":3,\"name\":\"Nightshift &#8211; 11 photos\"}]},{\"@type\":\"WebSite\",\"@id\":\"https:\/\/www.martinwieland.at\/#website\",\"url\":\"https:\/\/www.martinwieland.at\/\",\"name\":\"Martin Wieland Photography\",\"description\":\"Martin Wieland Photography\",\"potentialAction\":[{\"@type\":\"SearchAction\",\"target\":{\"@type\":\"EntryPoint\",\"urlTemplate\":\"https:\/\/www.martinwieland.at\/?s={search_term_string}\"},\"query-input\":\"required name=search_term_string\"}],\"inLanguage\":\"de\"}]}<\/script>\n<!-- \/ Yoast SEO plugin. -->","yoast_head_json":{"title":"Nightshift - 11 photos - Martin Wieland Photography","robots":{"index":"index","follow":"follow","max-snippet":"max-snippet:-1","max-image-preview":"max-image-preview:large","max-video-preview":"max-video-preview:-1"},"canonical":"http:\/\/www.martinwieland.at\/de\/produkt\/nightshift\/","og_locale":"de_DE","og_type":"article","og_title":"Nightshift - 11 photos - Martin Wieland Photography","og_description":"Experience the fascination of an old container port at night. Our sensual photo series captures the unique atmosphere of this location. Intertwined with industrial aesthetics and the allure of the night, a young woman is presented in a sensual symbiosis with the surroundings. Discover this enchanting series in our webshop and let yourself be captivated [&hellip;]","og_url":"http:\/\/www.martinwieland.at\/de\/produkt\/nightshift\/","og_site_name":"Martin Wieland Photography","article_modified_time":"2023-08-14T11:51:15+00:00","og_image":[{"width":1535,"height":1535,"url":"https:\/\/www.martinwieland.at\/wp-content\/uploads\/2023\/08\/nightshift.jpg","type":"image\/jpeg"}],"twitter_card":"summary_large_image","twitter_misc":{"Gesch\u00e4tzte Lesezeit":"2\u00a0Minuten"},"schema":{"@context":"https:\/\/schema.org","@graph":[{"@type":"WebPage","@id":"http:\/\/www.martinwieland.at\/de\/produkt\/nightshift\/","url":"http:\/\/www.martinwieland.at\/de\/produkt\/nightshift\/","name":"Nightshift - 11 photos - Martin Wieland Photography","isPartOf":{"@id":"https:\/\/www.martinwieland.at\/#website"},"primaryImageOfPage":{"@id":"http:\/\/www.martinwieland.at\/de\/produkt\/nightshift\/#primaryimage"},"image":{"@id":"http:\/\/www.martinwieland.at\/de\/produkt\/nightshift\/#primaryimage"},"thumbnailUrl":"https:\/\/www.martinwieland.at\/wp-content\/uploads\/2023\/08\/nightshift.jpg","datePublished":"2023-08-14T11:42:50+00:00","dateModified":"2023-08-14T11:51:15+00:00","breadcrumb":{"@id":"http:\/\/www.martinwieland.at\/de\/produkt\/nightshift\/#breadcrumb"},"inLanguage":"de","potentialAction":[{"@type":"ReadAction","target":["http:\/\/www.martinwieland.at\/de\/produkt\/nightshift\/"]}]},{"@type":"ImageObject","inLanguage":"de","@id":"http:\/\/www.martinwieland.at\/de\/produkt\/nightshift\/#primaryimage","url":"https:\/\/www.martinwieland.at\/wp-content\/uploads\/2023\/08\/nightshift.jpg","contentUrl":"https:\/\/www.martinwieland.at\/wp-content\/uploads\/2023\/08\/nightshift.jpg","width":1535,"height":1535},{"@type":"BreadcrumbList","@id":"http:\/\/www.martinwieland.at\/de\/produkt\/nightshift\/#breadcrumb","itemListElement":[{"@type":"ListItem","position":1,"name":"Startseite","item":"https:\/\/www.martinwieland.at\/"},{"@type":"ListItem","position":2,"name":"Shop","item":"https:\/\/www.martinwieland.at\/shop\/"},{"@type":"ListItem","position":3,"name":"Nightshift &#8211; 11 photos"}]},{"@type":"WebSite","@id":"https:\/\/www.martinwieland.at\/#website","url":"https:\/\/www.martinwieland.at\/","name":"Martin Wieland Photography","description":"Martin Wieland Photography","potentialAction":[{"@type":"SearchAction","target":{"@type":"EntryPoint","urlTemplate":"https:\/\/www.martinwieland.at\/?s={search_term_string}"},"query-input":"required name=search_term_string"}],"inLanguage":"de"}]}},"_links":{"self":[{"href":"https:\/\/www.martinwieland.at\/de\/wp-json\/wp\/v2\/product\/11495"}],"collection":[{"href":"https:\/\/www.martinwieland.at\/de\/wp-json\/wp\/v2\/product"}],"about":[{"href":"https:\/\/www.martinwieland.at\/de\/wp-json\/wp\/v2\/types\/product"}],"replies":[{"embeddable":true,"href":"https:\/\/www.martinwieland.at\/de\/wp-json\/wp\/v2\/comments?post=11495"}],"wp:featuredmedia":[{"embeddable":true,"href":"https:\/\/www.martinwieland.at\/de\/wp-json\/wp\/v2\/media\/11502"}],"wp:attachment":[{"href":"https:\/\/www.martinwieland.at\/de\/wp-json\/wp\/v2\/media?parent=11495"}],"wp:term":[{"taxonomy":"product_cat","embeddable":true,"href":"https:\/\/www.martinwieland.at\/de\/wp-json\/wp\/v2\/product_cat?post=11495"},{"taxonomy":"product_tag","embeddable":true,"href":"https:\/\/www.martinwieland.at\/de\/wp-json\/wp\/v2\/product_tag?post=11495"}],"curies":[{"name":"wp","href":"https:\/\/api.w.org\/{rel}","templated":true}]}}