{"id":12065,"date":"2023-11-07T16:13:41","date_gmt":"2023-11-07T15:13:41","guid":{"rendered":"https:\/\/www.martinwieland.at\/?post_type=product&#038;p=12065"},"modified":"2024-07-31T11:20:08","modified_gmt":"2024-07-31T09:20:08","slug":"die-landung-des-zeppelins-am-strand-von-ligi-beach","status":"publish","type":"product","link":"https:\/\/www.martinwieland.at\/de\/produkt\/die-landung-des-zeppelins-am-strand-von-ligi-beach\/","title":{"rendered":"Die Landung des Zeppelins am Strand von Ligi Beach"},"content":{"rendered":"<div class=\"rte\">\n<div class=\"group w-full text-token-text-primary border-b border-black\/10 gizmo:border-0 dark:border-gray-900\/50 gizmo:dark:border-0 bg-gray-50 gizmo:bg-transparent dark:bg-[#444654] gizmo:dark:bg-transparent\" data-testid=\"conversation-turn-124\">\n<div class=\"p-4 gizmo:py-2 justify-center text-base md:gap-6 md:py-6 m-auto\">\n<div class=\"flex flex-1 gap-4 text-base mx-auto md:gap-6 gizmo:gap-3 gizmo:md:px-5 gizmo:lg:px-1 gizmo:xl:px-5 md:max-w-2xl lg:max-w-[38rem] gizmo:md:max-w-3xl gizmo:lg:max-w-[40rem] gizmo:xl:max-w-[48rem] xl:max-w-3xl }\">\n<div class=\"relative flex w-[calc(100%-50px)] flex-col gizmo:w-full lg:w-[calc(100%-115px)] agent-turn\">\n<div class=\"flex-col gap-1 md:gap-3\">\n<div class=\"flex flex-grow flex-col max-w-full gap-3 gizmo:gap-0\">\n<div class=\"min-h-[20px] flex flex-col items-start gap-3 whitespace-pre-wrap break-words overflow-x-auto\" data-message-author-role=\"assistant\" data-message-id=\"d6fbc500-d9b8-4e99-99e8-f6411ef7eb5a\">\n<div class=\"markdown prose w-full break-words dark:prose-invert dark\">\n<p><strong>SOLD<\/strong><\/p>\n<p>This image captures the lively atmosphere of an Italian beach. Sun umbrellas line the coastline, while bathers and families animate the shore. The black-and-white base is infused with a vibrant orange, imparting a powerful warmth to the scene, inviting you to be part of this lively coastal experience.<\/p>\n<\/div>\n<\/div>\n<\/div>\n<\/div>\n<\/div>\n<\/div>\n<\/div>\n<\/div>\n<\/div>\n<div class=\"rte\">\n<div class=\"woocommerce-product-details__short-description\">\n<div class=\"product__page__photos__text\">\n<p>\u2022 Ink, Acrylic,\u00a0 original photography, overpainting on William Turner FineArt Paper.<br \/>\n\u2022 45x30cm<\/p>\n<p><span style=\"color: #d6d4d4;\">\u23bc\u23bc\u23bc\u23bc<\/span><\/p>\n<\/div>\n<\/div>\n<\/div>\n<p>\u2022 One of a Kind<br \/>\n\u2022 Certificate of Authenticity<br \/>\n\u2022 handsigned<br \/>\n\u2022 Drawings and photographic elements were created singular by us and put together analog after a long process of \u201enearly fitting\u201c.<br \/>\n\u2022 Should you wish to have your artwork framed, please contact us by mail<\/p>\n<div class=\"rte\">\n<div class=\"woocommerce-product-details__short-description\">\n<div class=\"product__page__photos__text\">\n<p>Do you have any questions about the product?<\/p>\n<div class=\"fw-row tal\">\n\t\t\t\t\t\t<a href=\"mailto:mw@martinwieland.at\" target=\"_self\" class=\"button-style3\" style=\"\">\n\t\t\t\t\t\t\t\t<span>send mail<\/span>\n\t\t\t<\/a>\n\t\t\t<\/div>\n<\/div>\n<div><\/div>\n<div class=\"product__page__photos__text\"><span style=\"color: #d6d6d6;\">\u23bb\u23bb\u23bb\u23bb\u23bb\u23bb\u23bb\u23bb\u23bb\u23bb\u23bb\u23bb<\/span><\/div>\n<\/div>\n<\/div>\n<p><strong>VERKAUFT<\/strong><\/p>\n<p>Das lebendige Treiben an einem italienischen Strand ein wird auf einem diesem Bild eingefangen. Sonnenschirme s\u00e4umen den K\u00fcstenstreifen, w\u00e4hrend Badeg\u00e4ste und Familien das Ufer beleben. Das Schwarz-Wei\u00df-Fundament erh\u00e4lt durch kr\u00e4ftiges Orange eine kraftvolle Nuance, die die Szenerie mit einer einladenden W\u00e4rme durchzieht.<\/p>\n<p>\u2022 Tusche, Acryl, original Fotografie, \u00dcbermalung auf William Turner FineArt Paper<br \/>\n\u2022 45x30cm<br \/>\n<span style=\"color: #d6d4d4;\">\u23bc\u23bc\u23bc\u23bc<\/span><br \/>\n\u2022 Unikat<br \/>\n\u2022 Echtheitszertifikat<br \/>\n\u2022 handsigniert<br \/>\n\u2022 Die Zeichnungen und Fotografien wurden von uns getrennt erstellt und analog mittels Collagetechnik zusammengef\u00fcgt.<br \/>\n\u2022 Wir geben Ihrem Kunstwerk auch gerne den passenden Rahmen<\/p>\n<p>Haben Sie Fragen zum Produkt?<\/p>\n<p><div class=\"fw-row tal\">\n\t\t\t\t\t\t<a href=\"mailto:mw@martinwieland.at\" target=\"_self\" class=\"button-style3\" style=\"\">\n\t\t\t\t\t\t\t\t<span>Mail senden<\/span>\n\t\t\t<\/a>\n\t\t\t<\/div><span style=\"color: #d6d6d6;\">\u23bb\u23bb\u23bb\u23bb\u23bb\u23bb\u23bb\u23bb\u23bb\u23bb\u23bb\u23bb<\/span><\/p>","protected":false},"excerpt":{"rendered":"<p>SOLD This image captures the lively atmosphere of an Italian beach. Sun umbrellas line the coastline, while bathers and families animate the shore. The black-and-white base is infused with a vibrant orange, imparting a powerful warmth to the scene, inviting you to be part of this lively coastal experience. \u2022 Ink, Acrylic,\u00a0 original photography, overpainting [&hellip;]<\/p>","protected":false},"featured_media":12693,"comment_status":"open","ping_status":"closed","template":"","meta":{"_acf_changed":false},"product_cat":[246],"product_tag":[131,50,242,51,133,53,244,54,241,74,142,55,143,240,243],"acf":[],"yoast_head":"<!-- This site is optimized with the Yoast SEO plugin v23.2 - https:\/\/yoast.com\/wordpress\/plugins\/seo\/ -->\n<title>Die Landung des Zeppelins am Strand von Ligi Beach - Martin Wieland Photography<\/title>\n<meta name=\"robots\" content=\"index, follow, max-snippet:-1, max-image-preview:large, max-video-preview:-1\" \/>\n<link rel=\"canonical\" href=\"https:\/\/www.martinwieland.at\/de\/produkt\/die-landung-des-zeppelins-am-strand-von-ligi-beach\/\" \/>\n<meta property=\"og:locale\" content=\"de_DE\" \/>\n<meta property=\"og:type\" content=\"article\" \/>\n<meta property=\"og:title\" content=\"Die Landung des Zeppelins am Strand von Ligi Beach - Martin Wieland Photography\" \/>\n<meta property=\"og:description\" content=\"SOLD This image captures the lively atmosphere of an Italian beach. Sun umbrellas line the coastline, while bathers and families animate the shore. The black-and-white base is infused with a vibrant orange, imparting a powerful warmth to the scene, inviting you to be part of this lively coastal experience. \u2022 Ink, Acrylic,\u00a0 original photography, overpainting [&hellip;]\" \/>\n<meta property=\"og:url\" content=\"https:\/\/www.martinwieland.at\/de\/produkt\/die-landung-des-zeppelins-am-strand-von-ligi-beach\/\" \/>\n<meta property=\"og:site_name\" content=\"Martin Wieland Photography\" \/>\n<meta property=\"article:modified_time\" content=\"2024-07-31T09:20:08+00:00\" \/>\n<meta property=\"og:image\" content=\"https:\/\/www.martinwieland.at\/wp-content\/uploads\/2023\/12\/Happy-Holidays-1024x1024.jpg\" \/>\n\t<meta property=\"og:image:width\" content=\"1024\" \/>\n\t<meta property=\"og:image:height\" content=\"1024\" \/>\n\t<meta property=\"og:image:type\" content=\"image\/jpeg\" \/>\n<meta name=\"twitter:card\" content=\"summary_large_image\" \/>\n<meta name=\"twitter:label1\" content=\"Gesch\u00e4tzte Lesezeit\" \/>\n\t<meta name=\"twitter:data1\" content=\"2\u00a0Minuten\" \/>\n<script type=\"application\/ld+json\" class=\"yoast-schema-graph\">{\"@context\":\"https:\/\/schema.org\",\"@graph\":[{\"@type\":\"WebPage\",\"@id\":\"https:\/\/www.martinwieland.at\/produkt\/die-landung-des-zeppelins-am-strand-von-ligi-beach\/\",\"url\":\"https:\/\/www.martinwieland.at\/produkt\/die-landung-des-zeppelins-am-strand-von-ligi-beach\/\",\"name\":\"Die Landung des Zeppelins am Strand von Ligi Beach - Martin Wieland Photography\",\"isPartOf\":{\"@id\":\"https:\/\/www.martinwieland.at\/#website\"},\"primaryImageOfPage\":{\"@id\":\"https:\/\/www.martinwieland.at\/produkt\/die-landung-des-zeppelins-am-strand-von-ligi-beach\/#primaryimage\"},\"image\":{\"@id\":\"https:\/\/www.martinwieland.at\/produkt\/die-landung-des-zeppelins-am-strand-von-ligi-beach\/#primaryimage\"},\"thumbnailUrl\":\"https:\/\/www.martinwieland.at\/wp-content\/uploads\/2023\/12\/Happy-Holidays.jpg\",\"datePublished\":\"2023-11-07T15:13:41+00:00\",\"dateModified\":\"2024-07-31T09:20:08+00:00\",\"breadcrumb\":{\"@id\":\"https:\/\/www.martinwieland.at\/produkt\/die-landung-des-zeppelins-am-strand-von-ligi-beach\/#breadcrumb\"},\"inLanguage\":\"de\",\"potentialAction\":[{\"@type\":\"ReadAction\",\"target\":[\"https:\/\/www.martinwieland.at\/produkt\/die-landung-des-zeppelins-am-strand-von-ligi-beach\/\"]}]},{\"@type\":\"ImageObject\",\"inLanguage\":\"de\",\"@id\":\"https:\/\/www.martinwieland.at\/produkt\/die-landung-des-zeppelins-am-strand-von-ligi-beach\/#primaryimage\",\"url\":\"https:\/\/www.martinwieland.at\/wp-content\/uploads\/2023\/12\/Happy-Holidays.jpg\",\"contentUrl\":\"https:\/\/www.martinwieland.at\/wp-content\/uploads\/2023\/12\/Happy-Holidays.jpg\",\"width\":1535,\"height\":1535},{\"@type\":\"BreadcrumbList\",\"@id\":\"https:\/\/www.martinwieland.at\/produkt\/die-landung-des-zeppelins-am-strand-von-ligi-beach\/#breadcrumb\",\"itemListElement\":[{\"@type\":\"ListItem\",\"position\":1,\"name\":\"Startseite\",\"item\":\"https:\/\/www.martinwieland.at\/\"},{\"@type\":\"ListItem\",\"position\":2,\"name\":\"Shop\",\"item\":\"https:\/\/www.martinwieland.at\/shop\/\"},{\"@type\":\"ListItem\",\"position\":3,\"name\":\"Die Landung des Zeppelins am Strand von Ligi Beach\"}]},{\"@type\":\"WebSite\",\"@id\":\"https:\/\/www.martinwieland.at\/#website\",\"url\":\"https:\/\/www.martinwieland.at\/\",\"name\":\"Martin Wieland Photography\",\"description\":\"Martin Wieland Photography\",\"potentialAction\":[{\"@type\":\"SearchAction\",\"target\":{\"@type\":\"EntryPoint\",\"urlTemplate\":\"https:\/\/www.martinwieland.at\/?s={search_term_string}\"},\"query-input\":\"required name=search_term_string\"}],\"inLanguage\":\"de\"}]}<\/script>\n<!-- \/ Yoast SEO plugin. -->","yoast_head_json":{"title":"Die Landung des Zeppelins am Strand von Ligi Beach - Martin Wieland Photography","robots":{"index":"index","follow":"follow","max-snippet":"max-snippet:-1","max-image-preview":"max-image-preview:large","max-video-preview":"max-video-preview:-1"},"canonical":"https:\/\/www.martinwieland.at\/de\/produkt\/die-landung-des-zeppelins-am-strand-von-ligi-beach\/","og_locale":"de_DE","og_type":"article","og_title":"Die Landung des Zeppelins am Strand von Ligi Beach - Martin Wieland Photography","og_description":"SOLD This image captures the lively atmosphere of an Italian beach. Sun umbrellas line the coastline, while bathers and families animate the shore. The black-and-white base is infused with a vibrant orange, imparting a powerful warmth to the scene, inviting you to be part of this lively coastal experience. \u2022 Ink, Acrylic,\u00a0 original photography, overpainting [&hellip;]","og_url":"https:\/\/www.martinwieland.at\/de\/produkt\/die-landung-des-zeppelins-am-strand-von-ligi-beach\/","og_site_name":"Martin Wieland Photography","article_modified_time":"2024-07-31T09:20:08+00:00","og_image":[{"width":1024,"height":1024,"url":"https:\/\/www.martinwieland.at\/wp-content\/uploads\/2023\/12\/Happy-Holidays-1024x1024.jpg","type":"image\/jpeg"}],"twitter_card":"summary_large_image","twitter_misc":{"Gesch\u00e4tzte Lesezeit":"2\u00a0Minuten"},"schema":{"@context":"https:\/\/schema.org","@graph":[{"@type":"WebPage","@id":"https:\/\/www.martinwieland.at\/produkt\/die-landung-des-zeppelins-am-strand-von-ligi-beach\/","url":"https:\/\/www.martinwieland.at\/produkt\/die-landung-des-zeppelins-am-strand-von-ligi-beach\/","name":"Die Landung des Zeppelins am Strand von Ligi Beach - Martin Wieland Photography","isPartOf":{"@id":"https:\/\/www.martinwieland.at\/#website"},"primaryImageOfPage":{"@id":"https:\/\/www.martinwieland.at\/produkt\/die-landung-des-zeppelins-am-strand-von-ligi-beach\/#primaryimage"},"image":{"@id":"https:\/\/www.martinwieland.at\/produkt\/die-landung-des-zeppelins-am-strand-von-ligi-beach\/#primaryimage"},"thumbnailUrl":"https:\/\/www.martinwieland.at\/wp-content\/uploads\/2023\/12\/Happy-Holidays.jpg","datePublished":"2023-11-07T15:13:41+00:00","dateModified":"2024-07-31T09:20:08+00:00","breadcrumb":{"@id":"https:\/\/www.martinwieland.at\/produkt\/die-landung-des-zeppelins-am-strand-von-ligi-beach\/#breadcrumb"},"inLanguage":"de","potentialAction":[{"@type":"ReadAction","target":["https:\/\/www.martinwieland.at\/produkt\/die-landung-des-zeppelins-am-strand-von-ligi-beach\/"]}]},{"@type":"ImageObject","inLanguage":"de","@id":"https:\/\/www.martinwieland.at\/produkt\/die-landung-des-zeppelins-am-strand-von-ligi-beach\/#primaryimage","url":"https:\/\/www.martinwieland.at\/wp-content\/uploads\/2023\/12\/Happy-Holidays.jpg","contentUrl":"https:\/\/www.martinwieland.at\/wp-content\/uploads\/2023\/12\/Happy-Holidays.jpg","width":1535,"height":1535},{"@type":"BreadcrumbList","@id":"https:\/\/www.martinwieland.at\/produkt\/die-landung-des-zeppelins-am-strand-von-ligi-beach\/#breadcrumb","itemListElement":[{"@type":"ListItem","position":1,"name":"Startseite","item":"https:\/\/www.martinwieland.at\/"},{"@type":"ListItem","position":2,"name":"Shop","item":"https:\/\/www.martinwieland.at\/shop\/"},{"@type":"ListItem","position":3,"name":"Die Landung des Zeppelins am Strand von Ligi Beach"}]},{"@type":"WebSite","@id":"https:\/\/www.martinwieland.at\/#website","url":"https:\/\/www.martinwieland.at\/","name":"Martin Wieland Photography","description":"Martin Wieland Photography","potentialAction":[{"@type":"SearchAction","target":{"@type":"EntryPoint","urlTemplate":"https:\/\/www.martinwieland.at\/?s={search_term_string}"},"query-input":"required name=search_term_string"}],"inLanguage":"de"}]}},"_links":{"self":[{"href":"https:\/\/www.martinwieland.at\/de\/wp-json\/wp\/v2\/product\/12065"}],"collection":[{"href":"https:\/\/www.martinwieland.at\/de\/wp-json\/wp\/v2\/product"}],"about":[{"href":"https:\/\/www.martinwieland.at\/de\/wp-json\/wp\/v2\/types\/product"}],"replies":[{"embeddable":true,"href":"https:\/\/www.martinwieland.at\/de\/wp-json\/wp\/v2\/comments?post=12065"}],"wp:featuredmedia":[{"embeddable":true,"href":"https:\/\/www.martinwieland.at\/de\/wp-json\/wp\/v2\/media\/12693"}],"wp:attachment":[{"href":"https:\/\/www.martinwieland.at\/de\/wp-json\/wp\/v2\/media?parent=12065"}],"wp:term":[{"taxonomy":"product_cat","embeddable":true,"href":"https:\/\/www.martinwieland.at\/de\/wp-json\/wp\/v2\/product_cat?post=12065"},{"taxonomy":"product_tag","embeddable":true,"href":"https:\/\/www.martinwieland.at\/de\/wp-json\/wp\/v2\/product_tag?post=12065"}],"curies":[{"name":"wp","href":"https:\/\/api.w.org\/{rel}","templated":true}]}}