{"id":12093,"date":"2023-12-03T08:48:29","date_gmt":"2023-12-03T07:48:29","guid":{"rendered":"https:\/\/www.martinwieland.at\/?post_type=product&#038;p=12093"},"modified":"2023-12-03T09:34:21","modified_gmt":"2023-12-03T08:34:21","slug":"the-n-walkers","status":"publish","type":"product","link":"https:\/\/www.martinwieland.at\/de\/produkt\/the-n-walkers\/","title":{"rendered":"The N-Walkers"},"content":{"rendered":"<div class=\"rte\">\n<div class=\"group w-full text-token-text-primary border-b border-black\/10 gizmo:border-0 dark:border-gray-900\/50 gizmo:dark:border-0 bg-gray-50 gizmo:bg-transparent dark:bg-[#444654] gizmo:dark:bg-transparent\" data-testid=\"conversation-turn-124\">\n<div class=\"p-4 gizmo:py-2 justify-center text-base md:gap-6 md:py-6 m-auto\">\n<div class=\"flex flex-1 gap-4 text-base mx-auto md:gap-6 gizmo:gap-3 gizmo:md:px-5 gizmo:lg:px-1 gizmo:xl:px-5 md:max-w-2xl lg:max-w-[38rem] gizmo:md:max-w-3xl gizmo:lg:max-w-[40rem] gizmo:xl:max-w-[48rem] xl:max-w-3xl }\">\n<div class=\"relative flex w-[calc(100%-50px)] flex-col gizmo:w-full lg:w-[calc(100%-115px)] agent-turn\">\n<div class=\"flex-col gap-1 md:gap-3\">\n<div class=\"flex flex-grow flex-col max-w-full gap-3 gizmo:gap-0\">\n<div class=\"min-h-[20px] flex flex-col items-start gap-3 whitespace-pre-wrap break-words overflow-x-auto\" data-message-author-role=\"assistant\" data-message-id=\"d6fbc500-d9b8-4e99-99e8-f6411ef7eb5a\">\n<div class=\"markdown prose w-full break-words dark:prose-invert dark\">\n<p>The yellow hues overlaid contrast with the serenity of the scene depicting a French beach in black and white. This original artwork combines the inner calmness of the photograph with the yellow overlays, creating a harmonious and soothing effect. The collage invites you to immerse yourself in the relaxing atmosphere of the beach.<\/p>\n<\/div>\n<\/div>\n<\/div>\n<\/div>\n<\/div>\n<\/div>\n<\/div>\n<\/div>\n<\/div>\n<div class=\"rte\">\n<div class=\"woocommerce-product-details__short-description\">\n<div class=\"product__page__photos__text\">\n<p>\u2022 Acrylic, Paint Marker, Ink, Objects,&nbsp; Original Photography, collage on&nbsp; Canvas.<br \/>\n\u2022 43x34cm<\/p>\n<p><span style=\"color: #d6d4d4;\">\u23bc\u23bc\u23bc\u23bc<\/span><\/p>\n<\/div>\n<\/div>\n<\/div>\n<p>\u2022 One of a Kind<br \/>\n\u2022 Certificate of Authenticity<br \/>\n\u2022 handsigned<br \/>\n\u2022 Drawings and photographic elements were created singular by us and put together analog after a long process of \u201enearly fitting\u201c.<br \/>\n\u2022 Should you wish to have your artwork framed, please contact us by mail<\/p>\n<div class=\"rte\">\n<div class=\"woocommerce-product-details__short-description\">\n<div class=\"product__page__photos__text\">\n<p>Do you have any questions about the product?<\/p>\n<div class=\"fw-row tal\">\n\t\t\t\t\t\t<a href=\"mailto:mw@martinwieland.at\" target=\"_self\" class=\"button-style3\" style=\"\">\n\t\t\t\t\t\t\t\t<span>send mail<\/span>\n\t\t\t<\/a>\n\t\t\t<\/div><\/div>\n<div>&nbsp;<\/div>\n<div class=\"product__page__photos__text\"><span style=\"color: #d6d6d6;\">\u23bb\u23bb\u23bb\u23bb\u23bb\u23bb\u23bb\u23bb\u23bb\u23bb\u23bb\u23bb<\/span><\/div>\n<\/div>\n<\/div>\n<p>Die Gelbt\u00f6ne der \u00dcbermalung kontrastieren mit der Gelassenheit der Szene eines franz\u00f6sischen Strandes in Schwarz-Wei\u00df. Dieses Originalkunstwerk schafft durch die in sich ruhende Fotografie und die gelbe \u00dcbermalung eine harmonische, beruhigende Wirkung. Die Collage l\u00e4dt dazu ein, in die entspannende Atmosph\u00e4re des Strandes einzutauchen.<\/p>\n<p>\u2022 Lackstift, Acryl, Tusche, original Fotografie, Collage auf&nbsp; Leinwand<br \/>\n\u2022 43x34cm<br \/>\n<span style=\"color: #d6d4d4;\">\u23bc\u23bc\u23bc\u23bc<\/span><br \/>\n\u2022 Unikat<br \/>\n\u2022 Echtheitszertifikat<br \/>\n\u2022 handsigniert<br \/>\n\u2022 Die Zeichnungen und Fotografien wurden von uns getrennt erstellt und analog mittels Collagetechnik zusammengef\u00fcgt.<br \/>\n\u2022 Wir geben Ihrem Kunstwerk auch gerne den passenden Rahmen<\/p>\n<p>Haben Sie Fragen zum Produkt?<\/p>\n<p><div class=\"fw-row tal\">\n\t\t\t\t\t\t<a href=\"mailto:mw@martinwieland.at\" target=\"_self\" class=\"button-style3\" style=\"\">\n\t\t\t\t\t\t\t\t<span>Mail senden<\/span>\n\t\t\t<\/a>\n\t\t\t<\/div><span style=\"color: #d6d6d6;\">\u23bb\u23bb\u23bb\u23bb\u23bb\u23bb\u23bb\u23bb\u23bb\u23bb\u23bb\u23bb<\/span><\/p>","protected":false},"excerpt":{"rendered":"<p>The yellow hues overlaid contrast with the serenity of the scene depicting a French beach in black and white. This original artwork combines the inner calmness of the photograph with the yellow overlays, creating a harmonious and soothing effect. The collage invites you to immerse yourself in the relaxing atmosphere of the beach. \u2022 Acrylic, [&hellip;]<\/p>","protected":false},"featured_media":11984,"comment_status":"open","ping_status":"closed","template":"","meta":{"_acf_changed":false},"product_cat":[246],"product_tag":[131,50,242,51,133,53,244,54,241,74,142,55,143,240,243],"acf":[],"yoast_head":"<!-- This site is optimized with the Yoast SEO plugin v23.2 - https:\/\/yoast.com\/wordpress\/plugins\/seo\/ -->\n<title>The N-Walkers - Martin Wieland Photography<\/title>\n<meta name=\"robots\" content=\"index, follow, max-snippet:-1, max-image-preview:large, max-video-preview:-1\" \/>\n<link rel=\"canonical\" href=\"http:\/\/www.martinwieland.at\/de\/produkt\/the-n-walkers\/\" \/>\n<meta property=\"og:locale\" content=\"de_DE\" \/>\n<meta property=\"og:type\" content=\"article\" \/>\n<meta property=\"og:title\" content=\"The N-Walkers - Martin Wieland Photography\" \/>\n<meta property=\"og:description\" content=\"The yellow hues overlaid contrast with the serenity of the scene depicting a French beach in black and white. This original artwork combines the inner calmness of the photograph with the yellow overlays, creating a harmonious and soothing effect. The collage invites you to immerse yourself in the relaxing atmosphere of the beach. \u2022 Acrylic, [&hellip;]\" \/>\n<meta property=\"og:url\" content=\"http:\/\/www.martinwieland.at\/de\/produkt\/the-n-walkers\/\" \/>\n<meta property=\"og:site_name\" content=\"Martin Wieland Photography\" \/>\n<meta property=\"article:modified_time\" content=\"2023-12-03T08:34:21+00:00\" \/>\n<meta property=\"og:image\" content=\"https:\/\/www.martinwieland.at\/wp-content\/uploads\/2023\/11\/The-N-Walkers-1.jpg\" \/>\n\t<meta property=\"og:image:width\" content=\"1535\" \/>\n\t<meta property=\"og:image:height\" content=\"1535\" \/>\n\t<meta property=\"og:image:type\" content=\"image\/jpeg\" \/>\n<meta name=\"twitter:card\" content=\"summary_large_image\" \/>\n<meta name=\"twitter:label1\" content=\"Gesch\u00e4tzte Lesezeit\" \/>\n\t<meta name=\"twitter:data1\" content=\"2\u00a0Minuten\" \/>\n<script type=\"application\/ld+json\" class=\"yoast-schema-graph\">{\"@context\":\"https:\/\/schema.org\",\"@graph\":[{\"@type\":\"WebPage\",\"@id\":\"http:\/\/www.martinwieland.at\/de\/produkt\/the-n-walkers\/\",\"url\":\"http:\/\/www.martinwieland.at\/de\/produkt\/the-n-walkers\/\",\"name\":\"The N-Walkers - Martin Wieland Photography\",\"isPartOf\":{\"@id\":\"https:\/\/www.martinwieland.at\/#website\"},\"primaryImageOfPage\":{\"@id\":\"http:\/\/www.martinwieland.at\/de\/produkt\/the-n-walkers\/#primaryimage\"},\"image\":{\"@id\":\"http:\/\/www.martinwieland.at\/de\/produkt\/the-n-walkers\/#primaryimage\"},\"thumbnailUrl\":\"https:\/\/www.martinwieland.at\/wp-content\/uploads\/2023\/11\/The-N-Walkers-1.jpg\",\"datePublished\":\"2023-12-03T07:48:29+00:00\",\"dateModified\":\"2023-12-03T08:34:21+00:00\",\"breadcrumb\":{\"@id\":\"http:\/\/www.martinwieland.at\/de\/produkt\/the-n-walkers\/#breadcrumb\"},\"inLanguage\":\"de\",\"potentialAction\":[{\"@type\":\"ReadAction\",\"target\":[\"http:\/\/www.martinwieland.at\/de\/produkt\/the-n-walkers\/\"]}]},{\"@type\":\"ImageObject\",\"inLanguage\":\"de\",\"@id\":\"http:\/\/www.martinwieland.at\/de\/produkt\/the-n-walkers\/#primaryimage\",\"url\":\"https:\/\/www.martinwieland.at\/wp-content\/uploads\/2023\/11\/The-N-Walkers-1.jpg\",\"contentUrl\":\"https:\/\/www.martinwieland.at\/wp-content\/uploads\/2023\/11\/The-N-Walkers-1.jpg\",\"width\":1535,\"height\":1535},{\"@type\":\"BreadcrumbList\",\"@id\":\"http:\/\/www.martinwieland.at\/de\/produkt\/the-n-walkers\/#breadcrumb\",\"itemListElement\":[{\"@type\":\"ListItem\",\"position\":1,\"name\":\"Startseite\",\"item\":\"https:\/\/www.martinwieland.at\/\"},{\"@type\":\"ListItem\",\"position\":2,\"name\":\"Shop\",\"item\":\"https:\/\/www.martinwieland.at\/shop\/\"},{\"@type\":\"ListItem\",\"position\":3,\"name\":\"The N-Walkers\"}]},{\"@type\":\"WebSite\",\"@id\":\"https:\/\/www.martinwieland.at\/#website\",\"url\":\"https:\/\/www.martinwieland.at\/\",\"name\":\"Martin Wieland Photography\",\"description\":\"Martin Wieland Photography\",\"potentialAction\":[{\"@type\":\"SearchAction\",\"target\":{\"@type\":\"EntryPoint\",\"urlTemplate\":\"https:\/\/www.martinwieland.at\/?s={search_term_string}\"},\"query-input\":\"required name=search_term_string\"}],\"inLanguage\":\"de\"}]}<\/script>\n<!-- \/ Yoast SEO plugin. -->","yoast_head_json":{"title":"The N-Walkers - Martin Wieland Photography","robots":{"index":"index","follow":"follow","max-snippet":"max-snippet:-1","max-image-preview":"max-image-preview:large","max-video-preview":"max-video-preview:-1"},"canonical":"http:\/\/www.martinwieland.at\/de\/produkt\/the-n-walkers\/","og_locale":"de_DE","og_type":"article","og_title":"The N-Walkers - Martin Wieland Photography","og_description":"The yellow hues overlaid contrast with the serenity of the scene depicting a French beach in black and white. This original artwork combines the inner calmness of the photograph with the yellow overlays, creating a harmonious and soothing effect. The collage invites you to immerse yourself in the relaxing atmosphere of the beach. \u2022 Acrylic, [&hellip;]","og_url":"http:\/\/www.martinwieland.at\/de\/produkt\/the-n-walkers\/","og_site_name":"Martin Wieland Photography","article_modified_time":"2023-12-03T08:34:21+00:00","og_image":[{"width":1535,"height":1535,"url":"https:\/\/www.martinwieland.at\/wp-content\/uploads\/2023\/11\/The-N-Walkers-1.jpg","type":"image\/jpeg"}],"twitter_card":"summary_large_image","twitter_misc":{"Gesch\u00e4tzte Lesezeit":"2\u00a0Minuten"},"schema":{"@context":"https:\/\/schema.org","@graph":[{"@type":"WebPage","@id":"http:\/\/www.martinwieland.at\/de\/produkt\/the-n-walkers\/","url":"http:\/\/www.martinwieland.at\/de\/produkt\/the-n-walkers\/","name":"The N-Walkers - Martin Wieland Photography","isPartOf":{"@id":"https:\/\/www.martinwieland.at\/#website"},"primaryImageOfPage":{"@id":"http:\/\/www.martinwieland.at\/de\/produkt\/the-n-walkers\/#primaryimage"},"image":{"@id":"http:\/\/www.martinwieland.at\/de\/produkt\/the-n-walkers\/#primaryimage"},"thumbnailUrl":"https:\/\/www.martinwieland.at\/wp-content\/uploads\/2023\/11\/The-N-Walkers-1.jpg","datePublished":"2023-12-03T07:48:29+00:00","dateModified":"2023-12-03T08:34:21+00:00","breadcrumb":{"@id":"http:\/\/www.martinwieland.at\/de\/produkt\/the-n-walkers\/#breadcrumb"},"inLanguage":"de","potentialAction":[{"@type":"ReadAction","target":["http:\/\/www.martinwieland.at\/de\/produkt\/the-n-walkers\/"]}]},{"@type":"ImageObject","inLanguage":"de","@id":"http:\/\/www.martinwieland.at\/de\/produkt\/the-n-walkers\/#primaryimage","url":"https:\/\/www.martinwieland.at\/wp-content\/uploads\/2023\/11\/The-N-Walkers-1.jpg","contentUrl":"https:\/\/www.martinwieland.at\/wp-content\/uploads\/2023\/11\/The-N-Walkers-1.jpg","width":1535,"height":1535},{"@type":"BreadcrumbList","@id":"http:\/\/www.martinwieland.at\/de\/produkt\/the-n-walkers\/#breadcrumb","itemListElement":[{"@type":"ListItem","position":1,"name":"Startseite","item":"https:\/\/www.martinwieland.at\/"},{"@type":"ListItem","position":2,"name":"Shop","item":"https:\/\/www.martinwieland.at\/shop\/"},{"@type":"ListItem","position":3,"name":"The N-Walkers"}]},{"@type":"WebSite","@id":"https:\/\/www.martinwieland.at\/#website","url":"https:\/\/www.martinwieland.at\/","name":"Martin Wieland Photography","description":"Martin Wieland Photography","potentialAction":[{"@type":"SearchAction","target":{"@type":"EntryPoint","urlTemplate":"https:\/\/www.martinwieland.at\/?s={search_term_string}"},"query-input":"required name=search_term_string"}],"inLanguage":"de"}]}},"_links":{"self":[{"href":"https:\/\/www.martinwieland.at\/de\/wp-json\/wp\/v2\/product\/12093"}],"collection":[{"href":"https:\/\/www.martinwieland.at\/de\/wp-json\/wp\/v2\/product"}],"about":[{"href":"https:\/\/www.martinwieland.at\/de\/wp-json\/wp\/v2\/types\/product"}],"replies":[{"embeddable":true,"href":"https:\/\/www.martinwieland.at\/de\/wp-json\/wp\/v2\/comments?post=12093"}],"wp:featuredmedia":[{"embeddable":true,"href":"https:\/\/www.martinwieland.at\/de\/wp-json\/wp\/v2\/media\/11984"}],"wp:attachment":[{"href":"https:\/\/www.martinwieland.at\/de\/wp-json\/wp\/v2\/media?parent=12093"}],"wp:term":[{"taxonomy":"product_cat","embeddable":true,"href":"https:\/\/www.martinwieland.at\/de\/wp-json\/wp\/v2\/product_cat?post=12093"},{"taxonomy":"product_tag","embeddable":true,"href":"https:\/\/www.martinwieland.at\/de\/wp-json\/wp\/v2\/product_tag?post=12093"}],"curies":[{"name":"wp","href":"https:\/\/api.w.org\/{rel}","templated":true}]}}