{"id":12099,"date":"2023-12-03T11:43:43","date_gmt":"2023-12-03T10:43:43","guid":{"rendered":"https:\/\/www.martinwieland.at\/?post_type=product&#038;p=12099"},"modified":"2024-07-31T11:18:59","modified_gmt":"2024-07-31T09:18:59","slug":"the-baywatcher","status":"publish","type":"product","link":"https:\/\/www.martinwieland.at\/de\/produkt\/the-baywatcher\/","title":{"rendered":"The Baywatcher"},"content":{"rendered":"<div class=\"rte\">\n<div class=\"group w-full text-token-text-primary border-b border-black\/10 gizmo:border-0 dark:border-gray-900\/50 gizmo:dark:border-0 bg-gray-50 gizmo:bg-transparent dark:bg-[#444654] gizmo:dark:bg-transparent\" data-testid=\"conversation-turn-124\">\n<div class=\"p-4 gizmo:py-2 justify-center text-base md:gap-6 md:py-6 m-auto\">\n<div class=\"flex flex-1 gap-4 text-base mx-auto md:gap-6 gizmo:gap-3 gizmo:md:px-5 gizmo:lg:px-1 gizmo:xl:px-5 md:max-w-2xl lg:max-w-[38rem] gizmo:md:max-w-3xl gizmo:lg:max-w-[40rem] gizmo:xl:max-w-[48rem] xl:max-w-3xl }\">\n<div class=\"relative flex w-[calc(100%-50px)] flex-col gizmo:w-full lg:w-[calc(100%-115px)] agent-turn\">\n<div class=\"flex-col gap-1 md:gap-3\">\n<div class=\"flex flex-grow flex-col max-w-full gap-3 gizmo:gap-0\">\n<div class=\"min-h-[20px] flex flex-col items-start gap-3 whitespace-pre-wrap break-words overflow-x-auto\" data-message-author-role=\"assistant\" data-message-id=\"d6fbc500-d9b8-4e99-99e8-f6411ef7eb5a\">\n<div class=\"markdown prose w-full break-words dark:prose-invert dark\">\n<p><strong>SOLD<\/strong><\/p>\n<p>With dynamic brushstrokes, the familiar image of the Golden Gate Bridge transcends into a new realm. Flowing in vibrant, pulsating red hues, the paint imbues the scene with powerful energy. It becomes a bridge between reality and dream, carried by the fervor of art.<\/p>\n<\/div>\n<\/div>\n<\/div>\n<\/div>\n<\/div>\n<\/div>\n<\/div>\n<\/div>\n<\/div>\n<div class=\"rte\">\n<div class=\"woocommerce-product-details__short-description\">\n<div class=\"product__page__photos__text\">\n<p>\u2022 Ink, Acrylic,&nbsp; original photography, overpainting on Epson FineArt Paper.<br \/>\n\u2022 80x80cm<\/p>\n<p><span style=\"color: #d6d4d4;\">\u23bc\u23bc\u23bc\u23bc<\/span><\/p>\n<\/div>\n<\/div>\n<\/div>\n<p>\u2022 One of a Kind<br \/>\n\u2022 Certificate of Authenticity<br \/>\n\u2022 handsigned<br \/>\n\u2022 Drawings and photographic elements were created singular by us and put together analog after a long process of \u201enearly fitting\u201c.<br \/>\n\u2022 Should you wish to have your artwork framed, please contact us by mail<\/p>\n<div class=\"rte\">\n<div class=\"woocommerce-product-details__short-description\">\n<div class=\"product__page__photos__text\">\n<p>Do you have any questions about the product?<\/p>\n<div class=\"fw-row tal\">\n\t\t\t\t\t\t<a href=\"mailto:mw@martinwieland.at\" target=\"_self\" class=\"button-style3\" style=\"\">\n\t\t\t\t\t\t\t\t<span>send mail<\/span>\n\t\t\t<\/a>\n\t\t\t<\/div><\/div>\n<div>&nbsp;<\/div>\n<div class=\"product__page__photos__text\"><span style=\"color: #d6d6d6;\">\u23bb\u23bb\u23bb\u23bb\u23bb\u23bb\u23bb\u23bb\u23bb\u23bb\u23bb\u23bb<\/span><\/div>\n<\/div>\n<\/div>\n<p><strong>VERKAUFT<\/strong><\/p>\n<p>Mit dynamischen Pinselstrichen erhebt sich das vertraute Bild der Golden Gate Bridge in eine neue Sph\u00e4re. Rote Farbe flie\u00dft, pulsierend und lebendig, und verleiht der Szenerie eine kraftvolle Energie. Eine Br\u00fccke zwischen Realit\u00e4t und Traum, getragen von der Leidenschaft der Kunst.<\/p>\n<p>\u2022 Tusche, Acryl, original Fotografie, \u00dcbermalung auf Epson FineArt Paper<br \/>\n\u2022 80x80cm<br \/>\n<span style=\"color: #d6d4d4;\">\u23bc\u23bc\u23bc\u23bc<\/span><br \/>\n\u2022 Unikat<br \/>\n\u2022 Echtheitszertifikat<br \/>\n\u2022 handsigniert<br \/>\n\u2022 Die Zeichnungen und Fotografien wurden von uns getrennt erstellt und analog mittels Collagetechnik zusammengef\u00fcgt.<br \/>\n\u2022 Wir geben Ihrem Kunstwerk auch gerne den passenden Rahmen<\/p>\n<p>Haben Sie Fragen zum Produkt?<\/p>\n<p><div class=\"fw-row tal\">\n\t\t\t\t\t\t<a href=\"mailto:mw@martinwieland.at\" target=\"_self\" class=\"button-style3\" style=\"\">\n\t\t\t\t\t\t\t\t<span>Mail senden<\/span>\n\t\t\t<\/a>\n\t\t\t<\/div><span style=\"color: #d6d6d6;\">\u23bb\u23bb\u23bb\u23bb\u23bb\u23bb\u23bb\u23bb\u23bb\u23bb\u23bb\u23bb<\/span><\/p>","protected":false},"excerpt":{"rendered":"<p>SOLD With dynamic brushstrokes, the familiar image of the Golden Gate Bridge transcends into a new realm. Flowing in vibrant, pulsating red hues, the paint imbues the scene with powerful energy. It becomes a bridge between reality and dream, carried by the fervor of art. \u2022 Ink, Acrylic,&nbsp; original photography, overpainting on Epson FineArt Paper. [&hellip;]<\/p>","protected":false},"featured_media":12694,"comment_status":"open","ping_status":"closed","template":"","meta":{"_acf_changed":false},"product_cat":[246],"product_tag":[131,50,242,51,133,53,244,54,241,74,142,55,143,240,243],"acf":[],"yoast_head":"<!-- This site is optimized with the Yoast SEO plugin v23.2 - https:\/\/yoast.com\/wordpress\/plugins\/seo\/ -->\n<title>The Baywatcher - Martin Wieland Photography<\/title>\n<meta name=\"robots\" content=\"index, follow, max-snippet:-1, max-image-preview:large, max-video-preview:-1\" \/>\n<link rel=\"canonical\" href=\"https:\/\/www.martinwieland.at\/de\/produkt\/the-baywatcher\/\" \/>\n<meta property=\"og:locale\" content=\"de_DE\" \/>\n<meta property=\"og:type\" content=\"article\" \/>\n<meta property=\"og:title\" content=\"The Baywatcher - Martin Wieland Photography\" \/>\n<meta property=\"og:description\" content=\"SOLD With dynamic brushstrokes, the familiar image of the Golden Gate Bridge transcends into a new realm. Flowing in vibrant, pulsating red hues, the paint imbues the scene with powerful energy. It becomes a bridge between reality and dream, carried by the fervor of art. \u2022 Ink, Acrylic,&nbsp; original photography, overpainting on Epson FineArt Paper. [&hellip;]\" \/>\n<meta property=\"og:url\" content=\"https:\/\/www.martinwieland.at\/de\/produkt\/the-baywatcher\/\" \/>\n<meta property=\"og:site_name\" content=\"Martin Wieland Photography\" \/>\n<meta property=\"article:modified_time\" content=\"2024-07-31T09:18:59+00:00\" \/>\n<meta property=\"og:image\" content=\"https:\/\/www.martinwieland.at\/wp-content\/uploads\/2023\/12\/The-Baywatcher.jpg\" \/>\n\t<meta property=\"og:image:width\" content=\"1535\" \/>\n\t<meta property=\"og:image:height\" content=\"1535\" \/>\n\t<meta property=\"og:image:type\" content=\"image\/jpeg\" \/>\n<meta name=\"twitter:card\" content=\"summary_large_image\" \/>\n<meta name=\"twitter:label1\" content=\"Gesch\u00e4tzte Lesezeit\" \/>\n\t<meta name=\"twitter:data1\" content=\"2\u00a0Minuten\" \/>\n<script type=\"application\/ld+json\" class=\"yoast-schema-graph\">{\"@context\":\"https:\/\/schema.org\",\"@graph\":[{\"@type\":\"WebPage\",\"@id\":\"https:\/\/www.martinwieland.at\/produkt\/the-baywatcher\/\",\"url\":\"https:\/\/www.martinwieland.at\/produkt\/the-baywatcher\/\",\"name\":\"The Baywatcher - Martin Wieland Photography\",\"isPartOf\":{\"@id\":\"https:\/\/www.martinwieland.at\/#website\"},\"primaryImageOfPage\":{\"@id\":\"https:\/\/www.martinwieland.at\/produkt\/the-baywatcher\/#primaryimage\"},\"image\":{\"@id\":\"https:\/\/www.martinwieland.at\/produkt\/the-baywatcher\/#primaryimage\"},\"thumbnailUrl\":\"https:\/\/www.martinwieland.at\/wp-content\/uploads\/2023\/12\/The-Baywatcher.jpg\",\"datePublished\":\"2023-12-03T10:43:43+00:00\",\"dateModified\":\"2024-07-31T09:18:59+00:00\",\"breadcrumb\":{\"@id\":\"https:\/\/www.martinwieland.at\/produkt\/the-baywatcher\/#breadcrumb\"},\"inLanguage\":\"de\",\"potentialAction\":[{\"@type\":\"ReadAction\",\"target\":[\"https:\/\/www.martinwieland.at\/produkt\/the-baywatcher\/\"]}]},{\"@type\":\"ImageObject\",\"inLanguage\":\"de\",\"@id\":\"https:\/\/www.martinwieland.at\/produkt\/the-baywatcher\/#primaryimage\",\"url\":\"https:\/\/www.martinwieland.at\/wp-content\/uploads\/2023\/12\/The-Baywatcher.jpg\",\"contentUrl\":\"https:\/\/www.martinwieland.at\/wp-content\/uploads\/2023\/12\/The-Baywatcher.jpg\",\"width\":1535,\"height\":1535},{\"@type\":\"BreadcrumbList\",\"@id\":\"https:\/\/www.martinwieland.at\/produkt\/the-baywatcher\/#breadcrumb\",\"itemListElement\":[{\"@type\":\"ListItem\",\"position\":1,\"name\":\"Startseite\",\"item\":\"https:\/\/www.martinwieland.at\/\"},{\"@type\":\"ListItem\",\"position\":2,\"name\":\"Shop\",\"item\":\"https:\/\/www.martinwieland.at\/shop\/\"},{\"@type\":\"ListItem\",\"position\":3,\"name\":\"The Baywatcher\"}]},{\"@type\":\"WebSite\",\"@id\":\"https:\/\/www.martinwieland.at\/#website\",\"url\":\"https:\/\/www.martinwieland.at\/\",\"name\":\"Martin Wieland Photography\",\"description\":\"Martin Wieland Photography\",\"potentialAction\":[{\"@type\":\"SearchAction\",\"target\":{\"@type\":\"EntryPoint\",\"urlTemplate\":\"https:\/\/www.martinwieland.at\/?s={search_term_string}\"},\"query-input\":\"required name=search_term_string\"}],\"inLanguage\":\"de\"}]}<\/script>\n<!-- \/ Yoast SEO plugin. -->","yoast_head_json":{"title":"The Baywatcher - Martin Wieland Photography","robots":{"index":"index","follow":"follow","max-snippet":"max-snippet:-1","max-image-preview":"max-image-preview:large","max-video-preview":"max-video-preview:-1"},"canonical":"https:\/\/www.martinwieland.at\/de\/produkt\/the-baywatcher\/","og_locale":"de_DE","og_type":"article","og_title":"The Baywatcher - Martin Wieland Photography","og_description":"SOLD With dynamic brushstrokes, the familiar image of the Golden Gate Bridge transcends into a new realm. Flowing in vibrant, pulsating red hues, the paint imbues the scene with powerful energy. It becomes a bridge between reality and dream, carried by the fervor of art. \u2022 Ink, Acrylic,&nbsp; original photography, overpainting on Epson FineArt Paper. [&hellip;]","og_url":"https:\/\/www.martinwieland.at\/de\/produkt\/the-baywatcher\/","og_site_name":"Martin Wieland Photography","article_modified_time":"2024-07-31T09:18:59+00:00","og_image":[{"width":1535,"height":1535,"url":"https:\/\/www.martinwieland.at\/wp-content\/uploads\/2023\/12\/The-Baywatcher.jpg","type":"image\/jpeg"}],"twitter_card":"summary_large_image","twitter_misc":{"Gesch\u00e4tzte Lesezeit":"2\u00a0Minuten"},"schema":{"@context":"https:\/\/schema.org","@graph":[{"@type":"WebPage","@id":"https:\/\/www.martinwieland.at\/produkt\/the-baywatcher\/","url":"https:\/\/www.martinwieland.at\/produkt\/the-baywatcher\/","name":"The Baywatcher - Martin Wieland Photography","isPartOf":{"@id":"https:\/\/www.martinwieland.at\/#website"},"primaryImageOfPage":{"@id":"https:\/\/www.martinwieland.at\/produkt\/the-baywatcher\/#primaryimage"},"image":{"@id":"https:\/\/www.martinwieland.at\/produkt\/the-baywatcher\/#primaryimage"},"thumbnailUrl":"https:\/\/www.martinwieland.at\/wp-content\/uploads\/2023\/12\/The-Baywatcher.jpg","datePublished":"2023-12-03T10:43:43+00:00","dateModified":"2024-07-31T09:18:59+00:00","breadcrumb":{"@id":"https:\/\/www.martinwieland.at\/produkt\/the-baywatcher\/#breadcrumb"},"inLanguage":"de","potentialAction":[{"@type":"ReadAction","target":["https:\/\/www.martinwieland.at\/produkt\/the-baywatcher\/"]}]},{"@type":"ImageObject","inLanguage":"de","@id":"https:\/\/www.martinwieland.at\/produkt\/the-baywatcher\/#primaryimage","url":"https:\/\/www.martinwieland.at\/wp-content\/uploads\/2023\/12\/The-Baywatcher.jpg","contentUrl":"https:\/\/www.martinwieland.at\/wp-content\/uploads\/2023\/12\/The-Baywatcher.jpg","width":1535,"height":1535},{"@type":"BreadcrumbList","@id":"https:\/\/www.martinwieland.at\/produkt\/the-baywatcher\/#breadcrumb","itemListElement":[{"@type":"ListItem","position":1,"name":"Startseite","item":"https:\/\/www.martinwieland.at\/"},{"@type":"ListItem","position":2,"name":"Shop","item":"https:\/\/www.martinwieland.at\/shop\/"},{"@type":"ListItem","position":3,"name":"The Baywatcher"}]},{"@type":"WebSite","@id":"https:\/\/www.martinwieland.at\/#website","url":"https:\/\/www.martinwieland.at\/","name":"Martin Wieland Photography","description":"Martin Wieland Photography","potentialAction":[{"@type":"SearchAction","target":{"@type":"EntryPoint","urlTemplate":"https:\/\/www.martinwieland.at\/?s={search_term_string}"},"query-input":"required name=search_term_string"}],"inLanguage":"de"}]}},"_links":{"self":[{"href":"https:\/\/www.martinwieland.at\/de\/wp-json\/wp\/v2\/product\/12099"}],"collection":[{"href":"https:\/\/www.martinwieland.at\/de\/wp-json\/wp\/v2\/product"}],"about":[{"href":"https:\/\/www.martinwieland.at\/de\/wp-json\/wp\/v2\/types\/product"}],"replies":[{"embeddable":true,"href":"https:\/\/www.martinwieland.at\/de\/wp-json\/wp\/v2\/comments?post=12099"}],"wp:featuredmedia":[{"embeddable":true,"href":"https:\/\/www.martinwieland.at\/de\/wp-json\/wp\/v2\/media\/12694"}],"wp:attachment":[{"href":"https:\/\/www.martinwieland.at\/de\/wp-json\/wp\/v2\/media?parent=12099"}],"wp:term":[{"taxonomy":"product_cat","embeddable":true,"href":"https:\/\/www.martinwieland.at\/de\/wp-json\/wp\/v2\/product_cat?post=12099"},{"taxonomy":"product_tag","embeddable":true,"href":"https:\/\/www.martinwieland.at\/de\/wp-json\/wp\/v2\/product_tag?post=12099"}],"curies":[{"name":"wp","href":"https:\/\/api.w.org\/{rel}","templated":true}]}}