{"id":12115,"date":"2023-12-04T13:29:05","date_gmt":"2023-12-04T12:29:05","guid":{"rendered":"https:\/\/www.martinwieland.at\/?post_type=product&#038;p=12115"},"modified":"2023-12-07T22:25:28","modified_gmt":"2023-12-07T21:25:28","slug":"you-cant-hide-from-yourself","status":"publish","type":"product","link":"https:\/\/www.martinwieland.at\/de\/produkt\/you-cant-hide-from-yourself\/","title":{"rendered":"You can&#8217;t Hide from Yourself"},"content":{"rendered":"<div class=\"rte\">\n<p class=\"p1\">Immerse yourself in the duality of this powerful artwork! A kneeling woman on the beach, enveloped by a gloomy, overpainted backdrop that tells its own story. A striking purple spray point dominates the piece, drawing the eye and revealing an introspective dimension. Two bright pink tapes illuminate the darkness, emphasizing the message: &#8220;You Can&#8217;t Hide From Yourself.&#8221; This unconventional overpainting combines the strength of contrasts, conveying the message that the truth, whether painful or liberating, resides within ourselves.<\/p>\n<\/div>\n<div class=\"rte\">\n<div class=\"woocommerce-product-details__short-description\">\n<div class=\"product__page__photos__text\">\n<p>\u2022 Adhesive Tape, Spraypaint, Ink, printed photography, collage on paper.<br \/>\n\u2022 50x70cm<\/p>\n<p><span style=\"color: #d6d4d4;\">\u23bc\u23bc\u23bc\u23bc<\/span><\/p>\n<\/div>\n<\/div>\n<\/div>\n<p>\u2022 One of a Kind<br \/>\n\u2022 Certificate of Authenticity<br \/>\n\u2022 handsigned<br \/>\n\u2022 Drawings and photographic elements were created singular by us and put together analog after a long process of \u201enearly fitting\u201c.<br \/>\n\u2022 Should you wish to have your artwork framed, please contact us by mail<\/p>\n<div class=\"rte\">\n<div class=\"woocommerce-product-details__short-description\">\n<div class=\"product__page__photos__text\">\n<p>Do you have any questions about the product?<\/p>\n<div class=\"fw-row tal\">\n\t\t\t\t\t\t<a href=\"mailto:mw@martinwieland.at\" target=\"_self\" class=\"button-style3\" style=\"\">\n\t\t\t\t\t\t\t\t<span>send mail<\/span>\n\t\t\t<\/a>\n\t\t\t<\/div><\/div>\n<div>&nbsp;<\/div>\n<div class=\"product__page__photos__text\"><span style=\"color: #d6d6d6;\">\u23bb\u23bb\u23bb\u23bb\u23bb\u23bb\u23bb\u23bb\u23bb\u23bb\u23bb\u23bb<\/span><\/div>\n<\/div>\n<\/div>\n<p class=\"p1\">Tauche ein in die Dualit\u00e4t dieses kraftvollen Kunstwerks! Eine kniende Frau am Strand, umh\u00fcllt von einer d\u00fcsteren, \u00fcbermalten Kulisse, die ihre eigene Geschichte erz\u00e4hlt. Ein markanter lila Spr\u00fchpunkt dominiert das Werk, zieht den Blick auf sich und offenbart eine introspektive Dimension. Zwei hellpinke Tapes beleuchten das Dunkel und unterstreichen die Botschaft: &#8220;You Can&#8217;t Hide From Yourself&#8221;. Diese unkonventionelle \u00dcbermalung vereint die St\u00e4rke von Kontrasten und vermittelt die Botschaft, dass die Wahrheit, ob schmerzhaft oder befreiend, in uns selbst liegt.<\/p>\n<p>\u2022Klebeband, Lack, Sprayfarbe, gedr. Fotografie, Collage auf Zeichenpapier<br \/>\n\u2022 50x70cm<br \/>\n<span style=\"color: #d6d4d4;\">\u23bc\u23bc\u23bc\u23bc<\/span><br \/>\n\u2022 Unikat<br \/>\n\u2022 Echtheitszertifikat<br \/>\n\u2022 handsigniert<br \/>\n\u2022 Die Zeichnungen und Fotografien wurden von uns getrennt erstellt und analog mittels Collagetechnik zusammengef\u00fcgt.<br \/>\n\u2022 Wir geben Ihrem Kunstwerk auch gerne den passenden Rahmen<\/p>\n<p>Haben Sie Fragen zum Produkt?<\/p>\n<p><div class=\"fw-row tal\">\n\t\t\t\t\t\t<a href=\"mailto:mw@martinwieland.at\" target=\"_self\" class=\"button-style3\" style=\"\">\n\t\t\t\t\t\t\t\t<span>Mail senden<\/span>\n\t\t\t<\/a>\n\t\t\t<\/div><span style=\"color: #d6d6d6;\">\u23bb\u23bb\u23bb\u23bb\u23bb\u23bb\u23bb\u23bb\u23bb\u23bb\u23bb\u23bb<\/span><\/p>","protected":false},"excerpt":{"rendered":"<p>Immerse yourself in the duality of this powerful artwork! A kneeling woman on the beach, enveloped by a gloomy, overpainted backdrop that tells its own story. A striking purple spray point dominates the piece, drawing the eye and revealing an introspective dimension. Two bright pink tapes illuminate the darkness, emphasizing the message: &#8220;You Can&#8217;t Hide [&hellip;]<\/p>","protected":false},"featured_media":8382,"comment_status":"open","ping_status":"closed","template":"","meta":{"_acf_changed":false},"product_cat":[253,168,252,254],"product_tag":[131,50,242,51,133,53,244,54,241,74,142,55,143,240,243],"acf":[],"yoast_head":"<!-- This site is optimized with the Yoast SEO plugin v23.2 - https:\/\/yoast.com\/wordpress\/plugins\/seo\/ -->\n<title>You can&#039;t Hide from Yourself - Martin Wieland Photography<\/title>\n<meta name=\"robots\" content=\"index, follow, max-snippet:-1, max-image-preview:large, max-video-preview:-1\" \/>\n<link rel=\"canonical\" href=\"https:\/\/www.martinwieland.at\/de\/produkt\/you-cant-hide-from-yourself\/\" \/>\n<meta property=\"og:locale\" content=\"de_DE\" \/>\n<meta property=\"og:type\" content=\"article\" \/>\n<meta property=\"og:title\" content=\"You can&#039;t Hide from Yourself - Martin Wieland Photography\" \/>\n<meta property=\"og:description\" content=\"Immerse yourself in the duality of this powerful artwork! A kneeling woman on the beach, enveloped by a gloomy, overpainted backdrop that tells its own story. A striking purple spray point dominates the piece, drawing the eye and revealing an introspective dimension. Two bright pink tapes illuminate the darkness, emphasizing the message: &#8220;You Can&#8217;t Hide [&hellip;]\" \/>\n<meta property=\"og:url\" content=\"https:\/\/www.martinwieland.at\/de\/produkt\/you-cant-hide-from-yourself\/\" \/>\n<meta property=\"og:site_name\" content=\"Martin Wieland Photography\" \/>\n<meta property=\"article:modified_time\" content=\"2023-12-07T21:25:28+00:00\" \/>\n<meta property=\"og:image\" content=\"https:\/\/www.martinwieland.at\/wp-content\/uploads\/2023\/05\/You-Cant-Hide-From-Yourself-1.jpg\" \/>\n\t<meta property=\"og:image:width\" content=\"1535\" \/>\n\t<meta property=\"og:image:height\" content=\"1535\" \/>\n\t<meta property=\"og:image:type\" content=\"image\/jpeg\" \/>\n<meta name=\"twitter:card\" content=\"summary_large_image\" \/>\n<meta name=\"twitter:label1\" content=\"Gesch\u00e4tzte Lesezeit\" \/>\n\t<meta name=\"twitter:data1\" content=\"2\u00a0Minuten\" \/>\n<script type=\"application\/ld+json\" class=\"yoast-schema-graph\">{\"@context\":\"https:\/\/schema.org\",\"@graph\":[{\"@type\":\"WebPage\",\"@id\":\"https:\/\/www.martinwieland.at\/de\/produkt\/you-cant-hide-from-yourself\/\",\"url\":\"https:\/\/www.martinwieland.at\/de\/produkt\/you-cant-hide-from-yourself\/\",\"name\":\"You can't Hide from Yourself - Martin Wieland Photography\",\"isPartOf\":{\"@id\":\"https:\/\/www.martinwieland.at\/#website\"},\"primaryImageOfPage\":{\"@id\":\"https:\/\/www.martinwieland.at\/de\/produkt\/you-cant-hide-from-yourself\/#primaryimage\"},\"image\":{\"@id\":\"https:\/\/www.martinwieland.at\/de\/produkt\/you-cant-hide-from-yourself\/#primaryimage\"},\"thumbnailUrl\":\"https:\/\/www.martinwieland.at\/wp-content\/uploads\/2023\/05\/You-Cant-Hide-From-Yourself-1.jpg\",\"datePublished\":\"2023-12-04T12:29:05+00:00\",\"dateModified\":\"2023-12-07T21:25:28+00:00\",\"breadcrumb\":{\"@id\":\"https:\/\/www.martinwieland.at\/de\/produkt\/you-cant-hide-from-yourself\/#breadcrumb\"},\"inLanguage\":\"de\",\"potentialAction\":[{\"@type\":\"ReadAction\",\"target\":[\"https:\/\/www.martinwieland.at\/de\/produkt\/you-cant-hide-from-yourself\/\"]}]},{\"@type\":\"ImageObject\",\"inLanguage\":\"de\",\"@id\":\"https:\/\/www.martinwieland.at\/de\/produkt\/you-cant-hide-from-yourself\/#primaryimage\",\"url\":\"https:\/\/www.martinwieland.at\/wp-content\/uploads\/2023\/05\/You-Cant-Hide-From-Yourself-1.jpg\",\"contentUrl\":\"https:\/\/www.martinwieland.at\/wp-content\/uploads\/2023\/05\/You-Cant-Hide-From-Yourself-1.jpg\",\"width\":1535,\"height\":1535},{\"@type\":\"BreadcrumbList\",\"@id\":\"https:\/\/www.martinwieland.at\/de\/produkt\/you-cant-hide-from-yourself\/#breadcrumb\",\"itemListElement\":[{\"@type\":\"ListItem\",\"position\":1,\"name\":\"Startseite\",\"item\":\"https:\/\/www.martinwieland.at\/\"},{\"@type\":\"ListItem\",\"position\":2,\"name\":\"Shop\",\"item\":\"https:\/\/www.martinwieland.at\/shop\/\"},{\"@type\":\"ListItem\",\"position\":3,\"name\":\"You can&#8217;t Hide from Yourself\"}]},{\"@type\":\"WebSite\",\"@id\":\"https:\/\/www.martinwieland.at\/#website\",\"url\":\"https:\/\/www.martinwieland.at\/\",\"name\":\"Martin Wieland Photography\",\"description\":\"Martin Wieland Photography\",\"potentialAction\":[{\"@type\":\"SearchAction\",\"target\":{\"@type\":\"EntryPoint\",\"urlTemplate\":\"https:\/\/www.martinwieland.at\/?s={search_term_string}\"},\"query-input\":\"required name=search_term_string\"}],\"inLanguage\":\"de\"}]}<\/script>\n<!-- \/ Yoast SEO plugin. -->","yoast_head_json":{"title":"You can't Hide from Yourself - Martin Wieland Photography","robots":{"index":"index","follow":"follow","max-snippet":"max-snippet:-1","max-image-preview":"max-image-preview:large","max-video-preview":"max-video-preview:-1"},"canonical":"https:\/\/www.martinwieland.at\/de\/produkt\/you-cant-hide-from-yourself\/","og_locale":"de_DE","og_type":"article","og_title":"You can't Hide from Yourself - Martin Wieland Photography","og_description":"Immerse yourself in the duality of this powerful artwork! A kneeling woman on the beach, enveloped by a gloomy, overpainted backdrop that tells its own story. A striking purple spray point dominates the piece, drawing the eye and revealing an introspective dimension. Two bright pink tapes illuminate the darkness, emphasizing the message: &#8220;You Can&#8217;t Hide [&hellip;]","og_url":"https:\/\/www.martinwieland.at\/de\/produkt\/you-cant-hide-from-yourself\/","og_site_name":"Martin Wieland Photography","article_modified_time":"2023-12-07T21:25:28+00:00","og_image":[{"width":1535,"height":1535,"url":"https:\/\/www.martinwieland.at\/wp-content\/uploads\/2023\/05\/You-Cant-Hide-From-Yourself-1.jpg","type":"image\/jpeg"}],"twitter_card":"summary_large_image","twitter_misc":{"Gesch\u00e4tzte Lesezeit":"2\u00a0Minuten"},"schema":{"@context":"https:\/\/schema.org","@graph":[{"@type":"WebPage","@id":"https:\/\/www.martinwieland.at\/de\/produkt\/you-cant-hide-from-yourself\/","url":"https:\/\/www.martinwieland.at\/de\/produkt\/you-cant-hide-from-yourself\/","name":"You can't Hide from Yourself - Martin Wieland Photography","isPartOf":{"@id":"https:\/\/www.martinwieland.at\/#website"},"primaryImageOfPage":{"@id":"https:\/\/www.martinwieland.at\/de\/produkt\/you-cant-hide-from-yourself\/#primaryimage"},"image":{"@id":"https:\/\/www.martinwieland.at\/de\/produkt\/you-cant-hide-from-yourself\/#primaryimage"},"thumbnailUrl":"https:\/\/www.martinwieland.at\/wp-content\/uploads\/2023\/05\/You-Cant-Hide-From-Yourself-1.jpg","datePublished":"2023-12-04T12:29:05+00:00","dateModified":"2023-12-07T21:25:28+00:00","breadcrumb":{"@id":"https:\/\/www.martinwieland.at\/de\/produkt\/you-cant-hide-from-yourself\/#breadcrumb"},"inLanguage":"de","potentialAction":[{"@type":"ReadAction","target":["https:\/\/www.martinwieland.at\/de\/produkt\/you-cant-hide-from-yourself\/"]}]},{"@type":"ImageObject","inLanguage":"de","@id":"https:\/\/www.martinwieland.at\/de\/produkt\/you-cant-hide-from-yourself\/#primaryimage","url":"https:\/\/www.martinwieland.at\/wp-content\/uploads\/2023\/05\/You-Cant-Hide-From-Yourself-1.jpg","contentUrl":"https:\/\/www.martinwieland.at\/wp-content\/uploads\/2023\/05\/You-Cant-Hide-From-Yourself-1.jpg","width":1535,"height":1535},{"@type":"BreadcrumbList","@id":"https:\/\/www.martinwieland.at\/de\/produkt\/you-cant-hide-from-yourself\/#breadcrumb","itemListElement":[{"@type":"ListItem","position":1,"name":"Startseite","item":"https:\/\/www.martinwieland.at\/"},{"@type":"ListItem","position":2,"name":"Shop","item":"https:\/\/www.martinwieland.at\/shop\/"},{"@type":"ListItem","position":3,"name":"You can&#8217;t Hide from Yourself"}]},{"@type":"WebSite","@id":"https:\/\/www.martinwieland.at\/#website","url":"https:\/\/www.martinwieland.at\/","name":"Martin Wieland Photography","description":"Martin Wieland Photography","potentialAction":[{"@type":"SearchAction","target":{"@type":"EntryPoint","urlTemplate":"https:\/\/www.martinwieland.at\/?s={search_term_string}"},"query-input":"required name=search_term_string"}],"inLanguage":"de"}]}},"_links":{"self":[{"href":"https:\/\/www.martinwieland.at\/de\/wp-json\/wp\/v2\/product\/12115"}],"collection":[{"href":"https:\/\/www.martinwieland.at\/de\/wp-json\/wp\/v2\/product"}],"about":[{"href":"https:\/\/www.martinwieland.at\/de\/wp-json\/wp\/v2\/types\/product"}],"replies":[{"embeddable":true,"href":"https:\/\/www.martinwieland.at\/de\/wp-json\/wp\/v2\/comments?post=12115"}],"wp:featuredmedia":[{"embeddable":true,"href":"https:\/\/www.martinwieland.at\/de\/wp-json\/wp\/v2\/media\/8382"}],"wp:attachment":[{"href":"https:\/\/www.martinwieland.at\/de\/wp-json\/wp\/v2\/media?parent=12115"}],"wp:term":[{"taxonomy":"product_cat","embeddable":true,"href":"https:\/\/www.martinwieland.at\/de\/wp-json\/wp\/v2\/product_cat?post=12115"},{"taxonomy":"product_tag","embeddable":true,"href":"https:\/\/www.martinwieland.at\/de\/wp-json\/wp\/v2\/product_tag?post=12115"}],"curies":[{"name":"wp","href":"https:\/\/api.w.org\/{rel}","templated":true}]}}