{"id":12116,"date":"2023-12-04T13:38:17","date_gmt":"2023-12-04T12:38:17","guid":{"rendered":"https:\/\/www.martinwieland.at\/?post_type=product&#038;p=12116"},"modified":"2023-12-07T22:24:58","modified_gmt":"2023-12-07T21:24:58","slug":"you-can-never-reach-me-at-least-take-this-picture","status":"publish","type":"product","link":"https:\/\/www.martinwieland.at\/de\/produkt\/you-can-never-reach-me-at-least-take-this-picture\/","title":{"rendered":"You can Never Reach Me. At Least Take This Picture."},"content":{"rendered":"<div class=\"rte\">\n<div class=\"flex-1 overflow-hidden\">\n<div class=\"react-scroll-to-bottom--css-enmbl-79elbk h-full\">\n<div class=\"react-scroll-to-bottom--css-enmbl-1n7m0yu\">\n<div class=\"flex flex-col pb-9 text-sm\">\n<div class=\"w-full text-token-text-primary\" data-testid=\"conversation-turn-297\">\n<div class=\"px-4 py-2 justify-center text-base md:gap-6 m-auto\">\n<div class=\"flex flex-1 text-base mx-auto gap-3 md:px-5 lg:px-1 xl:px-5 md:max-w-3xl lg:max-w-[40rem] xl:max-w-[48rem] } group final-completion\">\n<div class=\"relative flex w-full flex-col lg:w-[calc(100%-115px)] agent-turn\">\n<div class=\"flex-col gap-1 md:gap-3\">\n<div class=\"flex flex-grow flex-col max-w-full\">\n<div class=\"min-h-[20px] text-message flex flex-col items-start gap-3 whitespace-pre-wrap break-words [.text-message+&amp;]:mt-5 overflow-x-auto\" data-message-author-role=\"assistant\" data-message-id=\"64a0b852-b955-4234-8aa7-d53d5c3d201c\">\n<div class=\"markdown prose w-full break-words dark:prose-invert dark\">\n<p>In this impressive artwork, the portrait of a woman is framed by a title that hints at an unattainable aura. Does she exude confidence or hide concealed wounds? The meticulous use of ink and oil pastels outlines her contours against a mysterious backdrop, leaving room for interpretation. The graffiti-style title adds an urban touch, signaling hidden depths to her story. The subtle presence of the pink tape sets nuanced accents, drawing the viewer into the mysterious allure of her personality.<\/p>\n<\/div>\n<\/div>\n<\/div>\n<\/div>\n<\/div>\n<\/div>\n<\/div>\n<\/div>\n<\/div>\n<\/div>\n<\/div>\n<\/div>\n<\/div>\n<div class=\"rte\">\n<div class=\"woocommerce-product-details__short-description\">\n<div class=\"product__page__photos__text\">\n<p>\u2022 Paint Marker, adhesive Tape, Ink, Opaque White, Crayons, original photography, collage on FineArt Baryta Photopaper.<br \/>\n\u2022 50x70cm<\/p>\n<p><span style=\"color: #d6d4d4;\">\u23bc\u23bc\u23bc\u23bc<\/span><\/p>\n<\/div>\n<\/div>\n<\/div>\n<p>\u2022 One of a Kind<br \/>\n\u2022 Certificate of Authenticity<br \/>\n\u2022 handsigned<br \/>\n\u2022 Drawings and photographic elements were created singular by us and put together analog after a long process of \u201enearly fitting\u201c.<br \/>\n\u2022 Should you wish to have your artwork framed, please contact us by mail<\/p>\n<div class=\"rte\">\n<div class=\"woocommerce-product-details__short-description\">\n<div class=\"product__page__photos__text\">\n<p>Do you have any questions about the product?<\/p>\n<div class=\"fw-row tal\">\n\t\t\t\t\t\t<a href=\"mailto:mw@martinwieland.at\" target=\"_self\" class=\"button-style3\" style=\"\">\n\t\t\t\t\t\t\t\t<span>send mail<\/span>\n\t\t\t<\/a>\n\t\t\t<\/div><\/div>\n<div>&nbsp;<\/div>\n<div class=\"product__page__photos__text\"><span style=\"color: #d6d6d6;\">\u23bb\u23bb\u23bb\u23bb\u23bb\u23bb\u23bb\u23bb\u23bb\u23bb\u23bb\u23bb<\/span><\/div>\n<\/div>\n<\/div>\n<p>In diesem eindrucksvollen Kunstwerk wird das Portr\u00e4t einer Frau von einem Titel gerahmt, der auf eine unerreichbare Aura hindeutet. Strahlt sie Selbstsicherheit aus oder verbirgt sie verborgene Verletzungen? Die akribische Verwendung von Tusche und \u00d6lkreiden hebt ihre Konturen gegen einen r\u00e4tselhaften Hintergrund ab und l\u00e4sst Raum f\u00fcr Interpretationen. Der Graffiti-Stil des Titels verleiht einen urbanen Touch und signalisiert verborgene Tiefen ihrer Geschichte. Die subtile Pr\u00e4senz des rosa Tapes setzt nuancierte Akzente und zieht den Betrachter in den geheimnisvollen Reiz ihrer Pers\u00f6nlichkeit.<\/p>\n<p>\u2022 Lackstift, Deckweiss, Textilklebeband, Tusche, \u00d6lkreide, Original Fotografie, Collage auf FineArt Baryta Photopapier<br \/>\n\u2022 50x70cm<br \/>\n<span style=\"color: #d6d4d4;\">\u23bc\u23bc\u23bc\u23bc<\/span><br \/>\n\u2022 Unikat<br \/>\n\u2022 Echtheitszertifikat<br \/>\n\u2022 handsigniert<br \/>\n\u2022 Die Zeichnungen und Fotografien wurden von uns getrennt erstellt und analog mittels Collagetechnik zusammengef\u00fcgt.<br \/>\n\u2022 Wir geben Ihrem Kunstwerk auch gerne den passenden Rahmen<\/p>\n<p>Haben Sie Fragen zum Produkt?<\/p>\n<p><div class=\"fw-row tal\">\n\t\t\t\t\t\t<a href=\"mailto:mw@martinwieland.at\" target=\"_self\" class=\"button-style3\" style=\"\">\n\t\t\t\t\t\t\t\t<span>Mail senden<\/span>\n\t\t\t<\/a>\n\t\t\t<\/div><span style=\"color: #d6d6d6;\">\u23bb\u23bb\u23bb\u23bb\u23bb\u23bb\u23bb\u23bb\u23bb\u23bb\u23bb\u23bb<\/span><\/p>","protected":false},"excerpt":{"rendered":"<p>In this impressive artwork, the portrait of a woman is framed by a title that hints at an unattainable aura. Does she exude confidence or hide concealed wounds? The meticulous use of ink and oil pastels outlines her contours against a mysterious backdrop, leaving room for interpretation. The graffiti-style title adds an urban touch, signaling [&hellip;]<\/p>","protected":false},"featured_media":8381,"comment_status":"open","ping_status":"closed","template":"","meta":{"_acf_changed":false},"product_cat":[168,256,254],"product_tag":[131,50,242,51,133,53,244,54,241,74,142,55,143,240,243],"acf":[],"yoast_head":"<!-- This site is optimized with the Yoast SEO plugin v23.2 - https:\/\/yoast.com\/wordpress\/plugins\/seo\/ -->\n<title>You can Never Reach Me. At Least Take This Picture. - Martin Wieland Photography<\/title>\n<meta name=\"robots\" content=\"index, follow, max-snippet:-1, max-image-preview:large, max-video-preview:-1\" \/>\n<link rel=\"canonical\" href=\"https:\/\/www.martinwieland.at\/de\/produkt\/you-can-never-reach-me-at-least-take-this-picture\/\" \/>\n<meta property=\"og:locale\" content=\"de_DE\" \/>\n<meta property=\"og:type\" content=\"article\" \/>\n<meta property=\"og:title\" content=\"You can Never Reach Me. At Least Take This Picture. - Martin Wieland Photography\" \/>\n<meta property=\"og:description\" content=\"In this impressive artwork, the portrait of a woman is framed by a title that hints at an unattainable aura. Does she exude confidence or hide concealed wounds? The meticulous use of ink and oil pastels outlines her contours against a mysterious backdrop, leaving room for interpretation. The graffiti-style title adds an urban touch, signaling [&hellip;]\" \/>\n<meta property=\"og:url\" content=\"https:\/\/www.martinwieland.at\/de\/produkt\/you-can-never-reach-me-at-least-take-this-picture\/\" \/>\n<meta property=\"og:site_name\" content=\"Martin Wieland Photography\" \/>\n<meta property=\"article:modified_time\" content=\"2023-12-07T21:24:58+00:00\" \/>\n<meta property=\"og:image\" content=\"https:\/\/www.martinwieland.at\/wp-content\/uploads\/2023\/05\/You-Can-Never-Reach-Me-At-Least-Take-This-Picture-1.jpg\" \/>\n\t<meta property=\"og:image:width\" content=\"1535\" \/>\n\t<meta property=\"og:image:height\" content=\"1535\" \/>\n\t<meta property=\"og:image:type\" content=\"image\/jpeg\" \/>\n<meta name=\"twitter:card\" content=\"summary_large_image\" \/>\n<meta name=\"twitter:label1\" content=\"Gesch\u00e4tzte Lesezeit\" \/>\n\t<meta name=\"twitter:data1\" content=\"2\u00a0Minuten\" \/>\n<script type=\"application\/ld+json\" class=\"yoast-schema-graph\">{\"@context\":\"https:\/\/schema.org\",\"@graph\":[{\"@type\":\"WebPage\",\"@id\":\"https:\/\/www.martinwieland.at\/produkt\/you-can-never-reach-me-at-least-take-this-picture\/\",\"url\":\"https:\/\/www.martinwieland.at\/produkt\/you-can-never-reach-me-at-least-take-this-picture\/\",\"name\":\"You can Never Reach Me. At Least Take This Picture. - Martin Wieland Photography\",\"isPartOf\":{\"@id\":\"https:\/\/www.martinwieland.at\/#website\"},\"primaryImageOfPage\":{\"@id\":\"https:\/\/www.martinwieland.at\/produkt\/you-can-never-reach-me-at-least-take-this-picture\/#primaryimage\"},\"image\":{\"@id\":\"https:\/\/www.martinwieland.at\/produkt\/you-can-never-reach-me-at-least-take-this-picture\/#primaryimage\"},\"thumbnailUrl\":\"https:\/\/www.martinwieland.at\/wp-content\/uploads\/2023\/05\/You-Can-Never-Reach-Me-At-Least-Take-This-Picture-1.jpg\",\"datePublished\":\"2023-12-04T12:38:17+00:00\",\"dateModified\":\"2023-12-07T21:24:58+00:00\",\"breadcrumb\":{\"@id\":\"https:\/\/www.martinwieland.at\/produkt\/you-can-never-reach-me-at-least-take-this-picture\/#breadcrumb\"},\"inLanguage\":\"de\",\"potentialAction\":[{\"@type\":\"ReadAction\",\"target\":[\"https:\/\/www.martinwieland.at\/produkt\/you-can-never-reach-me-at-least-take-this-picture\/\"]}]},{\"@type\":\"ImageObject\",\"inLanguage\":\"de\",\"@id\":\"https:\/\/www.martinwieland.at\/produkt\/you-can-never-reach-me-at-least-take-this-picture\/#primaryimage\",\"url\":\"https:\/\/www.martinwieland.at\/wp-content\/uploads\/2023\/05\/You-Can-Never-Reach-Me-At-Least-Take-This-Picture-1.jpg\",\"contentUrl\":\"https:\/\/www.martinwieland.at\/wp-content\/uploads\/2023\/05\/You-Can-Never-Reach-Me-At-Least-Take-This-Picture-1.jpg\",\"width\":1535,\"height\":1535},{\"@type\":\"BreadcrumbList\",\"@id\":\"https:\/\/www.martinwieland.at\/produkt\/you-can-never-reach-me-at-least-take-this-picture\/#breadcrumb\",\"itemListElement\":[{\"@type\":\"ListItem\",\"position\":1,\"name\":\"Startseite\",\"item\":\"https:\/\/www.martinwieland.at\/\"},{\"@type\":\"ListItem\",\"position\":2,\"name\":\"Shop\",\"item\":\"https:\/\/www.martinwieland.at\/shop\/\"},{\"@type\":\"ListItem\",\"position\":3,\"name\":\"You can Never Reach Me. At Least Take This Picture.\"}]},{\"@type\":\"WebSite\",\"@id\":\"https:\/\/www.martinwieland.at\/#website\",\"url\":\"https:\/\/www.martinwieland.at\/\",\"name\":\"Martin Wieland Photography\",\"description\":\"Martin Wieland Photography\",\"potentialAction\":[{\"@type\":\"SearchAction\",\"target\":{\"@type\":\"EntryPoint\",\"urlTemplate\":\"https:\/\/www.martinwieland.at\/?s={search_term_string}\"},\"query-input\":\"required name=search_term_string\"}],\"inLanguage\":\"de\"}]}<\/script>\n<!-- \/ Yoast SEO plugin. -->","yoast_head_json":{"title":"You can Never Reach Me. At Least Take This Picture. - Martin Wieland Photography","robots":{"index":"index","follow":"follow","max-snippet":"max-snippet:-1","max-image-preview":"max-image-preview:large","max-video-preview":"max-video-preview:-1"},"canonical":"https:\/\/www.martinwieland.at\/de\/produkt\/you-can-never-reach-me-at-least-take-this-picture\/","og_locale":"de_DE","og_type":"article","og_title":"You can Never Reach Me. At Least Take This Picture. - Martin Wieland Photography","og_description":"In this impressive artwork, the portrait of a woman is framed by a title that hints at an unattainable aura. Does she exude confidence or hide concealed wounds? The meticulous use of ink and oil pastels outlines her contours against a mysterious backdrop, leaving room for interpretation. The graffiti-style title adds an urban touch, signaling [&hellip;]","og_url":"https:\/\/www.martinwieland.at\/de\/produkt\/you-can-never-reach-me-at-least-take-this-picture\/","og_site_name":"Martin Wieland Photography","article_modified_time":"2023-12-07T21:24:58+00:00","og_image":[{"width":1535,"height":1535,"url":"https:\/\/www.martinwieland.at\/wp-content\/uploads\/2023\/05\/You-Can-Never-Reach-Me-At-Least-Take-This-Picture-1.jpg","type":"image\/jpeg"}],"twitter_card":"summary_large_image","twitter_misc":{"Gesch\u00e4tzte Lesezeit":"2\u00a0Minuten"},"schema":{"@context":"https:\/\/schema.org","@graph":[{"@type":"WebPage","@id":"https:\/\/www.martinwieland.at\/produkt\/you-can-never-reach-me-at-least-take-this-picture\/","url":"https:\/\/www.martinwieland.at\/produkt\/you-can-never-reach-me-at-least-take-this-picture\/","name":"You can Never Reach Me. At Least Take This Picture. - Martin Wieland Photography","isPartOf":{"@id":"https:\/\/www.martinwieland.at\/#website"},"primaryImageOfPage":{"@id":"https:\/\/www.martinwieland.at\/produkt\/you-can-never-reach-me-at-least-take-this-picture\/#primaryimage"},"image":{"@id":"https:\/\/www.martinwieland.at\/produkt\/you-can-never-reach-me-at-least-take-this-picture\/#primaryimage"},"thumbnailUrl":"https:\/\/www.martinwieland.at\/wp-content\/uploads\/2023\/05\/You-Can-Never-Reach-Me-At-Least-Take-This-Picture-1.jpg","datePublished":"2023-12-04T12:38:17+00:00","dateModified":"2023-12-07T21:24:58+00:00","breadcrumb":{"@id":"https:\/\/www.martinwieland.at\/produkt\/you-can-never-reach-me-at-least-take-this-picture\/#breadcrumb"},"inLanguage":"de","potentialAction":[{"@type":"ReadAction","target":["https:\/\/www.martinwieland.at\/produkt\/you-can-never-reach-me-at-least-take-this-picture\/"]}]},{"@type":"ImageObject","inLanguage":"de","@id":"https:\/\/www.martinwieland.at\/produkt\/you-can-never-reach-me-at-least-take-this-picture\/#primaryimage","url":"https:\/\/www.martinwieland.at\/wp-content\/uploads\/2023\/05\/You-Can-Never-Reach-Me-At-Least-Take-This-Picture-1.jpg","contentUrl":"https:\/\/www.martinwieland.at\/wp-content\/uploads\/2023\/05\/You-Can-Never-Reach-Me-At-Least-Take-This-Picture-1.jpg","width":1535,"height":1535},{"@type":"BreadcrumbList","@id":"https:\/\/www.martinwieland.at\/produkt\/you-can-never-reach-me-at-least-take-this-picture\/#breadcrumb","itemListElement":[{"@type":"ListItem","position":1,"name":"Startseite","item":"https:\/\/www.martinwieland.at\/"},{"@type":"ListItem","position":2,"name":"Shop","item":"https:\/\/www.martinwieland.at\/shop\/"},{"@type":"ListItem","position":3,"name":"You can Never Reach Me. At Least Take This Picture."}]},{"@type":"WebSite","@id":"https:\/\/www.martinwieland.at\/#website","url":"https:\/\/www.martinwieland.at\/","name":"Martin Wieland Photography","description":"Martin Wieland Photography","potentialAction":[{"@type":"SearchAction","target":{"@type":"EntryPoint","urlTemplate":"https:\/\/www.martinwieland.at\/?s={search_term_string}"},"query-input":"required name=search_term_string"}],"inLanguage":"de"}]}},"_links":{"self":[{"href":"https:\/\/www.martinwieland.at\/de\/wp-json\/wp\/v2\/product\/12116"}],"collection":[{"href":"https:\/\/www.martinwieland.at\/de\/wp-json\/wp\/v2\/product"}],"about":[{"href":"https:\/\/www.martinwieland.at\/de\/wp-json\/wp\/v2\/types\/product"}],"replies":[{"embeddable":true,"href":"https:\/\/www.martinwieland.at\/de\/wp-json\/wp\/v2\/comments?post=12116"}],"wp:featuredmedia":[{"embeddable":true,"href":"https:\/\/www.martinwieland.at\/de\/wp-json\/wp\/v2\/media\/8381"}],"wp:attachment":[{"href":"https:\/\/www.martinwieland.at\/de\/wp-json\/wp\/v2\/media?parent=12116"}],"wp:term":[{"taxonomy":"product_cat","embeddable":true,"href":"https:\/\/www.martinwieland.at\/de\/wp-json\/wp\/v2\/product_cat?post=12116"},{"taxonomy":"product_tag","embeddable":true,"href":"https:\/\/www.martinwieland.at\/de\/wp-json\/wp\/v2\/product_tag?post=12116"}],"curies":[{"name":"wp","href":"https:\/\/api.w.org\/{rel}","templated":true}]}}