{"id":12156,"date":"2023-12-07T21:05:07","date_gmt":"2023-12-07T20:05:07","guid":{"rendered":"https:\/\/www.martinwieland.at\/?post_type=product&#038;p=12156"},"modified":"2024-02-24T15:45:45","modified_gmt":"2024-02-24T14:45:45","slug":"ned-fix","status":"publish","type":"product","link":"https:\/\/www.martinwieland.at\/de\/produkt\/ned-fix\/","title":{"rendered":"Ned Fix"},"content":{"rendered":"<div class=\"rte\">\n<div class=\"flex-1 overflow-hidden\">\n<div class=\"react-scroll-to-bottom--css-enmbl-79elbk h-full\">\n<div class=\"react-scroll-to-bottom--css-enmbl-1n7m0yu\">\n<div class=\"flex flex-col pb-9 text-sm\">\n<div class=\"w-full text-token-text-primary\" data-testid=\"conversation-turn-297\">\n<div class=\"px-4 py-2 justify-center text-base md:gap-6 m-auto\">\n<div class=\"flex flex-1 text-base mx-auto gap-3 md:px-5 lg:px-1 xl:px-5 md:max-w-3xl lg:max-w-[40rem] xl:max-w-[48rem] } group final-completion\">\n<div class=\"relative flex w-full flex-col lg:w-[calc(100%-115px)] agent-turn\">\n<div class=\"flex-col gap-1 md:gap-3\">\n<div class=\"flex flex-grow flex-col max-w-full\">\n<div class=\"min-h-[20px] text-message flex flex-col items-start gap-3 whitespace-pre-wrap break-words [.text-message+&amp;]:mt-5 overflow-x-auto\" data-message-author-role=\"assistant\" data-message-id=\"64a0b852-b955-4234-8aa7-d53d5c3d201c\">\n<div class=\"markdown prose w-full break-words dark:prose-invert dark\">\n<div class=\"w-full text-token-text-primary\" data-testid=\"conversation-turn-293\">\n<div class=\"px-4 py-2 justify-center text-base md:gap-6 m-auto\">\n<div class=\"flex flex-1 text-base mx-auto gap-3 md:px-5 lg:px-1 xl:px-5 md:max-w-3xl lg:max-w-[40rem] xl:max-w-[48rem] } group\">\n<div class=\"relative flex w-full flex-col lg:w-[calc(100%-115px)] agent-turn\">\n<div class=\"flex-col gap-1 md:gap-3\">\n<div class=\"flex flex-grow flex-col max-w-full\">\n<div class=\"min-h-[20px] text-message flex flex-col items-start gap-3 whitespace-pre-wrap break-words [.text-message+&amp;]:mt-5 overflow-x-auto\" data-message-author-role=\"assistant\" data-message-id=\"55ab1baa-be79-4797-9351-c47bef116ae3\">\n<div class=\"markdown prose w-full break-words dark:prose-invert dark\">\n<p>An artistic rendition captures a nude woman in a desert landscape, evoking a sense of mystery and allure. The title, along with two bold red acrylic stripes, subtly alludes to a popular streaming service, adding a modern twist to the composition. The juxtaposition of the serene desert setting with the contemporary reference sparks curiosity and invites contemplation on the intersection of nature and technology. Additionally, the title &#8220;Ned Fix,&#8221; translating to &#8220;not sure&#8221; in English, introduces an element of uncertainty, prompting viewers to ponder the deeper meaning behind the artwork.<\/p>\n<\/div>\n<\/div>\n<\/div>\n<\/div>\n<\/div>\n<\/div>\n<\/div>\n<\/div>\n<\/div>\n<\/div>\n<\/div>\n<\/div>\n<\/div>\n<\/div>\n<\/div>\n<\/div>\n<\/div>\n<\/div>\n<\/div>\n<\/div>\n<\/div>\n<div class=\"rte\">\n<div class=\"woocommerce-product-details__short-description\">\n<div class=\"product__page__photos__text\">\n<p>\u2022 Acrylic, original photography, overpainting on photopaper.<br \/>\n\u2022 39 x 50 cm<\/p>\n<p><span style=\"color: #d6d4d4;\">\u23bc\u23bc\u23bc\u23bc<\/span><\/p>\n<\/div>\n<\/div>\n<\/div>\n<p>\u2022 One of a Kind<br \/>\n\u2022 Certificate of Authenticity<br \/>\n\u2022 handsigned<br \/>\n\u2022 Drawings and photographic elements were created singular by us and put together analog after a long process of \u201enearly fitting\u201c.<br \/>\n\u2022 Should you wish to have your artwork framed, please contact us by mail<\/p>\n<div class=\"rte\">\n<div class=\"woocommerce-product-details__short-description\">\n<div class=\"product__page__photos__text\">\n<p>Do you have any questions about the product?<\/p>\n<div class=\"fw-row tal\">\n\t\t\t\t\t\t<a href=\"mailto:mw@martinwieland.at\" target=\"_self\" class=\"button-style3\" style=\"\">\n\t\t\t\t\t\t\t\t<span>send mail<\/span>\n\t\t\t<\/a>\n\t\t\t<\/div><\/div>\n<div>&nbsp;<\/div>\n<div class=\"product__page__photos__text\"><span style=\"color: #d6d6d6;\">\u23bb\u23bb\u23bb\u23bb\u23bb\u23bb\u23bb\u23bb\u23bb\u23bb\u23bb\u23bb<\/span><\/div>\n<\/div>\n<\/div>\n<p>Dieses Aktfoto einer Frau in einer W\u00fcstenlandschaft ist mehr als nur ein blo\u00dfes Bild \u2013 es ist eine k\u00fcnstlerische Reflexion \u00fcber die Vereinigung von Natur und moderner Welt. Die beiden roten Streifen, gemalt mit Acrylfarbe, erinnern unweigerlich an einen bekannten Streaminganbieter und verleihen dem Werk eine zeitgen\u00f6ssische Note. Der Titel &#8220;Ned Fix&#8221; wirft Fragen auf und fordert den Betrachter heraus, seine eigene Interpretation zu finden, w\u00e4hrend die Landschaft als B\u00fchne f\u00fcr die kraftvolle Pr\u00e4senz der Frau dient, die gleichzeitig verletzlich und stark erscheint.<\/p>\n<p>\u2022 Acryl, Original Fotografie, \u00dcbermalung auf Fotopapier<br \/>\n\u2022 39 x 50 cm<br \/>\n<span style=\"color: #d6d4d4;\">\u23bc\u23bc\u23bc\u23bc<\/span><br \/>\n\u2022 Unikat<br \/>\n\u2022 Echtheitszertifikat<br \/>\n\u2022 handsigniert<br \/>\n\u2022 Die Zeichnungen und Fotografien wurden von uns getrennt erstellt und analog mittels Collagetechnik zusammengef\u00fcgt.<br \/>\n\u2022 Wir geben Ihrem Kunstwerk auch gerne den passenden Rahmen<\/p>\n<p>Haben Sie Fragen zum Produkt?<\/p>\n<p><div class=\"fw-row tal\">\n\t\t\t\t\t\t<a href=\"mailto:mw@martinwieland.at\" target=\"_self\" class=\"button-style3\" style=\"\">\n\t\t\t\t\t\t\t\t<span>Mail senden<\/span>\n\t\t\t<\/a>\n\t\t\t<\/div><span style=\"color: #d6d6d6;\">\u23bb\u23bb\u23bb\u23bb\u23bb\u23bb\u23bb\u23bb\u23bb\u23bb\u23bb\u23bb<\/span><\/p>","protected":false},"excerpt":{"rendered":"<p>An artistic rendition captures a nude woman in a desert landscape, evoking a sense of mystery and allure. The title, along with two bold red acrylic stripes, subtly alludes to a popular streaming service, adding a modern twist to the composition. The juxtaposition of the serene desert setting with the contemporary reference sparks curiosity and [&hellip;]<\/p>","protected":false},"featured_media":8326,"comment_status":"open","ping_status":"closed","template":"","meta":{"_acf_changed":false},"product_cat":[168],"product_tag":[131,50,242,51,133,53,244,54,241,74,142,55,143,240,243],"acf":[],"yoast_head":"<!-- This site is optimized with the Yoast SEO plugin v23.2 - https:\/\/yoast.com\/wordpress\/plugins\/seo\/ -->\n<title>Ned Fix - Martin Wieland Photography<\/title>\n<meta name=\"robots\" content=\"index, follow, max-snippet:-1, max-image-preview:large, max-video-preview:-1\" \/>\n<link rel=\"canonical\" href=\"https:\/\/www.martinwieland.at\/de\/produkt\/ned-fix\/\" \/>\n<meta property=\"og:locale\" content=\"de_DE\" \/>\n<meta property=\"og:type\" content=\"article\" \/>\n<meta property=\"og:title\" content=\"Ned Fix - Martin Wieland Photography\" \/>\n<meta property=\"og:description\" content=\"An artistic rendition captures a nude woman in a desert landscape, evoking a sense of mystery and allure. The title, along with two bold red acrylic stripes, subtly alludes to a popular streaming service, adding a modern twist to the composition. The juxtaposition of the serene desert setting with the contemporary reference sparks curiosity and [&hellip;]\" \/>\n<meta property=\"og:url\" content=\"https:\/\/www.martinwieland.at\/de\/produkt\/ned-fix\/\" \/>\n<meta property=\"og:site_name\" content=\"Martin Wieland Photography\" \/>\n<meta property=\"article:modified_time\" content=\"2024-02-24T14:45:45+00:00\" \/>\n<meta property=\"og:image\" content=\"https:\/\/www.martinwieland.at\/wp-content\/uploads\/2023\/05\/Ned-fix-1.jpg\" \/>\n\t<meta property=\"og:image:width\" content=\"1535\" \/>\n\t<meta property=\"og:image:height\" content=\"1535\" \/>\n\t<meta property=\"og:image:type\" content=\"image\/jpeg\" \/>\n<meta name=\"twitter:card\" content=\"summary_large_image\" \/>\n<meta name=\"twitter:label1\" content=\"Gesch\u00e4tzte Lesezeit\" \/>\n\t<meta name=\"twitter:data1\" content=\"2\u00a0Minuten\" \/>\n<script type=\"application\/ld+json\" class=\"yoast-schema-graph\">{\"@context\":\"https:\/\/schema.org\",\"@graph\":[{\"@type\":\"WebPage\",\"@id\":\"https:\/\/www.martinwieland.at\/produkt\/ned-fix\/\",\"url\":\"https:\/\/www.martinwieland.at\/produkt\/ned-fix\/\",\"name\":\"Ned Fix - Martin Wieland Photography\",\"isPartOf\":{\"@id\":\"https:\/\/www.martinwieland.at\/#website\"},\"primaryImageOfPage\":{\"@id\":\"https:\/\/www.martinwieland.at\/produkt\/ned-fix\/#primaryimage\"},\"image\":{\"@id\":\"https:\/\/www.martinwieland.at\/produkt\/ned-fix\/#primaryimage\"},\"thumbnailUrl\":\"https:\/\/www.martinwieland.at\/wp-content\/uploads\/2023\/05\/Ned-fix-1.jpg\",\"datePublished\":\"2023-12-07T20:05:07+00:00\",\"dateModified\":\"2024-02-24T14:45:45+00:00\",\"breadcrumb\":{\"@id\":\"https:\/\/www.martinwieland.at\/produkt\/ned-fix\/#breadcrumb\"},\"inLanguage\":\"de\",\"potentialAction\":[{\"@type\":\"ReadAction\",\"target\":[\"https:\/\/www.martinwieland.at\/produkt\/ned-fix\/\"]}]},{\"@type\":\"ImageObject\",\"inLanguage\":\"de\",\"@id\":\"https:\/\/www.martinwieland.at\/produkt\/ned-fix\/#primaryimage\",\"url\":\"https:\/\/www.martinwieland.at\/wp-content\/uploads\/2023\/05\/Ned-fix-1.jpg\",\"contentUrl\":\"https:\/\/www.martinwieland.at\/wp-content\/uploads\/2023\/05\/Ned-fix-1.jpg\",\"width\":1535,\"height\":1535},{\"@type\":\"BreadcrumbList\",\"@id\":\"https:\/\/www.martinwieland.at\/produkt\/ned-fix\/#breadcrumb\",\"itemListElement\":[{\"@type\":\"ListItem\",\"position\":1,\"name\":\"Startseite\",\"item\":\"https:\/\/www.martinwieland.at\/\"},{\"@type\":\"ListItem\",\"position\":2,\"name\":\"Shop\",\"item\":\"https:\/\/www.martinwieland.at\/shop\/\"},{\"@type\":\"ListItem\",\"position\":3,\"name\":\"Ned Fix\"}]},{\"@type\":\"WebSite\",\"@id\":\"https:\/\/www.martinwieland.at\/#website\",\"url\":\"https:\/\/www.martinwieland.at\/\",\"name\":\"Martin Wieland Photography\",\"description\":\"Martin Wieland Photography\",\"potentialAction\":[{\"@type\":\"SearchAction\",\"target\":{\"@type\":\"EntryPoint\",\"urlTemplate\":\"https:\/\/www.martinwieland.at\/?s={search_term_string}\"},\"query-input\":\"required name=search_term_string\"}],\"inLanguage\":\"de\"}]}<\/script>\n<!-- \/ Yoast SEO plugin. -->","yoast_head_json":{"title":"Ned Fix - Martin Wieland Photography","robots":{"index":"index","follow":"follow","max-snippet":"max-snippet:-1","max-image-preview":"max-image-preview:large","max-video-preview":"max-video-preview:-1"},"canonical":"https:\/\/www.martinwieland.at\/de\/produkt\/ned-fix\/","og_locale":"de_DE","og_type":"article","og_title":"Ned Fix - Martin Wieland Photography","og_description":"An artistic rendition captures a nude woman in a desert landscape, evoking a sense of mystery and allure. The title, along with two bold red acrylic stripes, subtly alludes to a popular streaming service, adding a modern twist to the composition. The juxtaposition of the serene desert setting with the contemporary reference sparks curiosity and [&hellip;]","og_url":"https:\/\/www.martinwieland.at\/de\/produkt\/ned-fix\/","og_site_name":"Martin Wieland Photography","article_modified_time":"2024-02-24T14:45:45+00:00","og_image":[{"width":1535,"height":1535,"url":"https:\/\/www.martinwieland.at\/wp-content\/uploads\/2023\/05\/Ned-fix-1.jpg","type":"image\/jpeg"}],"twitter_card":"summary_large_image","twitter_misc":{"Gesch\u00e4tzte Lesezeit":"2\u00a0Minuten"},"schema":{"@context":"https:\/\/schema.org","@graph":[{"@type":"WebPage","@id":"https:\/\/www.martinwieland.at\/produkt\/ned-fix\/","url":"https:\/\/www.martinwieland.at\/produkt\/ned-fix\/","name":"Ned Fix - Martin Wieland Photography","isPartOf":{"@id":"https:\/\/www.martinwieland.at\/#website"},"primaryImageOfPage":{"@id":"https:\/\/www.martinwieland.at\/produkt\/ned-fix\/#primaryimage"},"image":{"@id":"https:\/\/www.martinwieland.at\/produkt\/ned-fix\/#primaryimage"},"thumbnailUrl":"https:\/\/www.martinwieland.at\/wp-content\/uploads\/2023\/05\/Ned-fix-1.jpg","datePublished":"2023-12-07T20:05:07+00:00","dateModified":"2024-02-24T14:45:45+00:00","breadcrumb":{"@id":"https:\/\/www.martinwieland.at\/produkt\/ned-fix\/#breadcrumb"},"inLanguage":"de","potentialAction":[{"@type":"ReadAction","target":["https:\/\/www.martinwieland.at\/produkt\/ned-fix\/"]}]},{"@type":"ImageObject","inLanguage":"de","@id":"https:\/\/www.martinwieland.at\/produkt\/ned-fix\/#primaryimage","url":"https:\/\/www.martinwieland.at\/wp-content\/uploads\/2023\/05\/Ned-fix-1.jpg","contentUrl":"https:\/\/www.martinwieland.at\/wp-content\/uploads\/2023\/05\/Ned-fix-1.jpg","width":1535,"height":1535},{"@type":"BreadcrumbList","@id":"https:\/\/www.martinwieland.at\/produkt\/ned-fix\/#breadcrumb","itemListElement":[{"@type":"ListItem","position":1,"name":"Startseite","item":"https:\/\/www.martinwieland.at\/"},{"@type":"ListItem","position":2,"name":"Shop","item":"https:\/\/www.martinwieland.at\/shop\/"},{"@type":"ListItem","position":3,"name":"Ned Fix"}]},{"@type":"WebSite","@id":"https:\/\/www.martinwieland.at\/#website","url":"https:\/\/www.martinwieland.at\/","name":"Martin Wieland Photography","description":"Martin Wieland Photography","potentialAction":[{"@type":"SearchAction","target":{"@type":"EntryPoint","urlTemplate":"https:\/\/www.martinwieland.at\/?s={search_term_string}"},"query-input":"required name=search_term_string"}],"inLanguage":"de"}]}},"_links":{"self":[{"href":"https:\/\/www.martinwieland.at\/de\/wp-json\/wp\/v2\/product\/12156"}],"collection":[{"href":"https:\/\/www.martinwieland.at\/de\/wp-json\/wp\/v2\/product"}],"about":[{"href":"https:\/\/www.martinwieland.at\/de\/wp-json\/wp\/v2\/types\/product"}],"replies":[{"embeddable":true,"href":"https:\/\/www.martinwieland.at\/de\/wp-json\/wp\/v2\/comments?post=12156"}],"wp:featuredmedia":[{"embeddable":true,"href":"https:\/\/www.martinwieland.at\/de\/wp-json\/wp\/v2\/media\/8326"}],"wp:attachment":[{"href":"https:\/\/www.martinwieland.at\/de\/wp-json\/wp\/v2\/media?parent=12156"}],"wp:term":[{"taxonomy":"product_cat","embeddable":true,"href":"https:\/\/www.martinwieland.at\/de\/wp-json\/wp\/v2\/product_cat?post=12156"},{"taxonomy":"product_tag","embeddable":true,"href":"https:\/\/www.martinwieland.at\/de\/wp-json\/wp\/v2\/product_tag?post=12156"}],"curies":[{"name":"wp","href":"https:\/\/api.w.org\/{rel}","templated":true}]}}