{"id":12280,"date":"2023-12-10T06:28:02","date_gmt":"2023-12-10T05:28:02","guid":{"rendered":"https:\/\/www.martinwieland.at\/?post_type=product&#038;p=12280"},"modified":"2024-07-03T18:54:45","modified_gmt":"2024-07-03T16:54:45","slug":"driving-miss-a","status":"publish","type":"product","link":"https:\/\/www.martinwieland.at\/de\/produkt\/driving-miss-a\/","title":{"rendered":"Driving Miss A &#8211; FRAMED"},"content":{"rendered":"<div class=\"rte\">\n<div class=\"group w-full text-gray-800 dark:text-gray-100 border-b border-black\/10 dark:border-gray-900\/50 bg-gray-50 dark:bg-[#444654]\">\n<div class=\"flex p-4 gap-4 text-base md:gap-6 md:max-w-2xl lg:max-w-xl xl:max-w-3xl md:py-6 lg:px-0 m-auto\">\n<div class=\"relative flex w-[calc(100%-50px)] flex-col gap-1 md:gap-3 lg:w-[calc(100%-115px)]\">\n<div class=\"flex flex-grow flex-col gap-3\">\n<div class=\"min-h-[20px] flex flex-col items-start gap-4 whitespace-pre-wrap break-words\">\n<div class=\"markdown prose w-full break-words dark:prose-invert light\">\n<p><strong>SOLD<\/strong><\/p>\n<p>Black-and-white rigor is shattered by the wildness of red splatters and the acuity of yellow lines, symbolizing both passion and enlightenment. Red lines pulse like veins of creativity, while yellow captures a bolt of inspiration. Amidst this explosion of color, the figure remains in serene contemplation, a bastion of calm revealing inner fortitude amidst the external chaos.<\/p>\n<p><span style=\"color: #ff0000;\">This artwork is already beautifully framed. It features a high-quality object frame with a thickness of 2 cm and a depth of 5.5 cm. The glass used is a non-reflective Acrylic Optium Glass, commonly found in prestigious institutions such as the Albertina. This exclusive acrylic glass adds an elegant touch to the artwork while also providing protection against harmful UV radiation. If you prefer the artwork without the frame, please contact us for further arrangements.<\/span><\/p>\n<\/div>\n<\/div>\n<\/div>\n<\/div>\n<\/div>\n<\/div>\n<\/div>\n<div class=\"rte\">\n<div class=\"woocommerce-product-details__short-description\">\n<div class=\"product__page__photos__text\">\n<p>\u2022 Ink, oil pastels, acrylic, opaque white, adhesive tape, original photograph, and collage on Hahnem\u00fchle FineArt Baryta paper.<br \/>\n\u2022 98 x 70 cm<\/p>\n<p><span style=\"color: #d6d4d4;\">\u23bc\u23bc\u23bc\u23bc<\/span><\/p>\n<\/div>\n<\/div>\n<\/div>\n<p>\u2022 Certificate of Authenticity<br \/>\n\u2022 handsigned<br \/>\n\u2022 Drawings and photographic elements were created singular by us and put together analog after a long process of \u201enearly fitting\u201c.<br \/>\n\u2022 Should you wish to have your artwork framed, please contact us by mail<\/p>\n<div class=\"rte\">\n<div class=\"woocommerce-product-details__short-description\">\n<div class=\"product__page__photos__text\">\n<p>Do you have any questions about the product?<\/p>\n<div class=\"fw-row tal\">\n\t\t\t\t\t\t<a href=\"mailto:mw@martinwieland.at\" target=\"_self\" class=\"button-style3\" style=\"\">\n\t\t\t\t\t\t\t\t<span>send mail<\/span>\n\t\t\t<\/a>\n\t\t\t<\/div><\/div>\n<div>&nbsp;<\/div>\n<div class=\"product__page__photos__text\"><span style=\"color: #d6d6d6;\">\u23bb\u23bb\u23bb\u23bb\u23bb\u23bb\u23bb\u23bb\u23bb\u23bb\u23bb\u23bb<\/span><\/div>\n<\/div>\n<\/div>\n<p><strong>VERKAUFT<\/strong><\/p>\n<p>Schwarz-wei\u00dfe Strenge wird durchbrochen von der Wildheit roter Spritzer und dem Scharfsinn gelber Linien, die beide Leidenschaft und Erleuchtung symbolisieren. Die roten Linien pulsieren wie Adern der Kreativit\u00e4t, w\u00e4hrend Gelb einen Blitz der Inspiration einf\u00e4ngt. Inmitten dieser Farbexplosion verharrt die Figur in ruhiger Kontemplation, eine Bastion der Ruhe, die ihre innere St\u00e4rke trotz des \u00e4u\u00dferen Chaos offenbart.<\/p>\n<p><span style=\"color: #ff0000;\">Dieses Werk ist bereits stilvoll gerahmt. Es wurde mit einem hochwertigen Objektrahmen versehen, der eine Leistenst\u00e4rke von 2 cm und eine Tiefe von 5,5 cm aufweist. Das Glas, das verwendet wurde, ist ein entspiegeltes Acrylic Optium Glass, das auch in renommierten Institutionen wie der Albertina Verwendung findet. Dieses exklusive Acrylglas verleiht dem Werk eine elegante Note und sch\u00fctzt es gleichzeitig vor sch\u00e4dlicher UV-Strahlung. Sollten Sie keinen Rahmen w\u00fcnschen, dann setzen Sie sich bitte mit uns in Verbindung.<\/span><\/p>\n<p>\u2022 Tusche, \u00d6lkreide, Deckweiss, Klebeband, Acryl, Originalfotografie, Collage auf Hahnem\u00fchle FineArt Baryta Papier<br \/>\n\u2022 98 x 70 cm<br \/>\n<span style=\"color: #d6d4d4;\">\u23bc\u23bc\u23bc\u23bc<\/span><br \/>\n\u2022 Echtheitszertifikat<br \/>\n\u2022 handsigniert<br \/>\n\u2022 Die Zeichnungen und Fotografien wurden von uns getrennt erstellt und analog mittels Collagetechnik zusammengef\u00fcgt.<br \/>\n\u2022 Wir geben Ihrem Kunstwerk auch gerne den passenden Rahmen<br \/>\n\u2022 Bitte kontaktieren Sie uns einfach per mail.<\/p>\n<p>Haben Sie Fragen zum Produkt?<\/p>\n<p><div class=\"fw-row tal\">\n\t\t\t\t\t\t<a href=\"mailto:mw@martinwieland.at\" target=\"_self\" class=\"button-style3\" style=\"\">\n\t\t\t\t\t\t\t\t<span>Mail senden<\/span>\n\t\t\t<\/a>\n\t\t\t<\/div><span style=\"color: #d6d6d6;\">\u23bb\u23bb\u23bb\u23bb\u23bb\u23bb\u23bb\u23bb\u23bb\u23bb\u23bb\u23bb<\/span><\/p>","protected":false},"excerpt":{"rendered":"<p>SOLD Black-and-white rigor is shattered by the wildness of red splatters and the acuity of yellow lines, symbolizing both passion and enlightenment. Red lines pulse like veins of creativity, while yellow captures a bolt of inspiration. Amidst this explosion of color, the figure remains in serene contemplation, a bastion of calm revealing inner fortitude amidst [&hellip;]<\/p>","protected":false},"featured_media":12612,"comment_status":"open","ping_status":"closed","template":"","meta":{"_acf_changed":false},"product_cat":[168,252,254],"product_tag":[131,50,242,51,133,53,244,54,241,74,142,55,143,240,243],"acf":[],"yoast_head":"<!-- This site is optimized with the Yoast SEO plugin v23.2 - https:\/\/yoast.com\/wordpress\/plugins\/seo\/ -->\n<title>Driving Miss A - FRAMED - Martin Wieland Photography<\/title>\n<meta name=\"robots\" content=\"index, follow, max-snippet:-1, max-image-preview:large, max-video-preview:-1\" \/>\n<link rel=\"canonical\" href=\"https:\/\/www.martinwieland.at\/de\/produkt\/driving-miss-a\/\" \/>\n<meta property=\"og:locale\" content=\"de_DE\" \/>\n<meta property=\"og:type\" content=\"article\" \/>\n<meta property=\"og:title\" content=\"Driving Miss A - FRAMED - Martin Wieland Photography\" \/>\n<meta property=\"og:description\" content=\"SOLD Black-and-white rigor is shattered by the wildness of red splatters and the acuity of yellow lines, symbolizing both passion and enlightenment. Red lines pulse like veins of creativity, while yellow captures a bolt of inspiration. Amidst this explosion of color, the figure remains in serene contemplation, a bastion of calm revealing inner fortitude amidst [&hellip;]\" \/>\n<meta property=\"og:url\" content=\"https:\/\/www.martinwieland.at\/de\/produkt\/driving-miss-a\/\" \/>\n<meta property=\"og:site_name\" content=\"Martin Wieland Photography\" \/>\n<meta property=\"article:modified_time\" content=\"2024-07-03T16:54:45+00:00\" \/>\n<meta property=\"og:image\" content=\"https:\/\/www.martinwieland.at\/wp-content\/uploads\/2024\/07\/Driving-Miss-A.jpg\" \/>\n\t<meta property=\"og:image:width\" content=\"1535\" \/>\n\t<meta property=\"og:image:height\" content=\"1535\" \/>\n\t<meta property=\"og:image:type\" content=\"image\/jpeg\" \/>\n<meta name=\"twitter:card\" content=\"summary_large_image\" \/>\n<meta name=\"twitter:label1\" content=\"Gesch\u00e4tzte Lesezeit\" \/>\n\t<meta name=\"twitter:data1\" content=\"3\u00a0Minuten\" \/>\n<script type=\"application\/ld+json\" class=\"yoast-schema-graph\">{\"@context\":\"https:\/\/schema.org\",\"@graph\":[{\"@type\":\"WebPage\",\"@id\":\"https:\/\/www.martinwieland.at\/produkt\/driving-miss-a\/\",\"url\":\"https:\/\/www.martinwieland.at\/produkt\/driving-miss-a\/\",\"name\":\"Driving Miss A - FRAMED - Martin Wieland Photography\",\"isPartOf\":{\"@id\":\"https:\/\/www.martinwieland.at\/#website\"},\"primaryImageOfPage\":{\"@id\":\"https:\/\/www.martinwieland.at\/produkt\/driving-miss-a\/#primaryimage\"},\"image\":{\"@id\":\"https:\/\/www.martinwieland.at\/produkt\/driving-miss-a\/#primaryimage\"},\"thumbnailUrl\":\"https:\/\/www.martinwieland.at\/wp-content\/uploads\/2024\/07\/Driving-Miss-A.jpg\",\"datePublished\":\"2023-12-10T05:28:02+00:00\",\"dateModified\":\"2024-07-03T16:54:45+00:00\",\"breadcrumb\":{\"@id\":\"https:\/\/www.martinwieland.at\/produkt\/driving-miss-a\/#breadcrumb\"},\"inLanguage\":\"de\",\"potentialAction\":[{\"@type\":\"ReadAction\",\"target\":[\"https:\/\/www.martinwieland.at\/produkt\/driving-miss-a\/\"]}]},{\"@type\":\"ImageObject\",\"inLanguage\":\"de\",\"@id\":\"https:\/\/www.martinwieland.at\/produkt\/driving-miss-a\/#primaryimage\",\"url\":\"https:\/\/www.martinwieland.at\/wp-content\/uploads\/2024\/07\/Driving-Miss-A.jpg\",\"contentUrl\":\"https:\/\/www.martinwieland.at\/wp-content\/uploads\/2024\/07\/Driving-Miss-A.jpg\",\"width\":1535,\"height\":1535},{\"@type\":\"BreadcrumbList\",\"@id\":\"https:\/\/www.martinwieland.at\/produkt\/driving-miss-a\/#breadcrumb\",\"itemListElement\":[{\"@type\":\"ListItem\",\"position\":1,\"name\":\"Startseite\",\"item\":\"https:\/\/www.martinwieland.at\/\"},{\"@type\":\"ListItem\",\"position\":2,\"name\":\"Shop\",\"item\":\"https:\/\/www.martinwieland.at\/shop\/\"},{\"@type\":\"ListItem\",\"position\":3,\"name\":\"Driving Miss A &#8211; FRAMED\"}]},{\"@type\":\"WebSite\",\"@id\":\"https:\/\/www.martinwieland.at\/#website\",\"url\":\"https:\/\/www.martinwieland.at\/\",\"name\":\"Martin Wieland Photography\",\"description\":\"Martin Wieland Photography\",\"potentialAction\":[{\"@type\":\"SearchAction\",\"target\":{\"@type\":\"EntryPoint\",\"urlTemplate\":\"https:\/\/www.martinwieland.at\/?s={search_term_string}\"},\"query-input\":\"required name=search_term_string\"}],\"inLanguage\":\"de\"}]}<\/script>\n<!-- \/ Yoast SEO plugin. -->","yoast_head_json":{"title":"Driving Miss A - FRAMED - Martin Wieland Photography","robots":{"index":"index","follow":"follow","max-snippet":"max-snippet:-1","max-image-preview":"max-image-preview:large","max-video-preview":"max-video-preview:-1"},"canonical":"https:\/\/www.martinwieland.at\/de\/produkt\/driving-miss-a\/","og_locale":"de_DE","og_type":"article","og_title":"Driving Miss A - FRAMED - Martin Wieland Photography","og_description":"SOLD Black-and-white rigor is shattered by the wildness of red splatters and the acuity of yellow lines, symbolizing both passion and enlightenment. Red lines pulse like veins of creativity, while yellow captures a bolt of inspiration. Amidst this explosion of color, the figure remains in serene contemplation, a bastion of calm revealing inner fortitude amidst [&hellip;]","og_url":"https:\/\/www.martinwieland.at\/de\/produkt\/driving-miss-a\/","og_site_name":"Martin Wieland Photography","article_modified_time":"2024-07-03T16:54:45+00:00","og_image":[{"width":1535,"height":1535,"url":"https:\/\/www.martinwieland.at\/wp-content\/uploads\/2024\/07\/Driving-Miss-A.jpg","type":"image\/jpeg"}],"twitter_card":"summary_large_image","twitter_misc":{"Gesch\u00e4tzte Lesezeit":"3\u00a0Minuten"},"schema":{"@context":"https:\/\/schema.org","@graph":[{"@type":"WebPage","@id":"https:\/\/www.martinwieland.at\/produkt\/driving-miss-a\/","url":"https:\/\/www.martinwieland.at\/produkt\/driving-miss-a\/","name":"Driving Miss A - FRAMED - Martin Wieland Photography","isPartOf":{"@id":"https:\/\/www.martinwieland.at\/#website"},"primaryImageOfPage":{"@id":"https:\/\/www.martinwieland.at\/produkt\/driving-miss-a\/#primaryimage"},"image":{"@id":"https:\/\/www.martinwieland.at\/produkt\/driving-miss-a\/#primaryimage"},"thumbnailUrl":"https:\/\/www.martinwieland.at\/wp-content\/uploads\/2024\/07\/Driving-Miss-A.jpg","datePublished":"2023-12-10T05:28:02+00:00","dateModified":"2024-07-03T16:54:45+00:00","breadcrumb":{"@id":"https:\/\/www.martinwieland.at\/produkt\/driving-miss-a\/#breadcrumb"},"inLanguage":"de","potentialAction":[{"@type":"ReadAction","target":["https:\/\/www.martinwieland.at\/produkt\/driving-miss-a\/"]}]},{"@type":"ImageObject","inLanguage":"de","@id":"https:\/\/www.martinwieland.at\/produkt\/driving-miss-a\/#primaryimage","url":"https:\/\/www.martinwieland.at\/wp-content\/uploads\/2024\/07\/Driving-Miss-A.jpg","contentUrl":"https:\/\/www.martinwieland.at\/wp-content\/uploads\/2024\/07\/Driving-Miss-A.jpg","width":1535,"height":1535},{"@type":"BreadcrumbList","@id":"https:\/\/www.martinwieland.at\/produkt\/driving-miss-a\/#breadcrumb","itemListElement":[{"@type":"ListItem","position":1,"name":"Startseite","item":"https:\/\/www.martinwieland.at\/"},{"@type":"ListItem","position":2,"name":"Shop","item":"https:\/\/www.martinwieland.at\/shop\/"},{"@type":"ListItem","position":3,"name":"Driving Miss A &#8211; FRAMED"}]},{"@type":"WebSite","@id":"https:\/\/www.martinwieland.at\/#website","url":"https:\/\/www.martinwieland.at\/","name":"Martin Wieland Photography","description":"Martin Wieland Photography","potentialAction":[{"@type":"SearchAction","target":{"@type":"EntryPoint","urlTemplate":"https:\/\/www.martinwieland.at\/?s={search_term_string}"},"query-input":"required name=search_term_string"}],"inLanguage":"de"}]}},"_links":{"self":[{"href":"https:\/\/www.martinwieland.at\/de\/wp-json\/wp\/v2\/product\/12280"}],"collection":[{"href":"https:\/\/www.martinwieland.at\/de\/wp-json\/wp\/v2\/product"}],"about":[{"href":"https:\/\/www.martinwieland.at\/de\/wp-json\/wp\/v2\/types\/product"}],"replies":[{"embeddable":true,"href":"https:\/\/www.martinwieland.at\/de\/wp-json\/wp\/v2\/comments?post=12280"}],"wp:featuredmedia":[{"embeddable":true,"href":"https:\/\/www.martinwieland.at\/de\/wp-json\/wp\/v2\/media\/12612"}],"wp:attachment":[{"href":"https:\/\/www.martinwieland.at\/de\/wp-json\/wp\/v2\/media?parent=12280"}],"wp:term":[{"taxonomy":"product_cat","embeddable":true,"href":"https:\/\/www.martinwieland.at\/de\/wp-json\/wp\/v2\/product_cat?post=12280"},{"taxonomy":"product_tag","embeddable":true,"href":"https:\/\/www.martinwieland.at\/de\/wp-json\/wp\/v2\/product_tag?post=12280"}],"curies":[{"name":"wp","href":"https:\/\/api.w.org\/{rel}","templated":true}]}}