{"id":12302,"date":"2023-12-10T21:23:36","date_gmt":"2023-12-10T20:23:36","guid":{"rendered":"https:\/\/www.martinwieland.at\/?post_type=product&#038;p=12302"},"modified":"2024-03-08T20:08:34","modified_gmt":"2024-03-08T19:08:34","slug":"long-lost-recently-found","status":"publish","type":"product","link":"https:\/\/www.martinwieland.at\/de\/produkt\/long-lost-recently-found\/","title":{"rendered":"Long Lost, Recently Found"},"content":{"rendered":"<div class=\"rte\">\n<p class=\"p1\">A kaleidoscope of materials and patterns frames the portrait of a woman, whose natural presence contrasts with the surrounding visual commotion. The piece plays with texture, from coarse linen to smooth photo paper, and color, from earthy browns to bold reds and vibrant leopard prints. Here, a dialogue is created between the simplicity of the human and the complexity of design \u2013 a striking image for collectors looking for a fusion of classic beauty and postmodern aesthetics.<\/p>\n<\/div>\n<div class=\"rte\">\n<div class=\"woocommerce-product-details__short-description\">\n<div class=\"product__page__photos__text\">\n<p>\u2022 original photography, collage on cardboard.<br \/>\n\u2022 30 x 42 cm<\/p>\n<p><span style=\"color: #d6d4d4;\">\u23bc\u23bc\u23bc\u23bc<\/span><\/p>\n<\/div>\n<\/div>\n<\/div>\n<p>\u2022 One of a Kind<br \/>\n\u2022 Certificate of Authenticity<br \/>\n\u2022 handsigned<br \/>\n\u2022 Drawings and photographic elements were created singular by us and put together analog after a long process of \u201enearly fitting\u201c.<br \/>\n\u2022 Should you wish to have your artwork framed, please contact us by mail<\/p>\n<div class=\"rte\">\n<div class=\"woocommerce-product-details__short-description\">\n<div class=\"product__page__photos__text\">\n<p>Do you have any questions about the product?<\/p>\n<div class=\"fw-row tal\">\n\t\t\t\t\t\t<a href=\"mailto:mw@martinwieland.at\" target=\"_self\" class=\"button-style3\" style=\"\">\n\t\t\t\t\t\t\t\t<span>send mail<\/span>\n\t\t\t<\/a>\n\t\t\t<\/div><\/div>\n<div>&nbsp;<\/div>\n<div class=\"product__page__photos__text\"><span style=\"color: #d6d6d6;\">\u23bb\u23bb\u23bb\u23bb\u23bb\u23bb\u23bb\u23bb\u23bb\u23bb\u23bb\u23bb<\/span><\/div>\n<\/div>\n<\/div>\n<p>Ein Kaleidoskop aus Materialien und Mustern umrahmt das Portr\u00e4t einer Frau, das durch seine Nat\u00fcrlichkeit im Kontrast zum umgebenden visuellen Trubel steht. Das St\u00fcck spielt mit Textur, von rauem Leinen bis hin zu glattem Fotopapier, und Farbe, von erdigem Braun bis hin zu kr\u00e4ftigem Rot und lebhaftem Leopardenmuster. Hier wird ein Dialog zwischen der Einfachheit des Menschlichen und der Komplexit\u00e4t des Designs geschaffen \u2013 ein auff\u00e4lliges Bild f\u00fcr Sammler, die die Verschmelzung von klassischer Sch\u00f6nheit und postmoderner \u00c4sthetik suchen.<\/p>\n<p>\u2022 Original Fotografie, Collage auf Karton<br \/>\n\u2022 30 x 42 cm<br \/>\n<span style=\"color: #d6d4d4;\">\u23bc\u23bc\u23bc\u23bc<\/span><br \/>\n\u2022 Unikat<br \/>\n\u2022 Echtheitszertifikat<br \/>\n\u2022 handsigniert<br \/>\n\u2022 Die Zeichnungen und Fotografien wurden von uns getrennt erstellt und analog mittels Collagetechnik zusammengef\u00fcgt.<br \/>\n\u2022 Wir geben Ihrem Kunstwerk auch gerne den passenden Rahmen<\/p>\n<p>Haben Sie Fragen zum Produkt?<\/p>\n<div class=\"fw-row tal\">\n\t\t\t\t\t\t<a href=\"mailto:mw@martinwieland.at\" target=\"_self\" class=\"button-style3\" style=\"\">\n\t\t\t\t\t\t\t\t<span>Mail senden<\/span>\n\t\t\t<\/a>\n\t\t\t<\/div>\n<p class=\"p1\"><span style=\"color: #d6d6d6;\">\u23bb\u23bb\u23bb\u23bb\u23bb\u23bb\u23bb\u23bb\u23bb\u23bb\u23bb\u23bb<\/span><\/p>","protected":false},"excerpt":{"rendered":"<p>A kaleidoscope of materials and patterns frames the portrait of a woman, whose natural presence contrasts with the surrounding visual commotion. The piece plays with texture, from coarse linen to smooth photo paper, and color, from earthy browns to bold reds and vibrant leopard prints. Here, a dialogue is created between the simplicity of the [&hellip;]<\/p>","protected":false},"featured_media":12229,"comment_status":"open","ping_status":"closed","template":"","meta":{"_acf_changed":false},"product_cat":[253,168,252,255],"product_tag":[131,50,242,51,133,53,244,54,241,74,142,55,143,240,243],"acf":[],"yoast_head":"<!-- This site is optimized with the Yoast SEO plugin v23.2 - https:\/\/yoast.com\/wordpress\/plugins\/seo\/ -->\n<title>Long Lost, Recently Found - Martin Wieland Photography<\/title>\n<meta name=\"robots\" content=\"index, follow, max-snippet:-1, max-image-preview:large, max-video-preview:-1\" \/>\n<link rel=\"canonical\" href=\"https:\/\/www.martinwieland.at\/de\/produkt\/long-lost-recently-found\/\" \/>\n<meta property=\"og:locale\" content=\"de_DE\" \/>\n<meta property=\"og:type\" content=\"article\" \/>\n<meta property=\"og:title\" content=\"Long Lost, Recently Found - Martin Wieland Photography\" \/>\n<meta property=\"og:description\" content=\"A kaleidoscope of materials and patterns frames the portrait of a woman, whose natural presence contrasts with the surrounding visual commotion. The piece plays with texture, from coarse linen to smooth photo paper, and color, from earthy browns to bold reds and vibrant leopard prints. Here, a dialogue is created between the simplicity of the [&hellip;]\" \/>\n<meta property=\"og:url\" content=\"https:\/\/www.martinwieland.at\/de\/produkt\/long-lost-recently-found\/\" \/>\n<meta property=\"og:site_name\" content=\"Martin Wieland Photography\" \/>\n<meta property=\"article:modified_time\" content=\"2024-03-08T19:08:34+00:00\" \/>\n<meta property=\"og:image\" content=\"https:\/\/www.martinwieland.at\/wp-content\/uploads\/2023\/12\/Long-Lost-Recently-Found-1.jpg\" \/>\n\t<meta property=\"og:image:width\" content=\"1535\" \/>\n\t<meta property=\"og:image:height\" content=\"1535\" \/>\n\t<meta property=\"og:image:type\" content=\"image\/jpeg\" \/>\n<meta name=\"twitter:card\" content=\"summary_large_image\" \/>\n<meta name=\"twitter:label1\" content=\"Gesch\u00e4tzte Lesezeit\" \/>\n\t<meta name=\"twitter:data1\" content=\"2\u00a0Minuten\" \/>\n<script type=\"application\/ld+json\" class=\"yoast-schema-graph\">{\"@context\":\"https:\/\/schema.org\",\"@graph\":[{\"@type\":\"WebPage\",\"@id\":\"https:\/\/www.martinwieland.at\/produkt\/long-lost-recently-found\/\",\"url\":\"https:\/\/www.martinwieland.at\/produkt\/long-lost-recently-found\/\",\"name\":\"Long Lost, Recently Found - Martin Wieland Photography\",\"isPartOf\":{\"@id\":\"https:\/\/www.martinwieland.at\/#website\"},\"primaryImageOfPage\":{\"@id\":\"https:\/\/www.martinwieland.at\/produkt\/long-lost-recently-found\/#primaryimage\"},\"image\":{\"@id\":\"https:\/\/www.martinwieland.at\/produkt\/long-lost-recently-found\/#primaryimage\"},\"thumbnailUrl\":\"https:\/\/www.martinwieland.at\/wp-content\/uploads\/2023\/12\/Long-Lost-Recently-Found-1.jpg\",\"datePublished\":\"2023-12-10T20:23:36+00:00\",\"dateModified\":\"2024-03-08T19:08:34+00:00\",\"breadcrumb\":{\"@id\":\"https:\/\/www.martinwieland.at\/produkt\/long-lost-recently-found\/#breadcrumb\"},\"inLanguage\":\"de\",\"potentialAction\":[{\"@type\":\"ReadAction\",\"target\":[\"https:\/\/www.martinwieland.at\/produkt\/long-lost-recently-found\/\"]}]},{\"@type\":\"ImageObject\",\"inLanguage\":\"de\",\"@id\":\"https:\/\/www.martinwieland.at\/produkt\/long-lost-recently-found\/#primaryimage\",\"url\":\"https:\/\/www.martinwieland.at\/wp-content\/uploads\/2023\/12\/Long-Lost-Recently-Found-1.jpg\",\"contentUrl\":\"https:\/\/www.martinwieland.at\/wp-content\/uploads\/2023\/12\/Long-Lost-Recently-Found-1.jpg\",\"width\":1535,\"height\":1535},{\"@type\":\"BreadcrumbList\",\"@id\":\"https:\/\/www.martinwieland.at\/produkt\/long-lost-recently-found\/#breadcrumb\",\"itemListElement\":[{\"@type\":\"ListItem\",\"position\":1,\"name\":\"Startseite\",\"item\":\"https:\/\/www.martinwieland.at\/\"},{\"@type\":\"ListItem\",\"position\":2,\"name\":\"Shop\",\"item\":\"https:\/\/www.martinwieland.at\/shop\/\"},{\"@type\":\"ListItem\",\"position\":3,\"name\":\"Long Lost, Recently Found\"}]},{\"@type\":\"WebSite\",\"@id\":\"https:\/\/www.martinwieland.at\/#website\",\"url\":\"https:\/\/www.martinwieland.at\/\",\"name\":\"Martin Wieland Photography\",\"description\":\"Martin Wieland Photography\",\"potentialAction\":[{\"@type\":\"SearchAction\",\"target\":{\"@type\":\"EntryPoint\",\"urlTemplate\":\"https:\/\/www.martinwieland.at\/?s={search_term_string}\"},\"query-input\":\"required name=search_term_string\"}],\"inLanguage\":\"de\"}]}<\/script>\n<!-- \/ Yoast SEO plugin. -->","yoast_head_json":{"title":"Long Lost, Recently Found - Martin Wieland Photography","robots":{"index":"index","follow":"follow","max-snippet":"max-snippet:-1","max-image-preview":"max-image-preview:large","max-video-preview":"max-video-preview:-1"},"canonical":"https:\/\/www.martinwieland.at\/de\/produkt\/long-lost-recently-found\/","og_locale":"de_DE","og_type":"article","og_title":"Long Lost, Recently Found - Martin Wieland Photography","og_description":"A kaleidoscope of materials and patterns frames the portrait of a woman, whose natural presence contrasts with the surrounding visual commotion. The piece plays with texture, from coarse linen to smooth photo paper, and color, from earthy browns to bold reds and vibrant leopard prints. Here, a dialogue is created between the simplicity of the [&hellip;]","og_url":"https:\/\/www.martinwieland.at\/de\/produkt\/long-lost-recently-found\/","og_site_name":"Martin Wieland Photography","article_modified_time":"2024-03-08T19:08:34+00:00","og_image":[{"width":1535,"height":1535,"url":"https:\/\/www.martinwieland.at\/wp-content\/uploads\/2023\/12\/Long-Lost-Recently-Found-1.jpg","type":"image\/jpeg"}],"twitter_card":"summary_large_image","twitter_misc":{"Gesch\u00e4tzte Lesezeit":"2\u00a0Minuten"},"schema":{"@context":"https:\/\/schema.org","@graph":[{"@type":"WebPage","@id":"https:\/\/www.martinwieland.at\/produkt\/long-lost-recently-found\/","url":"https:\/\/www.martinwieland.at\/produkt\/long-lost-recently-found\/","name":"Long Lost, Recently Found - Martin Wieland Photography","isPartOf":{"@id":"https:\/\/www.martinwieland.at\/#website"},"primaryImageOfPage":{"@id":"https:\/\/www.martinwieland.at\/produkt\/long-lost-recently-found\/#primaryimage"},"image":{"@id":"https:\/\/www.martinwieland.at\/produkt\/long-lost-recently-found\/#primaryimage"},"thumbnailUrl":"https:\/\/www.martinwieland.at\/wp-content\/uploads\/2023\/12\/Long-Lost-Recently-Found-1.jpg","datePublished":"2023-12-10T20:23:36+00:00","dateModified":"2024-03-08T19:08:34+00:00","breadcrumb":{"@id":"https:\/\/www.martinwieland.at\/produkt\/long-lost-recently-found\/#breadcrumb"},"inLanguage":"de","potentialAction":[{"@type":"ReadAction","target":["https:\/\/www.martinwieland.at\/produkt\/long-lost-recently-found\/"]}]},{"@type":"ImageObject","inLanguage":"de","@id":"https:\/\/www.martinwieland.at\/produkt\/long-lost-recently-found\/#primaryimage","url":"https:\/\/www.martinwieland.at\/wp-content\/uploads\/2023\/12\/Long-Lost-Recently-Found-1.jpg","contentUrl":"https:\/\/www.martinwieland.at\/wp-content\/uploads\/2023\/12\/Long-Lost-Recently-Found-1.jpg","width":1535,"height":1535},{"@type":"BreadcrumbList","@id":"https:\/\/www.martinwieland.at\/produkt\/long-lost-recently-found\/#breadcrumb","itemListElement":[{"@type":"ListItem","position":1,"name":"Startseite","item":"https:\/\/www.martinwieland.at\/"},{"@type":"ListItem","position":2,"name":"Shop","item":"https:\/\/www.martinwieland.at\/shop\/"},{"@type":"ListItem","position":3,"name":"Long Lost, Recently Found"}]},{"@type":"WebSite","@id":"https:\/\/www.martinwieland.at\/#website","url":"https:\/\/www.martinwieland.at\/","name":"Martin Wieland Photography","description":"Martin Wieland Photography","potentialAction":[{"@type":"SearchAction","target":{"@type":"EntryPoint","urlTemplate":"https:\/\/www.martinwieland.at\/?s={search_term_string}"},"query-input":"required name=search_term_string"}],"inLanguage":"de"}]}},"_links":{"self":[{"href":"https:\/\/www.martinwieland.at\/de\/wp-json\/wp\/v2\/product\/12302"}],"collection":[{"href":"https:\/\/www.martinwieland.at\/de\/wp-json\/wp\/v2\/product"}],"about":[{"href":"https:\/\/www.martinwieland.at\/de\/wp-json\/wp\/v2\/types\/product"}],"replies":[{"embeddable":true,"href":"https:\/\/www.martinwieland.at\/de\/wp-json\/wp\/v2\/comments?post=12302"}],"wp:featuredmedia":[{"embeddable":true,"href":"https:\/\/www.martinwieland.at\/de\/wp-json\/wp\/v2\/media\/12229"}],"wp:attachment":[{"href":"https:\/\/www.martinwieland.at\/de\/wp-json\/wp\/v2\/media?parent=12302"}],"wp:term":[{"taxonomy":"product_cat","embeddable":true,"href":"https:\/\/www.martinwieland.at\/de\/wp-json\/wp\/v2\/product_cat?post=12302"},{"taxonomy":"product_tag","embeddable":true,"href":"https:\/\/www.martinwieland.at\/de\/wp-json\/wp\/v2\/product_tag?post=12302"}],"curies":[{"name":"wp","href":"https:\/\/api.w.org\/{rel}","templated":true}]}}