{"id":12306,"date":"2023-12-10T21:44:36","date_gmt":"2023-12-10T20:44:36","guid":{"rendered":"https:\/\/www.martinwieland.at\/?post_type=product&#038;p=12306"},"modified":"2023-12-27T13:21:56","modified_gmt":"2023-12-27T12:21:56","slug":"1000-deads-for-the-reds","status":"publish","type":"product","link":"https:\/\/www.martinwieland.at\/de\/produkt\/1000-deads-for-the-reds\/","title":{"rendered":"1000 Deads for the Reds &#8211; FRAMED"},"content":{"rendered":"<div class=\"rte\">\n<div class=\"group w-full text-gray-800 dark:text-gray-100 border-b border-black\/10 dark:border-gray-900\/50 bg-gray-50 dark:bg-[#444654]\">\n<div class=\"flex p-4 gap-4 text-base md:gap-6 md:max-w-2xl lg:max-w-xl xl:max-w-3xl md:py-6 lg:px-0 m-auto\">\n<div class=\"relative flex w-[calc(100%-50px)] flex-col gap-1 md:gap-3 lg:w-[calc(100%-115px)]\">\n<div class=\"flex flex-grow flex-col gap-3\">\n<div class=\"min-h-[20px] flex flex-col items-start gap-4 whitespace-pre-wrap break-words\">\n<div class=\"markdown prose w-full break-words dark:prose-invert light\">\n<p>This nude study of a woman offers a subtle depiction where all intimate areas are covered, while the woman&#8217;s gaze is directed upward. The use of acrylic techniques to accentuate specific parts of the painting amplifies its visual impact, highlighting the understated composition. This deliberate choice draws attention to the emotional depth of expression and invites personal reflection on the female form.<\/p>\n<p><span style=\"color: #ff0000;\">This picture is already elegantly framed. It has been adorned with a high-quality floating frame, also known as a Guggenheim frame, which creates a floating effect for the artwork. The floating frame does not distract from the art but allows the piece to be admired in its entirety. This stylish framing design emphasizes the timeless beauty of the collage and creates an impressive presentation.<\/span><\/p>\n<\/div>\n<\/div>\n<\/div>\n<\/div>\n<\/div>\n<\/div>\n<\/div>\n<div class=\"rte\">\n<div class=\"woocommerce-product-details__short-description\">\n<div class=\"product__page__photos__text\">\n<p>\u2022 Acrylic, opaque white, photographic paper, overpainting on aludibond<br \/>\n\u2022 103 x 153 cm<\/p>\n<p><span style=\"color: #d6d4d4;\">\u23bc\u23bc\u23bc\u23bc<\/span><\/p>\n<\/div>\n<\/div>\n<\/div>\n<p>\u2022 Certificate of Authenticity<br \/>\n\u2022 handsigned<br \/>\n\u2022 Drawings and photographic elements were created singular by us and put together analog after a long process of \u201enearly fitting\u201c.<br \/>\n\u2022 Should you wish to have your artwork framed, please contact us by mail<\/p>\n<div class=\"rte\">\n<div class=\"woocommerce-product-details__short-description\">\n<div class=\"product__page__photos__text\">\n<p>Do you have any questions about the product?<\/p>\n<div class=\"fw-row tal\">\n\t\t\t\t\t\t<a href=\"mailto:mw@martinwieland.at\" target=\"_self\" class=\"button-style3\" style=\"\">\n\t\t\t\t\t\t\t\t<span>send mail<\/span>\n\t\t\t<\/a>\n\t\t\t<\/div><\/div>\n<div>&nbsp;<\/div>\n<div class=\"product__page__photos__text\"><span style=\"color: #d6d6d6;\">\u23bb\u23bb\u23bb\u23bb\u23bb\u23bb\u23bb\u23bb\u23bb\u23bb\u23bb\u23bb<\/span><\/div>\n<\/div>\n<\/div>\n<p>Die Aktstudie einer nackten Frau pr\u00e4sentiert eine subtile Darstellung, in der alle intimen Bereiche verdeckt sind, w\u00e4hrend der Blick der Frau nach oben gerichtet ist. Die Akzentuierung bestimmter Teile des Bildes mit Acryltechnik verst\u00e4rkt die visuelle Wirkung und unterstreicht die subtile Komposition. Diese Auswahl lenkt den Fokus auf die emotionale Tiefe des Ausdrucks und er\u00f6ffnet Raum f\u00fcr pers\u00f6nliche Reflexion \u00fcber die weibliche Gestalt.<\/p>\n<p><span style=\"color: #ff0000;\">Dieses Bild ist bereits stilvoll gerahmt. Es wurde mit einem hochwertigen Schattenfugenrahmen, auch bekannt als Guggenheimrahmen, versehen der f\u00fcr einen schwebenden Effekt des Werkes sorgt. Der Schattenfugenrahmen lenkt nicht von der Kunst ab, sondern erm\u00f6glicht es, das Bild in seiner Gesamtheit zu bewundern. Mit diesem stilvollen Rahmendesign wird die zeitlose Sch\u00f6nheit der Collage betont und eine beeindruckende Pr\u00e4sentation geschaffen.<\/span><\/p>\n<p>\u2022 Acryl, Tusche, Fotopapier, \u00dcbermalung auf Aludibond<br \/>\n\u2022 103 x 153 cm<br \/>\n<span style=\"color: #d6d4d4;\">\u23bc\u23bc\u23bc\u23bc<\/span><br \/>\n\u2022 Echtheitszertifikat<br \/>\n\u2022 handsigniert<br \/>\n\u2022 Die Zeichnungen und Fotografien wurden von uns getrennt erstellt und analog mittels Collagetechnik zusammengef\u00fcgt.<br \/>\n\u2022 Wir geben Ihrem Kunstwerk auch gerne den passenden Rahmen<br \/>\n\u2022 Bitte kontaktieren Sie uns einfach per mail.<\/p>\n<p>Haben Sie Fragen zum Produkt?<\/p>\n<p><div class=\"fw-row tal\">\n\t\t\t\t\t\t<a href=\"mailto:mw@martinwieland.at\" target=\"_self\" class=\"button-style3\" style=\"\">\n\t\t\t\t\t\t\t\t<span>Mail senden<\/span>\n\t\t\t<\/a>\n\t\t\t<\/div><span style=\"color: #d6d6d6;\">\u23bb\u23bb\u23bb\u23bb\u23bb\u23bb\u23bb\u23bb\u23bb\u23bb\u23bb\u23bb<\/span><\/p>","protected":false},"excerpt":{"rendered":"<p>This nude study of a woman offers a subtle depiction where all intimate areas are covered, while the woman&#8217;s gaze is directed upward. The use of acrylic techniques to accentuate specific parts of the painting amplifies its visual impact, highlighting the understated composition. This deliberate choice draws attention to the emotional depth of expression and [&hellip;]<\/p>","protected":false},"featured_media":12223,"comment_status":"open","ping_status":"closed","template":"","meta":{"_acf_changed":false},"product_cat":[253,168,252],"product_tag":[131,50,242,51,133,53,244,54,241,74,142,55,143,240,243],"acf":[],"yoast_head":"<!-- This site is optimized with the Yoast SEO plugin v23.2 - https:\/\/yoast.com\/wordpress\/plugins\/seo\/ -->\n<title>1000 Deads for the Reds - FRAMED - Martin Wieland Photography<\/title>\n<meta name=\"robots\" content=\"index, follow, max-snippet:-1, max-image-preview:large, max-video-preview:-1\" \/>\n<link rel=\"canonical\" href=\"https:\/\/www.martinwieland.at\/de\/produkt\/1000-deads-for-the-reds\/\" \/>\n<meta property=\"og:locale\" content=\"de_DE\" \/>\n<meta property=\"og:type\" content=\"article\" \/>\n<meta property=\"og:title\" content=\"1000 Deads for the Reds - FRAMED - Martin Wieland Photography\" \/>\n<meta property=\"og:description\" content=\"This nude study of a woman offers a subtle depiction where all intimate areas are covered, while the woman&#8217;s gaze is directed upward. The use of acrylic techniques to accentuate specific parts of the painting amplifies its visual impact, highlighting the understated composition. This deliberate choice draws attention to the emotional depth of expression and [&hellip;]\" \/>\n<meta property=\"og:url\" content=\"https:\/\/www.martinwieland.at\/de\/produkt\/1000-deads-for-the-reds\/\" \/>\n<meta property=\"og:site_name\" content=\"Martin Wieland Photography\" \/>\n<meta property=\"article:modified_time\" content=\"2023-12-27T12:21:56+00:00\" \/>\n<meta property=\"og:image\" content=\"https:\/\/www.martinwieland.at\/wp-content\/uploads\/2023\/12\/A-1000-Deads-for-the-Reds-1.jpg\" \/>\n\t<meta property=\"og:image:width\" content=\"1535\" \/>\n\t<meta property=\"og:image:height\" content=\"1535\" \/>\n\t<meta property=\"og:image:type\" content=\"image\/jpeg\" \/>\n<meta name=\"twitter:card\" content=\"summary_large_image\" \/>\n<meta name=\"twitter:label1\" content=\"Gesch\u00e4tzte Lesezeit\" \/>\n\t<meta name=\"twitter:data1\" content=\"3\u00a0Minuten\" \/>\n<script type=\"application\/ld+json\" class=\"yoast-schema-graph\">{\"@context\":\"https:\/\/schema.org\",\"@graph\":[{\"@type\":\"WebPage\",\"@id\":\"https:\/\/www.martinwieland.at\/produkt\/1000-deads-for-the-reds\/\",\"url\":\"https:\/\/www.martinwieland.at\/produkt\/1000-deads-for-the-reds\/\",\"name\":\"1000 Deads for the Reds - FRAMED - Martin Wieland Photography\",\"isPartOf\":{\"@id\":\"https:\/\/www.martinwieland.at\/#website\"},\"primaryImageOfPage\":{\"@id\":\"https:\/\/www.martinwieland.at\/produkt\/1000-deads-for-the-reds\/#primaryimage\"},\"image\":{\"@id\":\"https:\/\/www.martinwieland.at\/produkt\/1000-deads-for-the-reds\/#primaryimage\"},\"thumbnailUrl\":\"https:\/\/www.martinwieland.at\/wp-content\/uploads\/2023\/12\/A-1000-Deads-for-the-Reds-1.jpg\",\"datePublished\":\"2023-12-10T20:44:36+00:00\",\"dateModified\":\"2023-12-27T12:21:56+00:00\",\"breadcrumb\":{\"@id\":\"https:\/\/www.martinwieland.at\/produkt\/1000-deads-for-the-reds\/#breadcrumb\"},\"inLanguage\":\"de\",\"potentialAction\":[{\"@type\":\"ReadAction\",\"target\":[\"https:\/\/www.martinwieland.at\/produkt\/1000-deads-for-the-reds\/\"]}]},{\"@type\":\"ImageObject\",\"inLanguage\":\"de\",\"@id\":\"https:\/\/www.martinwieland.at\/produkt\/1000-deads-for-the-reds\/#primaryimage\",\"url\":\"https:\/\/www.martinwieland.at\/wp-content\/uploads\/2023\/12\/A-1000-Deads-for-the-Reds-1.jpg\",\"contentUrl\":\"https:\/\/www.martinwieland.at\/wp-content\/uploads\/2023\/12\/A-1000-Deads-for-the-Reds-1.jpg\",\"width\":1535,\"height\":1535},{\"@type\":\"BreadcrumbList\",\"@id\":\"https:\/\/www.martinwieland.at\/produkt\/1000-deads-for-the-reds\/#breadcrumb\",\"itemListElement\":[{\"@type\":\"ListItem\",\"position\":1,\"name\":\"Startseite\",\"item\":\"https:\/\/www.martinwieland.at\/\"},{\"@type\":\"ListItem\",\"position\":2,\"name\":\"Shop\",\"item\":\"https:\/\/www.martinwieland.at\/shop\/\"},{\"@type\":\"ListItem\",\"position\":3,\"name\":\"1000 Deads for the Reds &#8211; FRAMED\"}]},{\"@type\":\"WebSite\",\"@id\":\"https:\/\/www.martinwieland.at\/#website\",\"url\":\"https:\/\/www.martinwieland.at\/\",\"name\":\"Martin Wieland Photography\",\"description\":\"Martin Wieland Photography\",\"potentialAction\":[{\"@type\":\"SearchAction\",\"target\":{\"@type\":\"EntryPoint\",\"urlTemplate\":\"https:\/\/www.martinwieland.at\/?s={search_term_string}\"},\"query-input\":\"required name=search_term_string\"}],\"inLanguage\":\"de\"}]}<\/script>\n<!-- \/ Yoast SEO plugin. -->","yoast_head_json":{"title":"1000 Deads for the Reds - FRAMED - Martin Wieland Photography","robots":{"index":"index","follow":"follow","max-snippet":"max-snippet:-1","max-image-preview":"max-image-preview:large","max-video-preview":"max-video-preview:-1"},"canonical":"https:\/\/www.martinwieland.at\/de\/produkt\/1000-deads-for-the-reds\/","og_locale":"de_DE","og_type":"article","og_title":"1000 Deads for the Reds - FRAMED - Martin Wieland Photography","og_description":"This nude study of a woman offers a subtle depiction where all intimate areas are covered, while the woman&#8217;s gaze is directed upward. The use of acrylic techniques to accentuate specific parts of the painting amplifies its visual impact, highlighting the understated composition. This deliberate choice draws attention to the emotional depth of expression and [&hellip;]","og_url":"https:\/\/www.martinwieland.at\/de\/produkt\/1000-deads-for-the-reds\/","og_site_name":"Martin Wieland Photography","article_modified_time":"2023-12-27T12:21:56+00:00","og_image":[{"width":1535,"height":1535,"url":"https:\/\/www.martinwieland.at\/wp-content\/uploads\/2023\/12\/A-1000-Deads-for-the-Reds-1.jpg","type":"image\/jpeg"}],"twitter_card":"summary_large_image","twitter_misc":{"Gesch\u00e4tzte Lesezeit":"3\u00a0Minuten"},"schema":{"@context":"https:\/\/schema.org","@graph":[{"@type":"WebPage","@id":"https:\/\/www.martinwieland.at\/produkt\/1000-deads-for-the-reds\/","url":"https:\/\/www.martinwieland.at\/produkt\/1000-deads-for-the-reds\/","name":"1000 Deads for the Reds - FRAMED - Martin Wieland Photography","isPartOf":{"@id":"https:\/\/www.martinwieland.at\/#website"},"primaryImageOfPage":{"@id":"https:\/\/www.martinwieland.at\/produkt\/1000-deads-for-the-reds\/#primaryimage"},"image":{"@id":"https:\/\/www.martinwieland.at\/produkt\/1000-deads-for-the-reds\/#primaryimage"},"thumbnailUrl":"https:\/\/www.martinwieland.at\/wp-content\/uploads\/2023\/12\/A-1000-Deads-for-the-Reds-1.jpg","datePublished":"2023-12-10T20:44:36+00:00","dateModified":"2023-12-27T12:21:56+00:00","breadcrumb":{"@id":"https:\/\/www.martinwieland.at\/produkt\/1000-deads-for-the-reds\/#breadcrumb"},"inLanguage":"de","potentialAction":[{"@type":"ReadAction","target":["https:\/\/www.martinwieland.at\/produkt\/1000-deads-for-the-reds\/"]}]},{"@type":"ImageObject","inLanguage":"de","@id":"https:\/\/www.martinwieland.at\/produkt\/1000-deads-for-the-reds\/#primaryimage","url":"https:\/\/www.martinwieland.at\/wp-content\/uploads\/2023\/12\/A-1000-Deads-for-the-Reds-1.jpg","contentUrl":"https:\/\/www.martinwieland.at\/wp-content\/uploads\/2023\/12\/A-1000-Deads-for-the-Reds-1.jpg","width":1535,"height":1535},{"@type":"BreadcrumbList","@id":"https:\/\/www.martinwieland.at\/produkt\/1000-deads-for-the-reds\/#breadcrumb","itemListElement":[{"@type":"ListItem","position":1,"name":"Startseite","item":"https:\/\/www.martinwieland.at\/"},{"@type":"ListItem","position":2,"name":"Shop","item":"https:\/\/www.martinwieland.at\/shop\/"},{"@type":"ListItem","position":3,"name":"1000 Deads for the Reds &#8211; FRAMED"}]},{"@type":"WebSite","@id":"https:\/\/www.martinwieland.at\/#website","url":"https:\/\/www.martinwieland.at\/","name":"Martin Wieland Photography","description":"Martin Wieland Photography","potentialAction":[{"@type":"SearchAction","target":{"@type":"EntryPoint","urlTemplate":"https:\/\/www.martinwieland.at\/?s={search_term_string}"},"query-input":"required name=search_term_string"}],"inLanguage":"de"}]}},"_links":{"self":[{"href":"https:\/\/www.martinwieland.at\/de\/wp-json\/wp\/v2\/product\/12306"}],"collection":[{"href":"https:\/\/www.martinwieland.at\/de\/wp-json\/wp\/v2\/product"}],"about":[{"href":"https:\/\/www.martinwieland.at\/de\/wp-json\/wp\/v2\/types\/product"}],"replies":[{"embeddable":true,"href":"https:\/\/www.martinwieland.at\/de\/wp-json\/wp\/v2\/comments?post=12306"}],"wp:featuredmedia":[{"embeddable":true,"href":"https:\/\/www.martinwieland.at\/de\/wp-json\/wp\/v2\/media\/12223"}],"wp:attachment":[{"href":"https:\/\/www.martinwieland.at\/de\/wp-json\/wp\/v2\/media?parent=12306"}],"wp:term":[{"taxonomy":"product_cat","embeddable":true,"href":"https:\/\/www.martinwieland.at\/de\/wp-json\/wp\/v2\/product_cat?post=12306"},{"taxonomy":"product_tag","embeddable":true,"href":"https:\/\/www.martinwieland.at\/de\/wp-json\/wp\/v2\/product_tag?post=12306"}],"curies":[{"name":"wp","href":"https:\/\/api.w.org\/{rel}","templated":true}]}}