{"id":12309,"date":"2023-12-10T21:58:32","date_gmt":"2023-12-10T20:58:32","guid":{"rendered":"https:\/\/www.martinwieland.at\/?post_type=product&#038;p=12309"},"modified":"2024-07-03T18:50:28","modified_gmt":"2024-07-03T16:50:28","slug":"scratch-my-back","status":"publish","type":"product","link":"https:\/\/www.martinwieland.at\/de\/produkt\/scratch-my-back\/","title":{"rendered":"Scratch My Back"},"content":{"rendered":"<div class=\"rte\">\n<p><strong>SOLD<\/strong><\/p>\n<p>The painting depicts a kneeling woman, her downward-tilted head concealing her face. The focal point of the image is her folded hands, while the background softly blurs into obscurity. The overlay of acrylic paints, transitioning from white to red, lends the artwork a profound depth, emphasizing the significance of the hands in this scene. This composition evokes an atmosphere of silence, inviting interpretations about the inner thoughts and emotions of the depicted figure.<\/p>\n<\/div>\n<div class=\"rte\">\n<div class=\"woocommerce-product-details__short-description\">\n<div class=\"product__page__photos__text\">\n<p>\u2022 Acrylic, Original Photograph on Aludibond behind Acrylic Glass, Overpainting on Acrylic Glass<br \/>\n\u2022 100 x 150cm<\/p>\n<p><span style=\"color: #d6d4d4;\">\u23bc\u23bc\u23bc\u23bc<\/span><\/p>\n<\/div>\n<\/div>\n<\/div>\n<p>\u2022 Certificate of Authenticity<br \/>\n\u2022 handsigned<br \/>\n\u2022 Drawings and photographic elements were created singular by us and put together analog after a long process of \u201enearly fitting\u201c.<br \/>\n\u2022 Should you wish to have your artwork framed, please contact us by mail<\/p>\n<div class=\"rte\">\n<div class=\"woocommerce-product-details__short-description\">\n<div class=\"product__page__photos__text\">\n<p>Do you have any questions about the product?<\/p>\n<div class=\"fw-row tal\">\n\t\t\t\t\t\t<a href=\"mailto:mw@martinwieland.at\" target=\"_self\" class=\"button-style3\" style=\"\">\n\t\t\t\t\t\t\t\t<span>send mail<\/span>\n\t\t\t<\/a>\n\t\t\t<\/div><\/div>\n<div>&nbsp;<\/div>\n<div class=\"product__page__photos__text\"><span style=\"color: #d6d6d6;\">\u23bb\u23bb\u23bb\u23bb\u23bb\u23bb\u23bb\u23bb\u23bb\u23bb\u23bb\u23bb<\/span><\/div>\n<\/div>\n<\/div>\n<p><strong>VERKAUFT<\/strong><\/p>\n<p>Das Bild zeigt eine kniende Frau, deren nach unten geneigter Kopf das Gesicht verbirgt. Im Fokus des Bildes stehen ihre gefalteten H\u00e4nde, w\u00e4hrend der Hintergrund in sanfter Unsch\u00e4rfe verschwimmt. Die \u00dcbermalung mit Acrylfarben von Wei\u00df zu Rot verleiht dem Werk eine eindringliche Tiefe und betont die Bedeutung der H\u00e4nde in dieser Szene. Diese Komposition erzeugt eine Atmosph\u00e4re der Stille und l\u00e4sst Raum f\u00fcr Interpretationen \u00fcber die inneren Gedanken und Emotionen der dargestellten Figur.<\/p>\n<p>\u2022 Acryl, Originalfotografie auf Aludibond hinter Acrylglas, \u00dcbermalung auf Acrylglas<br \/>\n\u2022 100 x 150cm<br \/>\n<span style=\"color: #d6d4d4;\">\u23bc\u23bc\u23bc\u23bc<\/span><br \/>\n\u2022 Echtheitszertifikat<br \/>\n\u2022 handsigniert<br \/>\n\u2022 Die Zeichnungen und Fotografien wurden von uns getrennt erstellt und analog mittels Collagetechnik zusammengef\u00fcgt.<br \/>\n\u2022 Wir geben Ihrem Kunstwerk auch gerne den passenden Rahmen<br \/>\n\u2022 Bitte kontaktieren Sie uns einfach per mail.<\/p>\n<p>Haben Sie Fragen zum Produkt?<\/p>\n<p><div class=\"fw-row tal\">\n\t\t\t\t\t\t<a href=\"mailto:mw@martinwieland.at\" target=\"_self\" class=\"button-style3\" style=\"\">\n\t\t\t\t\t\t\t\t<span>Mail senden<\/span>\n\t\t\t<\/a>\n\t\t\t<\/div><span style=\"color: #d6d6d6;\">\u23bb\u23bb\u23bb\u23bb\u23bb\u23bb\u23bb\u23bb\u23bb\u23bb\u23bb\u23bb<\/span><\/p>","protected":false},"excerpt":{"rendered":"<p>SOLD The painting depicts a kneeling woman, her downward-tilted head concealing her face. The focal point of the image is her folded hands, while the background softly blurs into obscurity. The overlay of acrylic paints, transitioning from white to red, lends the artwork a profound depth, emphasizing the significance of the hands in this scene. [&hellip;]<\/p>","protected":false},"featured_media":12637,"comment_status":"open","ping_status":"closed","template":"","meta":{"_acf_changed":false},"product_cat":[168,252,254],"product_tag":[131,50,242,51,133,53,244,54,241,74,142,55,143,240,243],"acf":[],"yoast_head":"<!-- This site is optimized with the Yoast SEO plugin v23.2 - https:\/\/yoast.com\/wordpress\/plugins\/seo\/ -->\n<title>Scratch My Back - Martin Wieland Photography<\/title>\n<meta name=\"description\" content=\"original artwork by martin wieland and dietmar halbauer. overpainting on acrylic glass. mixed media, one of a kind, handsigned with certificate\" \/>\n<meta name=\"robots\" content=\"index, follow, max-snippet:-1, max-image-preview:large, max-video-preview:-1\" \/>\n<link rel=\"canonical\" href=\"https:\/\/www.martinwieland.at\/de\/produkt\/scratch-my-back\/\" \/>\n<meta property=\"og:locale\" content=\"de_DE\" \/>\n<meta property=\"og:type\" content=\"article\" \/>\n<meta property=\"og:title\" content=\"Scratch My Back - Martin Wieland Photography\" \/>\n<meta property=\"og:description\" content=\"original artwork by martin wieland and dietmar halbauer. overpainting on acrylic glass. mixed media, one of a kind, handsigned with certificate\" \/>\n<meta property=\"og:url\" content=\"https:\/\/www.martinwieland.at\/de\/produkt\/scratch-my-back\/\" \/>\n<meta property=\"og:site_name\" content=\"Martin Wieland Photography\" \/>\n<meta property=\"article:modified_time\" content=\"2024-07-03T16:50:28+00:00\" \/>\n<meta property=\"og:image\" content=\"https:\/\/www.martinwieland.at\/wp-content\/uploads\/2023\/12\/Scratch-My-Back.jpg\" \/>\n\t<meta property=\"og:image:width\" content=\"1535\" \/>\n\t<meta property=\"og:image:height\" content=\"1535\" \/>\n\t<meta property=\"og:image:type\" content=\"image\/jpeg\" \/>\n<meta name=\"twitter:card\" content=\"summary_large_image\" \/>\n<meta name=\"twitter:label1\" content=\"Gesch\u00e4tzte Lesezeit\" \/>\n\t<meta name=\"twitter:data1\" content=\"2\u00a0Minuten\" \/>\n<script type=\"application\/ld+json\" class=\"yoast-schema-graph\">{\"@context\":\"https:\/\/schema.org\",\"@graph\":[{\"@type\":\"WebPage\",\"@id\":\"https:\/\/www.martinwieland.at\/produkt\/scratch-my-back\/\",\"url\":\"https:\/\/www.martinwieland.at\/produkt\/scratch-my-back\/\",\"name\":\"Scratch My Back - Martin Wieland Photography\",\"isPartOf\":{\"@id\":\"https:\/\/www.martinwieland.at\/#website\"},\"primaryImageOfPage\":{\"@id\":\"https:\/\/www.martinwieland.at\/produkt\/scratch-my-back\/#primaryimage\"},\"image\":{\"@id\":\"https:\/\/www.martinwieland.at\/produkt\/scratch-my-back\/#primaryimage\"},\"thumbnailUrl\":\"https:\/\/www.martinwieland.at\/wp-content\/uploads\/2023\/12\/Scratch-My-Back.jpg\",\"datePublished\":\"2023-12-10T20:58:32+00:00\",\"dateModified\":\"2024-07-03T16:50:28+00:00\",\"description\":\"original artwork by martin wieland and dietmar halbauer. overpainting on acrylic glass. mixed media, one of a kind, handsigned with certificate\",\"breadcrumb\":{\"@id\":\"https:\/\/www.martinwieland.at\/produkt\/scratch-my-back\/#breadcrumb\"},\"inLanguage\":\"de\",\"potentialAction\":[{\"@type\":\"ReadAction\",\"target\":[\"https:\/\/www.martinwieland.at\/produkt\/scratch-my-back\/\"]}]},{\"@type\":\"ImageObject\",\"inLanguage\":\"de\",\"@id\":\"https:\/\/www.martinwieland.at\/produkt\/scratch-my-back\/#primaryimage\",\"url\":\"https:\/\/www.martinwieland.at\/wp-content\/uploads\/2023\/12\/Scratch-My-Back.jpg\",\"contentUrl\":\"https:\/\/www.martinwieland.at\/wp-content\/uploads\/2023\/12\/Scratch-My-Back.jpg\",\"width\":1535,\"height\":1535},{\"@type\":\"BreadcrumbList\",\"@id\":\"https:\/\/www.martinwieland.at\/produkt\/scratch-my-back\/#breadcrumb\",\"itemListElement\":[{\"@type\":\"ListItem\",\"position\":1,\"name\":\"Startseite\",\"item\":\"https:\/\/www.martinwieland.at\/\"},{\"@type\":\"ListItem\",\"position\":2,\"name\":\"Shop\",\"item\":\"https:\/\/www.martinwieland.at\/shop\/\"},{\"@type\":\"ListItem\",\"position\":3,\"name\":\"Scratch My Back\"}]},{\"@type\":\"WebSite\",\"@id\":\"https:\/\/www.martinwieland.at\/#website\",\"url\":\"https:\/\/www.martinwieland.at\/\",\"name\":\"Martin Wieland Photography\",\"description\":\"Martin Wieland Photography\",\"potentialAction\":[{\"@type\":\"SearchAction\",\"target\":{\"@type\":\"EntryPoint\",\"urlTemplate\":\"https:\/\/www.martinwieland.at\/?s={search_term_string}\"},\"query-input\":\"required name=search_term_string\"}],\"inLanguage\":\"de\"}]}<\/script>\n<!-- \/ Yoast SEO plugin. -->","yoast_head_json":{"title":"Scratch My Back - Martin Wieland Photography","description":"original artwork by martin wieland and dietmar halbauer. overpainting on acrylic glass. mixed media, one of a kind, handsigned with certificate","robots":{"index":"index","follow":"follow","max-snippet":"max-snippet:-1","max-image-preview":"max-image-preview:large","max-video-preview":"max-video-preview:-1"},"canonical":"https:\/\/www.martinwieland.at\/de\/produkt\/scratch-my-back\/","og_locale":"de_DE","og_type":"article","og_title":"Scratch My Back - Martin Wieland Photography","og_description":"original artwork by martin wieland and dietmar halbauer. overpainting on acrylic glass. mixed media, one of a kind, handsigned with certificate","og_url":"https:\/\/www.martinwieland.at\/de\/produkt\/scratch-my-back\/","og_site_name":"Martin Wieland Photography","article_modified_time":"2024-07-03T16:50:28+00:00","og_image":[{"width":1535,"height":1535,"url":"https:\/\/www.martinwieland.at\/wp-content\/uploads\/2023\/12\/Scratch-My-Back.jpg","type":"image\/jpeg"}],"twitter_card":"summary_large_image","twitter_misc":{"Gesch\u00e4tzte Lesezeit":"2\u00a0Minuten"},"schema":{"@context":"https:\/\/schema.org","@graph":[{"@type":"WebPage","@id":"https:\/\/www.martinwieland.at\/produkt\/scratch-my-back\/","url":"https:\/\/www.martinwieland.at\/produkt\/scratch-my-back\/","name":"Scratch My Back - Martin Wieland Photography","isPartOf":{"@id":"https:\/\/www.martinwieland.at\/#website"},"primaryImageOfPage":{"@id":"https:\/\/www.martinwieland.at\/produkt\/scratch-my-back\/#primaryimage"},"image":{"@id":"https:\/\/www.martinwieland.at\/produkt\/scratch-my-back\/#primaryimage"},"thumbnailUrl":"https:\/\/www.martinwieland.at\/wp-content\/uploads\/2023\/12\/Scratch-My-Back.jpg","datePublished":"2023-12-10T20:58:32+00:00","dateModified":"2024-07-03T16:50:28+00:00","description":"original artwork by martin wieland and dietmar halbauer. overpainting on acrylic glass. mixed media, one of a kind, handsigned with certificate","breadcrumb":{"@id":"https:\/\/www.martinwieland.at\/produkt\/scratch-my-back\/#breadcrumb"},"inLanguage":"de","potentialAction":[{"@type":"ReadAction","target":["https:\/\/www.martinwieland.at\/produkt\/scratch-my-back\/"]}]},{"@type":"ImageObject","inLanguage":"de","@id":"https:\/\/www.martinwieland.at\/produkt\/scratch-my-back\/#primaryimage","url":"https:\/\/www.martinwieland.at\/wp-content\/uploads\/2023\/12\/Scratch-My-Back.jpg","contentUrl":"https:\/\/www.martinwieland.at\/wp-content\/uploads\/2023\/12\/Scratch-My-Back.jpg","width":1535,"height":1535},{"@type":"BreadcrumbList","@id":"https:\/\/www.martinwieland.at\/produkt\/scratch-my-back\/#breadcrumb","itemListElement":[{"@type":"ListItem","position":1,"name":"Startseite","item":"https:\/\/www.martinwieland.at\/"},{"@type":"ListItem","position":2,"name":"Shop","item":"https:\/\/www.martinwieland.at\/shop\/"},{"@type":"ListItem","position":3,"name":"Scratch My Back"}]},{"@type":"WebSite","@id":"https:\/\/www.martinwieland.at\/#website","url":"https:\/\/www.martinwieland.at\/","name":"Martin Wieland Photography","description":"Martin Wieland Photography","potentialAction":[{"@type":"SearchAction","target":{"@type":"EntryPoint","urlTemplate":"https:\/\/www.martinwieland.at\/?s={search_term_string}"},"query-input":"required name=search_term_string"}],"inLanguage":"de"}]}},"_links":{"self":[{"href":"https:\/\/www.martinwieland.at\/de\/wp-json\/wp\/v2\/product\/12309"}],"collection":[{"href":"https:\/\/www.martinwieland.at\/de\/wp-json\/wp\/v2\/product"}],"about":[{"href":"https:\/\/www.martinwieland.at\/de\/wp-json\/wp\/v2\/types\/product"}],"replies":[{"embeddable":true,"href":"https:\/\/www.martinwieland.at\/de\/wp-json\/wp\/v2\/comments?post=12309"}],"wp:featuredmedia":[{"embeddable":true,"href":"https:\/\/www.martinwieland.at\/de\/wp-json\/wp\/v2\/media\/12637"}],"wp:attachment":[{"href":"https:\/\/www.martinwieland.at\/de\/wp-json\/wp\/v2\/media?parent=12309"}],"wp:term":[{"taxonomy":"product_cat","embeddable":true,"href":"https:\/\/www.martinwieland.at\/de\/wp-json\/wp\/v2\/product_cat?post=12309"},{"taxonomy":"product_tag","embeddable":true,"href":"https:\/\/www.martinwieland.at\/de\/wp-json\/wp\/v2\/product_tag?post=12309"}],"curies":[{"name":"wp","href":"https:\/\/api.w.org\/{rel}","templated":true}]}}