{"id":12644,"date":"2024-07-04T09:15:55","date_gmt":"2024-07-04T07:15:55","guid":{"rendered":"https:\/\/www.martinwieland.at\/?post_type=product&#038;p=12644"},"modified":"2024-11-05T04:56:02","modified_gmt":"2024-11-05T03:56:02","slug":"sehnsucht","status":"publish","type":"product","link":"https:\/\/www.martinwieland.at\/de\/produkt\/sehnsucht\/","title":{"rendered":"Sehnsucht &#8211; FRAMED"},"content":{"rendered":"<div class=\"rte\">\n<div class=\"group w-full text-gray-800 dark:text-gray-100 border-b border-black\/10 dark:border-gray-900\/50 bg-gray-50 dark:bg-[#444654]\">\n<div class=\"flex p-4 gap-4 text-base md:gap-6 md:max-w-2xl lg:max-w-xl xl:max-w-3xl md:py-6 lg:px-0 m-auto\">\n<div class=\"relative flex w-[calc(100%-50px)] flex-col gap-1 md:gap-3 lg:w-[calc(100%-115px)]\">\n<div class=\"flex flex-grow flex-col gap-3\">\n<div class=\"min-h-[20px] flex flex-col items-start gap-4 whitespace-pre-wrap break-words\">\n<div class=\"markdown prose w-full break-words dark:prose-invert light\">\n<p>&#8220;Sehnsucht&#8221; is a visually captivating artwork that innovatively combines photography and abstract elements. The black-and-white profile of a woman, whose gaze and expression reflect deep thoughts, forms the heart of the piece. Surrounding blue and silver metal leaf accents give the artwork a modern, almost futuristic aura. These shimmering details stand out strongly against the soft shadows of the photograph, creating a compelling dynamism. The combination of sketch-like lines and colored areas introduces an additional level of complexity that captures the viewer&#8217;s interest. &#8220;Sehnsucht&#8221; embodies a contemporary aesthetic that is both stylish and profound.<\/p>\n<p><span style=\"color: #ff0000;\">This artwork is already beautifully framed. It features a high-quality object frame with a thickness of 1,5 cm and a depth of 5.5 cm. The glass used is a non-reflective Glass, commonly found in prestigious institutions such as the Albertina. This exclusive glass adds an elegant touch to the artwork while also providing protection against harmful UV radiation. If you prefer the artwork without the frame, please contact us for further arrangements.<\/span><\/p>\n<p>\u2022 Acrylic, leaf silver foil, Original Photograph, Overpainting on Hahnem\u00fchle FineArt Baryta<br \/>\n\u2022 30 x 40 cm<\/p>\n<\/div>\n<\/div>\n<\/div>\n<\/div>\n<\/div>\n<\/div>\n<\/div>\n<div class=\"rte\">\n<div class=\"woocommerce-product-details__short-description\">\n<div class=\"product__page__photos__text\">\n<p><span style=\"color: #d6d4d4;\">\u23bc\u23bc\u23bc\u23bc<\/span><\/p>\n<\/div>\n<\/div>\n<\/div>\n<p>\u2022 Certificate of Authenticity<br \/>\n\u2022 handsigned<br \/>\n\u2022 Drawings and photographic elements were created singular by us and put together analog after a long process of \u201enearly fitting\u201c.<br \/>\n\u2022 Should you wish to have your artwork framed, please contact us by mail<\/p>\n<div class=\"rte\">\n<div class=\"woocommerce-product-details__short-description\">\n<div class=\"product__page__photos__text\">\n<p>Do you have any questions about the product?<\/p>\n<div class=\"fw-row tal\">\n\t\t\t\t\t\t<a href=\"mailto:mw@martinwieland.at\" target=\"_self\" class=\"button-style3\" style=\"\">\n\t\t\t\t\t\t\t\t<span>send mail<\/span>\n\t\t\t<\/a>\n\t\t\t<\/div><\/div>\n<div>&nbsp;<\/div>\n<div class=\"product__page__photos__text\"><span style=\"color: #d6d6d6;\">\u23bb\u23bb\u23bb\u23bb\u23bb\u23bb\u23bb\u23bb\u23bb\u23bb\u23bb\u23bb<\/span><\/div>\n<\/div>\n<\/div>\n<p>&#8220;Sehnsucht&#8221; ist ein visuell packendes Kunstwerk, das Fotografie und abstrakte Elemente auf innovative Weise kombiniert. Das Schwarz-Wei\u00df-Profil einer Frau, deren Blick und Ausdruck tiefgr\u00fcndige Gedanken widerspiegeln, bildet das Herzst\u00fcck des Werks. Die umgebenden blauen und silbernen Blattmetallakzente verleihen dem Bild eine moderne, fast futuristische Ausstrahlung. Diese schimmernden Details setzen sich stark von den weichen Schatten der Fotografie ab und erzeugen eine fesselnde Dynamik. Die Kombination aus skizzenhaften Linien und farbigen Fl\u00e4chen bringt eine zus\u00e4tzliche Ebene der Komplexit\u00e4t ins Spiel, die das Interesse des Betrachters weckt. &#8220;Sehnsucht&#8221; verk\u00f6rpert eine zeitgem\u00e4\u00dfe \u00c4sthetik, die sowohl stilvoll als auch tiefgr\u00fcndig ist.<\/p>\n<p><span style=\"color: #ff0000;\">Dieses Werk ist bereits stilvoll gerahmt. Es wurde mit einem hochwertigen Objektrahmen versehen, der eine Leistenst\u00e4rke von 1,5 cm und eine Tiefe von 5,5 cm aufweist. Das Glas, das verwendet wurde, ist ein entspiegeltes&nbsp; Glas, das auch in renommierten Institutionen wie der Albertina Verwendung findet. Dieses exklusive Glas verleiht dem Werk eine elegante Note und sch\u00fctzt es gleichzeitig vor sch\u00e4dlicher UV-Strahlung. Sollten Sie keinen Rahmen w\u00fcnschen, dann setzen Sie sich bitte mit uns in Verbindung.<\/span><\/p>\n<p>\u2022 Acryl, Blattsilber, Originalfotografie, \u00dcbermalung auf Hahnem\u00fchle FineArt Baryta<br \/>\n\u2022 30 x 40 cm<br \/>\n<span style=\"color: #d6d4d4;\">\u23bc\u23bc\u23bc\u23bc<\/span><br \/>\n\u2022 Echtheitszertifikat<br \/>\n\u2022 handsigniert<br \/>\n\u2022 Die Zeichnungen und Fotografien wurden von uns getrennt erstellt und analog mittels Collagetechnik zusammengef\u00fcgt.<br \/>\n\u2022 Wir geben Ihrem Kunstwerk auch gerne den passenden Rahmen<br \/>\n\u2022 Bitte kontaktieren Sie uns einfach per mail.<\/p>\n<p>Haben Sie Fragen zum Produkt?<\/p>\n<p><div class=\"fw-row tal\">\n\t\t\t\t\t\t<a href=\"mailto:mw@martinwieland.at\" target=\"_self\" class=\"button-style3\" style=\"\">\n\t\t\t\t\t\t\t\t<span>Mail senden<\/span>\n\t\t\t<\/a>\n\t\t\t<\/div><span style=\"color: #d6d6d6;\">\u23bb\u23bb\u23bb\u23bb\u23bb\u23bb\u23bb\u23bb\u23bb\u23bb\u23bb\u23bb<\/span><\/p>","protected":false},"excerpt":{"rendered":"<p>&#8220;Sehnsucht&#8221; is a visually captivating artwork that innovatively combines photography and abstract elements. The black-and-white profile of a woman, whose gaze and expression reflect deep thoughts, forms the heart of the piece. Surrounding blue and silver metal leaf accents give the artwork a modern, almost futuristic aura. These shimmering details stand out strongly against the [&hellip;]<\/p>","protected":false},"featured_media":13701,"comment_status":"open","ping_status":"closed","template":"","meta":{"_acf_changed":false},"product_cat":[168,256,254],"product_tag":[131,50,242,51,133,53,244,54,241,74,142,55,143,240,243],"acf":[],"yoast_head":"<!-- This site is optimized with the Yoast SEO plugin v23.2 - https:\/\/yoast.com\/wordpress\/plugins\/seo\/ -->\n<title>Sehnsucht - FRAMED - Martin Wieland Photography<\/title>\n<meta name=\"robots\" content=\"index, follow, max-snippet:-1, max-image-preview:large, max-video-preview:-1\" \/>\n<link rel=\"canonical\" href=\"https:\/\/www.martinwieland.at\/de\/produkt\/sehnsucht\/\" \/>\n<meta property=\"og:locale\" content=\"de_DE\" \/>\n<meta property=\"og:type\" content=\"article\" \/>\n<meta property=\"og:title\" content=\"Sehnsucht - FRAMED - Martin Wieland Photography\" \/>\n<meta property=\"og:description\" content=\"&#8220;Sehnsucht&#8221; is a visually captivating artwork that innovatively combines photography and abstract elements. The black-and-white profile of a woman, whose gaze and expression reflect deep thoughts, forms the heart of the piece. Surrounding blue and silver metal leaf accents give the artwork a modern, almost futuristic aura. These shimmering details stand out strongly against the [&hellip;]\" \/>\n<meta property=\"og:url\" content=\"https:\/\/www.martinwieland.at\/de\/produkt\/sehnsucht\/\" \/>\n<meta property=\"og:site_name\" content=\"Martin Wieland Photography\" \/>\n<meta property=\"article:modified_time\" content=\"2024-11-05T03:56:02+00:00\" \/>\n<meta property=\"og:image\" content=\"https:\/\/www.martinwieland.at\/wp-content\/uploads\/2024\/07\/Sehnsucht-2.jpg\" \/>\n\t<meta property=\"og:image:width\" content=\"1535\" \/>\n\t<meta property=\"og:image:height\" content=\"1535\" \/>\n\t<meta property=\"og:image:type\" content=\"image\/jpeg\" \/>\n<meta name=\"twitter:card\" content=\"summary_large_image\" \/>\n<meta name=\"twitter:label1\" content=\"Gesch\u00e4tzte Lesezeit\" \/>\n\t<meta name=\"twitter:data1\" content=\"3\u00a0Minuten\" \/>\n<script type=\"application\/ld+json\" class=\"yoast-schema-graph\">{\"@context\":\"https:\/\/schema.org\",\"@graph\":[{\"@type\":\"WebPage\",\"@id\":\"https:\/\/www.martinwieland.at\/produkt\/sehnsucht\/\",\"url\":\"https:\/\/www.martinwieland.at\/produkt\/sehnsucht\/\",\"name\":\"Sehnsucht - FRAMED - Martin Wieland Photography\",\"isPartOf\":{\"@id\":\"https:\/\/www.martinwieland.at\/#website\"},\"primaryImageOfPage\":{\"@id\":\"https:\/\/www.martinwieland.at\/produkt\/sehnsucht\/#primaryimage\"},\"image\":{\"@id\":\"https:\/\/www.martinwieland.at\/produkt\/sehnsucht\/#primaryimage\"},\"thumbnailUrl\":\"https:\/\/www.martinwieland.at\/wp-content\/uploads\/2024\/07\/Sehnsucht-2.jpg\",\"datePublished\":\"2024-07-04T07:15:55+00:00\",\"dateModified\":\"2024-11-05T03:56:02+00:00\",\"breadcrumb\":{\"@id\":\"https:\/\/www.martinwieland.at\/produkt\/sehnsucht\/#breadcrumb\"},\"inLanguage\":\"de\",\"potentialAction\":[{\"@type\":\"ReadAction\",\"target\":[\"https:\/\/www.martinwieland.at\/produkt\/sehnsucht\/\"]}]},{\"@type\":\"ImageObject\",\"inLanguage\":\"de\",\"@id\":\"https:\/\/www.martinwieland.at\/produkt\/sehnsucht\/#primaryimage\",\"url\":\"https:\/\/www.martinwieland.at\/wp-content\/uploads\/2024\/07\/Sehnsucht-2.jpg\",\"contentUrl\":\"https:\/\/www.martinwieland.at\/wp-content\/uploads\/2024\/07\/Sehnsucht-2.jpg\",\"width\":1535,\"height\":1535},{\"@type\":\"BreadcrumbList\",\"@id\":\"https:\/\/www.martinwieland.at\/produkt\/sehnsucht\/#breadcrumb\",\"itemListElement\":[{\"@type\":\"ListItem\",\"position\":1,\"name\":\"Startseite\",\"item\":\"https:\/\/www.martinwieland.at\/\"},{\"@type\":\"ListItem\",\"position\":2,\"name\":\"Shop\",\"item\":\"https:\/\/www.martinwieland.at\/shop\/\"},{\"@type\":\"ListItem\",\"position\":3,\"name\":\"Sehnsucht &#8211; FRAMED\"}]},{\"@type\":\"WebSite\",\"@id\":\"https:\/\/www.martinwieland.at\/#website\",\"url\":\"https:\/\/www.martinwieland.at\/\",\"name\":\"Martin Wieland Photography\",\"description\":\"Martin Wieland Photography\",\"potentialAction\":[{\"@type\":\"SearchAction\",\"target\":{\"@type\":\"EntryPoint\",\"urlTemplate\":\"https:\/\/www.martinwieland.at\/?s={search_term_string}\"},\"query-input\":\"required name=search_term_string\"}],\"inLanguage\":\"de\"}]}<\/script>\n<!-- \/ Yoast SEO plugin. -->","yoast_head_json":{"title":"Sehnsucht - FRAMED - Martin Wieland Photography","robots":{"index":"index","follow":"follow","max-snippet":"max-snippet:-1","max-image-preview":"max-image-preview:large","max-video-preview":"max-video-preview:-1"},"canonical":"https:\/\/www.martinwieland.at\/de\/produkt\/sehnsucht\/","og_locale":"de_DE","og_type":"article","og_title":"Sehnsucht - FRAMED - Martin Wieland Photography","og_description":"&#8220;Sehnsucht&#8221; is a visually captivating artwork that innovatively combines photography and abstract elements. The black-and-white profile of a woman, whose gaze and expression reflect deep thoughts, forms the heart of the piece. Surrounding blue and silver metal leaf accents give the artwork a modern, almost futuristic aura. These shimmering details stand out strongly against the [&hellip;]","og_url":"https:\/\/www.martinwieland.at\/de\/produkt\/sehnsucht\/","og_site_name":"Martin Wieland Photography","article_modified_time":"2024-11-05T03:56:02+00:00","og_image":[{"width":1535,"height":1535,"url":"https:\/\/www.martinwieland.at\/wp-content\/uploads\/2024\/07\/Sehnsucht-2.jpg","type":"image\/jpeg"}],"twitter_card":"summary_large_image","twitter_misc":{"Gesch\u00e4tzte Lesezeit":"3\u00a0Minuten"},"schema":{"@context":"https:\/\/schema.org","@graph":[{"@type":"WebPage","@id":"https:\/\/www.martinwieland.at\/produkt\/sehnsucht\/","url":"https:\/\/www.martinwieland.at\/produkt\/sehnsucht\/","name":"Sehnsucht - FRAMED - Martin Wieland Photography","isPartOf":{"@id":"https:\/\/www.martinwieland.at\/#website"},"primaryImageOfPage":{"@id":"https:\/\/www.martinwieland.at\/produkt\/sehnsucht\/#primaryimage"},"image":{"@id":"https:\/\/www.martinwieland.at\/produkt\/sehnsucht\/#primaryimage"},"thumbnailUrl":"https:\/\/www.martinwieland.at\/wp-content\/uploads\/2024\/07\/Sehnsucht-2.jpg","datePublished":"2024-07-04T07:15:55+00:00","dateModified":"2024-11-05T03:56:02+00:00","breadcrumb":{"@id":"https:\/\/www.martinwieland.at\/produkt\/sehnsucht\/#breadcrumb"},"inLanguage":"de","potentialAction":[{"@type":"ReadAction","target":["https:\/\/www.martinwieland.at\/produkt\/sehnsucht\/"]}]},{"@type":"ImageObject","inLanguage":"de","@id":"https:\/\/www.martinwieland.at\/produkt\/sehnsucht\/#primaryimage","url":"https:\/\/www.martinwieland.at\/wp-content\/uploads\/2024\/07\/Sehnsucht-2.jpg","contentUrl":"https:\/\/www.martinwieland.at\/wp-content\/uploads\/2024\/07\/Sehnsucht-2.jpg","width":1535,"height":1535},{"@type":"BreadcrumbList","@id":"https:\/\/www.martinwieland.at\/produkt\/sehnsucht\/#breadcrumb","itemListElement":[{"@type":"ListItem","position":1,"name":"Startseite","item":"https:\/\/www.martinwieland.at\/"},{"@type":"ListItem","position":2,"name":"Shop","item":"https:\/\/www.martinwieland.at\/shop\/"},{"@type":"ListItem","position":3,"name":"Sehnsucht &#8211; FRAMED"}]},{"@type":"WebSite","@id":"https:\/\/www.martinwieland.at\/#website","url":"https:\/\/www.martinwieland.at\/","name":"Martin Wieland Photography","description":"Martin Wieland Photography","potentialAction":[{"@type":"SearchAction","target":{"@type":"EntryPoint","urlTemplate":"https:\/\/www.martinwieland.at\/?s={search_term_string}"},"query-input":"required name=search_term_string"}],"inLanguage":"de"}]}},"_links":{"self":[{"href":"https:\/\/www.martinwieland.at\/de\/wp-json\/wp\/v2\/product\/12644"}],"collection":[{"href":"https:\/\/www.martinwieland.at\/de\/wp-json\/wp\/v2\/product"}],"about":[{"href":"https:\/\/www.martinwieland.at\/de\/wp-json\/wp\/v2\/types\/product"}],"replies":[{"embeddable":true,"href":"https:\/\/www.martinwieland.at\/de\/wp-json\/wp\/v2\/comments?post=12644"}],"wp:featuredmedia":[{"embeddable":true,"href":"https:\/\/www.martinwieland.at\/de\/wp-json\/wp\/v2\/media\/13701"}],"wp:attachment":[{"href":"https:\/\/www.martinwieland.at\/de\/wp-json\/wp\/v2\/media?parent=12644"}],"wp:term":[{"taxonomy":"product_cat","embeddable":true,"href":"https:\/\/www.martinwieland.at\/de\/wp-json\/wp\/v2\/product_cat?post=12644"},{"taxonomy":"product_tag","embeddable":true,"href":"https:\/\/www.martinwieland.at\/de\/wp-json\/wp\/v2\/product_tag?post=12644"}],"curies":[{"name":"wp","href":"https:\/\/api.w.org\/{rel}","templated":true}]}}