{"id":12979,"date":"2024-08-02T10:50:29","date_gmt":"2024-08-02T08:50:29","guid":{"rendered":"https:\/\/www.martinwieland.at\/?post_type=product&#038;p=12979"},"modified":"2025-01-17T13:24:51","modified_gmt":"2025-01-17T12:24:51","slug":"erotik-kalender-2025-all-in-color","status":"publish","type":"product","link":"https:\/\/www.martinwieland.at\/de\/produkt\/erotik-kalender-2025-all-in-color\/","title":{"rendered":"Erotik Kalender 2025 &#8211; &#8220;All in Color&#8221;"},"content":{"rendered":"<h2><strong>Erotik Kalender 2025 \u2013 \u201eAll in Color\u201c<\/strong><\/h2>\n<p><span style=\"font-size: 14pt;\">Der Erotik Kalender 2025 &#8211; &#8220;All in Color&#8221; begeistert mit \u00e4sthetischer Fotografie in einer limitierten Auflage. und vereint sinnliche Erotik und atemberaubende Farbkompositionen in einem einzigartigen Kunstwerk. Mit gr\u00f6\u00dfter Sorgfalt aus meinem umfangreichen Archiv ausgew\u00e4hlt, zeigt dieser limitierte Kalender prachtvolle Sch\u00f6nheiten, die in jeder Aufnahme perfekt in Szene gesetzt wurden. Monat f\u00fcr Monat bietet er elegante und \u00e4sthetische Erotik, die begeistert.<\/span><\/p>\n<h3><strong>Limitierte Auflage mit Sammlerwert<\/strong><\/h3>\n<p><span style=\"font-size: 14pt;\">Der &#8220;All in Color&#8221;\u00a0 Kalender wird in einer streng limitierten Auflage von nur 2025 Exemplaren produziert. Jedes Exemplar ist handsigniert und dadurch ein unverwechselbares Unikat. Die sorgf\u00e4ltige Auswahl der Motive und die hochwertige Verarbeitung machen ihn zu einem begehrten Sammlerst\u00fcck.<\/span><\/p>\n<h3><span style=\"font-size: 14pt;\">Erotik Kalender 2025 &#8211; &#8220;All in Color&#8221; &#8211; Alle Details im \u00dcberblick<\/span><\/h3>\n<ul>\n<li><span style=\"font-size: 14pt;\"><strong>Format:<\/strong> 48 x 68 cm \u2013 gro\u00dfz\u00fcgig und beeindruckend<\/span><\/li>\n<li><span style=\"font-size: 14pt;\"><strong>Druck:<\/strong> Hochwertiger Kunstdruck auf schwerem Papier (250g)<\/span><\/li>\n<li><span style=\"font-size: 14pt;\"><strong>Fotos:<\/strong> Alle Motive in leuchtenden Farben, die die Sinnlichkeit jeder Aufnahme unterstreichen<\/span><\/li>\n<\/ul>\n<h3><\/h3>\n<h3><strong>Perfekt f\u00fcr Liebhaber und Sammler<\/strong><\/h3>\n<p><span style=\"font-size: 14pt;\">Der \u201eAll in Color\u201c Kalender 2025 ist nicht nur ein dekorativer Begleiter f\u00fcr das ganze Jahr, sondern auch ein echtes Highlight f\u00fcr Liebhaber \u00e4sthetischer Fotografie. Attraktive Staffelpreise machen ihn zudem interessant f\u00fcr Gro\u00dfbestellungen.<\/span><\/p>\n<h3><strong>Jetzt sichern \u2013 solange der Vorrat reicht<\/strong><\/h3>\n<p><span style=\"font-size: 14pt;\">Achtung: Nur noch wenige Exemplare verf\u00fcgbar! Sichern Sie sich eines dieser begehrten Sammlerst\u00fccke, bevor es vergriffen ist.<\/span><\/p>\n<p><span style=\"font-size: 14pt;\"><strong>Interessieren Sie sich f\u00fcr Schwarz-Wei\u00df-Fotografie?<\/strong> Dann werfen Sie einen Blick auf den l<a href=\"https:\/\/www.martinwieland.at\/de\/produkt\/black-white-calendar-2025\/\" class=\"broken_link\">imitierten Erotik Kalender Black &amp; White 2025<\/a> \u2013 ebenfalls in kleiner St\u00fcckzahl erh\u00e4ltlich.<\/span><\/p>\n<p>&nbsp;<\/p>\n<p>&nbsp;<\/p>\n<p>&nbsp;<\/p>","protected":false},"excerpt":{"rendered":"<p>Erotik Kalender 2025 \u2013 \u201eAll in Color\u201c Der Erotik Kalender 2025 &#8211; &#8220;All in Color&#8221; begeistert mit \u00e4sthetischer Fotografie in einer limitierten Auflage. und vereint sinnliche Erotik und atemberaubende Farbkompositionen in einem einzigartigen Kunstwerk. Mit gr\u00f6\u00dfter Sorgfalt aus meinem umfangreichen Archiv ausgew\u00e4hlt, zeigt dieser limitierte Kalender prachtvolle Sch\u00f6nheiten, die in jeder Aufnahme perfekt in Szene [&hellip;]<\/p>","protected":false},"featured_media":13530,"comment_status":"open","ping_status":"closed","template":"","meta":{"_acf_changed":false},"product_cat":[121],"product_tag":[123,127,122,110,52,53,54,124,55,126],"acf":[],"yoast_head":"<!-- This site is optimized with the Yoast SEO plugin v23.2 - https:\/\/yoast.com\/wordpress\/plugins\/seo\/ -->\n<title>Erotik Kalender 2025 - &quot;All in Color&quot;<\/title>\n<meta name=\"description\" content=\"\u201eAll in Color\u201c \u2013 der limitierte Erotik Kalender 2025 mit beeindruckender Farbfotografie. Handsigniert, nur 2025 Exemplare. Jetzt Sammlerst\u00fcck sichern!\" \/>\n<meta name=\"robots\" content=\"index, follow, max-snippet:-1, max-image-preview:large, max-video-preview:-1\" \/>\n<link rel=\"canonical\" href=\"https:\/\/www.martinwieland.at\/de\/produkt\/erotik-kalender-2025-all-in-color\/\" \/>\n<meta property=\"og:locale\" content=\"de_DE\" \/>\n<meta property=\"og:type\" content=\"article\" \/>\n<meta property=\"og:title\" content=\"Erotik Kalender 2025 - &quot;All in Color&quot;\" \/>\n<meta property=\"og:description\" content=\"\u201eAll in Color\u201c \u2013 der limitierte Erotik Kalender 2025 mit beeindruckender Farbfotografie. Handsigniert, nur 2025 Exemplare. Jetzt Sammlerst\u00fcck sichern!\" \/>\n<meta property=\"og:url\" content=\"https:\/\/www.martinwieland.at\/de\/produkt\/erotik-kalender-2025-all-in-color\/\" \/>\n<meta property=\"og:site_name\" content=\"Martin Wieland Photography\" \/>\n<meta property=\"article:modified_time\" content=\"2025-01-17T12:24:51+00:00\" \/>\n<meta property=\"og:image\" content=\"https:\/\/www.martinwieland.at\/wp-content\/uploads\/2024\/09\/Cover.jpg\" \/>\n\t<meta property=\"og:image:width\" content=\"1535\" \/>\n\t<meta property=\"og:image:height\" content=\"1535\" \/>\n\t<meta property=\"og:image:type\" content=\"image\/jpeg\" \/>\n<meta name=\"twitter:card\" content=\"summary_large_image\" \/>\n<meta name=\"twitter:label1\" content=\"Gesch\u00e4tzte Lesezeit\" \/>\n\t<meta name=\"twitter:data1\" content=\"2\u00a0Minuten\" \/>\n<script type=\"application\/ld+json\" class=\"yoast-schema-graph\">{\"@context\":\"https:\/\/schema.org\",\"@graph\":[{\"@type\":\"WebPage\",\"@id\":\"https:\/\/www.martinwieland.at\/produkt\/erotik-kalender-2025-all-in-color\/\",\"url\":\"https:\/\/www.martinwieland.at\/produkt\/erotik-kalender-2025-all-in-color\/\",\"name\":\"Erotik Kalender 2025 - \\\"All in Color\\\"\",\"isPartOf\":{\"@id\":\"https:\/\/www.martinwieland.at\/#website\"},\"primaryImageOfPage\":{\"@id\":\"https:\/\/www.martinwieland.at\/produkt\/erotik-kalender-2025-all-in-color\/#primaryimage\"},\"image\":{\"@id\":\"https:\/\/www.martinwieland.at\/produkt\/erotik-kalender-2025-all-in-color\/#primaryimage\"},\"thumbnailUrl\":\"https:\/\/www.martinwieland.at\/wp-content\/uploads\/2024\/09\/Cover.jpg\",\"datePublished\":\"2024-08-02T08:50:29+00:00\",\"dateModified\":\"2025-01-17T12:24:51+00:00\",\"description\":\"\u201eAll in Color\u201c \u2013 der limitierte Erotik Kalender 2025 mit beeindruckender Farbfotografie. Handsigniert, nur 2025 Exemplare. Jetzt Sammlerst\u00fcck sichern!\",\"breadcrumb\":{\"@id\":\"https:\/\/www.martinwieland.at\/produkt\/erotik-kalender-2025-all-in-color\/#breadcrumb\"},\"inLanguage\":\"de\",\"potentialAction\":[{\"@type\":\"ReadAction\",\"target\":[\"https:\/\/www.martinwieland.at\/produkt\/erotik-kalender-2025-all-in-color\/\"]}]},{\"@type\":\"ImageObject\",\"inLanguage\":\"de\",\"@id\":\"https:\/\/www.martinwieland.at\/produkt\/erotik-kalender-2025-all-in-color\/#primaryimage\",\"url\":\"https:\/\/www.martinwieland.at\/wp-content\/uploads\/2024\/09\/Cover.jpg\",\"contentUrl\":\"https:\/\/www.martinwieland.at\/wp-content\/uploads\/2024\/09\/Cover.jpg\",\"width\":1535,\"height\":1535,\"caption\":\"Kalender mit \u00e4sthetischer Fotografie \u2013 Erotik Kalender 2025 all in color\"},{\"@type\":\"BreadcrumbList\",\"@id\":\"https:\/\/www.martinwieland.at\/produkt\/erotik-kalender-2025-all-in-color\/#breadcrumb\",\"itemListElement\":[{\"@type\":\"ListItem\",\"position\":1,\"name\":\"Startseite\",\"item\":\"https:\/\/www.martinwieland.at\/\"},{\"@type\":\"ListItem\",\"position\":2,\"name\":\"Shop\",\"item\":\"https:\/\/www.martinwieland.at\/shop\/\"},{\"@type\":\"ListItem\",\"position\":3,\"name\":\"Erotik Kalender 2025 &#8211; &#8220;All in Color&#8221;\"}]},{\"@type\":\"WebSite\",\"@id\":\"https:\/\/www.martinwieland.at\/#website\",\"url\":\"https:\/\/www.martinwieland.at\/\",\"name\":\"Martin Wieland Photography\",\"description\":\"Martin Wieland Photography\",\"potentialAction\":[{\"@type\":\"SearchAction\",\"target\":{\"@type\":\"EntryPoint\",\"urlTemplate\":\"https:\/\/www.martinwieland.at\/?s={search_term_string}\"},\"query-input\":\"required name=search_term_string\"}],\"inLanguage\":\"de\"}]}<\/script>\n<!-- \/ Yoast SEO plugin. -->","yoast_head_json":{"title":"Erotik Kalender 2025 - \"All in Color\"","description":"\u201eAll in Color\u201c \u2013 der limitierte Erotik Kalender 2025 mit beeindruckender Farbfotografie. Handsigniert, nur 2025 Exemplare. Jetzt Sammlerst\u00fcck sichern!","robots":{"index":"index","follow":"follow","max-snippet":"max-snippet:-1","max-image-preview":"max-image-preview:large","max-video-preview":"max-video-preview:-1"},"canonical":"https:\/\/www.martinwieland.at\/de\/produkt\/erotik-kalender-2025-all-in-color\/","og_locale":"de_DE","og_type":"article","og_title":"Erotik Kalender 2025 - \"All in Color\"","og_description":"\u201eAll in Color\u201c \u2013 der limitierte Erotik Kalender 2025 mit beeindruckender Farbfotografie. Handsigniert, nur 2025 Exemplare. Jetzt Sammlerst\u00fcck sichern!","og_url":"https:\/\/www.martinwieland.at\/de\/produkt\/erotik-kalender-2025-all-in-color\/","og_site_name":"Martin Wieland Photography","article_modified_time":"2025-01-17T12:24:51+00:00","og_image":[{"width":1535,"height":1535,"url":"https:\/\/www.martinwieland.at\/wp-content\/uploads\/2024\/09\/Cover.jpg","type":"image\/jpeg"}],"twitter_card":"summary_large_image","twitter_misc":{"Gesch\u00e4tzte Lesezeit":"2\u00a0Minuten"},"schema":{"@context":"https:\/\/schema.org","@graph":[{"@type":"WebPage","@id":"https:\/\/www.martinwieland.at\/produkt\/erotik-kalender-2025-all-in-color\/","url":"https:\/\/www.martinwieland.at\/produkt\/erotik-kalender-2025-all-in-color\/","name":"Erotik Kalender 2025 - \"All in Color\"","isPartOf":{"@id":"https:\/\/www.martinwieland.at\/#website"},"primaryImageOfPage":{"@id":"https:\/\/www.martinwieland.at\/produkt\/erotik-kalender-2025-all-in-color\/#primaryimage"},"image":{"@id":"https:\/\/www.martinwieland.at\/produkt\/erotik-kalender-2025-all-in-color\/#primaryimage"},"thumbnailUrl":"https:\/\/www.martinwieland.at\/wp-content\/uploads\/2024\/09\/Cover.jpg","datePublished":"2024-08-02T08:50:29+00:00","dateModified":"2025-01-17T12:24:51+00:00","description":"\u201eAll in Color\u201c \u2013 der limitierte Erotik Kalender 2025 mit beeindruckender Farbfotografie. Handsigniert, nur 2025 Exemplare. Jetzt Sammlerst\u00fcck sichern!","breadcrumb":{"@id":"https:\/\/www.martinwieland.at\/produkt\/erotik-kalender-2025-all-in-color\/#breadcrumb"},"inLanguage":"de","potentialAction":[{"@type":"ReadAction","target":["https:\/\/www.martinwieland.at\/produkt\/erotik-kalender-2025-all-in-color\/"]}]},{"@type":"ImageObject","inLanguage":"de","@id":"https:\/\/www.martinwieland.at\/produkt\/erotik-kalender-2025-all-in-color\/#primaryimage","url":"https:\/\/www.martinwieland.at\/wp-content\/uploads\/2024\/09\/Cover.jpg","contentUrl":"https:\/\/www.martinwieland.at\/wp-content\/uploads\/2024\/09\/Cover.jpg","width":1535,"height":1535,"caption":"Kalender mit \u00e4sthetischer Fotografie \u2013 Erotik Kalender 2025 all in color"},{"@type":"BreadcrumbList","@id":"https:\/\/www.martinwieland.at\/produkt\/erotik-kalender-2025-all-in-color\/#breadcrumb","itemListElement":[{"@type":"ListItem","position":1,"name":"Startseite","item":"https:\/\/www.martinwieland.at\/"},{"@type":"ListItem","position":2,"name":"Shop","item":"https:\/\/www.martinwieland.at\/shop\/"},{"@type":"ListItem","position":3,"name":"Erotik Kalender 2025 &#8211; &#8220;All in Color&#8221;"}]},{"@type":"WebSite","@id":"https:\/\/www.martinwieland.at\/#website","url":"https:\/\/www.martinwieland.at\/","name":"Martin Wieland Photography","description":"Martin Wieland Photography","potentialAction":[{"@type":"SearchAction","target":{"@type":"EntryPoint","urlTemplate":"https:\/\/www.martinwieland.at\/?s={search_term_string}"},"query-input":"required name=search_term_string"}],"inLanguage":"de"}]}},"_links":{"self":[{"href":"https:\/\/www.martinwieland.at\/de\/wp-json\/wp\/v2\/product\/12979"}],"collection":[{"href":"https:\/\/www.martinwieland.at\/de\/wp-json\/wp\/v2\/product"}],"about":[{"href":"https:\/\/www.martinwieland.at\/de\/wp-json\/wp\/v2\/types\/product"}],"replies":[{"embeddable":true,"href":"https:\/\/www.martinwieland.at\/de\/wp-json\/wp\/v2\/comments?post=12979"}],"wp:featuredmedia":[{"embeddable":true,"href":"https:\/\/www.martinwieland.at\/de\/wp-json\/wp\/v2\/media\/13530"}],"wp:attachment":[{"href":"https:\/\/www.martinwieland.at\/de\/wp-json\/wp\/v2\/media?parent=12979"}],"wp:term":[{"taxonomy":"product_cat","embeddable":true,"href":"https:\/\/www.martinwieland.at\/de\/wp-json\/wp\/v2\/product_cat?post=12979"},{"taxonomy":"product_tag","embeddable":true,"href":"https:\/\/www.martinwieland.at\/de\/wp-json\/wp\/v2\/product_tag?post=12979"}],"curies":[{"name":"wp","href":"https:\/\/api.w.org\/{rel}","templated":true}]}}