{"id":13677,"date":"2024-10-26T10:10:05","date_gmt":"2024-10-26T08:10:05","guid":{"rendered":"https:\/\/www.martinwieland.at\/?post_type=product&#038;p=13677"},"modified":"2024-10-26T10:21:54","modified_gmt":"2024-10-26T08:21:54","slug":"modern-tri","status":"publish","type":"product","link":"https:\/\/www.martinwieland.at\/de\/produkt\/modern-tri\/","title":{"rendered":"Modern Tri &#8211; FRAMED"},"content":{"rendered":"<div class=\"rte\">\n<div class=\"group w-full text-gray-800 dark:text-gray-100 border-b border-black\/10 dark:border-gray-900\/50 bg-gray-50 dark:bg-[#444654]\">\n<div class=\"flex p-4 gap-4 text-base md:gap-6 md:max-w-2xl lg:max-w-xl xl:max-w-3xl md:py-6 lg:px-0 m-auto\">\n<div class=\"relative flex w-[calc(100%-50px)] flex-col gap-1 md:gap-3 lg:w-[calc(100%-115px)]\">\n<div class=\"flex flex-grow flex-col gap-3\">\n<div class=\"min-h-[20px] flex flex-col items-start gap-4 whitespace-pre-wrap break-words\">\n<div class=\"markdown prose w-full break-words dark:prose-invert light\">\n<p>&#8220;Modern Tri&#8221; is like a triptych on speed \u2013 three different shots of one woman, stitched together by a bold red streak. Each pose shows a different side, a different vibe. The red brushstroke down the center gives it that extra kick, holding it together and ripping it apart all at once. A modern take on identity and self-image that definitely sticks with you.<\/p>\n<p><span style=\"color: #ff0000;\">This artwork is already beautifully framed. It features a high-quality object frame with a thickness of 1,5 cm and a depth of 5.5 cm. The glass used is a non-reflective Glass, commonly found in prestigious institutions such as the Albertina. This exclusive glass adds an elegant touch to the artwork while also providing protection against harmful UV radiation. If you prefer the artwork without the frame, please contact us for further arrangements.<\/span><\/p>\n<p>\u2022 Acrylic, Lacquer Pen, Original Photographs, Collage on Cardboard<br \/>\n\u2022 51,5 x 71 cm<\/p>\n<\/div>\n<\/div>\n<\/div>\n<\/div>\n<\/div>\n<\/div>\n<\/div>\n<div class=\"rte\">\n<div class=\"woocommerce-product-details__short-description\">\n<div class=\"product__page__photos__text\">\n<p><span style=\"color: #d6d4d4;\">\u23bc\u23bc\u23bc\u23bc<\/span><\/p>\n<\/div>\n<\/div>\n<\/div>\n<p>\u2022 Certificate of Authenticity<br \/>\n\u2022 handsigned<br \/>\n\u2022 Drawings and photographic elements were created singular by us and put together analog after a long process of \u201enearly fitting\u201c.<br \/>\n\u2022 Should you wish to have your artwork framed, please contact us by mail<\/p>\n<div class=\"rte\">\n<div class=\"woocommerce-product-details__short-description\">\n<div class=\"product__page__photos__text\">\n<p>Do you have any questions about the product?<\/p>\n<div class=\"fw-row tal\">\n\t\t\t\t\t\t<a href=\"mailto:mw@martinwieland.at\" target=\"_self\" class=\"button-style3\" style=\"\">\n\t\t\t\t\t\t\t\t<span>send mail<\/span>\n\t\t\t<\/a>\n\t\t\t<\/div><\/div>\n<div>&nbsp;<\/div>\n<div class=\"product__page__photos__text\"><span style=\"color: #d6d6d6;\">\u23bb\u23bb\u23bb\u23bb\u23bb\u23bb\u23bb\u23bb\u23bb\u23bb\u23bb\u23bb<\/span><\/div>\n<\/div>\n<\/div>\n<p>\u201eModern Tri\u201c ist wie ein Triptychon auf Speed \u2013 drei verschiedene Aufnahmen einer Frau, die mit einem knallroten Strich zusammengen\u00e4ht wurden. Jede Pose zeigt eine andere Seite, eine andere Stimmung. Der rote Pinselstrich in der Mitte sorgt f\u00fcr diesen extra Kick, der das Ganze zusammenh\u00e4lt und gleichzeitig aufregend auseinanderrei\u00dft. Ein modernes Spiel mit Identit\u00e4t und Selbstbild, das definitiv h\u00e4ngen bleibt.<\/p>\n<p><span style=\"color: #ff0000;\">Dieses Werk ist bereits stilvoll gerahmt. Es wurde mit einem hochwertigen Objektrahmen versehen, der eine Leistenst\u00e4rke von 1,5 cm und eine Tiefe von 5,5 cm aufweist. Das Glas, das verwendet wurde, ist ein entspiegeltes&nbsp; Glas, das auch in renommierten Institutionen wie der Albertina Verwendung findet. Dieses exklusive Glas verleiht dem Werk eine elegante Note und sch\u00fctzt es gleichzeitig vor sch\u00e4dlicher UV-Strahlung. Sollten Sie keinen Rahmen w\u00fcnschen, dann setzen Sie sich bitte mit uns in Verbindung.<\/span><\/p>\n<p>\u2022 Acryl, Lackstift, Originalfotografien, Collage auf Karton<br \/>\n\u2022 51,5 x 75 cm<br \/>\n<span style=\"color: #d6d4d4;\">\u23bc\u23bc\u23bc\u23bc<\/span><br \/>\n\u2022 Echtheitszertifikat<br \/>\n\u2022 handsigniert<br \/>\n\u2022 Die Zeichnungen und Fotografien wurden von uns getrennt erstellt und analog mittels Collagetechnik zusammengef\u00fcgt.<br \/>\n\u2022 Wir geben Ihrem Kunstwerk auch gerne den passenden Rahmen<br \/>\n\u2022 Bitte kontaktieren Sie uns einfach per mail.<\/p>\n<p>Haben Sie Fragen zum Produkt?<\/p>\n<p><div class=\"fw-row tal\">\n\t\t\t\t\t\t<a href=\"mailto:mw@martinwieland.at\" target=\"_self\" class=\"button-style3\" style=\"\">\n\t\t\t\t\t\t\t\t<span>Mail senden<\/span>\n\t\t\t<\/a>\n\t\t\t<\/div><span style=\"color: #d6d6d6;\">\u23bb\u23bb\u23bb\u23bb\u23bb\u23bb\u23bb\u23bb\u23bb\u23bb\u23bb\u23bb<\/span><\/p>","protected":false},"excerpt":{"rendered":"<p>&#8220;Modern Tri&#8221; is like a triptych on speed \u2013 three different shots of one woman, stitched together by a bold red streak. Each pose shows a different side, a different vibe. The red brushstroke down the center gives it that extra kick, holding it together and ripping it apart all at once. A modern take [&hellip;]<\/p>","protected":false},"featured_media":13656,"comment_status":"open","ping_status":"closed","template":"","meta":{"_acf_changed":false},"product_cat":[258,253,168,252],"product_tag":[131,50,242,51,133,53,244,54,241,74,142,55,143,240,243],"acf":[],"yoast_head":"<!-- This site is optimized with the Yoast SEO plugin v23.2 - https:\/\/yoast.com\/wordpress\/plugins\/seo\/ -->\n<title>Modern Tri - FRAMED - Martin Wieland Photography<\/title>\n<meta name=\"robots\" content=\"index, follow, max-snippet:-1, max-image-preview:large, max-video-preview:-1\" \/>\n<link rel=\"canonical\" href=\"https:\/\/www.martinwieland.at\/de\/produkt\/modern-tri\/\" \/>\n<meta property=\"og:locale\" content=\"de_DE\" \/>\n<meta property=\"og:type\" content=\"article\" \/>\n<meta property=\"og:title\" content=\"Modern Tri - FRAMED - Martin Wieland Photography\" \/>\n<meta property=\"og:description\" content=\"&#8220;Modern Tri&#8221; is like a triptych on speed \u2013 three different shots of one woman, stitched together by a bold red streak. Each pose shows a different side, a different vibe. The red brushstroke down the center gives it that extra kick, holding it together and ripping it apart all at once. A modern take [&hellip;]\" \/>\n<meta property=\"og:url\" content=\"https:\/\/www.martinwieland.at\/de\/produkt\/modern-tri\/\" \/>\n<meta property=\"og:site_name\" content=\"Martin Wieland Photography\" \/>\n<meta property=\"article:modified_time\" content=\"2024-10-26T08:21:54+00:00\" \/>\n<meta property=\"og:image\" content=\"https:\/\/www.martinwieland.at\/wp-content\/uploads\/2024\/10\/Modern-Tri-1.jpg\" \/>\n\t<meta property=\"og:image:width\" content=\"1535\" \/>\n\t<meta property=\"og:image:height\" content=\"1535\" \/>\n\t<meta property=\"og:image:type\" content=\"image\/jpeg\" \/>\n<meta name=\"twitter:card\" content=\"summary_large_image\" \/>\n<meta name=\"twitter:label1\" content=\"Gesch\u00e4tzte Lesezeit\" \/>\n\t<meta name=\"twitter:data1\" content=\"3\u00a0Minuten\" \/>\n<script type=\"application\/ld+json\" class=\"yoast-schema-graph\">{\"@context\":\"https:\/\/schema.org\",\"@graph\":[{\"@type\":\"WebPage\",\"@id\":\"https:\/\/www.martinwieland.at\/produkt\/modern-tri\/\",\"url\":\"https:\/\/www.martinwieland.at\/produkt\/modern-tri\/\",\"name\":\"Modern Tri - FRAMED - Martin Wieland Photography\",\"isPartOf\":{\"@id\":\"https:\/\/www.martinwieland.at\/#website\"},\"primaryImageOfPage\":{\"@id\":\"https:\/\/www.martinwieland.at\/produkt\/modern-tri\/#primaryimage\"},\"image\":{\"@id\":\"https:\/\/www.martinwieland.at\/produkt\/modern-tri\/#primaryimage\"},\"thumbnailUrl\":\"https:\/\/www.martinwieland.at\/wp-content\/uploads\/2024\/10\/Modern-Tri-1.jpg\",\"datePublished\":\"2024-10-26T08:10:05+00:00\",\"dateModified\":\"2024-10-26T08:21:54+00:00\",\"breadcrumb\":{\"@id\":\"https:\/\/www.martinwieland.at\/produkt\/modern-tri\/#breadcrumb\"},\"inLanguage\":\"de\",\"potentialAction\":[{\"@type\":\"ReadAction\",\"target\":[\"https:\/\/www.martinwieland.at\/produkt\/modern-tri\/\"]}]},{\"@type\":\"ImageObject\",\"inLanguage\":\"de\",\"@id\":\"https:\/\/www.martinwieland.at\/produkt\/modern-tri\/#primaryimage\",\"url\":\"https:\/\/www.martinwieland.at\/wp-content\/uploads\/2024\/10\/Modern-Tri-1.jpg\",\"contentUrl\":\"https:\/\/www.martinwieland.at\/wp-content\/uploads\/2024\/10\/Modern-Tri-1.jpg\",\"width\":1535,\"height\":1535},{\"@type\":\"BreadcrumbList\",\"@id\":\"https:\/\/www.martinwieland.at\/produkt\/modern-tri\/#breadcrumb\",\"itemListElement\":[{\"@type\":\"ListItem\",\"position\":1,\"name\":\"Startseite\",\"item\":\"https:\/\/www.martinwieland.at\/\"},{\"@type\":\"ListItem\",\"position\":2,\"name\":\"Shop\",\"item\":\"https:\/\/www.martinwieland.at\/shop\/\"},{\"@type\":\"ListItem\",\"position\":3,\"name\":\"Modern Tri &#8211; FRAMED\"}]},{\"@type\":\"WebSite\",\"@id\":\"https:\/\/www.martinwieland.at\/#website\",\"url\":\"https:\/\/www.martinwieland.at\/\",\"name\":\"Martin Wieland Photography\",\"description\":\"Martin Wieland Photography\",\"potentialAction\":[{\"@type\":\"SearchAction\",\"target\":{\"@type\":\"EntryPoint\",\"urlTemplate\":\"https:\/\/www.martinwieland.at\/?s={search_term_string}\"},\"query-input\":\"required name=search_term_string\"}],\"inLanguage\":\"de\"}]}<\/script>\n<!-- \/ Yoast SEO plugin. -->","yoast_head_json":{"title":"Modern Tri - FRAMED - Martin Wieland Photography","robots":{"index":"index","follow":"follow","max-snippet":"max-snippet:-1","max-image-preview":"max-image-preview:large","max-video-preview":"max-video-preview:-1"},"canonical":"https:\/\/www.martinwieland.at\/de\/produkt\/modern-tri\/","og_locale":"de_DE","og_type":"article","og_title":"Modern Tri - FRAMED - Martin Wieland Photography","og_description":"&#8220;Modern Tri&#8221; is like a triptych on speed \u2013 three different shots of one woman, stitched together by a bold red streak. Each pose shows a different side, a different vibe. The red brushstroke down the center gives it that extra kick, holding it together and ripping it apart all at once. A modern take [&hellip;]","og_url":"https:\/\/www.martinwieland.at\/de\/produkt\/modern-tri\/","og_site_name":"Martin Wieland Photography","article_modified_time":"2024-10-26T08:21:54+00:00","og_image":[{"width":1535,"height":1535,"url":"https:\/\/www.martinwieland.at\/wp-content\/uploads\/2024\/10\/Modern-Tri-1.jpg","type":"image\/jpeg"}],"twitter_card":"summary_large_image","twitter_misc":{"Gesch\u00e4tzte Lesezeit":"3\u00a0Minuten"},"schema":{"@context":"https:\/\/schema.org","@graph":[{"@type":"WebPage","@id":"https:\/\/www.martinwieland.at\/produkt\/modern-tri\/","url":"https:\/\/www.martinwieland.at\/produkt\/modern-tri\/","name":"Modern Tri - FRAMED - Martin Wieland Photography","isPartOf":{"@id":"https:\/\/www.martinwieland.at\/#website"},"primaryImageOfPage":{"@id":"https:\/\/www.martinwieland.at\/produkt\/modern-tri\/#primaryimage"},"image":{"@id":"https:\/\/www.martinwieland.at\/produkt\/modern-tri\/#primaryimage"},"thumbnailUrl":"https:\/\/www.martinwieland.at\/wp-content\/uploads\/2024\/10\/Modern-Tri-1.jpg","datePublished":"2024-10-26T08:10:05+00:00","dateModified":"2024-10-26T08:21:54+00:00","breadcrumb":{"@id":"https:\/\/www.martinwieland.at\/produkt\/modern-tri\/#breadcrumb"},"inLanguage":"de","potentialAction":[{"@type":"ReadAction","target":["https:\/\/www.martinwieland.at\/produkt\/modern-tri\/"]}]},{"@type":"ImageObject","inLanguage":"de","@id":"https:\/\/www.martinwieland.at\/produkt\/modern-tri\/#primaryimage","url":"https:\/\/www.martinwieland.at\/wp-content\/uploads\/2024\/10\/Modern-Tri-1.jpg","contentUrl":"https:\/\/www.martinwieland.at\/wp-content\/uploads\/2024\/10\/Modern-Tri-1.jpg","width":1535,"height":1535},{"@type":"BreadcrumbList","@id":"https:\/\/www.martinwieland.at\/produkt\/modern-tri\/#breadcrumb","itemListElement":[{"@type":"ListItem","position":1,"name":"Startseite","item":"https:\/\/www.martinwieland.at\/"},{"@type":"ListItem","position":2,"name":"Shop","item":"https:\/\/www.martinwieland.at\/shop\/"},{"@type":"ListItem","position":3,"name":"Modern Tri &#8211; FRAMED"}]},{"@type":"WebSite","@id":"https:\/\/www.martinwieland.at\/#website","url":"https:\/\/www.martinwieland.at\/","name":"Martin Wieland Photography","description":"Martin Wieland Photography","potentialAction":[{"@type":"SearchAction","target":{"@type":"EntryPoint","urlTemplate":"https:\/\/www.martinwieland.at\/?s={search_term_string}"},"query-input":"required name=search_term_string"}],"inLanguage":"de"}]}},"_links":{"self":[{"href":"https:\/\/www.martinwieland.at\/de\/wp-json\/wp\/v2\/product\/13677"}],"collection":[{"href":"https:\/\/www.martinwieland.at\/de\/wp-json\/wp\/v2\/product"}],"about":[{"href":"https:\/\/www.martinwieland.at\/de\/wp-json\/wp\/v2\/types\/product"}],"replies":[{"embeddable":true,"href":"https:\/\/www.martinwieland.at\/de\/wp-json\/wp\/v2\/comments?post=13677"}],"wp:featuredmedia":[{"embeddable":true,"href":"https:\/\/www.martinwieland.at\/de\/wp-json\/wp\/v2\/media\/13656"}],"wp:attachment":[{"href":"https:\/\/www.martinwieland.at\/de\/wp-json\/wp\/v2\/media?parent=13677"}],"wp:term":[{"taxonomy":"product_cat","embeddable":true,"href":"https:\/\/www.martinwieland.at\/de\/wp-json\/wp\/v2\/product_cat?post=13677"},{"taxonomy":"product_tag","embeddable":true,"href":"https:\/\/www.martinwieland.at\/de\/wp-json\/wp\/v2\/product_tag?post=13677"}],"curies":[{"name":"wp","href":"https:\/\/api.w.org\/{rel}","templated":true}]}}