{"id":2730,"date":"2021-12-09T11:22:05","date_gmt":"2021-12-09T10:22:05","guid":{"rendered":"https:\/\/komplettneu.martinwieland.at\/?post_type=product&#038;p=2730"},"modified":"2023-04-11T09:09:09","modified_gmt":"2023-04-11T07:09:09","slug":"erotic-poolside-escape","status":"publish","type":"product","link":"https:\/\/www.martinwieland.at\/de\/produkt\/erotic-poolside-escape\/","title":{"rendered":"Erotic Poolside Escape &#8211; 12 photos"},"content":{"rendered":"<p>A tempting day by the pool, with glistening water droplets on the skin and the sun casting alluring light. Aleksa indulges in refreshing coolness, exuding eroticism with every movement. A sensual experience under the scorching sun.<\/p>\n<p>\u2022 Available in 2 different sizes<br \/>\n\u2022 You can choose from 3 different surfaces &#8211; glossy, lustre or silk<br \/>\n\u2022 If you wish to have the photos framed, we can suggest the perfect frame for you., so all you need to do is hang the pictures on the wall.<br \/>\n\u2022 printed on real photographic paper<br \/>\n\u2022 without watermarks or logos<br \/>\n\u2022 pure pleasure for your eyes.<\/p>\n<p><span style=\"color: #d6d6d6; font-size: 10pt;\">\u23bb<\/span><span style=\"color: #d6d6d6; font-size: 10pt;\">\u23bb<\/span><span style=\"color: #d6d6d6; font-size: 10pt;\">\u23bb<\/span><span style=\"color: #d6d6d6; font-size: 10pt;\">\u23bb<\/span><span style=\"color: #d6d6d6; font-size: 10pt;\">\u23bb<\/span><span style=\"color: #d6d6d6; font-size: 10pt;\">\u23bb<\/span><span style=\"color: #d6d6d6; font-size: 10pt;\">\u23bb<\/span><span style=\"color: #d6d6d6; font-size: 10pt;\">\u23bb<\/span><span style=\"color: #d6d6d6; font-size: 10pt;\">\u23bb<\/span><span style=\"color: #d6d6d6; font-size: 10pt;\">\u23bb<\/span><\/p>\n<p>Do you want to see more pics of this set?<\/p>\n<p><div class=\"fw-row tal\">\n\t\t\t\t\t\t<a href=\"mailto:mw@martinwieland.at\" target=\"_self\" class=\"button-style3\" style=\"\">\n\t\t\t\t\t\t\t\t<span>send mail<\/span>\n\t\t\t<\/a>\n\t\t\t<\/div><span style=\"color: #d6d6d6;\">\u23bb\u23bb\u23bb\u23bb\u23bb\u23bb\u23bb\u23bb\u23bb\u23bb\u23bb\u23bb<\/span><\/p>\n<p>Die Haut gl\u00e4nzt von Wasserperlen, die Sonne zaubert verf\u00fchrerisches Licht &#8211; ein sinnlicher Tag am Pool. Aleksa genie\u00dft die erfrischende Abk\u00fchlung und verstr\u00f6mt Erotik in jeder Bewegung. Ein sinnliches Erlebnis unter der hei\u00dfen Sonne.<\/p>\n<p>\u2022 Erh\u00e4ltlich in 2 verschiedenen Gr\u00f6\u00dfen.<br \/>\n\u2022 Sie k\u00f6nnen aus 3 verschiedenen Oberfl\u00e4chen ausw\u00e4hlen &#8211; Hochglanz, Seidenraster oder Matt.<br \/>\n\u2022 Auf Wunsch verpassen wir den Bildern gleich den idealen Rahmen, damit sie daheim nur mehr aufgeh\u00e4ngt werden m\u00fcssen.<br \/>\n\u2022 ausbelichtet auf echtem Fotopapier<br \/>\n\u2022 kein Wasserzeichen auf den Bilder<br \/>\n\u2022 ein Hochgenuss f\u00fcr die Augen<\/p>\n<p><span style=\"color: #d6d6d6; font-size: 10pt;\">\u23bb<\/span><span style=\"color: #d6d6d6; font-size: 10pt;\">\u23bb<\/span><span style=\"color: #d6d6d6; font-size: 10pt;\">\u23bb<\/span><span style=\"color: #d6d6d6; font-size: 10pt;\">\u23bb<\/span><span style=\"color: #d6d6d6; font-size: 10pt;\">\u23bb<\/span><span style=\"color: #d6d6d6; font-size: 10pt;\">\u23bb<\/span><span style=\"color: #d6d6d6; font-size: 10pt;\">\u23bb<\/span><span style=\"color: #d6d6d6; font-size: 10pt;\">\u23bb<\/span><span style=\"color: #d6d6d6; font-size: 10pt;\">\u23bb<\/span><span style=\"color: #d6d6d6; font-size: 10pt;\">\u23bb<\/span><\/p>\n<p>M\u00f6chtest Du noch mehr Fotos aus diesem Set sehen?<\/p>\n<p><div class=\"fw-row tal\">\n\t\t\t\t\t\t<a href=\"mailto:mw@martinwieland.at\" target=\"_self\" class=\"button-style3\" style=\"\">\n\t\t\t\t\t\t\t\t<span>send mail<\/span>\n\t\t\t<\/a>\n\t\t\t<\/div><span style=\"color: #d6d6d6;\">\u23bb\u23bb\u23bb\u23bb\u23bb\u23bb\u23bb\u23bb\u23bb\u23bb\u23bb\u23bb<\/span><\/p>","protected":false},"excerpt":{"rendered":"<p>A tempting day by the pool, with glistening water droplets on the skin and the sun casting alluring light. Aleksa indulges in refreshing coolness, exuding eroticism with every movement. A sensual experience under the scorching sun. \u2022 Available in 2 different sizes \u2022 You can choose from 3 different surfaces &#8211; glossy, lustre or silk [&hellip;]<\/p>","protected":false},"featured_media":6957,"comment_status":"open","ping_status":"closed","template":"","meta":{"_acf_changed":false},"product_cat":[71],"product_tag":[72,73,51,53,54,74,75,76],"acf":[],"yoast_head":"<!-- This site is optimized with the Yoast SEO plugin v23.2 - https:\/\/yoast.com\/wordpress\/plugins\/seo\/ -->\n<title>Erotic Poolside Escape - 12 photos - Martin Wieland Photography<\/title>\n<meta name=\"robots\" content=\"index, follow, max-snippet:-1, max-image-preview:large, max-video-preview:-1\" \/>\n<link rel=\"canonical\" href=\"https:\/\/www.martinwieland.at\/de\/produkt\/erotic-poolside-escape\/\" \/>\n<meta property=\"og:locale\" content=\"de_DE\" \/>\n<meta property=\"og:type\" content=\"article\" \/>\n<meta property=\"og:title\" content=\"Erotic Poolside Escape - 12 photos - Martin Wieland Photography\" \/>\n<meta property=\"og:description\" content=\"A tempting day by the pool, with glistening water droplets on the skin and the sun casting alluring light. Aleksa indulges in refreshing coolness, exuding eroticism with every movement. A sensual experience under the scorching sun. \u2022 Available in 2 different sizes \u2022 You can choose from 3 different surfaces &#8211; glossy, lustre or silk [&hellip;]\" \/>\n<meta property=\"og:url\" content=\"https:\/\/www.martinwieland.at\/de\/produkt\/erotic-poolside-escape\/\" \/>\n<meta property=\"og:site_name\" content=\"Martin Wieland Photography\" \/>\n<meta property=\"article:modified_time\" content=\"2023-04-11T07:09:09+00:00\" \/>\n<meta property=\"og:image\" content=\"https:\/\/www.martinwieland.at\/wp-content\/uploads\/2023\/04\/hotsummerday.jpg\" \/>\n\t<meta property=\"og:image:width\" content=\"1535\" \/>\n\t<meta property=\"og:image:height\" content=\"1535\" \/>\n\t<meta property=\"og:image:type\" content=\"image\/jpeg\" \/>\n<meta name=\"twitter:card\" content=\"summary_large_image\" \/>\n<meta name=\"twitter:label1\" content=\"Gesch\u00e4tzte Lesezeit\" \/>\n\t<meta name=\"twitter:data1\" content=\"2\u00a0Minuten\" \/>\n<script type=\"application\/ld+json\" class=\"yoast-schema-graph\">{\"@context\":\"https:\/\/schema.org\",\"@graph\":[{\"@type\":\"WebPage\",\"@id\":\"https:\/\/www.martinwieland.at\/de\/produkt\/erotic-poolside-escape\/\",\"url\":\"https:\/\/www.martinwieland.at\/de\/produkt\/erotic-poolside-escape\/\",\"name\":\"Erotic Poolside Escape - 12 photos - Martin Wieland Photography\",\"isPartOf\":{\"@id\":\"https:\/\/www.martinwieland.at\/#website\"},\"primaryImageOfPage\":{\"@id\":\"https:\/\/www.martinwieland.at\/de\/produkt\/erotic-poolside-escape\/#primaryimage\"},\"image\":{\"@id\":\"https:\/\/www.martinwieland.at\/de\/produkt\/erotic-poolside-escape\/#primaryimage\"},\"thumbnailUrl\":\"https:\/\/www.martinwieland.at\/wp-content\/uploads\/2023\/04\/hotsummerday.jpg\",\"datePublished\":\"2021-12-09T10:22:05+00:00\",\"dateModified\":\"2023-04-11T07:09:09+00:00\",\"breadcrumb\":{\"@id\":\"https:\/\/www.martinwieland.at\/de\/produkt\/erotic-poolside-escape\/#breadcrumb\"},\"inLanguage\":\"de\",\"potentialAction\":[{\"@type\":\"ReadAction\",\"target\":[\"https:\/\/www.martinwieland.at\/de\/produkt\/erotic-poolside-escape\/\"]}]},{\"@type\":\"ImageObject\",\"inLanguage\":\"de\",\"@id\":\"https:\/\/www.martinwieland.at\/de\/produkt\/erotic-poolside-escape\/#primaryimage\",\"url\":\"https:\/\/www.martinwieland.at\/wp-content\/uploads\/2023\/04\/hotsummerday.jpg\",\"contentUrl\":\"https:\/\/www.martinwieland.at\/wp-content\/uploads\/2023\/04\/hotsummerday.jpg\",\"width\":1535,\"height\":1535},{\"@type\":\"BreadcrumbList\",\"@id\":\"https:\/\/www.martinwieland.at\/de\/produkt\/erotic-poolside-escape\/#breadcrumb\",\"itemListElement\":[{\"@type\":\"ListItem\",\"position\":1,\"name\":\"Startseite\",\"item\":\"https:\/\/www.martinwieland.at\/\"},{\"@type\":\"ListItem\",\"position\":2,\"name\":\"Shop\",\"item\":\"https:\/\/www.martinwieland.at\/shop\/\"},{\"@type\":\"ListItem\",\"position\":3,\"name\":\"Erotic Poolside Escape &#8211; 12 photos\"}]},{\"@type\":\"WebSite\",\"@id\":\"https:\/\/www.martinwieland.at\/#website\",\"url\":\"https:\/\/www.martinwieland.at\/\",\"name\":\"Martin Wieland Photography\",\"description\":\"Martin Wieland Photography\",\"potentialAction\":[{\"@type\":\"SearchAction\",\"target\":{\"@type\":\"EntryPoint\",\"urlTemplate\":\"https:\/\/www.martinwieland.at\/?s={search_term_string}\"},\"query-input\":\"required name=search_term_string\"}],\"inLanguage\":\"de\"}]}<\/script>\n<!-- \/ Yoast SEO plugin. -->","yoast_head_json":{"title":"Erotic Poolside Escape - 12 photos - Martin Wieland Photography","robots":{"index":"index","follow":"follow","max-snippet":"max-snippet:-1","max-image-preview":"max-image-preview:large","max-video-preview":"max-video-preview:-1"},"canonical":"https:\/\/www.martinwieland.at\/de\/produkt\/erotic-poolside-escape\/","og_locale":"de_DE","og_type":"article","og_title":"Erotic Poolside Escape - 12 photos - Martin Wieland Photography","og_description":"A tempting day by the pool, with glistening water droplets on the skin and the sun casting alluring light. Aleksa indulges in refreshing coolness, exuding eroticism with every movement. A sensual experience under the scorching sun. \u2022 Available in 2 different sizes \u2022 You can choose from 3 different surfaces &#8211; glossy, lustre or silk [&hellip;]","og_url":"https:\/\/www.martinwieland.at\/de\/produkt\/erotic-poolside-escape\/","og_site_name":"Martin Wieland Photography","article_modified_time":"2023-04-11T07:09:09+00:00","og_image":[{"width":1535,"height":1535,"url":"https:\/\/www.martinwieland.at\/wp-content\/uploads\/2023\/04\/hotsummerday.jpg","type":"image\/jpeg"}],"twitter_card":"summary_large_image","twitter_misc":{"Gesch\u00e4tzte Lesezeit":"2\u00a0Minuten"},"schema":{"@context":"https:\/\/schema.org","@graph":[{"@type":"WebPage","@id":"https:\/\/www.martinwieland.at\/de\/produkt\/erotic-poolside-escape\/","url":"https:\/\/www.martinwieland.at\/de\/produkt\/erotic-poolside-escape\/","name":"Erotic Poolside Escape - 12 photos - Martin Wieland Photography","isPartOf":{"@id":"https:\/\/www.martinwieland.at\/#website"},"primaryImageOfPage":{"@id":"https:\/\/www.martinwieland.at\/de\/produkt\/erotic-poolside-escape\/#primaryimage"},"image":{"@id":"https:\/\/www.martinwieland.at\/de\/produkt\/erotic-poolside-escape\/#primaryimage"},"thumbnailUrl":"https:\/\/www.martinwieland.at\/wp-content\/uploads\/2023\/04\/hotsummerday.jpg","datePublished":"2021-12-09T10:22:05+00:00","dateModified":"2023-04-11T07:09:09+00:00","breadcrumb":{"@id":"https:\/\/www.martinwieland.at\/de\/produkt\/erotic-poolside-escape\/#breadcrumb"},"inLanguage":"de","potentialAction":[{"@type":"ReadAction","target":["https:\/\/www.martinwieland.at\/de\/produkt\/erotic-poolside-escape\/"]}]},{"@type":"ImageObject","inLanguage":"de","@id":"https:\/\/www.martinwieland.at\/de\/produkt\/erotic-poolside-escape\/#primaryimage","url":"https:\/\/www.martinwieland.at\/wp-content\/uploads\/2023\/04\/hotsummerday.jpg","contentUrl":"https:\/\/www.martinwieland.at\/wp-content\/uploads\/2023\/04\/hotsummerday.jpg","width":1535,"height":1535},{"@type":"BreadcrumbList","@id":"https:\/\/www.martinwieland.at\/de\/produkt\/erotic-poolside-escape\/#breadcrumb","itemListElement":[{"@type":"ListItem","position":1,"name":"Startseite","item":"https:\/\/www.martinwieland.at\/"},{"@type":"ListItem","position":2,"name":"Shop","item":"https:\/\/www.martinwieland.at\/shop\/"},{"@type":"ListItem","position":3,"name":"Erotic Poolside Escape &#8211; 12 photos"}]},{"@type":"WebSite","@id":"https:\/\/www.martinwieland.at\/#website","url":"https:\/\/www.martinwieland.at\/","name":"Martin Wieland Photography","description":"Martin Wieland Photography","potentialAction":[{"@type":"SearchAction","target":{"@type":"EntryPoint","urlTemplate":"https:\/\/www.martinwieland.at\/?s={search_term_string}"},"query-input":"required name=search_term_string"}],"inLanguage":"de"}]}},"_links":{"self":[{"href":"https:\/\/www.martinwieland.at\/de\/wp-json\/wp\/v2\/product\/2730"}],"collection":[{"href":"https:\/\/www.martinwieland.at\/de\/wp-json\/wp\/v2\/product"}],"about":[{"href":"https:\/\/www.martinwieland.at\/de\/wp-json\/wp\/v2\/types\/product"}],"replies":[{"embeddable":true,"href":"https:\/\/www.martinwieland.at\/de\/wp-json\/wp\/v2\/comments?post=2730"}],"wp:featuredmedia":[{"embeddable":true,"href":"https:\/\/www.martinwieland.at\/de\/wp-json\/wp\/v2\/media\/6957"}],"wp:attachment":[{"href":"https:\/\/www.martinwieland.at\/de\/wp-json\/wp\/v2\/media?parent=2730"}],"wp:term":[{"taxonomy":"product_cat","embeddable":true,"href":"https:\/\/www.martinwieland.at\/de\/wp-json\/wp\/v2\/product_cat?post=2730"},{"taxonomy":"product_tag","embeddable":true,"href":"https:\/\/www.martinwieland.at\/de\/wp-json\/wp\/v2\/product_tag?post=2730"}],"curies":[{"name":"wp","href":"https:\/\/api.w.org\/{rel}","templated":true}]}}