{"id":8127,"date":"2023-05-16T06:46:18","date_gmt":"2023-05-16T04:46:18","guid":{"rendered":"https:\/\/www.martinwieland.at\/?post_type=product&#038;p=8127"},"modified":"2024-08-07T09:11:43","modified_gmt":"2024-08-07T07:11:43","slug":"mermaid-3","status":"publish","type":"product","link":"https:\/\/www.martinwieland.at\/de\/produkt\/mermaid-3\/","title":{"rendered":"Mermaid 3"},"content":{"rendered":"<div class=\"rte\">\n<p>Through the semitransparent overlay of the woman in the water and the use of blue tones, a connection to the natural environment is established and a surreal atmosphere is created. The artwork can be interpreted as a symbol of the flow of time and the mutability of the human mind. The jagged edges of the image and the surreal mood enhance the abstract effect and create space for individual interpretations and emotions. Overall, the artwork conveys a mysterious and introspective mood that invites the viewer to discover their own thoughts and feelings. It strives to move between reality and abstraction, taking the viewer on a journey into the surreal world of art.<\/p>\n<\/div>\n<div class=\"rte\">\n<div class=\"woocommerce-product-details__short-description\">\n<div class=\"product__page__photos__text\">\n<p>\u2022 Acrylic, TouchUp Stick, Printed Photograph, Collage on Cardboard<br \/>\n\u2022 49x67cm<\/p>\n<p><span style=\"color: #d6d4d4;\">\u23bc\u23bc\u23bc\u23bc<\/span><\/p>\n<\/div>\n<\/div>\n<\/div>\n<p>\u2022 Certificate of Authenticity<br \/>\n\u2022 handsigned<br \/>\n\u2022 Drawings and photographic elements were created singular by us and put together analog after a long process of \u201enearly fitting\u201c.<br \/>\n\u2022 Should you wish to have your artwork framed, please contact us by mail<\/p>\n<div class=\"rte\">\n<div class=\"woocommerce-product-details__short-description\">\n<div class=\"product__page__photos__text\">\n<p>Do you have any questions about the product?<\/p>\n<div class=\"fw-row tal\">\n\t\t\t\t\t\t<a href=\"mailto:mw@martinwieland.at\" target=\"_self\" class=\"button-style3\" style=\"\">\n\t\t\t\t\t\t\t\t<span>send mail<\/span>\n\t\t\t<\/a>\n\t\t\t<\/div><\/div>\n<div>&nbsp;<\/div>\n<div class=\"product__page__photos__text\"><span style=\"color: #d6d6d6;\">\u23bb\u23bb\u23bb\u23bb\u23bb\u23bb\u23bb\u23bb\u23bb\u23bb\u23bb\u23bb<\/span><\/div>\n<\/div>\n<\/div>\n<p>Durch die semitransparente \u00dcbermalung der Frau im Wasser und die Verwendung von blauen Farbt\u00f6nen wird eine Verbindung zur nat\u00fcrlichen Umgebung hergestellt und eine surreale Atmosph\u00e4re geschaffen. Das Kunstwerk kann als Symbol f\u00fcr den Fluss der Zeit und die Ver\u00e4nderlichkeit des menschlichen Geistes interpretiert werden. Die rissigen R\u00e4nder des Bildes und die surreal anmutende Stimmung verst\u00e4rken die abstrakte Wirkung und schaffen Raum f\u00fcr individuelle Interpretationen und Emotionen. Insgesamt vermittelt das Kunstwerk eine mysteri\u00f6se und introspektive Stimmung, die den Betrachter dazu einl\u00e4dt, seine eigenen Gedanken und Empfindungen zu entdecken. Es strebt danach, zwischen Realit\u00e4t und Abstraktion zu wandeln und den Betrachter auf eine Reise in die surreale Welt der Kunst mitzunehmen.<\/p>\n<p>\u2022 Acryl, Lackstift, gedruckte Fotografie, Collage auf Karton<br \/>\n\u2022 49x67cm<br \/>\n<span style=\"color: #d6d4d4;\">\u23bc\u23bc\u23bc\u23bc<\/span><br \/>\n\u2022 Echtheitszertifikat<br \/>\n\u2022 handsigniert<br \/>\n\u2022 Die Zeichnungen und Fotografien wurden von uns getrennt erstellt und analog mittels Collagetechnik zusammengef\u00fcgt.<br \/>\n\u2022 Wir geben Ihrem Kunstwerk auch gerne den passenden Rahmen<br \/>\n\u2022 Bitte kontaktieren Sie uns einfach per mail.<\/p>\n<p>Haben Sie Fragen zum Produkt?<\/p>\n<p><div class=\"fw-row tal\">\n\t\t\t\t\t\t<a href=\"mailto:mw@martinwieland.at\" target=\"_self\" class=\"button-style3\" style=\"\">\n\t\t\t\t\t\t\t\t<span>Mail senden<\/span>\n\t\t\t<\/a>\n\t\t\t<\/div><span style=\"color: #d6d6d6;\">\u23bb\u23bb\u23bb\u23bb\u23bb\u23bb\u23bb\u23bb\u23bb\u23bb\u23bb\u23bb<\/span><\/p>","protected":false},"excerpt":{"rendered":"<p>Through the semitransparent overlay of the woman in the water and the use of blue tones, a connection to the natural environment is established and a surreal atmosphere is created. The artwork can be interpreted as a symbol of the flow of time and the mutability of the human mind. The jagged edges of the [&hellip;]<\/p>","protected":false},"featured_media":3295,"comment_status":"open","ping_status":"closed","template":"","meta":{"_acf_changed":false},"product_cat":[253,168,252,254],"product_tag":[131,50,242,51,133,53,244,54,241,74,142,55,143,240,243],"acf":[],"yoast_head":"<!-- This site is optimized with the Yoast SEO plugin v23.2 - https:\/\/yoast.com\/wordpress\/plugins\/seo\/ -->\n<title>Mermaid 3 - Martin Wieland Photography<\/title>\n<meta name=\"robots\" content=\"index, follow, max-snippet:-1, max-image-preview:large, max-video-preview:-1\" \/>\n<link rel=\"canonical\" href=\"https:\/\/www.martinwieland.at\/de\/produkt\/mermaid-3\/\" \/>\n<meta property=\"og:locale\" content=\"de_DE\" \/>\n<meta property=\"og:type\" content=\"article\" \/>\n<meta property=\"og:title\" content=\"Mermaid 3 - Martin Wieland Photography\" \/>\n<meta property=\"og:description\" content=\"Through the semitransparent overlay of the woman in the water and the use of blue tones, a connection to the natural environment is established and a surreal atmosphere is created. The artwork can be interpreted as a symbol of the flow of time and the mutability of the human mind. The jagged edges of the [&hellip;]\" \/>\n<meta property=\"og:url\" content=\"https:\/\/www.martinwieland.at\/de\/produkt\/mermaid-3\/\" \/>\n<meta property=\"og:site_name\" content=\"Martin Wieland Photography\" \/>\n<meta property=\"article:modified_time\" content=\"2024-08-07T07:11:43+00:00\" \/>\n<meta property=\"og:image\" content=\"https:\/\/www.martinwieland.at\/wp-content\/uploads\/2021\/12\/Mermaid-3-1.jpg\" \/>\n\t<meta property=\"og:image:width\" content=\"1535\" \/>\n\t<meta property=\"og:image:height\" content=\"1535\" \/>\n\t<meta property=\"og:image:type\" content=\"image\/jpeg\" \/>\n<meta name=\"twitter:card\" content=\"summary_large_image\" \/>\n<meta name=\"twitter:label1\" content=\"Gesch\u00e4tzte Lesezeit\" \/>\n\t<meta name=\"twitter:data1\" content=\"2\u00a0Minuten\" \/>\n<script type=\"application\/ld+json\" class=\"yoast-schema-graph\">{\"@context\":\"https:\/\/schema.org\",\"@graph\":[{\"@type\":\"WebPage\",\"@id\":\"https:\/\/www.martinwieland.at\/produkt\/mermaid-3\/\",\"url\":\"https:\/\/www.martinwieland.at\/produkt\/mermaid-3\/\",\"name\":\"Mermaid 3 - Martin Wieland Photography\",\"isPartOf\":{\"@id\":\"https:\/\/www.martinwieland.at\/#website\"},\"primaryImageOfPage\":{\"@id\":\"https:\/\/www.martinwieland.at\/produkt\/mermaid-3\/#primaryimage\"},\"image\":{\"@id\":\"https:\/\/www.martinwieland.at\/produkt\/mermaid-3\/#primaryimage\"},\"thumbnailUrl\":\"https:\/\/www.martinwieland.at\/wp-content\/uploads\/2021\/12\/Mermaid-3-1.jpg\",\"datePublished\":\"2023-05-16T04:46:18+00:00\",\"dateModified\":\"2024-08-07T07:11:43+00:00\",\"breadcrumb\":{\"@id\":\"https:\/\/www.martinwieland.at\/produkt\/mermaid-3\/#breadcrumb\"},\"inLanguage\":\"de\",\"potentialAction\":[{\"@type\":\"ReadAction\",\"target\":[\"https:\/\/www.martinwieland.at\/produkt\/mermaid-3\/\"]}]},{\"@type\":\"ImageObject\",\"inLanguage\":\"de\",\"@id\":\"https:\/\/www.martinwieland.at\/produkt\/mermaid-3\/#primaryimage\",\"url\":\"https:\/\/www.martinwieland.at\/wp-content\/uploads\/2021\/12\/Mermaid-3-1.jpg\",\"contentUrl\":\"https:\/\/www.martinwieland.at\/wp-content\/uploads\/2021\/12\/Mermaid-3-1.jpg\",\"width\":1535,\"height\":1535},{\"@type\":\"BreadcrumbList\",\"@id\":\"https:\/\/www.martinwieland.at\/produkt\/mermaid-3\/#breadcrumb\",\"itemListElement\":[{\"@type\":\"ListItem\",\"position\":1,\"name\":\"Startseite\",\"item\":\"https:\/\/www.martinwieland.at\/\"},{\"@type\":\"ListItem\",\"position\":2,\"name\":\"Shop\",\"item\":\"https:\/\/www.martinwieland.at\/shop\/\"},{\"@type\":\"ListItem\",\"position\":3,\"name\":\"Mermaid 3\"}]},{\"@type\":\"WebSite\",\"@id\":\"https:\/\/www.martinwieland.at\/#website\",\"url\":\"https:\/\/www.martinwieland.at\/\",\"name\":\"Martin Wieland Photography\",\"description\":\"Martin Wieland Photography\",\"potentialAction\":[{\"@type\":\"SearchAction\",\"target\":{\"@type\":\"EntryPoint\",\"urlTemplate\":\"https:\/\/www.martinwieland.at\/?s={search_term_string}\"},\"query-input\":\"required name=search_term_string\"}],\"inLanguage\":\"de\"}]}<\/script>\n<!-- \/ Yoast SEO plugin. -->","yoast_head_json":{"title":"Mermaid 3 - Martin Wieland Photography","robots":{"index":"index","follow":"follow","max-snippet":"max-snippet:-1","max-image-preview":"max-image-preview:large","max-video-preview":"max-video-preview:-1"},"canonical":"https:\/\/www.martinwieland.at\/de\/produkt\/mermaid-3\/","og_locale":"de_DE","og_type":"article","og_title":"Mermaid 3 - Martin Wieland Photography","og_description":"Through the semitransparent overlay of the woman in the water and the use of blue tones, a connection to the natural environment is established and a surreal atmosphere is created. The artwork can be interpreted as a symbol of the flow of time and the mutability of the human mind. The jagged edges of the [&hellip;]","og_url":"https:\/\/www.martinwieland.at\/de\/produkt\/mermaid-3\/","og_site_name":"Martin Wieland Photography","article_modified_time":"2024-08-07T07:11:43+00:00","og_image":[{"width":1535,"height":1535,"url":"https:\/\/www.martinwieland.at\/wp-content\/uploads\/2021\/12\/Mermaid-3-1.jpg","type":"image\/jpeg"}],"twitter_card":"summary_large_image","twitter_misc":{"Gesch\u00e4tzte Lesezeit":"2\u00a0Minuten"},"schema":{"@context":"https:\/\/schema.org","@graph":[{"@type":"WebPage","@id":"https:\/\/www.martinwieland.at\/produkt\/mermaid-3\/","url":"https:\/\/www.martinwieland.at\/produkt\/mermaid-3\/","name":"Mermaid 3 - Martin Wieland Photography","isPartOf":{"@id":"https:\/\/www.martinwieland.at\/#website"},"primaryImageOfPage":{"@id":"https:\/\/www.martinwieland.at\/produkt\/mermaid-3\/#primaryimage"},"image":{"@id":"https:\/\/www.martinwieland.at\/produkt\/mermaid-3\/#primaryimage"},"thumbnailUrl":"https:\/\/www.martinwieland.at\/wp-content\/uploads\/2021\/12\/Mermaid-3-1.jpg","datePublished":"2023-05-16T04:46:18+00:00","dateModified":"2024-08-07T07:11:43+00:00","breadcrumb":{"@id":"https:\/\/www.martinwieland.at\/produkt\/mermaid-3\/#breadcrumb"},"inLanguage":"de","potentialAction":[{"@type":"ReadAction","target":["https:\/\/www.martinwieland.at\/produkt\/mermaid-3\/"]}]},{"@type":"ImageObject","inLanguage":"de","@id":"https:\/\/www.martinwieland.at\/produkt\/mermaid-3\/#primaryimage","url":"https:\/\/www.martinwieland.at\/wp-content\/uploads\/2021\/12\/Mermaid-3-1.jpg","contentUrl":"https:\/\/www.martinwieland.at\/wp-content\/uploads\/2021\/12\/Mermaid-3-1.jpg","width":1535,"height":1535},{"@type":"BreadcrumbList","@id":"https:\/\/www.martinwieland.at\/produkt\/mermaid-3\/#breadcrumb","itemListElement":[{"@type":"ListItem","position":1,"name":"Startseite","item":"https:\/\/www.martinwieland.at\/"},{"@type":"ListItem","position":2,"name":"Shop","item":"https:\/\/www.martinwieland.at\/shop\/"},{"@type":"ListItem","position":3,"name":"Mermaid 3"}]},{"@type":"WebSite","@id":"https:\/\/www.martinwieland.at\/#website","url":"https:\/\/www.martinwieland.at\/","name":"Martin Wieland Photography","description":"Martin Wieland Photography","potentialAction":[{"@type":"SearchAction","target":{"@type":"EntryPoint","urlTemplate":"https:\/\/www.martinwieland.at\/?s={search_term_string}"},"query-input":"required name=search_term_string"}],"inLanguage":"de"}]}},"_links":{"self":[{"href":"https:\/\/www.martinwieland.at\/de\/wp-json\/wp\/v2\/product\/8127"}],"collection":[{"href":"https:\/\/www.martinwieland.at\/de\/wp-json\/wp\/v2\/product"}],"about":[{"href":"https:\/\/www.martinwieland.at\/de\/wp-json\/wp\/v2\/types\/product"}],"replies":[{"embeddable":true,"href":"https:\/\/www.martinwieland.at\/de\/wp-json\/wp\/v2\/comments?post=8127"}],"wp:featuredmedia":[{"embeddable":true,"href":"https:\/\/www.martinwieland.at\/de\/wp-json\/wp\/v2\/media\/3295"}],"wp:attachment":[{"href":"https:\/\/www.martinwieland.at\/de\/wp-json\/wp\/v2\/media?parent=8127"}],"wp:term":[{"taxonomy":"product_cat","embeddable":true,"href":"https:\/\/www.martinwieland.at\/de\/wp-json\/wp\/v2\/product_cat?post=8127"},{"taxonomy":"product_tag","embeddable":true,"href":"https:\/\/www.martinwieland.at\/de\/wp-json\/wp\/v2\/product_tag?post=8127"}],"curies":[{"name":"wp","href":"https:\/\/api.w.org\/{rel}","templated":true}]}}