{"id":8599,"date":"2023-05-19T17:18:38","date_gmt":"2023-05-19T15:18:38","guid":{"rendered":"https:\/\/www.martinwieland.at\/?post_type=product&#038;p=8599"},"modified":"2023-12-07T22:33:27","modified_gmt":"2023-12-07T21:33:27","slug":"try-not-to-stop-me","status":"publish","type":"product","link":"https:\/\/www.martinwieland.at\/de\/produkt\/try-not-to-stop-me\/","title":{"rendered":"Try Not to Stop Me"},"content":{"rendered":"<div class=\"rte\">\n<div class=\"group w-full text-gray-800 dark:text-gray-100 border-b border-black\/10 dark:border-gray-900\/50 bg-gray-50 dark:bg-[#444654]\">\n<div class=\"flex p-4 gap-4 text-base md:gap-6 md:max-w-2xl lg:max-w-xl xl:max-w-3xl md:py-6 lg:px-0 m-auto\">\n<div class=\"relative flex w-[calc(100%-50px)] flex-col gap-1 md:gap-3 lg:w-[calc(100%-115px)]\">\n<div class=\"flex flex-grow flex-col gap-3\">\n<div class=\"min-h-[20px] flex flex-col items-start gap-4 whitespace-pre-wrap break-words\">\n<div class=\"markdown prose w-full break-words dark:prose-invert light\">\n<p>This artwork presents itself like a paparazzi shot, violating the privacy of the depicted person. The resistance of the person against being photographed is clearly expressed, intensified by the title. The exposed breast represents the object of desire for the press, always seeking scandalous headlines. The vibrant colors of the overpainting intentionally contrast with the black and white tones of the photo, giving the artwork a lively and striking quality. The text, reminiscent of an extortion letter, creates a mysterious and menacing atmosphere within the overall composition. Ultimately, the artwork provokes a critical examination of themes such as privacy, media intrusion, and sensationalism.<\/p>\n<\/div>\n<\/div>\n<\/div>\n<\/div>\n<\/div>\n<\/div>\n<\/div>\n<div class=\"rte\">\n<div class=\"woocommerce-product-details__short-description\">\n<div class=\"product__page__photos__text\">\n<p>\u2022 Ink, textile adhesive tape, oil pastel, original photograph, collage on Hahnem\u00fchle &#8220;William Turner&#8221; paper.<br \/>\n\u2022 60 x 89 cm<\/p>\n<p><span style=\"color: #d6d4d4;\">\u23bc\u23bc\u23bc\u23bc<\/span><\/p>\n<\/div>\n<\/div>\n<\/div>\n<p>\u2022 Certificate of Authenticity<br \/>\n\u2022 handsigned<br \/>\n\u2022 Drawings and photographic elements were created singular by us and put together analog after a long process of \u201enearly fitting\u201c.<br \/>\n\u2022 Should you wish to have your artwork framed, please contact us by mail<\/p>\n<div class=\"rte\">\n<div class=\"woocommerce-product-details__short-description\">\n<div class=\"product__page__photos__text\">\n<p>Do you have any questions about the product?<\/p>\n<div class=\"fw-row tal\">\n\t\t\t\t\t\t<a href=\"mailto:mw@martinwieland.at\" target=\"_self\" class=\"button-style3\" style=\"\">\n\t\t\t\t\t\t\t\t<span>send mail<\/span>\n\t\t\t<\/a>\n\t\t\t<\/div><\/div>\n<div>&nbsp;<\/div>\n<div class=\"product__page__photos__text\"><span style=\"color: #d6d6d6;\">\u23bb\u23bb\u23bb\u23bb\u23bb\u23bb\u23bb\u23bb\u23bb\u23bb\u23bb\u23bb<\/span><\/div>\n<\/div>\n<\/div>\n<p>Dieses Kunstwerk pr\u00e4sentiert sich wie ein Paparazzi-Foto, das die Privatsph\u00e4re der abgebildeten Person verletzt. Deutlich wird der Widerstand der Person gegen das Fotografieren gezeigt, der Titel verst\u00e4rkt diese Botschaft noch. Die entbl\u00f6\u00dfte Brust ist ein Objekt der Begierde der Presse, immer auf der Suche nach skandaltr\u00e4chtigen Schlagzeilen. Die \u00fcbermalten Farben heben sich bewusst von den schwarz-wei\u00df T\u00f6nen des Fotos ab und geben dem Werk eine lebhafte und auff\u00e4llige Note. Der Text, der an einen Erpresserbrief erinnert, verleiht dem Gesamtbild eine geheimnisvolle und bedrohliche Atmosph\u00e4re. Insgesamt provoziert das Werk eine kritische Auseinandersetzung mit den Themen Privatsph\u00e4re, Medieninvasion und Sensationsgier.<\/p>\n<p>\u2022 Tusche, Textilklebeband, \u00d6lkreide, Originalfotografie, Collage auf Hahnem\u00fchle &#8220;William Turner&#8221; Papier<br \/>\n\u2022 60 x 89 cm<br \/>\n<span style=\"color: #d6d4d4;\">\u23bc\u23bc\u23bc\u23bc<\/span><br \/>\n\u2022 Echtheitszertifikat<br \/>\n\u2022 handsigniert<br \/>\n\u2022 Die Zeichnungen und Fotografien wurden von uns getrennt erstellt und analog mittels Collagetechnik zusammengef\u00fcgt.<br \/>\n\u2022 Wir geben Ihrem Kunstwerk auch gerne den passenden Rahmen<br \/>\n\u2022 Bitte kontaktieren Sie uns einfach per mail.<\/p>\n<p>Haben Sie Fragen zum Produkt?<\/p>\n<p><div class=\"fw-row tal\">\n\t\t\t\t\t\t<a href=\"mailto:mw@martinwieland.at\" target=\"_self\" class=\"button-style3\" style=\"\">\n\t\t\t\t\t\t\t\t<span>Mail senden<\/span>\n\t\t\t<\/a>\n\t\t\t<\/div><span style=\"color: #d6d6d6;\">\u23bb\u23bb\u23bb\u23bb\u23bb\u23bb\u23bb\u23bb\u23bb\u23bb\u23bb\u23bb<\/span><\/p>","protected":false},"excerpt":{"rendered":"<p>This artwork presents itself like a paparazzi shot, violating the privacy of the depicted person. The resistance of the person against being photographed is clearly expressed, intensified by the title. The exposed breast represents the object of desire for the press, always seeking scandalous headlines. The vibrant colors of the overpainting intentionally contrast with the [&hellip;]<\/p>","protected":false},"featured_media":8371,"comment_status":"open","ping_status":"closed","template":"","meta":{"_acf_changed":false},"product_cat":[253,168,252],"product_tag":[131,50,242,51,133,53,244,54,241,74,142,55,143,240,243],"acf":[],"yoast_head":"<!-- This site is optimized with the Yoast SEO plugin v23.2 - https:\/\/yoast.com\/wordpress\/plugins\/seo\/ -->\n<title>Try Not to Stop Me - Martin Wieland Photography<\/title>\n<meta name=\"robots\" content=\"index, follow, max-snippet:-1, max-image-preview:large, max-video-preview:-1\" \/>\n<link rel=\"canonical\" href=\"https:\/\/www.martinwieland.at\/de\/produkt\/try-not-to-stop-me\/\" \/>\n<meta property=\"og:locale\" content=\"de_DE\" \/>\n<meta property=\"og:type\" content=\"article\" \/>\n<meta property=\"og:title\" content=\"Try Not to Stop Me - Martin Wieland Photography\" \/>\n<meta property=\"og:description\" content=\"This artwork presents itself like a paparazzi shot, violating the privacy of the depicted person. The resistance of the person against being photographed is clearly expressed, intensified by the title. The exposed breast represents the object of desire for the press, always seeking scandalous headlines. The vibrant colors of the overpainting intentionally contrast with the [&hellip;]\" \/>\n<meta property=\"og:url\" content=\"https:\/\/www.martinwieland.at\/de\/produkt\/try-not-to-stop-me\/\" \/>\n<meta property=\"og:site_name\" content=\"Martin Wieland Photography\" \/>\n<meta property=\"article:modified_time\" content=\"2023-12-07T21:33:27+00:00\" \/>\n<meta property=\"og:image\" content=\"https:\/\/www.martinwieland.at\/wp-content\/uploads\/2023\/05\/Try-Not-to-Stop-Me-1.jpg\" \/>\n\t<meta property=\"og:image:width\" content=\"1535\" \/>\n\t<meta property=\"og:image:height\" content=\"1535\" \/>\n\t<meta property=\"og:image:type\" content=\"image\/jpeg\" \/>\n<meta name=\"twitter:card\" content=\"summary_large_image\" \/>\n<meta name=\"twitter:label1\" content=\"Gesch\u00e4tzte Lesezeit\" \/>\n\t<meta name=\"twitter:data1\" content=\"2\u00a0Minuten\" \/>\n<script type=\"application\/ld+json\" class=\"yoast-schema-graph\">{\"@context\":\"https:\/\/schema.org\",\"@graph\":[{\"@type\":\"WebPage\",\"@id\":\"https:\/\/www.martinwieland.at\/produkt\/try-not-to-stop-me\/\",\"url\":\"https:\/\/www.martinwieland.at\/produkt\/try-not-to-stop-me\/\",\"name\":\"Try Not to Stop Me - Martin Wieland Photography\",\"isPartOf\":{\"@id\":\"https:\/\/www.martinwieland.at\/#website\"},\"primaryImageOfPage\":{\"@id\":\"https:\/\/www.martinwieland.at\/produkt\/try-not-to-stop-me\/#primaryimage\"},\"image\":{\"@id\":\"https:\/\/www.martinwieland.at\/produkt\/try-not-to-stop-me\/#primaryimage\"},\"thumbnailUrl\":\"https:\/\/www.martinwieland.at\/wp-content\/uploads\/2023\/05\/Try-Not-to-Stop-Me-1.jpg\",\"datePublished\":\"2023-05-19T15:18:38+00:00\",\"dateModified\":\"2023-12-07T21:33:27+00:00\",\"breadcrumb\":{\"@id\":\"https:\/\/www.martinwieland.at\/produkt\/try-not-to-stop-me\/#breadcrumb\"},\"inLanguage\":\"de\",\"potentialAction\":[{\"@type\":\"ReadAction\",\"target\":[\"https:\/\/www.martinwieland.at\/produkt\/try-not-to-stop-me\/\"]}]},{\"@type\":\"ImageObject\",\"inLanguage\":\"de\",\"@id\":\"https:\/\/www.martinwieland.at\/produkt\/try-not-to-stop-me\/#primaryimage\",\"url\":\"https:\/\/www.martinwieland.at\/wp-content\/uploads\/2023\/05\/Try-Not-to-Stop-Me-1.jpg\",\"contentUrl\":\"https:\/\/www.martinwieland.at\/wp-content\/uploads\/2023\/05\/Try-Not-to-Stop-Me-1.jpg\",\"width\":1535,\"height\":1535},{\"@type\":\"BreadcrumbList\",\"@id\":\"https:\/\/www.martinwieland.at\/produkt\/try-not-to-stop-me\/#breadcrumb\",\"itemListElement\":[{\"@type\":\"ListItem\",\"position\":1,\"name\":\"Startseite\",\"item\":\"https:\/\/www.martinwieland.at\/\"},{\"@type\":\"ListItem\",\"position\":2,\"name\":\"Shop\",\"item\":\"https:\/\/www.martinwieland.at\/shop\/\"},{\"@type\":\"ListItem\",\"position\":3,\"name\":\"Try Not to Stop Me\"}]},{\"@type\":\"WebSite\",\"@id\":\"https:\/\/www.martinwieland.at\/#website\",\"url\":\"https:\/\/www.martinwieland.at\/\",\"name\":\"Martin Wieland Photography\",\"description\":\"Martin Wieland Photography\",\"potentialAction\":[{\"@type\":\"SearchAction\",\"target\":{\"@type\":\"EntryPoint\",\"urlTemplate\":\"https:\/\/www.martinwieland.at\/?s={search_term_string}\"},\"query-input\":\"required name=search_term_string\"}],\"inLanguage\":\"de\"}]}<\/script>\n<!-- \/ Yoast SEO plugin. -->","yoast_head_json":{"title":"Try Not to Stop Me - Martin Wieland Photography","robots":{"index":"index","follow":"follow","max-snippet":"max-snippet:-1","max-image-preview":"max-image-preview:large","max-video-preview":"max-video-preview:-1"},"canonical":"https:\/\/www.martinwieland.at\/de\/produkt\/try-not-to-stop-me\/","og_locale":"de_DE","og_type":"article","og_title":"Try Not to Stop Me - Martin Wieland Photography","og_description":"This artwork presents itself like a paparazzi shot, violating the privacy of the depicted person. The resistance of the person against being photographed is clearly expressed, intensified by the title. The exposed breast represents the object of desire for the press, always seeking scandalous headlines. The vibrant colors of the overpainting intentionally contrast with the [&hellip;]","og_url":"https:\/\/www.martinwieland.at\/de\/produkt\/try-not-to-stop-me\/","og_site_name":"Martin Wieland Photography","article_modified_time":"2023-12-07T21:33:27+00:00","og_image":[{"width":1535,"height":1535,"url":"https:\/\/www.martinwieland.at\/wp-content\/uploads\/2023\/05\/Try-Not-to-Stop-Me-1.jpg","type":"image\/jpeg"}],"twitter_card":"summary_large_image","twitter_misc":{"Gesch\u00e4tzte Lesezeit":"2\u00a0Minuten"},"schema":{"@context":"https:\/\/schema.org","@graph":[{"@type":"WebPage","@id":"https:\/\/www.martinwieland.at\/produkt\/try-not-to-stop-me\/","url":"https:\/\/www.martinwieland.at\/produkt\/try-not-to-stop-me\/","name":"Try Not to Stop Me - Martin Wieland Photography","isPartOf":{"@id":"https:\/\/www.martinwieland.at\/#website"},"primaryImageOfPage":{"@id":"https:\/\/www.martinwieland.at\/produkt\/try-not-to-stop-me\/#primaryimage"},"image":{"@id":"https:\/\/www.martinwieland.at\/produkt\/try-not-to-stop-me\/#primaryimage"},"thumbnailUrl":"https:\/\/www.martinwieland.at\/wp-content\/uploads\/2023\/05\/Try-Not-to-Stop-Me-1.jpg","datePublished":"2023-05-19T15:18:38+00:00","dateModified":"2023-12-07T21:33:27+00:00","breadcrumb":{"@id":"https:\/\/www.martinwieland.at\/produkt\/try-not-to-stop-me\/#breadcrumb"},"inLanguage":"de","potentialAction":[{"@type":"ReadAction","target":["https:\/\/www.martinwieland.at\/produkt\/try-not-to-stop-me\/"]}]},{"@type":"ImageObject","inLanguage":"de","@id":"https:\/\/www.martinwieland.at\/produkt\/try-not-to-stop-me\/#primaryimage","url":"https:\/\/www.martinwieland.at\/wp-content\/uploads\/2023\/05\/Try-Not-to-Stop-Me-1.jpg","contentUrl":"https:\/\/www.martinwieland.at\/wp-content\/uploads\/2023\/05\/Try-Not-to-Stop-Me-1.jpg","width":1535,"height":1535},{"@type":"BreadcrumbList","@id":"https:\/\/www.martinwieland.at\/produkt\/try-not-to-stop-me\/#breadcrumb","itemListElement":[{"@type":"ListItem","position":1,"name":"Startseite","item":"https:\/\/www.martinwieland.at\/"},{"@type":"ListItem","position":2,"name":"Shop","item":"https:\/\/www.martinwieland.at\/shop\/"},{"@type":"ListItem","position":3,"name":"Try Not to Stop Me"}]},{"@type":"WebSite","@id":"https:\/\/www.martinwieland.at\/#website","url":"https:\/\/www.martinwieland.at\/","name":"Martin Wieland Photography","description":"Martin Wieland Photography","potentialAction":[{"@type":"SearchAction","target":{"@type":"EntryPoint","urlTemplate":"https:\/\/www.martinwieland.at\/?s={search_term_string}"},"query-input":"required name=search_term_string"}],"inLanguage":"de"}]}},"_links":{"self":[{"href":"https:\/\/www.martinwieland.at\/de\/wp-json\/wp\/v2\/product\/8599"}],"collection":[{"href":"https:\/\/www.martinwieland.at\/de\/wp-json\/wp\/v2\/product"}],"about":[{"href":"https:\/\/www.martinwieland.at\/de\/wp-json\/wp\/v2\/types\/product"}],"replies":[{"embeddable":true,"href":"https:\/\/www.martinwieland.at\/de\/wp-json\/wp\/v2\/comments?post=8599"}],"wp:featuredmedia":[{"embeddable":true,"href":"https:\/\/www.martinwieland.at\/de\/wp-json\/wp\/v2\/media\/8371"}],"wp:attachment":[{"href":"https:\/\/www.martinwieland.at\/de\/wp-json\/wp\/v2\/media?parent=8599"}],"wp:term":[{"taxonomy":"product_cat","embeddable":true,"href":"https:\/\/www.martinwieland.at\/de\/wp-json\/wp\/v2\/product_cat?post=8599"},{"taxonomy":"product_tag","embeddable":true,"href":"https:\/\/www.martinwieland.at\/de\/wp-json\/wp\/v2\/product_tag?post=8599"}],"curies":[{"name":"wp","href":"https:\/\/api.w.org\/{rel}","templated":true}]}}