{"id":9057,"date":"2023-06-10T07:44:37","date_gmt":"2023-06-10T05:44:37","guid":{"rendered":"https:\/\/www.martinwieland.at\/?post_type=product&#038;p=9057"},"modified":"2024-07-30T08:40:41","modified_gmt":"2024-07-30T06:40:41","slug":"bubble-trouble","status":"publish","type":"product","link":"https:\/\/www.martinwieland.at\/de\/produkt\/bubble-trouble\/","title":{"rendered":"Bubble Trouble"},"content":{"rendered":"<div class=\"rte\">\n<p>A modern woman enjoys a relaxing bath, enveloped in foam and bubbles. Her gaze is lost in thought, her hair casually pinned up. The tattoo on her ankle adds a touch of individuality. The black-and-white photo highlights the contrasts between skin, water, and foam, creating a soothing yet powerful visual impact.<\/p>\n<p><strong>The Photographs of the \u201eCollector\u2019s Edition\u201c<\/strong><\/p>\n<\/div>\n<div class=\"rte\">\n<div class=\"woocommerce-product-details__short-description\">\n<div class=\"product__page__photos__text\">\n<p>\u2022 are carefully handpicked photographs<br \/>\n\u2022 strictly limited<br \/>\n\u2022 available in different sizes<br \/>\n\u2022 Topquality pigment print on Hahnemuehle FineArt Baryta 325g<br \/>\n\u2022 Prints in a size from 100x150cm are printed on a Lambdaprinter using KODAK Endura paper and mounted on Aluminium<br \/>\n\u2022 Certificate of Authenticity<br \/>\n\u2022 handsigned and numbered<\/p>\n<p>IMPORTANT: The prices of this edition are progressive.<\/p>\n<p>Formats and editions available:<\/p>\n<p>30 x 40 cm \u2013 edition of 11 \/ 3 Artist Proofs<br \/>\n40 x 60 cm \u2013 edition of&nbsp; 9 \/ 3 Artist Proofs<br \/>\n50 x 70 cm \u2013 edition of&nbsp; 7 \/ 3 Artist Proofs<br \/>\n70 x 100 cm \u2013 edition of&nbsp; 5 \/ 2 Artist Proofs<br \/>\n100 x 150 cm \u2013 edition of&nbsp; 3 \/ 1 Artist Proof<br \/>\n120 x 180 cm \u2013 edition of&nbsp; 3 \/ 1 Artist Proof<\/p>\n<p><a href=\"https:\/\/www.martinwieland.at\/de\/info-precom\/\"><span style=\"color: #ff0000;\"><strong>*PRODUCTINFO ACRYLIC GLASS AND ALUDIBOND<\/strong><\/span><\/a><\/p>\n<p>Do you have any questions about the product?<\/p>\n<div class=\"fw-row tal\">\n\t\t\t\t\t\t<a href=\"mailto:mw@martinwieland.at\" target=\"_self\" class=\"button-style3\" style=\"\">\n\t\t\t\t\t\t\t\t<span>send mail<\/span>\n\t\t\t<\/a>\n\t\t\t<\/div><\/div>\n<div>&nbsp;<\/div>\n<div class=\"product__page__photos__text\"><span style=\"color: #d6d6d6;\">\u23bb\u23bb\u23bb\u23bb\u23bb\u23bb\u23bb\u23bb\u23bb\u23bb\u23bb\u23bb<\/span><\/div>\n<\/div>\n<\/div>\n<p>Eine moderne Frau genie\u00dft ein entspannendes Bad, eingeh\u00fcllt in Schaum und Blasen. Ihr Blick ist gedankenverloren, ihre Haare l\u00e4ssig hochgesteckt. Das Tattoo an ihrem Kn\u00f6chel verleiht ihr einen Hauch Individualit\u00e4t. Das Schwarz-Wei\u00df-Foto hebt die Kontraste zwischen Haut, Wasser und Schaum hervor und schafft eine beruhigende, aber gleichzeitig kraftvolle visuelle Wirkung.<\/p>\n<p><strong>Die Fotos der \u201eCollector\u2019s Edition\u201c<\/strong><\/p>\n<div class=\"rte\">\n<div class=\"woocommerce-product-details__short-description\">\n<div class=\"product__page__photos__text\">\n<p>\u2022 sind handselektierte Aufnahmen<br \/>\n\u2022 strengstens limitiert<br \/>\n\u2022 in verschiedenen Gr\u00f6\u00dfen erh\u00e4ltlich<br \/>\n\u2022 Hochwertiger Druck auf Hahnem\u00fchle FineArt Baryta Papier 325g<br \/>\n\u2022 Formate ab 100x150cm ausbelichtet auf KODAK Endura Papier und kaschiert auf Aludibond<br \/>\n\u2022 Echtheitszertifikat<br \/>\n\u2022 handsigniert und nummeriert<\/p>\n<p>WICHTIGE INFORMATION: Die Preise dieser Edition steigen. Das erste Bild ist am g\u00fcnstigsten, je weniger Exemplare zur Verf\u00fcgung stehen, desto h\u00f6her wird der Preis.<\/p>\n<p>Folgende Formate und Auflagen sind verf\u00fcgbar:<\/p>\n<p>30 x 40 cm \u2013 Auflage: 11 St\u00fcck \/ 3 K\u00fcnstlerexemplare<br \/>\n40 x 60 cm \u2013 Auflage:&nbsp; 9 St\u00fcck \/ 3 K\u00fcnstlerexemplare<br \/>\n50 x 70 cm \u2013 Auflage:&nbsp; 7 St\u00fcck \/ 3 K\u00fcnstlerexemplare<br \/>\n70 x 100 cm \u2013 Auflage:&nbsp; 5 St\u00fcck \/ 2 K\u00fcnstlerexemplare<br \/>\n100 x 150 cm \u2013 Auflage:&nbsp; 3 St\u00fcck \/ 1 K\u00fcnstlerexemplar<br \/>\n120 x 180 cm \u2013 Auflage:&nbsp; 3 St\u00fcck \/ 1 K\u00fcnstlerexemplar<\/p>\n<p><strong><a href=\"https:\/\/www.martinwieland.at\/de\/info-precom\/\"><span style=\"color: #ff0000;\">*PRODUKTINFOS ACRYLGLAS UND ALUDIBOND<\/span><\/a><\/strong><\/p>\n<\/div>\n<\/div>\n<p>Haben Sie Fragen zum Produkt?<\/p>\n<\/div>\n<p><div class=\"fw-row tal\">\n\t\t\t\t\t\t<a href=\"mailto:mw@martinwieland.at\" target=\"_self\" class=\"button-style3\" style=\"\">\n\t\t\t\t\t\t\t\t<span>Mail senden<\/span>\n\t\t\t<\/a>\n\t\t\t<\/div><span style=\"color: #d6d6d6;\">\u23bb\u23bb\u23bb\u23bb\u23bb\u23bb\u23bb\u23bb\u23bb\u23bb\u23bb\u23bb<\/span><\/p>","protected":false},"excerpt":{"rendered":"<p>A modern woman enjoys a relaxing bath, enveloped in foam and bubbles. Her gaze is lost in thought, her hair casually pinned up. The tattoo on her ankle adds a touch of individuality. The black-and-white photo highlights the contrasts between skin, water, and foam, creating a soothing yet powerful visual impact. The Photographs of the [&hellip;]<\/p>","protected":false},"featured_media":9049,"comment_status":"open","ping_status":"closed","template":"","meta":{"_acf_changed":false},"product_cat":[213,185,211,197,191,203,199],"product_tag":[48,131,50,51,133,140,110,52,53,54,74,142,55,143],"acf":[],"yoast_head":"<!-- This site is optimized with the Yoast SEO plugin v23.2 - https:\/\/yoast.com\/wordpress\/plugins\/seo\/ -->\n<title>Bubble Trouble - Martin Wieland Photography<\/title>\n<meta name=\"robots\" content=\"index, follow, max-snippet:-1, max-image-preview:large, max-video-preview:-1\" \/>\n<link rel=\"canonical\" href=\"https:\/\/www.martinwieland.at\/de\/produkt\/bubble-trouble\/\" \/>\n<meta property=\"og:locale\" content=\"de_DE\" \/>\n<meta property=\"og:type\" content=\"article\" \/>\n<meta property=\"og:title\" content=\"Bubble Trouble - Martin Wieland Photography\" \/>\n<meta property=\"og:description\" content=\"A modern woman enjoys a relaxing bath, enveloped in foam and bubbles. Her gaze is lost in thought, her hair casually pinned up. The tattoo on her ankle adds a touch of individuality. The black-and-white photo highlights the contrasts between skin, water, and foam, creating a soothing yet powerful visual impact. The Photographs of the [&hellip;]\" \/>\n<meta property=\"og:url\" content=\"https:\/\/www.martinwieland.at\/de\/produkt\/bubble-trouble\/\" \/>\n<meta property=\"og:site_name\" content=\"Martin Wieland Photography\" \/>\n<meta property=\"article:modified_time\" content=\"2024-07-30T06:40:41+00:00\" \/>\n<meta property=\"og:image\" content=\"https:\/\/www.martinwieland.at\/wp-content\/uploads\/2023\/06\/Bubble-TroubleTitel.jpg\" \/>\n\t<meta property=\"og:image:width\" content=\"1535\" \/>\n\t<meta property=\"og:image:height\" content=\"1535\" \/>\n\t<meta property=\"og:image:type\" content=\"image\/jpeg\" \/>\n<meta name=\"twitter:card\" content=\"summary_large_image\" \/>\n<meta name=\"twitter:label1\" content=\"Gesch\u00e4tzte Lesezeit\" \/>\n\t<meta name=\"twitter:data1\" content=\"3\u00a0Minuten\" \/>\n<script type=\"application\/ld+json\" class=\"yoast-schema-graph\">{\"@context\":\"https:\/\/schema.org\",\"@graph\":[{\"@type\":\"WebPage\",\"@id\":\"https:\/\/www.martinwieland.at\/produkt\/bubble-trouble\/\",\"url\":\"https:\/\/www.martinwieland.at\/produkt\/bubble-trouble\/\",\"name\":\"Bubble Trouble - Martin Wieland Photography\",\"isPartOf\":{\"@id\":\"https:\/\/www.martinwieland.at\/#website\"},\"primaryImageOfPage\":{\"@id\":\"https:\/\/www.martinwieland.at\/produkt\/bubble-trouble\/#primaryimage\"},\"image\":{\"@id\":\"https:\/\/www.martinwieland.at\/produkt\/bubble-trouble\/#primaryimage\"},\"thumbnailUrl\":\"https:\/\/www.martinwieland.at\/wp-content\/uploads\/2023\/06\/Bubble-TroubleTitel.jpg\",\"datePublished\":\"2023-06-10T05:44:37+00:00\",\"dateModified\":\"2024-07-30T06:40:41+00:00\",\"breadcrumb\":{\"@id\":\"https:\/\/www.martinwieland.at\/produkt\/bubble-trouble\/#breadcrumb\"},\"inLanguage\":\"de\",\"potentialAction\":[{\"@type\":\"ReadAction\",\"target\":[\"https:\/\/www.martinwieland.at\/produkt\/bubble-trouble\/\"]}]},{\"@type\":\"ImageObject\",\"inLanguage\":\"de\",\"@id\":\"https:\/\/www.martinwieland.at\/produkt\/bubble-trouble\/#primaryimage\",\"url\":\"https:\/\/www.martinwieland.at\/wp-content\/uploads\/2023\/06\/Bubble-TroubleTitel.jpg\",\"contentUrl\":\"https:\/\/www.martinwieland.at\/wp-content\/uploads\/2023\/06\/Bubble-TroubleTitel.jpg\",\"width\":1535,\"height\":1535},{\"@type\":\"BreadcrumbList\",\"@id\":\"https:\/\/www.martinwieland.at\/produkt\/bubble-trouble\/#breadcrumb\",\"itemListElement\":[{\"@type\":\"ListItem\",\"position\":1,\"name\":\"Startseite\",\"item\":\"https:\/\/www.martinwieland.at\/\"},{\"@type\":\"ListItem\",\"position\":2,\"name\":\"Shop\",\"item\":\"https:\/\/www.martinwieland.at\/shop\/\"},{\"@type\":\"ListItem\",\"position\":3,\"name\":\"Bubble Trouble\"}]},{\"@type\":\"WebSite\",\"@id\":\"https:\/\/www.martinwieland.at\/#website\",\"url\":\"https:\/\/www.martinwieland.at\/\",\"name\":\"Martin Wieland Photography\",\"description\":\"Martin Wieland Photography\",\"potentialAction\":[{\"@type\":\"SearchAction\",\"target\":{\"@type\":\"EntryPoint\",\"urlTemplate\":\"https:\/\/www.martinwieland.at\/?s={search_term_string}\"},\"query-input\":\"required name=search_term_string\"}],\"inLanguage\":\"de\"}]}<\/script>\n<!-- \/ Yoast SEO plugin. -->","yoast_head_json":{"title":"Bubble Trouble - Martin Wieland Photography","robots":{"index":"index","follow":"follow","max-snippet":"max-snippet:-1","max-image-preview":"max-image-preview:large","max-video-preview":"max-video-preview:-1"},"canonical":"https:\/\/www.martinwieland.at\/de\/produkt\/bubble-trouble\/","og_locale":"de_DE","og_type":"article","og_title":"Bubble Trouble - Martin Wieland Photography","og_description":"A modern woman enjoys a relaxing bath, enveloped in foam and bubbles. Her gaze is lost in thought, her hair casually pinned up. The tattoo on her ankle adds a touch of individuality. The black-and-white photo highlights the contrasts between skin, water, and foam, creating a soothing yet powerful visual impact. The Photographs of the [&hellip;]","og_url":"https:\/\/www.martinwieland.at\/de\/produkt\/bubble-trouble\/","og_site_name":"Martin Wieland Photography","article_modified_time":"2024-07-30T06:40:41+00:00","og_image":[{"width":1535,"height":1535,"url":"https:\/\/www.martinwieland.at\/wp-content\/uploads\/2023\/06\/Bubble-TroubleTitel.jpg","type":"image\/jpeg"}],"twitter_card":"summary_large_image","twitter_misc":{"Gesch\u00e4tzte Lesezeit":"3\u00a0Minuten"},"schema":{"@context":"https:\/\/schema.org","@graph":[{"@type":"WebPage","@id":"https:\/\/www.martinwieland.at\/produkt\/bubble-trouble\/","url":"https:\/\/www.martinwieland.at\/produkt\/bubble-trouble\/","name":"Bubble Trouble - Martin Wieland Photography","isPartOf":{"@id":"https:\/\/www.martinwieland.at\/#website"},"primaryImageOfPage":{"@id":"https:\/\/www.martinwieland.at\/produkt\/bubble-trouble\/#primaryimage"},"image":{"@id":"https:\/\/www.martinwieland.at\/produkt\/bubble-trouble\/#primaryimage"},"thumbnailUrl":"https:\/\/www.martinwieland.at\/wp-content\/uploads\/2023\/06\/Bubble-TroubleTitel.jpg","datePublished":"2023-06-10T05:44:37+00:00","dateModified":"2024-07-30T06:40:41+00:00","breadcrumb":{"@id":"https:\/\/www.martinwieland.at\/produkt\/bubble-trouble\/#breadcrumb"},"inLanguage":"de","potentialAction":[{"@type":"ReadAction","target":["https:\/\/www.martinwieland.at\/produkt\/bubble-trouble\/"]}]},{"@type":"ImageObject","inLanguage":"de","@id":"https:\/\/www.martinwieland.at\/produkt\/bubble-trouble\/#primaryimage","url":"https:\/\/www.martinwieland.at\/wp-content\/uploads\/2023\/06\/Bubble-TroubleTitel.jpg","contentUrl":"https:\/\/www.martinwieland.at\/wp-content\/uploads\/2023\/06\/Bubble-TroubleTitel.jpg","width":1535,"height":1535},{"@type":"BreadcrumbList","@id":"https:\/\/www.martinwieland.at\/produkt\/bubble-trouble\/#breadcrumb","itemListElement":[{"@type":"ListItem","position":1,"name":"Startseite","item":"https:\/\/www.martinwieland.at\/"},{"@type":"ListItem","position":2,"name":"Shop","item":"https:\/\/www.martinwieland.at\/shop\/"},{"@type":"ListItem","position":3,"name":"Bubble Trouble"}]},{"@type":"WebSite","@id":"https:\/\/www.martinwieland.at\/#website","url":"https:\/\/www.martinwieland.at\/","name":"Martin Wieland Photography","description":"Martin Wieland Photography","potentialAction":[{"@type":"SearchAction","target":{"@type":"EntryPoint","urlTemplate":"https:\/\/www.martinwieland.at\/?s={search_term_string}"},"query-input":"required name=search_term_string"}],"inLanguage":"de"}]}},"_links":{"self":[{"href":"https:\/\/www.martinwieland.at\/de\/wp-json\/wp\/v2\/product\/9057"}],"collection":[{"href":"https:\/\/www.martinwieland.at\/de\/wp-json\/wp\/v2\/product"}],"about":[{"href":"https:\/\/www.martinwieland.at\/de\/wp-json\/wp\/v2\/types\/product"}],"replies":[{"embeddable":true,"href":"https:\/\/www.martinwieland.at\/de\/wp-json\/wp\/v2\/comments?post=9057"}],"wp:featuredmedia":[{"embeddable":true,"href":"https:\/\/www.martinwieland.at\/de\/wp-json\/wp\/v2\/media\/9049"}],"wp:attachment":[{"href":"https:\/\/www.martinwieland.at\/de\/wp-json\/wp\/v2\/media?parent=9057"}],"wp:term":[{"taxonomy":"product_cat","embeddable":true,"href":"https:\/\/www.martinwieland.at\/de\/wp-json\/wp\/v2\/product_cat?post=9057"},{"taxonomy":"product_tag","embeddable":true,"href":"https:\/\/www.martinwieland.at\/de\/wp-json\/wp\/v2\/product_tag?post=9057"}],"curies":[{"name":"wp","href":"https:\/\/api.w.org\/{rel}","templated":true}]}}